{"id":9969,"date":"2019-02-13T12:03:50","date_gmt":"2019-02-13T11:03:50","guid":{"rendered":"https:\/\/schiffers.pl\/?post_type=product&#038;p=9969\/"},"modified":"2019-06-26T17:02:08","modified_gmt":"2019-06-26T15:02:08","slug":"pierscionek-z-platyny-i-zoltego-zlota-z-diamanetem","status":"publish","type":"product","link":"https:\/\/schiffers.pl\/en\/sklep\/pierscionek-z-platyny-i-zoltego-zlota-z-diamanetem\/","title":{"rendered":"Pier\u015bcionek z platyny i \u017c\u00f3\u0142tego z\u0142ota z diamentem"},"content":{"rendered":"","protected":false},"excerpt":{"rendered":"","protected":false},"featured_media":9979,"template":"","meta":[],"product_brand":[],"product_cat":[171],"product_tag":[],"class_list":{"0":"post-9969","1":"product","2":"type-product","3":"status-publish","4":"has-post-thumbnail","6":"product_cat-prezentacja-pierscionki-zareczynowe","8":"first","9":"instock","10":"virtual","11":"product-type-simple"},"yoast_head":"<!-- This site is optimized with the Yoast SEO plugin v24.6 - https:\/\/yoast.com\/wordpress\/plugins\/seo\/ -->\n<title>Pier\u015bcionek z platyny i \u017c\u00f3\u0142tego z\u0142ota z diamentem - Schiffers<\/title>\n<meta name=\"robots\" content=\"index, follow, max-snippet:-1, max-image-preview:large, max-video-preview:-1\" \/>\n<link rel=\"canonical\" href=\"https:\/\/schiffers.pl\/en\/sklep\/pierscionek-z-platyny-i-zoltego-zlota-z-diamanetem\/\" \/>\n<meta property=\"og:locale\" content=\"en_US\" \/>\n<meta property=\"og:type\" content=\"article\" \/>\n<meta property=\"og:title\" content=\"Pier\u015bcionek z platyny i \u017c\u00f3\u0142tego z\u0142ota z diamentem - Schiffers\" \/>\n<meta property=\"og:url\" content=\"https:\/\/schiffers.pl\/en\/sklep\/pierscionek-z-platyny-i-zoltego-zlota-z-diamanetem\/\" \/>\n<meta property=\"og:site_name\" content=\"Schiffers\" \/>\n<meta property=\"article:modified_time\" content=\"2019-06-26T15:02:08+00:00\" \/>\n<meta property=\"og:image\" content=\"https:\/\/schiffers.pl\/wp-content\/uploads\/2019\/02\/1300726-1.jpg\" \/>\n\t<meta property=\"og:image:width\" content=\"1636\" \/>\n\t<meta property=\"og:image:height\" content=\"1636\" \/>\n\t<meta property=\"og:image:type\" content=\"image\/jpeg\" \/>\n<meta name=\"twitter:card\" content=\"summary_large_image\" \/>\n<script type=\"application\/ld+json\" class=\"yoast-schema-graph\">{\"@context\":\"https:\/\/schema.org\",\"@graph\":[{\"@type\":\"WebPage\",\"@id\":\"https:\/\/schiffers.pl\/sklep\/pierscionek-z-platyny-i-zoltego-zlota-z-diamanetem\/\",\"url\":\"https:\/\/schiffers.pl\/sklep\/pierscionek-z-platyny-i-zoltego-zlota-z-diamanetem\/\",\"name\":\"Pier\u015bcionek z platyny i \u017c\u00f3\u0142tego z\u0142ota z diamentem - Schiffers\",\"isPartOf\":{\"@id\":\"https:\/\/schiffers.pl\/#website\"},\"primaryImageOfPage\":{\"@id\":\"https:\/\/schiffers.pl\/sklep\/pierscionek-z-platyny-i-zoltego-zlota-z-diamanetem\/#primaryimage\"},\"image\":{\"@id\":\"https:\/\/schiffers.pl\/sklep\/pierscionek-z-platyny-i-zoltego-zlota-z-diamanetem\/#primaryimage\"},\"thumbnailUrl\":\"https:\/\/schiffers.pl\/wp-content\/uploads\/2019\/02\/1300726-1.jpg\",\"datePublished\":\"2019-02-13T11:03:50+00:00\",\"dateModified\":\"2019-06-26T15:02:08+00:00\",\"breadcrumb\":{\"@id\":\"https:\/\/schiffers.pl\/sklep\/pierscionek-z-platyny-i-zoltego-zlota-z-diamanetem\/#breadcrumb\"},\"inLanguage\":\"en-US\",\"potentialAction\":[{\"@type\":\"ReadAction\",\"target\":[\"https:\/\/schiffers.pl\/sklep\/pierscionek-z-platyny-i-zoltego-zlota-z-diamanetem\/\"]}]},{\"@type\":\"ImageObject\",\"inLanguage\":\"en-US\",\"@id\":\"https:\/\/schiffers.pl\/sklep\/pierscionek-z-platyny-i-zoltego-zlota-z-diamanetem\/#primaryimage\",\"url\":\"https:\/\/schiffers.pl\/wp-content\/uploads\/2019\/02\/1300726-1.jpg\",\"contentUrl\":\"https:\/\/schiffers.pl\/wp-content\/uploads\/2019\/02\/1300726-1.jpg\",\"width\":1636,\"height\":1636},{\"@type\":\"BreadcrumbList\",\"@id\":\"https:\/\/schiffers.pl\/sklep\/pierscionek-z-platyny-i-zoltego-zlota-z-diamanetem\/#breadcrumb\",\"itemListElement\":[{\"@type\":\"ListItem\",\"position\":1,\"name\":\"Strona g\u0142\u00f3wna\",\"item\":\"https:\/\/schiffers.pl\/\"},{\"@type\":\"ListItem\",\"position\":2,\"name\":\"Sklep\",\"item\":\"https:\/\/schiffers.pl\/sklep\/\"},{\"@type\":\"ListItem\",\"position\":3,\"name\":\"Pier\u015bcionek z platyny i \u017c\u00f3\u0142tego z\u0142ota z diamentem\"}]},{\"@type\":\"WebSite\",\"@id\":\"https:\/\/schiffers.pl\/#website\",\"url\":\"https:\/\/schiffers.pl\/\",\"name\":\"Schiffers\",\"description\":\"bi\u017cuteria\",\"potentialAction\":[{\"@type\":\"SearchAction\",\"target\":{\"@type\":\"EntryPoint\",\"urlTemplate\":\"https:\/\/schiffers.pl\/?s={search_term_string}\"},\"query-input\":{\"@type\":\"PropertyValueSpecification\",\"valueRequired\":true,\"valueName\":\"search_term_string\"}}],\"inLanguage\":\"en-US\"}]}<\/script>\n<!-- \/ Yoast SEO plugin. -->","yoast_head_json":{"title":"Pier\u015bcionek z platyny i \u017c\u00f3\u0142tego z\u0142ota z diamentem - Schiffers","robots":{"index":"index","follow":"follow","max-snippet":"max-snippet:-1","max-image-preview":"max-image-preview:large","max-video-preview":"max-video-preview:-1"},"canonical":"https:\/\/schiffers.pl\/en\/sklep\/pierscionek-z-platyny-i-zoltego-zlota-z-diamanetem\/","og_locale":"en_US","og_type":"article","og_title":"Pier\u015bcionek z platyny i \u017c\u00f3\u0142tego z\u0142ota z diamentem - Schiffers","og_url":"https:\/\/schiffers.pl\/en\/sklep\/pierscionek-z-platyny-i-zoltego-zlota-z-diamanetem\/","og_site_name":"Schiffers","article_modified_time":"2019-06-26T15:02:08+00:00","og_image":[{"width":1636,"height":1636,"url":"https:\/\/schiffers.pl\/wp-content\/uploads\/2019\/02\/1300726-1.jpg","type":"image\/jpeg"}],"twitter_card":"summary_large_image","schema":{"@context":"https:\/\/schema.org","@graph":[{"@type":"WebPage","@id":"https:\/\/schiffers.pl\/sklep\/pierscionek-z-platyny-i-zoltego-zlota-z-diamanetem\/","url":"https:\/\/schiffers.pl\/sklep\/pierscionek-z-platyny-i-zoltego-zlota-z-diamanetem\/","name":"Pier\u015bcionek z platyny i \u017c\u00f3\u0142tego z\u0142ota z diamentem - Schiffers","isPartOf":{"@id":"https:\/\/schiffers.pl\/#website"},"primaryImageOfPage":{"@id":"https:\/\/schiffers.pl\/sklep\/pierscionek-z-platyny-i-zoltego-zlota-z-diamanetem\/#primaryimage"},"image":{"@id":"https:\/\/schiffers.pl\/sklep\/pierscionek-z-platyny-i-zoltego-zlota-z-diamanetem\/#primaryimage"},"thumbnailUrl":"https:\/\/schiffers.pl\/wp-content\/uploads\/2019\/02\/1300726-1.jpg","datePublished":"2019-02-13T11:03:50+00:00","dateModified":"2019-06-26T15:02:08+00:00","breadcrumb":{"@id":"https:\/\/schiffers.pl\/sklep\/pierscionek-z-platyny-i-zoltego-zlota-z-diamanetem\/#breadcrumb"},"inLanguage":"en-US","potentialAction":[{"@type":"ReadAction","target":["https:\/\/schiffers.pl\/sklep\/pierscionek-z-platyny-i-zoltego-zlota-z-diamanetem\/"]}]},{"@type":"ImageObject","inLanguage":"en-US","@id":"https:\/\/schiffers.pl\/sklep\/pierscionek-z-platyny-i-zoltego-zlota-z-diamanetem\/#primaryimage","url":"https:\/\/schiffers.pl\/wp-content\/uploads\/2019\/02\/1300726-1.jpg","contentUrl":"https:\/\/schiffers.pl\/wp-content\/uploads\/2019\/02\/1300726-1.jpg","width":1636,"height":1636},{"@type":"BreadcrumbList","@id":"https:\/\/schiffers.pl\/sklep\/pierscionek-z-platyny-i-zoltego-zlota-z-diamanetem\/#breadcrumb","itemListElement":[{"@type":"ListItem","position":1,"name":"Strona g\u0142\u00f3wna","item":"https:\/\/schiffers.pl\/"},{"@type":"ListItem","position":2,"name":"Sklep","item":"https:\/\/schiffers.pl\/sklep\/"},{"@type":"ListItem","position":3,"name":"Pier\u015bcionek z platyny i \u017c\u00f3\u0142tego z\u0142ota z diamentem"}]},{"@type":"WebSite","@id":"https:\/\/schiffers.pl\/#website","url":"https:\/\/schiffers.pl\/","name":"Schiffers","description":"bi\u017cuteria","potentialAction":[{"@type":"SearchAction","target":{"@type":"EntryPoint","urlTemplate":"https:\/\/schiffers.pl\/?s={search_term_string}"},"query-input":{"@type":"PropertyValueSpecification","valueRequired":true,"valueName":"search_term_string"}}],"inLanguage":"en-US"}]}},"_links":{"self":[{"href":"https:\/\/schiffers.pl\/en\/wp-json\/wp\/v2\/product\/9969","targetHints":{"allow":["GET"]}}],"collection":[{"href":"https:\/\/schiffers.pl\/en\/wp-json\/wp\/v2\/product"}],"about":[{"href":"https:\/\/schiffers.pl\/en\/wp-json\/wp\/v2\/types\/product"}],"wp:featuredmedia":[{"embeddable":true,"href":"https:\/\/schiffers.pl\/en\/wp-json\/wp\/v2\/media\/9979"}],"wp:attachment":[{"href":"https:\/\/schiffers.pl\/en\/wp-json\/wp\/v2\/media?parent=9969"}],"wp:term":[{"taxonomy":"product_brand","embeddable":true,"href":"https:\/\/schiffers.pl\/en\/wp-json\/wp\/v2\/product_brand?post=9969"},{"taxonomy":"product_cat","embeddable":true,"href":"https:\/\/schiffers.pl\/en\/wp-json\/wp\/v2\/product_cat?post=9969"},{"taxonomy":"product_tag","embeddable":true,"href":"https:\/\/schiffers.pl\/en\/wp-json\/wp\/v2\/product_tag?post=9969"}],"curies":[{"name":"wp","href":"https:\/\/api.w.org\/{rel}","templated":true}]}}