{"id":9566,"date":"2018-12-18T17:30:52","date_gmt":"2018-12-18T16:30:52","guid":{"rendered":"https:\/\/schiffers.pl\/?post_type=product&#038;p=9566\/"},"modified":"2019-06-26T16:06:25","modified_gmt":"2019-06-26T14:06:25","slug":"pierscionek-z-czerwona-emalia-i-diamentami","status":"publish","type":"product","link":"https:\/\/schiffers.pl\/en\/sklep\/pierscionek-z-czerwona-emalia-i-diamentami\/","title":{"rendered":"Pier\u015bcionek z bia\u0142ego z\u0142ota z diamentami i czerwon\u0105 emali\u0105"},"content":{"rendered":"","protected":false},"excerpt":{"rendered":"<p>Bardzo oryginalny pier\u015bcionek z bia\u0142ego z\u0142ota, diamentami i emali\u0105 w kolorze burgundu.<\/p>","protected":false},"featured_media":9567,"template":"","meta":[],"product_brand":[],"product_cat":[171],"product_tag":[],"class_list":{"0":"post-9566","1":"product","2":"type-product","3":"status-publish","4":"has-post-thumbnail","6":"product_cat-prezentacja-pierscionki-zareczynowe","8":"first","9":"outofstock","10":"shipping-taxable","11":"product-type-simple"},"yoast_head":"<!-- This site is optimized with the Yoast SEO plugin v24.6 - https:\/\/yoast.com\/wordpress\/plugins\/seo\/ -->\n<title>Pier\u015bcionek z bia\u0142ego z\u0142ota z diamentami i czerwon\u0105 emali\u0105 - Schiffers<\/title>\n<meta name=\"robots\" content=\"index, follow, max-snippet:-1, max-image-preview:large, max-video-preview:-1\" \/>\n<link rel=\"canonical\" href=\"https:\/\/schiffers.pl\/en\/sklep\/pierscionek-z-czerwona-emalia-i-diamentami\/\" \/>\n<meta property=\"og:locale\" content=\"en_US\" \/>\n<meta property=\"og:type\" content=\"article\" \/>\n<meta property=\"og:title\" content=\"Pier\u015bcionek z bia\u0142ego z\u0142ota z diamentami i czerwon\u0105 emali\u0105 - Schiffers\" \/>\n<meta property=\"og:description\" content=\"Bardzo oryginalny pier\u015bcionek z bia\u0142ego z\u0142ota, diamentami i emali\u0105 w kolorze burgundu.\" \/>\n<meta property=\"og:url\" content=\"https:\/\/schiffers.pl\/en\/sklep\/pierscionek-z-czerwona-emalia-i-diamentami\/\" \/>\n<meta property=\"og:site_name\" content=\"Schiffers\" \/>\n<meta property=\"article:modified_time\" content=\"2019-06-26T14:06:25+00:00\" \/>\n<meta property=\"og:image\" content=\"https:\/\/schiffers.pl\/wp-content\/uploads\/2018\/12\/1290722.jpg\" \/>\n\t<meta property=\"og:image:width\" content=\"2268\" \/>\n\t<meta property=\"og:image:height\" content=\"2268\" \/>\n\t<meta property=\"og:image:type\" content=\"image\/jpeg\" \/>\n<meta name=\"twitter:card\" content=\"summary_large_image\" \/>\n<script type=\"application\/ld+json\" class=\"yoast-schema-graph\">{\"@context\":\"https:\/\/schema.org\",\"@graph\":[{\"@type\":\"WebPage\",\"@id\":\"https:\/\/schiffers.pl\/sklep\/pierscionek-z-czerwona-emalia-i-diamentami\/\",\"url\":\"https:\/\/schiffers.pl\/sklep\/pierscionek-z-czerwona-emalia-i-diamentami\/\",\"name\":\"Pier\u015bcionek z bia\u0142ego z\u0142ota z diamentami i czerwon\u0105 emali\u0105 - Schiffers\",\"isPartOf\":{\"@id\":\"https:\/\/schiffers.pl\/#website\"},\"primaryImageOfPage\":{\"@id\":\"https:\/\/schiffers.pl\/sklep\/pierscionek-z-czerwona-emalia-i-diamentami\/#primaryimage\"},\"image\":{\"@id\":\"https:\/\/schiffers.pl\/sklep\/pierscionek-z-czerwona-emalia-i-diamentami\/#primaryimage\"},\"thumbnailUrl\":\"https:\/\/schiffers.pl\/wp-content\/uploads\/2018\/12\/1290722.jpg\",\"datePublished\":\"2018-12-18T16:30:52+00:00\",\"dateModified\":\"2019-06-26T14:06:25+00:00\",\"breadcrumb\":{\"@id\":\"https:\/\/schiffers.pl\/sklep\/pierscionek-z-czerwona-emalia-i-diamentami\/#breadcrumb\"},\"inLanguage\":\"en-US\",\"potentialAction\":[{\"@type\":\"ReadAction\",\"target\":[\"https:\/\/schiffers.pl\/sklep\/pierscionek-z-czerwona-emalia-i-diamentami\/\"]}]},{\"@type\":\"ImageObject\",\"inLanguage\":\"en-US\",\"@id\":\"https:\/\/schiffers.pl\/sklep\/pierscionek-z-czerwona-emalia-i-diamentami\/#primaryimage\",\"url\":\"https:\/\/schiffers.pl\/wp-content\/uploads\/2018\/12\/1290722.jpg\",\"contentUrl\":\"https:\/\/schiffers.pl\/wp-content\/uploads\/2018\/12\/1290722.jpg\",\"width\":2268,\"height\":2268},{\"@type\":\"BreadcrumbList\",\"@id\":\"https:\/\/schiffers.pl\/sklep\/pierscionek-z-czerwona-emalia-i-diamentami\/#breadcrumb\",\"itemListElement\":[{\"@type\":\"ListItem\",\"position\":1,\"name\":\"Strona g\u0142\u00f3wna\",\"item\":\"https:\/\/schiffers.pl\/\"},{\"@type\":\"ListItem\",\"position\":2,\"name\":\"Sklep\",\"item\":\"https:\/\/schiffers.pl\/sklep\/\"},{\"@type\":\"ListItem\",\"position\":3,\"name\":\"Pier\u015bcionek z bia\u0142ego z\u0142ota z diamentami i czerwon\u0105 emali\u0105\"}]},{\"@type\":\"WebSite\",\"@id\":\"https:\/\/schiffers.pl\/#website\",\"url\":\"https:\/\/schiffers.pl\/\",\"name\":\"Schiffers\",\"description\":\"bi\u017cuteria\",\"potentialAction\":[{\"@type\":\"SearchAction\",\"target\":{\"@type\":\"EntryPoint\",\"urlTemplate\":\"https:\/\/schiffers.pl\/?s={search_term_string}\"},\"query-input\":{\"@type\":\"PropertyValueSpecification\",\"valueRequired\":true,\"valueName\":\"search_term_string\"}}],\"inLanguage\":\"en-US\"}]}<\/script>\n<!-- \/ Yoast SEO plugin. -->","yoast_head_json":{"title":"Pier\u015bcionek z bia\u0142ego z\u0142ota z diamentami i czerwon\u0105 emali\u0105 - Schiffers","robots":{"index":"index","follow":"follow","max-snippet":"max-snippet:-1","max-image-preview":"max-image-preview:large","max-video-preview":"max-video-preview:-1"},"canonical":"https:\/\/schiffers.pl\/en\/sklep\/pierscionek-z-czerwona-emalia-i-diamentami\/","og_locale":"en_US","og_type":"article","og_title":"Pier\u015bcionek z bia\u0142ego z\u0142ota z diamentami i czerwon\u0105 emali\u0105 - Schiffers","og_description":"Bardzo oryginalny pier\u015bcionek z bia\u0142ego z\u0142ota, diamentami i emali\u0105 w kolorze burgundu.","og_url":"https:\/\/schiffers.pl\/en\/sklep\/pierscionek-z-czerwona-emalia-i-diamentami\/","og_site_name":"Schiffers","article_modified_time":"2019-06-26T14:06:25+00:00","og_image":[{"width":2268,"height":2268,"url":"https:\/\/schiffers.pl\/wp-content\/uploads\/2018\/12\/1290722.jpg","type":"image\/jpeg"}],"twitter_card":"summary_large_image","schema":{"@context":"https:\/\/schema.org","@graph":[{"@type":"WebPage","@id":"https:\/\/schiffers.pl\/sklep\/pierscionek-z-czerwona-emalia-i-diamentami\/","url":"https:\/\/schiffers.pl\/sklep\/pierscionek-z-czerwona-emalia-i-diamentami\/","name":"Pier\u015bcionek z bia\u0142ego z\u0142ota z diamentami i czerwon\u0105 emali\u0105 - Schiffers","isPartOf":{"@id":"https:\/\/schiffers.pl\/#website"},"primaryImageOfPage":{"@id":"https:\/\/schiffers.pl\/sklep\/pierscionek-z-czerwona-emalia-i-diamentami\/#primaryimage"},"image":{"@id":"https:\/\/schiffers.pl\/sklep\/pierscionek-z-czerwona-emalia-i-diamentami\/#primaryimage"},"thumbnailUrl":"https:\/\/schiffers.pl\/wp-content\/uploads\/2018\/12\/1290722.jpg","datePublished":"2018-12-18T16:30:52+00:00","dateModified":"2019-06-26T14:06:25+00:00","breadcrumb":{"@id":"https:\/\/schiffers.pl\/sklep\/pierscionek-z-czerwona-emalia-i-diamentami\/#breadcrumb"},"inLanguage":"en-US","potentialAction":[{"@type":"ReadAction","target":["https:\/\/schiffers.pl\/sklep\/pierscionek-z-czerwona-emalia-i-diamentami\/"]}]},{"@type":"ImageObject","inLanguage":"en-US","@id":"https:\/\/schiffers.pl\/sklep\/pierscionek-z-czerwona-emalia-i-diamentami\/#primaryimage","url":"https:\/\/schiffers.pl\/wp-content\/uploads\/2018\/12\/1290722.jpg","contentUrl":"https:\/\/schiffers.pl\/wp-content\/uploads\/2018\/12\/1290722.jpg","width":2268,"height":2268},{"@type":"BreadcrumbList","@id":"https:\/\/schiffers.pl\/sklep\/pierscionek-z-czerwona-emalia-i-diamentami\/#breadcrumb","itemListElement":[{"@type":"ListItem","position":1,"name":"Strona g\u0142\u00f3wna","item":"https:\/\/schiffers.pl\/"},{"@type":"ListItem","position":2,"name":"Sklep","item":"https:\/\/schiffers.pl\/sklep\/"},{"@type":"ListItem","position":3,"name":"Pier\u015bcionek z bia\u0142ego z\u0142ota z diamentami i czerwon\u0105 emali\u0105"}]},{"@type":"WebSite","@id":"https:\/\/schiffers.pl\/#website","url":"https:\/\/schiffers.pl\/","name":"Schiffers","description":"bi\u017cuteria","potentialAction":[{"@type":"SearchAction","target":{"@type":"EntryPoint","urlTemplate":"https:\/\/schiffers.pl\/?s={search_term_string}"},"query-input":{"@type":"PropertyValueSpecification","valueRequired":true,"valueName":"search_term_string"}}],"inLanguage":"en-US"}]}},"_links":{"self":[{"href":"https:\/\/schiffers.pl\/en\/wp-json\/wp\/v2\/product\/9566","targetHints":{"allow":["GET"]}}],"collection":[{"href":"https:\/\/schiffers.pl\/en\/wp-json\/wp\/v2\/product"}],"about":[{"href":"https:\/\/schiffers.pl\/en\/wp-json\/wp\/v2\/types\/product"}],"wp:featuredmedia":[{"embeddable":true,"href":"https:\/\/schiffers.pl\/en\/wp-json\/wp\/v2\/media\/9567"}],"wp:attachment":[{"href":"https:\/\/schiffers.pl\/en\/wp-json\/wp\/v2\/media?parent=9566"}],"wp:term":[{"taxonomy":"product_brand","embeddable":true,"href":"https:\/\/schiffers.pl\/en\/wp-json\/wp\/v2\/product_brand?post=9566"},{"taxonomy":"product_cat","embeddable":true,"href":"https:\/\/schiffers.pl\/en\/wp-json\/wp\/v2\/product_cat?post=9566"},{"taxonomy":"product_tag","embeddable":true,"href":"https:\/\/schiffers.pl\/en\/wp-json\/wp\/v2\/product_tag?post=9566"}],"curies":[{"name":"wp","href":"https:\/\/api.w.org\/{rel}","templated":true}]}}