{"id":8401,"date":"2018-07-04T17:47:45","date_gmt":"2018-07-04T15:47:45","guid":{"rendered":"https:\/\/schiffers.pl\/?post_type=product&#038;p=8401\/"},"modified":"2019-10-22T17:27:29","modified_gmt":"2019-10-22T15:27:29","slug":"obraczka-10","status":"publish","type":"product","link":"https:\/\/schiffers.pl\/en\/sklep\/obraczka-10\/","title":{"rendered":"All Stars are Mine"},"content":{"rendered":"","protected":false},"excerpt":{"rendered":"<p>Niezwykle efektowny wz\u00f3r obr\u0105czki sk\u0142adaj\u0105cej si\u0119 z dw\u00f3ch obr\u0119czy po\u0142\u0105czonych na sta\u0142e. Jedna z obr\u0105czek wyko\u0144czona diamentami. Ca\u0142o\u015b\u0107 z bia\u0142ego z\u0142ota. Kolor z\u0142ota oraz rodzaj kamieni mo\u017cna ustali\u0107 indywidualnie podczas zam\u00f3wienia.<\/p>\n<p><strong>Cena za 1 szt:<\/strong> za wersj\u0119 damsk\u0105 &#8211; od 4800 z\u0142<\/p>","protected":false},"featured_media":10866,"template":"","meta":[],"product_brand":[],"product_cat":[189],"product_tag":[],"class_list":{"0":"post-8401","1":"product","2":"type-product","3":"status-publish","4":"has-post-thumbnail","6":"product_cat-prezentacja-obraczki-slubne","8":"first","9":"outofstock","10":"shipping-taxable","11":"product-type-simple"},"yoast_head":"<!-- This site is optimized with the Yoast SEO plugin v24.6 - https:\/\/yoast.com\/wordpress\/plugins\/seo\/ -->\n<title>All Stars are Mine - Schiffers<\/title>\n<meta name=\"robots\" content=\"index, follow, max-snippet:-1, max-image-preview:large, max-video-preview:-1\" \/>\n<link rel=\"canonical\" href=\"https:\/\/schiffers.pl\/en\/sklep\/obraczka-10\/\" \/>\n<meta property=\"og:locale\" content=\"en_US\" \/>\n<meta property=\"og:type\" content=\"article\" \/>\n<meta property=\"og:title\" content=\"All Stars are Mine - Schiffers\" \/>\n<meta property=\"og:description\" content=\"Niezwykle efektowny wz\u00f3r obr\u0105czki sk\u0142adaj\u0105cej si\u0119 z dw\u00f3ch obr\u0119czy po\u0142\u0105czonych na sta\u0142e. Jedna z obr\u0105czek wyko\u0144czona diamentami. Ca\u0142o\u015b\u0107 z bia\u0142ego z\u0142ota. Kolor z\u0142ota oraz rodzaj kamieni mo\u017cna ustali\u0107 indywidualnie podczas zam\u00f3wienia.  Cena za 1 szt: za wersj\u0119 damsk\u0105 - od 4800 z\u0142\" \/>\n<meta property=\"og:url\" content=\"https:\/\/schiffers.pl\/en\/sklep\/obraczka-10\/\" \/>\n<meta property=\"og:site_name\" content=\"Schiffers\" \/>\n<meta property=\"article:modified_time\" content=\"2019-10-22T15:27:29+00:00\" \/>\n<meta property=\"og:image\" content=\"https:\/\/schiffers.pl\/wp-content\/uploads\/2018\/07\/1320374.jpg\" \/>\n\t<meta property=\"og:image:width\" content=\"1226\" \/>\n\t<meta property=\"og:image:height\" content=\"1226\" \/>\n\t<meta property=\"og:image:type\" content=\"image\/jpeg\" \/>\n<meta name=\"twitter:card\" content=\"summary_large_image\" \/>\n<script type=\"application\/ld+json\" class=\"yoast-schema-graph\">{\"@context\":\"https:\/\/schema.org\",\"@graph\":[{\"@type\":\"WebPage\",\"@id\":\"https:\/\/schiffers.pl\/sklep\/obraczka-10\/\",\"url\":\"https:\/\/schiffers.pl\/sklep\/obraczka-10\/\",\"name\":\"All Stars are Mine - Schiffers\",\"isPartOf\":{\"@id\":\"https:\/\/schiffers.pl\/#website\"},\"primaryImageOfPage\":{\"@id\":\"https:\/\/schiffers.pl\/sklep\/obraczka-10\/#primaryimage\"},\"image\":{\"@id\":\"https:\/\/schiffers.pl\/sklep\/obraczka-10\/#primaryimage\"},\"thumbnailUrl\":\"https:\/\/schiffers.pl\/wp-content\/uploads\/2018\/07\/1320374.jpg\",\"datePublished\":\"2018-07-04T15:47:45+00:00\",\"dateModified\":\"2019-10-22T15:27:29+00:00\",\"breadcrumb\":{\"@id\":\"https:\/\/schiffers.pl\/sklep\/obraczka-10\/#breadcrumb\"},\"inLanguage\":\"en-US\",\"potentialAction\":[{\"@type\":\"ReadAction\",\"target\":[\"https:\/\/schiffers.pl\/sklep\/obraczka-10\/\"]}]},{\"@type\":\"ImageObject\",\"inLanguage\":\"en-US\",\"@id\":\"https:\/\/schiffers.pl\/sklep\/obraczka-10\/#primaryimage\",\"url\":\"https:\/\/schiffers.pl\/wp-content\/uploads\/2018\/07\/1320374.jpg\",\"contentUrl\":\"https:\/\/schiffers.pl\/wp-content\/uploads\/2018\/07\/1320374.jpg\",\"width\":1226,\"height\":1226,\"caption\":\"Obr\u0105czka z bia\u0142ego z\u0142ota z diamentami\"},{\"@type\":\"BreadcrumbList\",\"@id\":\"https:\/\/schiffers.pl\/sklep\/obraczka-10\/#breadcrumb\",\"itemListElement\":[{\"@type\":\"ListItem\",\"position\":1,\"name\":\"Strona g\u0142\u00f3wna\",\"item\":\"https:\/\/schiffers.pl\/\"},{\"@type\":\"ListItem\",\"position\":2,\"name\":\"Sklep\",\"item\":\"https:\/\/schiffers.pl\/sklep\/\"},{\"@type\":\"ListItem\",\"position\":3,\"name\":\"All Stars are Mine\"}]},{\"@type\":\"WebSite\",\"@id\":\"https:\/\/schiffers.pl\/#website\",\"url\":\"https:\/\/schiffers.pl\/\",\"name\":\"Schiffers\",\"description\":\"bi\u017cuteria\",\"potentialAction\":[{\"@type\":\"SearchAction\",\"target\":{\"@type\":\"EntryPoint\",\"urlTemplate\":\"https:\/\/schiffers.pl\/?s={search_term_string}\"},\"query-input\":{\"@type\":\"PropertyValueSpecification\",\"valueRequired\":true,\"valueName\":\"search_term_string\"}}],\"inLanguage\":\"en-US\"}]}<\/script>\n<!-- \/ Yoast SEO plugin. -->","yoast_head_json":{"title":"All Stars are Mine - Schiffers","robots":{"index":"index","follow":"follow","max-snippet":"max-snippet:-1","max-image-preview":"max-image-preview:large","max-video-preview":"max-video-preview:-1"},"canonical":"https:\/\/schiffers.pl\/en\/sklep\/obraczka-10\/","og_locale":"en_US","og_type":"article","og_title":"All Stars are Mine - Schiffers","og_description":"Niezwykle efektowny wz\u00f3r obr\u0105czki sk\u0142adaj\u0105cej si\u0119 z dw\u00f3ch obr\u0119czy po\u0142\u0105czonych na sta\u0142e. Jedna z obr\u0105czek wyko\u0144czona diamentami. Ca\u0142o\u015b\u0107 z bia\u0142ego z\u0142ota. Kolor z\u0142ota oraz rodzaj kamieni mo\u017cna ustali\u0107 indywidualnie podczas zam\u00f3wienia.  Cena za 1 szt: za wersj\u0119 damsk\u0105 - od 4800 z\u0142","og_url":"https:\/\/schiffers.pl\/en\/sklep\/obraczka-10\/","og_site_name":"Schiffers","article_modified_time":"2019-10-22T15:27:29+00:00","og_image":[{"width":1226,"height":1226,"url":"https:\/\/schiffers.pl\/wp-content\/uploads\/2018\/07\/1320374.jpg","type":"image\/jpeg"}],"twitter_card":"summary_large_image","schema":{"@context":"https:\/\/schema.org","@graph":[{"@type":"WebPage","@id":"https:\/\/schiffers.pl\/sklep\/obraczka-10\/","url":"https:\/\/schiffers.pl\/sklep\/obraczka-10\/","name":"All Stars are Mine - Schiffers","isPartOf":{"@id":"https:\/\/schiffers.pl\/#website"},"primaryImageOfPage":{"@id":"https:\/\/schiffers.pl\/sklep\/obraczka-10\/#primaryimage"},"image":{"@id":"https:\/\/schiffers.pl\/sklep\/obraczka-10\/#primaryimage"},"thumbnailUrl":"https:\/\/schiffers.pl\/wp-content\/uploads\/2018\/07\/1320374.jpg","datePublished":"2018-07-04T15:47:45+00:00","dateModified":"2019-10-22T15:27:29+00:00","breadcrumb":{"@id":"https:\/\/schiffers.pl\/sklep\/obraczka-10\/#breadcrumb"},"inLanguage":"en-US","potentialAction":[{"@type":"ReadAction","target":["https:\/\/schiffers.pl\/sklep\/obraczka-10\/"]}]},{"@type":"ImageObject","inLanguage":"en-US","@id":"https:\/\/schiffers.pl\/sklep\/obraczka-10\/#primaryimage","url":"https:\/\/schiffers.pl\/wp-content\/uploads\/2018\/07\/1320374.jpg","contentUrl":"https:\/\/schiffers.pl\/wp-content\/uploads\/2018\/07\/1320374.jpg","width":1226,"height":1226,"caption":"Obr\u0105czka z bia\u0142ego z\u0142ota z diamentami"},{"@type":"BreadcrumbList","@id":"https:\/\/schiffers.pl\/sklep\/obraczka-10\/#breadcrumb","itemListElement":[{"@type":"ListItem","position":1,"name":"Strona g\u0142\u00f3wna","item":"https:\/\/schiffers.pl\/"},{"@type":"ListItem","position":2,"name":"Sklep","item":"https:\/\/schiffers.pl\/sklep\/"},{"@type":"ListItem","position":3,"name":"All Stars are Mine"}]},{"@type":"WebSite","@id":"https:\/\/schiffers.pl\/#website","url":"https:\/\/schiffers.pl\/","name":"Schiffers","description":"bi\u017cuteria","potentialAction":[{"@type":"SearchAction","target":{"@type":"EntryPoint","urlTemplate":"https:\/\/schiffers.pl\/?s={search_term_string}"},"query-input":{"@type":"PropertyValueSpecification","valueRequired":true,"valueName":"search_term_string"}}],"inLanguage":"en-US"}]}},"_links":{"self":[{"href":"https:\/\/schiffers.pl\/en\/wp-json\/wp\/v2\/product\/8401","targetHints":{"allow":["GET"]}}],"collection":[{"href":"https:\/\/schiffers.pl\/en\/wp-json\/wp\/v2\/product"}],"about":[{"href":"https:\/\/schiffers.pl\/en\/wp-json\/wp\/v2\/types\/product"}],"wp:featuredmedia":[{"embeddable":true,"href":"https:\/\/schiffers.pl\/en\/wp-json\/wp\/v2\/media\/10866"}],"wp:attachment":[{"href":"https:\/\/schiffers.pl\/en\/wp-json\/wp\/v2\/media?parent=8401"}],"wp:term":[{"taxonomy":"product_brand","embeddable":true,"href":"https:\/\/schiffers.pl\/en\/wp-json\/wp\/v2\/product_brand?post=8401"},{"taxonomy":"product_cat","embeddable":true,"href":"https:\/\/schiffers.pl\/en\/wp-json\/wp\/v2\/product_cat?post=8401"},{"taxonomy":"product_tag","embeddable":true,"href":"https:\/\/schiffers.pl\/en\/wp-json\/wp\/v2\/product_tag?post=8401"}],"curies":[{"name":"wp","href":"https:\/\/api.w.org\/{rel}","templated":true}]}}