{"id":8372,"date":"2018-07-04T16:48:05","date_gmt":"2018-07-04T14:48:05","guid":{"rendered":"https:\/\/schiffers.pl\/?post_type=product&#038;p=8372\/"},"modified":"2019-10-21T23:59:43","modified_gmt":"2019-10-21T21:59:43","slug":"obraczka-02","status":"publish","type":"product","link":"https:\/\/schiffers.pl\/en\/sklep\/obraczka-02\/","title":{"rendered":"Simply Black"},"content":{"rendered":"","protected":false},"excerpt":{"rendered":"<p>Minimalistyczna obr\u0105czka z bia\u0142ego z\u0142ota. Wyko\u0144czona czarn\u0105 emali\u0105. Kolor z\u0142ota do wyboru.<\/p>\n<p>Cena za 1 szt. : od 3500 z\u0142<\/p>","protected":false},"featured_media":8373,"template":"","meta":[],"product_brand":[],"product_cat":[189],"product_tag":[],"class_list":{"0":"post-8372","1":"product","2":"type-product","3":"status-publish","4":"has-post-thumbnail","6":"product_cat-prezentacja-obraczki-slubne","8":"first","9":"outofstock","10":"shipping-taxable","11":"product-type-simple"},"yoast_head":"<!-- This site is optimized with the Yoast SEO plugin v24.6 - https:\/\/yoast.com\/wordpress\/plugins\/seo\/ -->\n<title>Simply Black - Schiffers<\/title>\n<meta name=\"robots\" content=\"index, follow, max-snippet:-1, max-image-preview:large, max-video-preview:-1\" \/>\n<link rel=\"canonical\" href=\"https:\/\/schiffers.pl\/en\/sklep\/obraczka-02\/\" \/>\n<meta property=\"og:locale\" content=\"en_US\" \/>\n<meta property=\"og:type\" content=\"article\" \/>\n<meta property=\"og:title\" content=\"Simply Black - Schiffers\" \/>\n<meta property=\"og:description\" content=\"Minimalistyczna obr\u0105czka z bia\u0142ego z\u0142ota. Wyko\u0144czona czarn\u0105 emali\u0105. Kolor z\u0142ota do wyboru.  Cena za 1 szt. : od 3500 z\u0142\" \/>\n<meta property=\"og:url\" content=\"https:\/\/schiffers.pl\/en\/sklep\/obraczka-02\/\" \/>\n<meta property=\"og:site_name\" content=\"Schiffers\" \/>\n<meta property=\"article:modified_time\" content=\"2019-10-21T21:59:43+00:00\" \/>\n<meta property=\"og:image\" content=\"https:\/\/schiffers.pl\/wp-content\/uploads\/2018\/07\/13-small-kopia-3.jpg\" \/>\n\t<meta property=\"og:image:width\" content=\"953\" \/>\n\t<meta property=\"og:image:height\" content=\"953\" \/>\n\t<meta property=\"og:image:type\" content=\"image\/jpeg\" \/>\n<meta name=\"twitter:card\" content=\"summary_large_image\" \/>\n<script type=\"application\/ld+json\" class=\"yoast-schema-graph\">{\"@context\":\"https:\/\/schema.org\",\"@graph\":[{\"@type\":\"WebPage\",\"@id\":\"https:\/\/schiffers.pl\/sklep\/obraczka-02\/\",\"url\":\"https:\/\/schiffers.pl\/sklep\/obraczka-02\/\",\"name\":\"Simply Black - Schiffers\",\"isPartOf\":{\"@id\":\"https:\/\/schiffers.pl\/#website\"},\"primaryImageOfPage\":{\"@id\":\"https:\/\/schiffers.pl\/sklep\/obraczka-02\/#primaryimage\"},\"image\":{\"@id\":\"https:\/\/schiffers.pl\/sklep\/obraczka-02\/#primaryimage\"},\"thumbnailUrl\":\"https:\/\/schiffers.pl\/wp-content\/uploads\/2018\/07\/13-small-kopia-3.jpg\",\"datePublished\":\"2018-07-04T14:48:05+00:00\",\"dateModified\":\"2019-10-21T21:59:43+00:00\",\"breadcrumb\":{\"@id\":\"https:\/\/schiffers.pl\/sklep\/obraczka-02\/#breadcrumb\"},\"inLanguage\":\"en-US\",\"potentialAction\":[{\"@type\":\"ReadAction\",\"target\":[\"https:\/\/schiffers.pl\/sklep\/obraczka-02\/\"]}]},{\"@type\":\"ImageObject\",\"inLanguage\":\"en-US\",\"@id\":\"https:\/\/schiffers.pl\/sklep\/obraczka-02\/#primaryimage\",\"url\":\"https:\/\/schiffers.pl\/wp-content\/uploads\/2018\/07\/13-small-kopia-3.jpg\",\"contentUrl\":\"https:\/\/schiffers.pl\/wp-content\/uploads\/2018\/07\/13-small-kopia-3.jpg\",\"width\":953,\"height\":953},{\"@type\":\"BreadcrumbList\",\"@id\":\"https:\/\/schiffers.pl\/sklep\/obraczka-02\/#breadcrumb\",\"itemListElement\":[{\"@type\":\"ListItem\",\"position\":1,\"name\":\"Strona g\u0142\u00f3wna\",\"item\":\"https:\/\/schiffers.pl\/\"},{\"@type\":\"ListItem\",\"position\":2,\"name\":\"Sklep\",\"item\":\"https:\/\/schiffers.pl\/sklep\/\"},{\"@type\":\"ListItem\",\"position\":3,\"name\":\"Simply Black\"}]},{\"@type\":\"WebSite\",\"@id\":\"https:\/\/schiffers.pl\/#website\",\"url\":\"https:\/\/schiffers.pl\/\",\"name\":\"Schiffers\",\"description\":\"bi\u017cuteria\",\"potentialAction\":[{\"@type\":\"SearchAction\",\"target\":{\"@type\":\"EntryPoint\",\"urlTemplate\":\"https:\/\/schiffers.pl\/?s={search_term_string}\"},\"query-input\":{\"@type\":\"PropertyValueSpecification\",\"valueRequired\":true,\"valueName\":\"search_term_string\"}}],\"inLanguage\":\"en-US\"}]}<\/script>\n<!-- \/ Yoast SEO plugin. -->","yoast_head_json":{"title":"Simply Black - Schiffers","robots":{"index":"index","follow":"follow","max-snippet":"max-snippet:-1","max-image-preview":"max-image-preview:large","max-video-preview":"max-video-preview:-1"},"canonical":"https:\/\/schiffers.pl\/en\/sklep\/obraczka-02\/","og_locale":"en_US","og_type":"article","og_title":"Simply Black - Schiffers","og_description":"Minimalistyczna obr\u0105czka z bia\u0142ego z\u0142ota. Wyko\u0144czona czarn\u0105 emali\u0105. Kolor z\u0142ota do wyboru.  Cena za 1 szt. : od 3500 z\u0142","og_url":"https:\/\/schiffers.pl\/en\/sklep\/obraczka-02\/","og_site_name":"Schiffers","article_modified_time":"2019-10-21T21:59:43+00:00","og_image":[{"width":953,"height":953,"url":"https:\/\/schiffers.pl\/wp-content\/uploads\/2018\/07\/13-small-kopia-3.jpg","type":"image\/jpeg"}],"twitter_card":"summary_large_image","schema":{"@context":"https:\/\/schema.org","@graph":[{"@type":"WebPage","@id":"https:\/\/schiffers.pl\/sklep\/obraczka-02\/","url":"https:\/\/schiffers.pl\/sklep\/obraczka-02\/","name":"Simply Black - Schiffers","isPartOf":{"@id":"https:\/\/schiffers.pl\/#website"},"primaryImageOfPage":{"@id":"https:\/\/schiffers.pl\/sklep\/obraczka-02\/#primaryimage"},"image":{"@id":"https:\/\/schiffers.pl\/sklep\/obraczka-02\/#primaryimage"},"thumbnailUrl":"https:\/\/schiffers.pl\/wp-content\/uploads\/2018\/07\/13-small-kopia-3.jpg","datePublished":"2018-07-04T14:48:05+00:00","dateModified":"2019-10-21T21:59:43+00:00","breadcrumb":{"@id":"https:\/\/schiffers.pl\/sklep\/obraczka-02\/#breadcrumb"},"inLanguage":"en-US","potentialAction":[{"@type":"ReadAction","target":["https:\/\/schiffers.pl\/sklep\/obraczka-02\/"]}]},{"@type":"ImageObject","inLanguage":"en-US","@id":"https:\/\/schiffers.pl\/sklep\/obraczka-02\/#primaryimage","url":"https:\/\/schiffers.pl\/wp-content\/uploads\/2018\/07\/13-small-kopia-3.jpg","contentUrl":"https:\/\/schiffers.pl\/wp-content\/uploads\/2018\/07\/13-small-kopia-3.jpg","width":953,"height":953},{"@type":"BreadcrumbList","@id":"https:\/\/schiffers.pl\/sklep\/obraczka-02\/#breadcrumb","itemListElement":[{"@type":"ListItem","position":1,"name":"Strona g\u0142\u00f3wna","item":"https:\/\/schiffers.pl\/"},{"@type":"ListItem","position":2,"name":"Sklep","item":"https:\/\/schiffers.pl\/sklep\/"},{"@type":"ListItem","position":3,"name":"Simply Black"}]},{"@type":"WebSite","@id":"https:\/\/schiffers.pl\/#website","url":"https:\/\/schiffers.pl\/","name":"Schiffers","description":"bi\u017cuteria","potentialAction":[{"@type":"SearchAction","target":{"@type":"EntryPoint","urlTemplate":"https:\/\/schiffers.pl\/?s={search_term_string}"},"query-input":{"@type":"PropertyValueSpecification","valueRequired":true,"valueName":"search_term_string"}}],"inLanguage":"en-US"}]}},"_links":{"self":[{"href":"https:\/\/schiffers.pl\/en\/wp-json\/wp\/v2\/product\/8372","targetHints":{"allow":["GET"]}}],"collection":[{"href":"https:\/\/schiffers.pl\/en\/wp-json\/wp\/v2\/product"}],"about":[{"href":"https:\/\/schiffers.pl\/en\/wp-json\/wp\/v2\/types\/product"}],"wp:featuredmedia":[{"embeddable":true,"href":"https:\/\/schiffers.pl\/en\/wp-json\/wp\/v2\/media\/8373"}],"wp:attachment":[{"href":"https:\/\/schiffers.pl\/en\/wp-json\/wp\/v2\/media?parent=8372"}],"wp:term":[{"taxonomy":"product_brand","embeddable":true,"href":"https:\/\/schiffers.pl\/en\/wp-json\/wp\/v2\/product_brand?post=8372"},{"taxonomy":"product_cat","embeddable":true,"href":"https:\/\/schiffers.pl\/en\/wp-json\/wp\/v2\/product_cat?post=8372"},{"taxonomy":"product_tag","embeddable":true,"href":"https:\/\/schiffers.pl\/en\/wp-json\/wp\/v2\/product_tag?post=8372"}],"curies":[{"name":"wp","href":"https:\/\/api.w.org\/{rel}","templated":true}]}}