{"id":6922,"date":"2017-06-22T17:30:49","date_gmt":"2017-06-22T15:30:49","guid":{"rendered":"https:\/\/schiffers.pl\/produkt\/pierscionek-z-perla-slodkowodna\/"},"modified":"2017-06-22T17:30:49","modified_gmt":"2017-06-22T15:30:49","slug":"pierscionek-z-perla-slodkowodna","status":"publish","type":"product","link":"https:\/\/schiffers.pl\/en\/sklep\/pierscionek-z-perla-slodkowodna\/","title":{"rendered":"Pier\u015bcionek z per\u0142\u0105 s\u0142odkowodn\u0105"},"content":{"rendered":"<p>Srebrny pier\u015bcionek z szyn\u0105 zdobion\u0105 delikatnym reliefem, zwie\u0144czony per\u0142\u0105 s\u0142odkowodn\u0105 w kolorze grafitowym. Pier\u015bcionek wykonany jest ze srebra oraz srebra z\u0142oconego. Na \u017cyczenie mo\u017cliwa realizacja w innej kombinacji kolorystycznej oraz z bia\u0142\u0105 per\u0142\u0105. Na indywidualne zapytanie mo\u017cliwa realizacja w z\u0142ocie.<\/p>","protected":false},"excerpt":{"rendered":"<p>srebro 0,925, srebro z\u0142ocone, per\u0142a s\u0142odkowodna w kolorze grafitowym<\/p>","protected":false},"featured_media":6757,"template":"","meta":[],"product_brand":[],"product_cat":[240],"product_tag":[],"class_list":{"0":"post-6922","1":"product","2":"type-product","3":"status-publish","4":"has-post-thumbnail","6":"product_cat-bez-kategorii","8":"first","9":"instock","10":"virtual","11":"product-type-simple"},"yoast_head":"<!-- This site is optimized with the Yoast SEO plugin v24.6 - https:\/\/yoast.com\/wordpress\/plugins\/seo\/ -->\n<title>Pier\u015bcionek z per\u0142\u0105 s\u0142odkowodn\u0105 - Schiffers<\/title>\n<meta name=\"robots\" content=\"index, follow, max-snippet:-1, max-image-preview:large, max-video-preview:-1\" \/>\n<link rel=\"canonical\" href=\"https:\/\/schiffers.pl\/en\/sklep\/pierscionek-z-perla-slodkowodna\/\" \/>\n<meta property=\"og:locale\" content=\"en_US\" \/>\n<meta property=\"og:type\" content=\"article\" \/>\n<meta property=\"og:title\" content=\"Pier\u015bcionek z per\u0142\u0105 s\u0142odkowodn\u0105 - Schiffers\" \/>\n<meta property=\"og:description\" content=\"srebro 0,925, srebro z\u0142ocone, per\u0142a s\u0142odkowodna w kolorze grafitowym\" \/>\n<meta property=\"og:url\" content=\"https:\/\/schiffers.pl\/en\/sklep\/pierscionek-z-perla-slodkowodna\/\" \/>\n<meta property=\"og:site_name\" content=\"Schiffers\" \/>\n<meta property=\"og:image\" content=\"https:\/\/schiffers.pl\/wp-content\/uploads\/2017\/06\/KSP_51_269.jpg\" \/>\n\t<meta property=\"og:image:width\" content=\"797\" \/>\n\t<meta property=\"og:image:height\" content=\"798\" \/>\n\t<meta property=\"og:image:type\" content=\"image\/jpeg\" \/>\n<meta name=\"twitter:card\" content=\"summary_large_image\" \/>\n<script type=\"application\/ld+json\" class=\"yoast-schema-graph\">{\"@context\":\"https:\/\/schema.org\",\"@graph\":[{\"@type\":\"WebPage\",\"@id\":\"https:\/\/schiffers.pl\/sklep\/pierscionek-z-perla-slodkowodna\/\",\"url\":\"https:\/\/schiffers.pl\/sklep\/pierscionek-z-perla-slodkowodna\/\",\"name\":\"Pier\u015bcionek z per\u0142\u0105 s\u0142odkowodn\u0105 - Schiffers\",\"isPartOf\":{\"@id\":\"https:\/\/schiffers.pl\/#website\"},\"primaryImageOfPage\":{\"@id\":\"https:\/\/schiffers.pl\/sklep\/pierscionek-z-perla-slodkowodna\/#primaryimage\"},\"image\":{\"@id\":\"https:\/\/schiffers.pl\/sklep\/pierscionek-z-perla-slodkowodna\/#primaryimage\"},\"thumbnailUrl\":\"https:\/\/schiffers.pl\/wp-content\/uploads\/2017\/06\/KSP_51_269.jpg\",\"datePublished\":\"2017-06-22T15:30:49+00:00\",\"breadcrumb\":{\"@id\":\"https:\/\/schiffers.pl\/sklep\/pierscionek-z-perla-slodkowodna\/#breadcrumb\"},\"inLanguage\":\"en-US\",\"potentialAction\":[{\"@type\":\"ReadAction\",\"target\":[\"https:\/\/schiffers.pl\/sklep\/pierscionek-z-perla-slodkowodna\/\"]}]},{\"@type\":\"ImageObject\",\"inLanguage\":\"en-US\",\"@id\":\"https:\/\/schiffers.pl\/sklep\/pierscionek-z-perla-slodkowodna\/#primaryimage\",\"url\":\"https:\/\/schiffers.pl\/wp-content\/uploads\/2017\/06\/KSP_51_269.jpg\",\"contentUrl\":\"https:\/\/schiffers.pl\/wp-content\/uploads\/2017\/06\/KSP_51_269.jpg\",\"width\":797,\"height\":798},{\"@type\":\"BreadcrumbList\",\"@id\":\"https:\/\/schiffers.pl\/sklep\/pierscionek-z-perla-slodkowodna\/#breadcrumb\",\"itemListElement\":[{\"@type\":\"ListItem\",\"position\":1,\"name\":\"Strona g\u0142\u00f3wna\",\"item\":\"https:\/\/schiffers.pl\/\"},{\"@type\":\"ListItem\",\"position\":2,\"name\":\"Sklep\",\"item\":\"https:\/\/schiffers.pl\/sklep\/\"},{\"@type\":\"ListItem\",\"position\":3,\"name\":\"Pier\u015bcionek z per\u0142\u0105 s\u0142odkowodn\u0105\"}]},{\"@type\":\"WebSite\",\"@id\":\"https:\/\/schiffers.pl\/#website\",\"url\":\"https:\/\/schiffers.pl\/\",\"name\":\"Schiffers\",\"description\":\"bi\u017cuteria\",\"potentialAction\":[{\"@type\":\"SearchAction\",\"target\":{\"@type\":\"EntryPoint\",\"urlTemplate\":\"https:\/\/schiffers.pl\/?s={search_term_string}\"},\"query-input\":{\"@type\":\"PropertyValueSpecification\",\"valueRequired\":true,\"valueName\":\"search_term_string\"}}],\"inLanguage\":\"en-US\"}]}<\/script>\n<!-- \/ Yoast SEO plugin. -->","yoast_head_json":{"title":"Pier\u015bcionek z per\u0142\u0105 s\u0142odkowodn\u0105 - Schiffers","robots":{"index":"index","follow":"follow","max-snippet":"max-snippet:-1","max-image-preview":"max-image-preview:large","max-video-preview":"max-video-preview:-1"},"canonical":"https:\/\/schiffers.pl\/en\/sklep\/pierscionek-z-perla-slodkowodna\/","og_locale":"en_US","og_type":"article","og_title":"Pier\u015bcionek z per\u0142\u0105 s\u0142odkowodn\u0105 - Schiffers","og_description":"srebro 0,925, srebro z\u0142ocone, per\u0142a s\u0142odkowodna w kolorze grafitowym","og_url":"https:\/\/schiffers.pl\/en\/sklep\/pierscionek-z-perla-slodkowodna\/","og_site_name":"Schiffers","og_image":[{"width":797,"height":798,"url":"https:\/\/schiffers.pl\/wp-content\/uploads\/2017\/06\/KSP_51_269.jpg","type":"image\/jpeg"}],"twitter_card":"summary_large_image","schema":{"@context":"https:\/\/schema.org","@graph":[{"@type":"WebPage","@id":"https:\/\/schiffers.pl\/sklep\/pierscionek-z-perla-slodkowodna\/","url":"https:\/\/schiffers.pl\/sklep\/pierscionek-z-perla-slodkowodna\/","name":"Pier\u015bcionek z per\u0142\u0105 s\u0142odkowodn\u0105 - Schiffers","isPartOf":{"@id":"https:\/\/schiffers.pl\/#website"},"primaryImageOfPage":{"@id":"https:\/\/schiffers.pl\/sklep\/pierscionek-z-perla-slodkowodna\/#primaryimage"},"image":{"@id":"https:\/\/schiffers.pl\/sklep\/pierscionek-z-perla-slodkowodna\/#primaryimage"},"thumbnailUrl":"https:\/\/schiffers.pl\/wp-content\/uploads\/2017\/06\/KSP_51_269.jpg","datePublished":"2017-06-22T15:30:49+00:00","breadcrumb":{"@id":"https:\/\/schiffers.pl\/sklep\/pierscionek-z-perla-slodkowodna\/#breadcrumb"},"inLanguage":"en-US","potentialAction":[{"@type":"ReadAction","target":["https:\/\/schiffers.pl\/sklep\/pierscionek-z-perla-slodkowodna\/"]}]},{"@type":"ImageObject","inLanguage":"en-US","@id":"https:\/\/schiffers.pl\/sklep\/pierscionek-z-perla-slodkowodna\/#primaryimage","url":"https:\/\/schiffers.pl\/wp-content\/uploads\/2017\/06\/KSP_51_269.jpg","contentUrl":"https:\/\/schiffers.pl\/wp-content\/uploads\/2017\/06\/KSP_51_269.jpg","width":797,"height":798},{"@type":"BreadcrumbList","@id":"https:\/\/schiffers.pl\/sklep\/pierscionek-z-perla-slodkowodna\/#breadcrumb","itemListElement":[{"@type":"ListItem","position":1,"name":"Strona g\u0142\u00f3wna","item":"https:\/\/schiffers.pl\/"},{"@type":"ListItem","position":2,"name":"Sklep","item":"https:\/\/schiffers.pl\/sklep\/"},{"@type":"ListItem","position":3,"name":"Pier\u015bcionek z per\u0142\u0105 s\u0142odkowodn\u0105"}]},{"@type":"WebSite","@id":"https:\/\/schiffers.pl\/#website","url":"https:\/\/schiffers.pl\/","name":"Schiffers","description":"bi\u017cuteria","potentialAction":[{"@type":"SearchAction","target":{"@type":"EntryPoint","urlTemplate":"https:\/\/schiffers.pl\/?s={search_term_string}"},"query-input":{"@type":"PropertyValueSpecification","valueRequired":true,"valueName":"search_term_string"}}],"inLanguage":"en-US"}]}},"_links":{"self":[{"href":"https:\/\/schiffers.pl\/en\/wp-json\/wp\/v2\/product\/6922","targetHints":{"allow":["GET"]}}],"collection":[{"href":"https:\/\/schiffers.pl\/en\/wp-json\/wp\/v2\/product"}],"about":[{"href":"https:\/\/schiffers.pl\/en\/wp-json\/wp\/v2\/types\/product"}],"wp:featuredmedia":[{"embeddable":true,"href":"https:\/\/schiffers.pl\/en\/wp-json\/wp\/v2\/media\/6757"}],"wp:attachment":[{"href":"https:\/\/schiffers.pl\/en\/wp-json\/wp\/v2\/media?parent=6922"}],"wp:term":[{"taxonomy":"product_brand","embeddable":true,"href":"https:\/\/schiffers.pl\/en\/wp-json\/wp\/v2\/product_brand?post=6922"},{"taxonomy":"product_cat","embeddable":true,"href":"https:\/\/schiffers.pl\/en\/wp-json\/wp\/v2\/product_cat?post=6922"},{"taxonomy":"product_tag","embeddable":true,"href":"https:\/\/schiffers.pl\/en\/wp-json\/wp\/v2\/product_tag?post=6922"}],"curies":[{"name":"wp","href":"https:\/\/api.w.org\/{rel}","templated":true}]}}