{"id":18066,"date":"2026-03-02T18:13:03","date_gmt":"2026-03-02T17:13:03","guid":{"rendered":"https:\/\/schiffers.pl\/?post_type=product&#038;p=18066"},"modified":"2026-03-02T18:14:28","modified_gmt":"2026-03-02T17:14:28","slug":"lilia-z-diamentem-i-emalia","status":"publish","type":"product","link":"https:\/\/schiffers.pl\/en\/sklep\/lilia-z-diamentem-i-emalia\/","title":{"rendered":"Lilia z diamentem i emali\u0105"},"content":{"rendered":"","protected":false},"excerpt":{"rendered":"<p>To karko\u0142omny projekt! Wielowymiarowy kwiat z listkami wype\u0142nionymi emali\u0105 w dw\u00f3ch kolorach &#8211; per\u0142owej bieli i delikatnej zieleni. Tworzony warstwowo z r\u0119cznie tworzon\u0105 barw\u0105 emalii. Bia\u0142e z\u0142oto podkre\u015bla eteryczno\u015b\u0107 pier\u015bcienia. Diament dodaje blasku.<\/p>","protected":false},"featured_media":18059,"template":"","meta":[],"product_brand":[],"product_cat":[171],"product_tag":[],"class_list":{"0":"post-18066","1":"product","2":"type-product","3":"status-publish","4":"has-post-thumbnail","6":"product_cat-prezentacja-pierscionki-zareczynowe","8":"first","9":"outofstock","10":"shipping-taxable","11":"product-type-simple"},"yoast_head":"<!-- This site is optimized with the Yoast SEO plugin v24.6 - https:\/\/yoast.com\/wordpress\/plugins\/seo\/ -->\n<title>Lilia z diamentem i emali\u0105 - Schiffers<\/title>\n<meta name=\"robots\" content=\"index, follow, max-snippet:-1, max-image-preview:large, max-video-preview:-1\" \/>\n<link rel=\"canonical\" href=\"https:\/\/schiffers.pl\/en\/sklep\/lilia-z-diamentem-i-emalia\/\" \/>\n<meta property=\"og:locale\" content=\"en_US\" \/>\n<meta property=\"og:type\" content=\"article\" \/>\n<meta property=\"og:title\" content=\"Lilia z diamentem i emali\u0105 - Schiffers\" \/>\n<meta property=\"og:description\" content=\"To karko\u0142omny projekt! Wielowymiarowy kwiat z listkami wype\u0142nionymi emali\u0105 w dw\u00f3ch kolorach - per\u0142owej bieli i delikatnej zieleni. Tworzony warstwowo z r\u0119cznie tworzon\u0105 barw\u0105 emalii. Bia\u0142e z\u0142oto podkre\u015bla eteryczno\u015b\u0107 pier\u015bcienia. Diament dodaje blasku.\" \/>\n<meta property=\"og:url\" content=\"https:\/\/schiffers.pl\/en\/sklep\/lilia-z-diamentem-i-emalia\/\" \/>\n<meta property=\"og:site_name\" content=\"Schiffers\" \/>\n<meta property=\"article:modified_time\" content=\"2026-03-02T17:14:28+00:00\" \/>\n<meta property=\"og:image\" content=\"https:\/\/schiffers.pl\/wp-content\/uploads\/2026\/03\/42C4CCF3-84A0-4059-98C2-E07FDA9D5A3C_1_201_a-scaled.jpeg\" \/>\n\t<meta property=\"og:image:width\" content=\"1708\" \/>\n\t<meta property=\"og:image:height\" content=\"2560\" \/>\n\t<meta property=\"og:image:type\" content=\"image\/jpeg\" \/>\n<meta name=\"twitter:card\" content=\"summary_large_image\" \/>\n<meta name=\"twitter:label1\" content=\"Est. reading time\" \/>\n\t<meta name=\"twitter:data1\" content=\"1 minute\" \/>\n<script type=\"application\/ld+json\" class=\"yoast-schema-graph\">{\"@context\":\"https:\/\/schema.org\",\"@graph\":[{\"@type\":\"WebPage\",\"@id\":\"https:\/\/schiffers.pl\/sklep\/lilia-z-diamentem-i-emalia\/\",\"url\":\"https:\/\/schiffers.pl\/sklep\/lilia-z-diamentem-i-emalia\/\",\"name\":\"Lilia z diamentem i emali\u0105 - Schiffers\",\"isPartOf\":{\"@id\":\"https:\/\/schiffers.pl\/#website\"},\"primaryImageOfPage\":{\"@id\":\"https:\/\/schiffers.pl\/sklep\/lilia-z-diamentem-i-emalia\/#primaryimage\"},\"image\":{\"@id\":\"https:\/\/schiffers.pl\/sklep\/lilia-z-diamentem-i-emalia\/#primaryimage\"},\"thumbnailUrl\":\"https:\/\/schiffers.pl\/wp-content\/uploads\/2026\/03\/42C4CCF3-84A0-4059-98C2-E07FDA9D5A3C_1_201_a-scaled.jpeg\",\"datePublished\":\"2026-03-02T17:13:03+00:00\",\"dateModified\":\"2026-03-02T17:14:28+00:00\",\"breadcrumb\":{\"@id\":\"https:\/\/schiffers.pl\/sklep\/lilia-z-diamentem-i-emalia\/#breadcrumb\"},\"inLanguage\":\"en-US\",\"potentialAction\":[{\"@type\":\"ReadAction\",\"target\":[\"https:\/\/schiffers.pl\/sklep\/lilia-z-diamentem-i-emalia\/\"]}]},{\"@type\":\"ImageObject\",\"inLanguage\":\"en-US\",\"@id\":\"https:\/\/schiffers.pl\/sklep\/lilia-z-diamentem-i-emalia\/#primaryimage\",\"url\":\"https:\/\/schiffers.pl\/wp-content\/uploads\/2026\/03\/42C4CCF3-84A0-4059-98C2-E07FDA9D5A3C_1_201_a-scaled.jpeg\",\"contentUrl\":\"https:\/\/schiffers.pl\/wp-content\/uploads\/2026\/03\/42C4CCF3-84A0-4059-98C2-E07FDA9D5A3C_1_201_a-scaled.jpeg\",\"width\":1708,\"height\":2560},{\"@type\":\"BreadcrumbList\",\"@id\":\"https:\/\/schiffers.pl\/sklep\/lilia-z-diamentem-i-emalia\/#breadcrumb\",\"itemListElement\":[{\"@type\":\"ListItem\",\"position\":1,\"name\":\"Strona g\u0142\u00f3wna\",\"item\":\"https:\/\/schiffers.pl\/\"},{\"@type\":\"ListItem\",\"position\":2,\"name\":\"Sklep\",\"item\":\"https:\/\/schiffers.pl\/sklep\/\"},{\"@type\":\"ListItem\",\"position\":3,\"name\":\"Lilia z diamentem i emali\u0105\"}]},{\"@type\":\"WebSite\",\"@id\":\"https:\/\/schiffers.pl\/#website\",\"url\":\"https:\/\/schiffers.pl\/\",\"name\":\"Schiffers\",\"description\":\"bi\u017cuteria\",\"potentialAction\":[{\"@type\":\"SearchAction\",\"target\":{\"@type\":\"EntryPoint\",\"urlTemplate\":\"https:\/\/schiffers.pl\/?s={search_term_string}\"},\"query-input\":{\"@type\":\"PropertyValueSpecification\",\"valueRequired\":true,\"valueName\":\"search_term_string\"}}],\"inLanguage\":\"en-US\"}]}<\/script>\n<!-- \/ Yoast SEO plugin. -->","yoast_head_json":{"title":"Lilia z diamentem i emali\u0105 - Schiffers","robots":{"index":"index","follow":"follow","max-snippet":"max-snippet:-1","max-image-preview":"max-image-preview:large","max-video-preview":"max-video-preview:-1"},"canonical":"https:\/\/schiffers.pl\/en\/sklep\/lilia-z-diamentem-i-emalia\/","og_locale":"en_US","og_type":"article","og_title":"Lilia z diamentem i emali\u0105 - Schiffers","og_description":"To karko\u0142omny projekt! Wielowymiarowy kwiat z listkami wype\u0142nionymi emali\u0105 w dw\u00f3ch kolorach - per\u0142owej bieli i delikatnej zieleni. Tworzony warstwowo z r\u0119cznie tworzon\u0105 barw\u0105 emalii. Bia\u0142e z\u0142oto podkre\u015bla eteryczno\u015b\u0107 pier\u015bcienia. Diament dodaje blasku.","og_url":"https:\/\/schiffers.pl\/en\/sklep\/lilia-z-diamentem-i-emalia\/","og_site_name":"Schiffers","article_modified_time":"2026-03-02T17:14:28+00:00","og_image":[{"width":1708,"height":2560,"url":"https:\/\/schiffers.pl\/wp-content\/uploads\/2026\/03\/42C4CCF3-84A0-4059-98C2-E07FDA9D5A3C_1_201_a-scaled.jpeg","type":"image\/jpeg"}],"twitter_card":"summary_large_image","twitter_misc":{"Est. reading time":"1 minute"},"schema":{"@context":"https:\/\/schema.org","@graph":[{"@type":"WebPage","@id":"https:\/\/schiffers.pl\/sklep\/lilia-z-diamentem-i-emalia\/","url":"https:\/\/schiffers.pl\/sklep\/lilia-z-diamentem-i-emalia\/","name":"Lilia z diamentem i emali\u0105 - Schiffers","isPartOf":{"@id":"https:\/\/schiffers.pl\/#website"},"primaryImageOfPage":{"@id":"https:\/\/schiffers.pl\/sklep\/lilia-z-diamentem-i-emalia\/#primaryimage"},"image":{"@id":"https:\/\/schiffers.pl\/sklep\/lilia-z-diamentem-i-emalia\/#primaryimage"},"thumbnailUrl":"https:\/\/schiffers.pl\/wp-content\/uploads\/2026\/03\/42C4CCF3-84A0-4059-98C2-E07FDA9D5A3C_1_201_a-scaled.jpeg","datePublished":"2026-03-02T17:13:03+00:00","dateModified":"2026-03-02T17:14:28+00:00","breadcrumb":{"@id":"https:\/\/schiffers.pl\/sklep\/lilia-z-diamentem-i-emalia\/#breadcrumb"},"inLanguage":"en-US","potentialAction":[{"@type":"ReadAction","target":["https:\/\/schiffers.pl\/sklep\/lilia-z-diamentem-i-emalia\/"]}]},{"@type":"ImageObject","inLanguage":"en-US","@id":"https:\/\/schiffers.pl\/sklep\/lilia-z-diamentem-i-emalia\/#primaryimage","url":"https:\/\/schiffers.pl\/wp-content\/uploads\/2026\/03\/42C4CCF3-84A0-4059-98C2-E07FDA9D5A3C_1_201_a-scaled.jpeg","contentUrl":"https:\/\/schiffers.pl\/wp-content\/uploads\/2026\/03\/42C4CCF3-84A0-4059-98C2-E07FDA9D5A3C_1_201_a-scaled.jpeg","width":1708,"height":2560},{"@type":"BreadcrumbList","@id":"https:\/\/schiffers.pl\/sklep\/lilia-z-diamentem-i-emalia\/#breadcrumb","itemListElement":[{"@type":"ListItem","position":1,"name":"Strona g\u0142\u00f3wna","item":"https:\/\/schiffers.pl\/"},{"@type":"ListItem","position":2,"name":"Sklep","item":"https:\/\/schiffers.pl\/sklep\/"},{"@type":"ListItem","position":3,"name":"Lilia z diamentem i emali\u0105"}]},{"@type":"WebSite","@id":"https:\/\/schiffers.pl\/#website","url":"https:\/\/schiffers.pl\/","name":"Schiffers","description":"bi\u017cuteria","potentialAction":[{"@type":"SearchAction","target":{"@type":"EntryPoint","urlTemplate":"https:\/\/schiffers.pl\/?s={search_term_string}"},"query-input":{"@type":"PropertyValueSpecification","valueRequired":true,"valueName":"search_term_string"}}],"inLanguage":"en-US"}]}},"_links":{"self":[{"href":"https:\/\/schiffers.pl\/en\/wp-json\/wp\/v2\/product\/18066","targetHints":{"allow":["GET"]}}],"collection":[{"href":"https:\/\/schiffers.pl\/en\/wp-json\/wp\/v2\/product"}],"about":[{"href":"https:\/\/schiffers.pl\/en\/wp-json\/wp\/v2\/types\/product"}],"wp:featuredmedia":[{"embeddable":true,"href":"https:\/\/schiffers.pl\/en\/wp-json\/wp\/v2\/media\/18059"}],"wp:attachment":[{"href":"https:\/\/schiffers.pl\/en\/wp-json\/wp\/v2\/media?parent=18066"}],"wp:term":[{"taxonomy":"product_brand","embeddable":true,"href":"https:\/\/schiffers.pl\/en\/wp-json\/wp\/v2\/product_brand?post=18066"},{"taxonomy":"product_cat","embeddable":true,"href":"https:\/\/schiffers.pl\/en\/wp-json\/wp\/v2\/product_cat?post=18066"},{"taxonomy":"product_tag","embeddable":true,"href":"https:\/\/schiffers.pl\/en\/wp-json\/wp\/v2\/product_tag?post=18066"}],"curies":[{"name":"wp","href":"https:\/\/api.w.org\/{rel}","templated":true}]}}