{"id":17645,"date":"2024-12-03T22:41:47","date_gmt":"2024-12-03T21:41:47","guid":{"rendered":"https:\/\/schiffers.pl\/?post_type=product&#038;p=17645"},"modified":"2024-12-03T22:45:27","modified_gmt":"2024-12-03T21:45:27","slug":"slonecznik-milosci-polsko-nepalskiej","status":"publish","type":"product","link":"https:\/\/schiffers.pl\/en\/sklep\/slonecznik-milosci-polsko-nepalskiej\/","title":{"rendered":"S\u0142onecznik mi\u0142o\u015bci polsko-nepalskiej"},"content":{"rendered":"","protected":false},"excerpt":{"rendered":"<p>W Nepalu s\u0142onecznik mo\u017ce symbolizowa\u0107 wiele r\u00f3\u017cnych warto\u015bci i idei. Jest cz\u0119sto kojarzony z p\u0142odno\u015bci\u0105, obfito\u015bci\u0105 i szcz\u0119\u015bciem. Ponadto, jego sk\u0142onno\u015b\u0107 do obracania si\u0119 w kierunku s\u0142o\u0144ca (to tak, jak my, naturalnie \ud83d\ude09) mo\u017ce by\u0107 interpretowana jako symbol d\u0105\u017cenia do \u015bwiat\u0142a i pozytywnych energii\u2026<\/p>\n<p>\ud83c\udf3bS\u0142onecznik, mimo \u017ce nie jest bardzo powszechny w Nepalu, stanowi cz\u0119\u015b\u0107 rolniczego krajobrazu tego kraju a ludzie tam mieszkaj\u0105cy przywi\u0105zuj\u0105 du\u017c\u0105 wag\u0119 do symboliki tej ro\u015bliny \ud83d\ude0d Tak\u017ce w Polsce s\u0142onecznik to symbol s\u0142o\u0144ca. W polskiej kulturze kojarzy si\u0119 z latem i pi\u0119knem natury a do tego to przyjemne \u0142uskanie pestek .. (w\u0142a\u015bnie mamy sezon! \ud83d\udc9b)<\/p>\n<p>\ud83c\udf3b Ten kwiat i symbolika po\u0142\u0105czy\u0142y i zwie\u0144czy\u0142y uczucie dwojga m\u0142odych ludzi: Nepalczyka i Polki<br \/>\n\ud83c\uddf3\ud83c\uddf5\ud83c\uddf5\ud83c\uddf1\ud83d\ude03<br \/>\nZ du\u017c\u0105 przyjemno\u015bci\u0105 wykonali\u015bmy ten z\u0142oty pier\u015bcionek w kszta\u0142cie s\u0142onecznika, z diamentem o wadze 0,40 ct, z\u0142oto pr\u00f3by 585<\/p>","protected":false},"featured_media":17646,"template":"","meta":[],"product_brand":[],"product_cat":[240,171],"product_tag":[],"class_list":{"0":"post-17645","1":"product","2":"type-product","3":"status-publish","4":"has-post-thumbnail","6":"product_cat-bez-kategorii","7":"product_cat-prezentacja-pierscionki-zareczynowe","9":"first","10":"outofstock","11":"shipping-taxable","12":"product-type-simple"},"yoast_head":"<!-- This site is optimized with the Yoast SEO plugin v24.6 - https:\/\/yoast.com\/wordpress\/plugins\/seo\/ -->\n<title>S\u0142onecznik mi\u0142o\u015bci polsko-nepalskiej - Schiffers<\/title>\n<meta name=\"robots\" content=\"index, follow, max-snippet:-1, max-image-preview:large, max-video-preview:-1\" \/>\n<link rel=\"canonical\" href=\"https:\/\/schiffers.pl\/en\/sklep\/slonecznik-milosci-polsko-nepalskiej\/\" \/>\n<meta property=\"og:locale\" content=\"en_US\" \/>\n<meta property=\"og:type\" content=\"article\" \/>\n<meta property=\"og:title\" content=\"S\u0142onecznik mi\u0142o\u015bci polsko-nepalskiej - Schiffers\" \/>\n<meta property=\"og:description\" content=\"W Nepalu s\u0142onecznik mo\u017ce symbolizowa\u0107 wiele r\u00f3\u017cnych warto\u015bci i idei. Jest cz\u0119sto kojarzony z p\u0142odno\u015bci\u0105, obfito\u015bci\u0105 i szcz\u0119\u015bciem. Ponadto, jego sk\u0142onno\u015b\u0107 do obracania si\u0119 w kierunku s\u0142o\u0144ca (to tak, jak my, naturalnie \ud83d\ude09) mo\u017ce by\u0107 interpretowana jako symbol d\u0105\u017cenia do \u015bwiat\u0142a i pozytywnych energii\u2026  \ud83c\udf3bS\u0142onecznik, mimo \u017ce nie jest bardzo powszechny w Nepalu, stanowi cz\u0119\u015b\u0107 rolniczego krajobrazu tego kraju a ludzie tam mieszkaj\u0105cy przywi\u0105zuj\u0105 du\u017c\u0105 wag\u0119 do symboliki tej ro\u015bliny \ud83d\ude0d Tak\u017ce w Polsce s\u0142onecznik to symbol s\u0142o\u0144ca. W polskiej kulturze kojarzy si\u0119 z latem i pi\u0119knem natury a do tego to przyjemne \u0142uskanie pestek .. (w\u0142a\u015bnie mamy sezon! \ud83d\udc9b)  \ud83c\udf3b Ten kwiat i symbolika po\u0142\u0105czy\u0142y i zwie\u0144czy\u0142y uczucie dwojga m\u0142odych ludzi: Nepalczyka i Polki \ud83c\uddf3\ud83c\uddf5\ud83c\uddf5\ud83c\uddf1\ud83d\ude03 Z du\u017c\u0105 przyjemno\u015bci\u0105 wykonali\u015bmy ten z\u0142oty pier\u015bcionek w kszta\u0142cie s\u0142onecznika, z diamentem o wadze 0,40 ct, z\u0142oto pr\u00f3by 585\" \/>\n<meta property=\"og:url\" content=\"https:\/\/schiffers.pl\/en\/sklep\/slonecznik-milosci-polsko-nepalskiej\/\" \/>\n<meta property=\"og:site_name\" content=\"Schiffers\" \/>\n<meta property=\"article:modified_time\" content=\"2024-12-03T21:45:27+00:00\" \/>\n<meta property=\"og:image\" content=\"https:\/\/schiffers.pl\/wp-content\/uploads\/2024\/12\/361BEECD-170C-497F-A75B-79BC45920D1D_1_201_a.jpeg\" \/>\n\t<meta property=\"og:image:width\" content=\"1948\" \/>\n\t<meta property=\"og:image:height\" content=\"1948\" \/>\n\t<meta property=\"og:image:type\" content=\"image\/jpeg\" \/>\n<meta name=\"twitter:card\" content=\"summary_large_image\" \/>\n<script type=\"application\/ld+json\" class=\"yoast-schema-graph\">{\"@context\":\"https:\/\/schema.org\",\"@graph\":[{\"@type\":\"WebPage\",\"@id\":\"https:\/\/schiffers.pl\/sklep\/slonecznik-milosci-polsko-nepalskiej\/\",\"url\":\"https:\/\/schiffers.pl\/sklep\/slonecznik-milosci-polsko-nepalskiej\/\",\"name\":\"S\u0142onecznik mi\u0142o\u015bci polsko-nepalskiej - Schiffers\",\"isPartOf\":{\"@id\":\"https:\/\/schiffers.pl\/#website\"},\"primaryImageOfPage\":{\"@id\":\"https:\/\/schiffers.pl\/sklep\/slonecznik-milosci-polsko-nepalskiej\/#primaryimage\"},\"image\":{\"@id\":\"https:\/\/schiffers.pl\/sklep\/slonecznik-milosci-polsko-nepalskiej\/#primaryimage\"},\"thumbnailUrl\":\"https:\/\/schiffers.pl\/wp-content\/uploads\/2024\/12\/361BEECD-170C-497F-A75B-79BC45920D1D_1_201_a.jpeg\",\"datePublished\":\"2024-12-03T21:41:47+00:00\",\"dateModified\":\"2024-12-03T21:45:27+00:00\",\"breadcrumb\":{\"@id\":\"https:\/\/schiffers.pl\/sklep\/slonecznik-milosci-polsko-nepalskiej\/#breadcrumb\"},\"inLanguage\":\"en-US\",\"potentialAction\":[{\"@type\":\"ReadAction\",\"target\":[\"https:\/\/schiffers.pl\/sklep\/slonecznik-milosci-polsko-nepalskiej\/\"]}]},{\"@type\":\"ImageObject\",\"inLanguage\":\"en-US\",\"@id\":\"https:\/\/schiffers.pl\/sklep\/slonecznik-milosci-polsko-nepalskiej\/#primaryimage\",\"url\":\"https:\/\/schiffers.pl\/wp-content\/uploads\/2024\/12\/361BEECD-170C-497F-A75B-79BC45920D1D_1_201_a.jpeg\",\"contentUrl\":\"https:\/\/schiffers.pl\/wp-content\/uploads\/2024\/12\/361BEECD-170C-497F-A75B-79BC45920D1D_1_201_a.jpeg\",\"width\":1948,\"height\":1948},{\"@type\":\"BreadcrumbList\",\"@id\":\"https:\/\/schiffers.pl\/sklep\/slonecznik-milosci-polsko-nepalskiej\/#breadcrumb\",\"itemListElement\":[{\"@type\":\"ListItem\",\"position\":1,\"name\":\"Strona g\u0142\u00f3wna\",\"item\":\"https:\/\/schiffers.pl\/\"},{\"@type\":\"ListItem\",\"position\":2,\"name\":\"Sklep\",\"item\":\"https:\/\/schiffers.pl\/sklep\/\"},{\"@type\":\"ListItem\",\"position\":3,\"name\":\"S\u0142onecznik mi\u0142o\u015bci polsko-nepalskiej\"}]},{\"@type\":\"WebSite\",\"@id\":\"https:\/\/schiffers.pl\/#website\",\"url\":\"https:\/\/schiffers.pl\/\",\"name\":\"Schiffers\",\"description\":\"bi\u017cuteria\",\"potentialAction\":[{\"@type\":\"SearchAction\",\"target\":{\"@type\":\"EntryPoint\",\"urlTemplate\":\"https:\/\/schiffers.pl\/?s={search_term_string}\"},\"query-input\":{\"@type\":\"PropertyValueSpecification\",\"valueRequired\":true,\"valueName\":\"search_term_string\"}}],\"inLanguage\":\"en-US\"}]}<\/script>\n<!-- \/ Yoast SEO plugin. -->","yoast_head_json":{"title":"S\u0142onecznik mi\u0142o\u015bci polsko-nepalskiej - Schiffers","robots":{"index":"index","follow":"follow","max-snippet":"max-snippet:-1","max-image-preview":"max-image-preview:large","max-video-preview":"max-video-preview:-1"},"canonical":"https:\/\/schiffers.pl\/en\/sklep\/slonecznik-milosci-polsko-nepalskiej\/","og_locale":"en_US","og_type":"article","og_title":"S\u0142onecznik mi\u0142o\u015bci polsko-nepalskiej - Schiffers","og_description":"W Nepalu s\u0142onecznik mo\u017ce symbolizowa\u0107 wiele r\u00f3\u017cnych warto\u015bci i idei. Jest cz\u0119sto kojarzony z p\u0142odno\u015bci\u0105, obfito\u015bci\u0105 i szcz\u0119\u015bciem. Ponadto, jego sk\u0142onno\u015b\u0107 do obracania si\u0119 w kierunku s\u0142o\u0144ca (to tak, jak my, naturalnie \ud83d\ude09) mo\u017ce by\u0107 interpretowana jako symbol d\u0105\u017cenia do \u015bwiat\u0142a i pozytywnych energii\u2026  \ud83c\udf3bS\u0142onecznik, mimo \u017ce nie jest bardzo powszechny w Nepalu, stanowi cz\u0119\u015b\u0107 rolniczego krajobrazu tego kraju a ludzie tam mieszkaj\u0105cy przywi\u0105zuj\u0105 du\u017c\u0105 wag\u0119 do symboliki tej ro\u015bliny \ud83d\ude0d Tak\u017ce w Polsce s\u0142onecznik to symbol s\u0142o\u0144ca. W polskiej kulturze kojarzy si\u0119 z latem i pi\u0119knem natury a do tego to przyjemne \u0142uskanie pestek .. (w\u0142a\u015bnie mamy sezon! \ud83d\udc9b)  \ud83c\udf3b Ten kwiat i symbolika po\u0142\u0105czy\u0142y i zwie\u0144czy\u0142y uczucie dwojga m\u0142odych ludzi: Nepalczyka i Polki \ud83c\uddf3\ud83c\uddf5\ud83c\uddf5\ud83c\uddf1\ud83d\ude03 Z du\u017c\u0105 przyjemno\u015bci\u0105 wykonali\u015bmy ten z\u0142oty pier\u015bcionek w kszta\u0142cie s\u0142onecznika, z diamentem o wadze 0,40 ct, z\u0142oto pr\u00f3by 585","og_url":"https:\/\/schiffers.pl\/en\/sklep\/slonecznik-milosci-polsko-nepalskiej\/","og_site_name":"Schiffers","article_modified_time":"2024-12-03T21:45:27+00:00","og_image":[{"width":1948,"height":1948,"url":"https:\/\/schiffers.pl\/wp-content\/uploads\/2024\/12\/361BEECD-170C-497F-A75B-79BC45920D1D_1_201_a.jpeg","type":"image\/jpeg"}],"twitter_card":"summary_large_image","schema":{"@context":"https:\/\/schema.org","@graph":[{"@type":"WebPage","@id":"https:\/\/schiffers.pl\/sklep\/slonecznik-milosci-polsko-nepalskiej\/","url":"https:\/\/schiffers.pl\/sklep\/slonecznik-milosci-polsko-nepalskiej\/","name":"S\u0142onecznik mi\u0142o\u015bci polsko-nepalskiej - Schiffers","isPartOf":{"@id":"https:\/\/schiffers.pl\/#website"},"primaryImageOfPage":{"@id":"https:\/\/schiffers.pl\/sklep\/slonecznik-milosci-polsko-nepalskiej\/#primaryimage"},"image":{"@id":"https:\/\/schiffers.pl\/sklep\/slonecznik-milosci-polsko-nepalskiej\/#primaryimage"},"thumbnailUrl":"https:\/\/schiffers.pl\/wp-content\/uploads\/2024\/12\/361BEECD-170C-497F-A75B-79BC45920D1D_1_201_a.jpeg","datePublished":"2024-12-03T21:41:47+00:00","dateModified":"2024-12-03T21:45:27+00:00","breadcrumb":{"@id":"https:\/\/schiffers.pl\/sklep\/slonecznik-milosci-polsko-nepalskiej\/#breadcrumb"},"inLanguage":"en-US","potentialAction":[{"@type":"ReadAction","target":["https:\/\/schiffers.pl\/sklep\/slonecznik-milosci-polsko-nepalskiej\/"]}]},{"@type":"ImageObject","inLanguage":"en-US","@id":"https:\/\/schiffers.pl\/sklep\/slonecznik-milosci-polsko-nepalskiej\/#primaryimage","url":"https:\/\/schiffers.pl\/wp-content\/uploads\/2024\/12\/361BEECD-170C-497F-A75B-79BC45920D1D_1_201_a.jpeg","contentUrl":"https:\/\/schiffers.pl\/wp-content\/uploads\/2024\/12\/361BEECD-170C-497F-A75B-79BC45920D1D_1_201_a.jpeg","width":1948,"height":1948},{"@type":"BreadcrumbList","@id":"https:\/\/schiffers.pl\/sklep\/slonecznik-milosci-polsko-nepalskiej\/#breadcrumb","itemListElement":[{"@type":"ListItem","position":1,"name":"Strona g\u0142\u00f3wna","item":"https:\/\/schiffers.pl\/"},{"@type":"ListItem","position":2,"name":"Sklep","item":"https:\/\/schiffers.pl\/sklep\/"},{"@type":"ListItem","position":3,"name":"S\u0142onecznik mi\u0142o\u015bci polsko-nepalskiej"}]},{"@type":"WebSite","@id":"https:\/\/schiffers.pl\/#website","url":"https:\/\/schiffers.pl\/","name":"Schiffers","description":"bi\u017cuteria","potentialAction":[{"@type":"SearchAction","target":{"@type":"EntryPoint","urlTemplate":"https:\/\/schiffers.pl\/?s={search_term_string}"},"query-input":{"@type":"PropertyValueSpecification","valueRequired":true,"valueName":"search_term_string"}}],"inLanguage":"en-US"}]}},"_links":{"self":[{"href":"https:\/\/schiffers.pl\/en\/wp-json\/wp\/v2\/product\/17645","targetHints":{"allow":["GET"]}}],"collection":[{"href":"https:\/\/schiffers.pl\/en\/wp-json\/wp\/v2\/product"}],"about":[{"href":"https:\/\/schiffers.pl\/en\/wp-json\/wp\/v2\/types\/product"}],"wp:featuredmedia":[{"embeddable":true,"href":"https:\/\/schiffers.pl\/en\/wp-json\/wp\/v2\/media\/17646"}],"wp:attachment":[{"href":"https:\/\/schiffers.pl\/en\/wp-json\/wp\/v2\/media?parent=17645"}],"wp:term":[{"taxonomy":"product_brand","embeddable":true,"href":"https:\/\/schiffers.pl\/en\/wp-json\/wp\/v2\/product_brand?post=17645"},{"taxonomy":"product_cat","embeddable":true,"href":"https:\/\/schiffers.pl\/en\/wp-json\/wp\/v2\/product_cat?post=17645"},{"taxonomy":"product_tag","embeddable":true,"href":"https:\/\/schiffers.pl\/en\/wp-json\/wp\/v2\/product_tag?post=17645"}],"curies":[{"name":"wp","href":"https:\/\/api.w.org\/{rel}","templated":true}]}}