{"id":17611,"date":"2024-11-27T15:05:09","date_gmt":"2024-11-27T14:05:09","guid":{"rendered":"https:\/\/schiffers.pl\/?post_type=product&#038;p=17611"},"modified":"2024-11-27T16:00:07","modified_gmt":"2024-11-27T15:00:07","slug":"broszka-z-onyksem-i-diamentami","status":"publish","type":"product","link":"https:\/\/schiffers.pl\/en\/sklep\/broszka-z-onyksem-i-diamentami\/","title":{"rendered":"Z\u0142ota broszka z onyksem i diamentami"},"content":{"rendered":"","protected":false},"excerpt":{"rendered":"<p>Bardzo interesuj\u0105ca, geometryczna broszka vintage z bia\u0142ego z\u0142ota z diamentami oraz onyksem. Styl nawi\u0105zuj\u0105cy do art deco.<\/p>\n<p>Niewielkich rozmiar\u00f3w mo\u017ce pasowa\u0107 do spi\u0119cia ko\u0142nierzyka w koszuli, do swetra czy do klapy w marynarce.<\/p>\n<p>Bia\u0142e z\u0142oto, diamenty, onyks<\/p>\n<p>Wymiary: 4,3 x 1,2 cm<\/p>\n<div class=\"woocommerce-product-details__short-description\">\n<p>Je\u015bli jeste\u015b zainteresowana\/ -y\u00a0 zakupem prosimy o kontakt mailowy na: info@schiffers.pl lub pod numerem 602267736<\/p>\n<p>&nbsp;<\/p>\n<\/div>\n<div class=\"btn-atc atc-slide\"><\/div>\n<div class=\"product_meta\"><\/div>\n<p>&nbsp;<\/p>\n<p>&nbsp;<\/p>\n<p>&nbsp;<\/p>\n<p>&nbsp;<\/p>","protected":false},"featured_media":17613,"template":"","meta":[],"product_brand":[],"product_cat":[129,240],"product_tag":[],"class_list":{"0":"post-17611","1":"product","2":"type-product","3":"status-publish","4":"has-post-thumbnail","6":"product_cat-bizuteria-vintage","7":"product_cat-bez-kategorii","9":"first","10":"instock","11":"shipping-taxable","12":"product-type-simple"},"yoast_head":"<!-- This site is optimized with the Yoast SEO plugin v24.6 - https:\/\/yoast.com\/wordpress\/plugins\/seo\/ -->\n<title>Z\u0142ota broszka z onyksem i diamentami - Schiffers<\/title>\n<meta name=\"robots\" content=\"index, follow, max-snippet:-1, max-image-preview:large, max-video-preview:-1\" \/>\n<link rel=\"canonical\" href=\"https:\/\/schiffers.pl\/en\/sklep\/broszka-z-onyksem-i-diamentami\/\" \/>\n<meta property=\"og:locale\" content=\"en_US\" \/>\n<meta property=\"og:type\" content=\"article\" \/>\n<meta property=\"og:title\" content=\"Z\u0142ota broszka z onyksem i diamentami - Schiffers\" \/>\n<meta property=\"og:description\" content=\"Bardzo interesuj\u0105ca, geometryczna broszka vintage z bia\u0142ego z\u0142ota z diamentami oraz onyksem. Styl nawi\u0105zuj\u0105cy do art deco.  Niewielkich rozmiar\u00f3w mo\u017ce pasowa\u0107 do spi\u0119cia ko\u0142nierzyka w koszuli, do swetra czy do klapy w marynarce.  Bia\u0142e z\u0142oto, diamenty, onyks  Wymiary: 4,3 x 1,2 cm   Je\u015bli jeste\u015b zainteresowana\/ -y\u00a0 zakupem prosimy o kontakt mailowy na: info@schiffers.pl lub pod numerem 602267736  &nbsp;     &nbsp;  &nbsp;  &nbsp;  &nbsp;\" \/>\n<meta property=\"og:url\" content=\"https:\/\/schiffers.pl\/en\/sklep\/broszka-z-onyksem-i-diamentami\/\" \/>\n<meta property=\"og:site_name\" content=\"Schiffers\" \/>\n<meta property=\"article:modified_time\" content=\"2024-11-27T15:00:07+00:00\" \/>\n<meta property=\"og:image\" content=\"https:\/\/schiffers.pl\/wp-content\/uploads\/2024\/11\/FC9225D1-E30C-4CD6-BA2E-200A5DB15731_1_201_a-1-scaled.jpeg\" \/>\n\t<meta property=\"og:image:width\" content=\"2560\" \/>\n\t<meta property=\"og:image:height\" content=\"2560\" \/>\n\t<meta property=\"og:image:type\" content=\"image\/jpeg\" \/>\n<meta name=\"twitter:card\" content=\"summary_large_image\" \/>\n<script type=\"application\/ld+json\" class=\"yoast-schema-graph\">{\"@context\":\"https:\/\/schema.org\",\"@graph\":[{\"@type\":\"WebPage\",\"@id\":\"https:\/\/schiffers.pl\/sklep\/broszka-z-onyksem-i-diamentami\/\",\"url\":\"https:\/\/schiffers.pl\/sklep\/broszka-z-onyksem-i-diamentami\/\",\"name\":\"Z\u0142ota broszka z onyksem i diamentami - Schiffers\",\"isPartOf\":{\"@id\":\"https:\/\/schiffers.pl\/#website\"},\"primaryImageOfPage\":{\"@id\":\"https:\/\/schiffers.pl\/sklep\/broszka-z-onyksem-i-diamentami\/#primaryimage\"},\"image\":{\"@id\":\"https:\/\/schiffers.pl\/sklep\/broszka-z-onyksem-i-diamentami\/#primaryimage\"},\"thumbnailUrl\":\"https:\/\/schiffers.pl\/wp-content\/uploads\/2024\/11\/FC9225D1-E30C-4CD6-BA2E-200A5DB15731_1_201_a-1-scaled.jpeg\",\"datePublished\":\"2024-11-27T14:05:09+00:00\",\"dateModified\":\"2024-11-27T15:00:07+00:00\",\"breadcrumb\":{\"@id\":\"https:\/\/schiffers.pl\/sklep\/broszka-z-onyksem-i-diamentami\/#breadcrumb\"},\"inLanguage\":\"en-US\",\"potentialAction\":[{\"@type\":\"ReadAction\",\"target\":[\"https:\/\/schiffers.pl\/sklep\/broszka-z-onyksem-i-diamentami\/\"]}]},{\"@type\":\"ImageObject\",\"inLanguage\":\"en-US\",\"@id\":\"https:\/\/schiffers.pl\/sklep\/broszka-z-onyksem-i-diamentami\/#primaryimage\",\"url\":\"https:\/\/schiffers.pl\/wp-content\/uploads\/2024\/11\/FC9225D1-E30C-4CD6-BA2E-200A5DB15731_1_201_a-1-scaled.jpeg\",\"contentUrl\":\"https:\/\/schiffers.pl\/wp-content\/uploads\/2024\/11\/FC9225D1-E30C-4CD6-BA2E-200A5DB15731_1_201_a-1-scaled.jpeg\",\"width\":2560,\"height\":2560},{\"@type\":\"BreadcrumbList\",\"@id\":\"https:\/\/schiffers.pl\/sklep\/broszka-z-onyksem-i-diamentami\/#breadcrumb\",\"itemListElement\":[{\"@type\":\"ListItem\",\"position\":1,\"name\":\"Strona g\u0142\u00f3wna\",\"item\":\"https:\/\/schiffers.pl\/\"},{\"@type\":\"ListItem\",\"position\":2,\"name\":\"Sklep\",\"item\":\"https:\/\/schiffers.pl\/sklep\/\"},{\"@type\":\"ListItem\",\"position\":3,\"name\":\"Z\u0142ota broszka z onyksem i diamentami\"}]},{\"@type\":\"WebSite\",\"@id\":\"https:\/\/schiffers.pl\/#website\",\"url\":\"https:\/\/schiffers.pl\/\",\"name\":\"Schiffers\",\"description\":\"bi\u017cuteria\",\"potentialAction\":[{\"@type\":\"SearchAction\",\"target\":{\"@type\":\"EntryPoint\",\"urlTemplate\":\"https:\/\/schiffers.pl\/?s={search_term_string}\"},\"query-input\":{\"@type\":\"PropertyValueSpecification\",\"valueRequired\":true,\"valueName\":\"search_term_string\"}}],\"inLanguage\":\"en-US\"}]}<\/script>\n<!-- \/ Yoast SEO plugin. -->","yoast_head_json":{"title":"Z\u0142ota broszka z onyksem i diamentami - Schiffers","robots":{"index":"index","follow":"follow","max-snippet":"max-snippet:-1","max-image-preview":"max-image-preview:large","max-video-preview":"max-video-preview:-1"},"canonical":"https:\/\/schiffers.pl\/en\/sklep\/broszka-z-onyksem-i-diamentami\/","og_locale":"en_US","og_type":"article","og_title":"Z\u0142ota broszka z onyksem i diamentami - Schiffers","og_description":"Bardzo interesuj\u0105ca, geometryczna broszka vintage z bia\u0142ego z\u0142ota z diamentami oraz onyksem. Styl nawi\u0105zuj\u0105cy do art deco.  Niewielkich rozmiar\u00f3w mo\u017ce pasowa\u0107 do spi\u0119cia ko\u0142nierzyka w koszuli, do swetra czy do klapy w marynarce.  Bia\u0142e z\u0142oto, diamenty, onyks  Wymiary: 4,3 x 1,2 cm   Je\u015bli jeste\u015b zainteresowana\/ -y\u00a0 zakupem prosimy o kontakt mailowy na: info@schiffers.pl lub pod numerem 602267736  &nbsp;     &nbsp;  &nbsp;  &nbsp;  &nbsp;","og_url":"https:\/\/schiffers.pl\/en\/sklep\/broszka-z-onyksem-i-diamentami\/","og_site_name":"Schiffers","article_modified_time":"2024-11-27T15:00:07+00:00","og_image":[{"width":2560,"height":2560,"url":"https:\/\/schiffers.pl\/wp-content\/uploads\/2024\/11\/FC9225D1-E30C-4CD6-BA2E-200A5DB15731_1_201_a-1-scaled.jpeg","type":"image\/jpeg"}],"twitter_card":"summary_large_image","schema":{"@context":"https:\/\/schema.org","@graph":[{"@type":"WebPage","@id":"https:\/\/schiffers.pl\/sklep\/broszka-z-onyksem-i-diamentami\/","url":"https:\/\/schiffers.pl\/sklep\/broszka-z-onyksem-i-diamentami\/","name":"Z\u0142ota broszka z onyksem i diamentami - Schiffers","isPartOf":{"@id":"https:\/\/schiffers.pl\/#website"},"primaryImageOfPage":{"@id":"https:\/\/schiffers.pl\/sklep\/broszka-z-onyksem-i-diamentami\/#primaryimage"},"image":{"@id":"https:\/\/schiffers.pl\/sklep\/broszka-z-onyksem-i-diamentami\/#primaryimage"},"thumbnailUrl":"https:\/\/schiffers.pl\/wp-content\/uploads\/2024\/11\/FC9225D1-E30C-4CD6-BA2E-200A5DB15731_1_201_a-1-scaled.jpeg","datePublished":"2024-11-27T14:05:09+00:00","dateModified":"2024-11-27T15:00:07+00:00","breadcrumb":{"@id":"https:\/\/schiffers.pl\/sklep\/broszka-z-onyksem-i-diamentami\/#breadcrumb"},"inLanguage":"en-US","potentialAction":[{"@type":"ReadAction","target":["https:\/\/schiffers.pl\/sklep\/broszka-z-onyksem-i-diamentami\/"]}]},{"@type":"ImageObject","inLanguage":"en-US","@id":"https:\/\/schiffers.pl\/sklep\/broszka-z-onyksem-i-diamentami\/#primaryimage","url":"https:\/\/schiffers.pl\/wp-content\/uploads\/2024\/11\/FC9225D1-E30C-4CD6-BA2E-200A5DB15731_1_201_a-1-scaled.jpeg","contentUrl":"https:\/\/schiffers.pl\/wp-content\/uploads\/2024\/11\/FC9225D1-E30C-4CD6-BA2E-200A5DB15731_1_201_a-1-scaled.jpeg","width":2560,"height":2560},{"@type":"BreadcrumbList","@id":"https:\/\/schiffers.pl\/sklep\/broszka-z-onyksem-i-diamentami\/#breadcrumb","itemListElement":[{"@type":"ListItem","position":1,"name":"Strona g\u0142\u00f3wna","item":"https:\/\/schiffers.pl\/"},{"@type":"ListItem","position":2,"name":"Sklep","item":"https:\/\/schiffers.pl\/sklep\/"},{"@type":"ListItem","position":3,"name":"Z\u0142ota broszka z onyksem i diamentami"}]},{"@type":"WebSite","@id":"https:\/\/schiffers.pl\/#website","url":"https:\/\/schiffers.pl\/","name":"Schiffers","description":"bi\u017cuteria","potentialAction":[{"@type":"SearchAction","target":{"@type":"EntryPoint","urlTemplate":"https:\/\/schiffers.pl\/?s={search_term_string}"},"query-input":{"@type":"PropertyValueSpecification","valueRequired":true,"valueName":"search_term_string"}}],"inLanguage":"en-US"}]}},"_links":{"self":[{"href":"https:\/\/schiffers.pl\/en\/wp-json\/wp\/v2\/product\/17611","targetHints":{"allow":["GET"]}}],"collection":[{"href":"https:\/\/schiffers.pl\/en\/wp-json\/wp\/v2\/product"}],"about":[{"href":"https:\/\/schiffers.pl\/en\/wp-json\/wp\/v2\/types\/product"}],"wp:featuredmedia":[{"embeddable":true,"href":"https:\/\/schiffers.pl\/en\/wp-json\/wp\/v2\/media\/17613"}],"wp:attachment":[{"href":"https:\/\/schiffers.pl\/en\/wp-json\/wp\/v2\/media?parent=17611"}],"wp:term":[{"taxonomy":"product_brand","embeddable":true,"href":"https:\/\/schiffers.pl\/en\/wp-json\/wp\/v2\/product_brand?post=17611"},{"taxonomy":"product_cat","embeddable":true,"href":"https:\/\/schiffers.pl\/en\/wp-json\/wp\/v2\/product_cat?post=17611"},{"taxonomy":"product_tag","embeddable":true,"href":"https:\/\/schiffers.pl\/en\/wp-json\/wp\/v2\/product_tag?post=17611"}],"curies":[{"name":"wp","href":"https:\/\/api.w.org\/{rel}","templated":true}]}}