{"id":17603,"date":"2024-11-27T13:49:13","date_gmt":"2024-11-27T12:49:13","guid":{"rendered":"https:\/\/schiffers.pl\/?post_type=product&#038;p=17603"},"modified":"2024-11-27T16:08:49","modified_gmt":"2024-11-27T15:08:49","slug":"broszka-z-perlami-i-granatami","status":"publish","type":"product","link":"https:\/\/schiffers.pl\/en\/sklep\/broszka-z-perlami-i-granatami\/","title":{"rendered":"Z\u0142ota broszka z per\u0142ami i granatami"},"content":{"rendered":"","protected":false},"excerpt":{"rendered":"<p>Romantyczna broszka &#8211; spinka z granatami oraz male\u0144kimi pere\u0142kami w kolorze stalowym.\u00a0 \u017b\u00f3\u0142te z\u0142oto pr\u00f3by 585<\/p>\n<p>Aktualnie broszka posiada ubytek jednej pere\u0142ki i jeste\u015bmy w trakcie poszukiwa\u0144 podobnej&#8230;<\/p>\n<p>D\u0142ugo\u015b\u0107 ca\u0142ej broszki: 6,5 cm<\/p>\n<p>Je\u015bli jeste\u015b zainteresowana\/ -y\u00a0 zakupem prosimy o kontakt mailowy na: info@schiffers.pl lub pod numerem 602267736<\/p>","protected":false},"featured_media":17604,"template":"","meta":[],"product_brand":[],"product_cat":[129],"product_tag":[],"class_list":{"0":"post-17603","1":"product","2":"type-product","3":"status-publish","4":"has-post-thumbnail","6":"product_cat-bizuteria-vintage","8":"first","9":"instock","10":"shipping-taxable","11":"product-type-simple"},"yoast_head":"<!-- This site is optimized with the Yoast SEO plugin v24.6 - https:\/\/yoast.com\/wordpress\/plugins\/seo\/ -->\n<title>Z\u0142ota broszka z per\u0142ami i granatami - Schiffers<\/title>\n<meta name=\"robots\" content=\"index, follow, max-snippet:-1, max-image-preview:large, max-video-preview:-1\" \/>\n<link rel=\"canonical\" href=\"https:\/\/schiffers.pl\/en\/sklep\/broszka-z-perlami-i-granatami\/\" \/>\n<meta property=\"og:locale\" content=\"en_US\" \/>\n<meta property=\"og:type\" content=\"article\" \/>\n<meta property=\"og:title\" content=\"Z\u0142ota broszka z per\u0142ami i granatami - Schiffers\" \/>\n<meta property=\"og:description\" content=\"Romantyczna broszka - spinka z granatami oraz male\u0144kimi pere\u0142kami w kolorze stalowym.\u00a0 \u017b\u00f3\u0142te z\u0142oto pr\u00f3by 585  Aktualnie broszka posiada ubytek jednej pere\u0142ki i jeste\u015bmy w trakcie poszukiwa\u0144 podobnej...  D\u0142ugo\u015b\u0107 ca\u0142ej broszki: 6,5 cm  Je\u015bli jeste\u015b zainteresowana\/ -y\u00a0 zakupem prosimy o kontakt mailowy na: info@schiffers.pl lub pod numerem 602267736\" \/>\n<meta property=\"og:url\" content=\"https:\/\/schiffers.pl\/en\/sklep\/broszka-z-perlami-i-granatami\/\" \/>\n<meta property=\"og:site_name\" content=\"Schiffers\" \/>\n<meta property=\"article:modified_time\" content=\"2024-11-27T15:08:49+00:00\" \/>\n<meta property=\"og:image\" content=\"https:\/\/schiffers.pl\/wp-content\/uploads\/2024\/11\/FFAC939F-402F-4305-8A9B-6AB93888E02B_1_201_a-scaled.jpeg\" \/>\n\t<meta property=\"og:image:width\" content=\"2560\" \/>\n\t<meta property=\"og:image:height\" content=\"2560\" \/>\n\t<meta property=\"og:image:type\" content=\"image\/jpeg\" \/>\n<meta name=\"twitter:card\" content=\"summary_large_image\" \/>\n<script type=\"application\/ld+json\" class=\"yoast-schema-graph\">{\"@context\":\"https:\/\/schema.org\",\"@graph\":[{\"@type\":\"WebPage\",\"@id\":\"https:\/\/schiffers.pl\/sklep\/broszka-z-perlami-i-granatami\/\",\"url\":\"https:\/\/schiffers.pl\/sklep\/broszka-z-perlami-i-granatami\/\",\"name\":\"Z\u0142ota broszka z per\u0142ami i granatami - Schiffers\",\"isPartOf\":{\"@id\":\"https:\/\/schiffers.pl\/#website\"},\"primaryImageOfPage\":{\"@id\":\"https:\/\/schiffers.pl\/sklep\/broszka-z-perlami-i-granatami\/#primaryimage\"},\"image\":{\"@id\":\"https:\/\/schiffers.pl\/sklep\/broszka-z-perlami-i-granatami\/#primaryimage\"},\"thumbnailUrl\":\"https:\/\/schiffers.pl\/wp-content\/uploads\/2024\/11\/FFAC939F-402F-4305-8A9B-6AB93888E02B_1_201_a-scaled.jpeg\",\"datePublished\":\"2024-11-27T12:49:13+00:00\",\"dateModified\":\"2024-11-27T15:08:49+00:00\",\"breadcrumb\":{\"@id\":\"https:\/\/schiffers.pl\/sklep\/broszka-z-perlami-i-granatami\/#breadcrumb\"},\"inLanguage\":\"en-US\",\"potentialAction\":[{\"@type\":\"ReadAction\",\"target\":[\"https:\/\/schiffers.pl\/sklep\/broszka-z-perlami-i-granatami\/\"]}]},{\"@type\":\"ImageObject\",\"inLanguage\":\"en-US\",\"@id\":\"https:\/\/schiffers.pl\/sklep\/broszka-z-perlami-i-granatami\/#primaryimage\",\"url\":\"https:\/\/schiffers.pl\/wp-content\/uploads\/2024\/11\/FFAC939F-402F-4305-8A9B-6AB93888E02B_1_201_a-scaled.jpeg\",\"contentUrl\":\"https:\/\/schiffers.pl\/wp-content\/uploads\/2024\/11\/FFAC939F-402F-4305-8A9B-6AB93888E02B_1_201_a-scaled.jpeg\",\"width\":2560,\"height\":2560},{\"@type\":\"BreadcrumbList\",\"@id\":\"https:\/\/schiffers.pl\/sklep\/broszka-z-perlami-i-granatami\/#breadcrumb\",\"itemListElement\":[{\"@type\":\"ListItem\",\"position\":1,\"name\":\"Strona g\u0142\u00f3wna\",\"item\":\"https:\/\/schiffers.pl\/\"},{\"@type\":\"ListItem\",\"position\":2,\"name\":\"Sklep\",\"item\":\"https:\/\/schiffers.pl\/sklep\/\"},{\"@type\":\"ListItem\",\"position\":3,\"name\":\"Z\u0142ota broszka z per\u0142ami i granatami\"}]},{\"@type\":\"WebSite\",\"@id\":\"https:\/\/schiffers.pl\/#website\",\"url\":\"https:\/\/schiffers.pl\/\",\"name\":\"Schiffers\",\"description\":\"bi\u017cuteria\",\"potentialAction\":[{\"@type\":\"SearchAction\",\"target\":{\"@type\":\"EntryPoint\",\"urlTemplate\":\"https:\/\/schiffers.pl\/?s={search_term_string}\"},\"query-input\":{\"@type\":\"PropertyValueSpecification\",\"valueRequired\":true,\"valueName\":\"search_term_string\"}}],\"inLanguage\":\"en-US\"}]}<\/script>\n<!-- \/ Yoast SEO plugin. -->","yoast_head_json":{"title":"Z\u0142ota broszka z per\u0142ami i granatami - Schiffers","robots":{"index":"index","follow":"follow","max-snippet":"max-snippet:-1","max-image-preview":"max-image-preview:large","max-video-preview":"max-video-preview:-1"},"canonical":"https:\/\/schiffers.pl\/en\/sklep\/broszka-z-perlami-i-granatami\/","og_locale":"en_US","og_type":"article","og_title":"Z\u0142ota broszka z per\u0142ami i granatami - Schiffers","og_description":"Romantyczna broszka - spinka z granatami oraz male\u0144kimi pere\u0142kami w kolorze stalowym.\u00a0 \u017b\u00f3\u0142te z\u0142oto pr\u00f3by 585  Aktualnie broszka posiada ubytek jednej pere\u0142ki i jeste\u015bmy w trakcie poszukiwa\u0144 podobnej...  D\u0142ugo\u015b\u0107 ca\u0142ej broszki: 6,5 cm  Je\u015bli jeste\u015b zainteresowana\/ -y\u00a0 zakupem prosimy o kontakt mailowy na: info@schiffers.pl lub pod numerem 602267736","og_url":"https:\/\/schiffers.pl\/en\/sklep\/broszka-z-perlami-i-granatami\/","og_site_name":"Schiffers","article_modified_time":"2024-11-27T15:08:49+00:00","og_image":[{"width":2560,"height":2560,"url":"https:\/\/schiffers.pl\/wp-content\/uploads\/2024\/11\/FFAC939F-402F-4305-8A9B-6AB93888E02B_1_201_a-scaled.jpeg","type":"image\/jpeg"}],"twitter_card":"summary_large_image","schema":{"@context":"https:\/\/schema.org","@graph":[{"@type":"WebPage","@id":"https:\/\/schiffers.pl\/sklep\/broszka-z-perlami-i-granatami\/","url":"https:\/\/schiffers.pl\/sklep\/broszka-z-perlami-i-granatami\/","name":"Z\u0142ota broszka z per\u0142ami i granatami - Schiffers","isPartOf":{"@id":"https:\/\/schiffers.pl\/#website"},"primaryImageOfPage":{"@id":"https:\/\/schiffers.pl\/sklep\/broszka-z-perlami-i-granatami\/#primaryimage"},"image":{"@id":"https:\/\/schiffers.pl\/sklep\/broszka-z-perlami-i-granatami\/#primaryimage"},"thumbnailUrl":"https:\/\/schiffers.pl\/wp-content\/uploads\/2024\/11\/FFAC939F-402F-4305-8A9B-6AB93888E02B_1_201_a-scaled.jpeg","datePublished":"2024-11-27T12:49:13+00:00","dateModified":"2024-11-27T15:08:49+00:00","breadcrumb":{"@id":"https:\/\/schiffers.pl\/sklep\/broszka-z-perlami-i-granatami\/#breadcrumb"},"inLanguage":"en-US","potentialAction":[{"@type":"ReadAction","target":["https:\/\/schiffers.pl\/sklep\/broszka-z-perlami-i-granatami\/"]}]},{"@type":"ImageObject","inLanguage":"en-US","@id":"https:\/\/schiffers.pl\/sklep\/broszka-z-perlami-i-granatami\/#primaryimage","url":"https:\/\/schiffers.pl\/wp-content\/uploads\/2024\/11\/FFAC939F-402F-4305-8A9B-6AB93888E02B_1_201_a-scaled.jpeg","contentUrl":"https:\/\/schiffers.pl\/wp-content\/uploads\/2024\/11\/FFAC939F-402F-4305-8A9B-6AB93888E02B_1_201_a-scaled.jpeg","width":2560,"height":2560},{"@type":"BreadcrumbList","@id":"https:\/\/schiffers.pl\/sklep\/broszka-z-perlami-i-granatami\/#breadcrumb","itemListElement":[{"@type":"ListItem","position":1,"name":"Strona g\u0142\u00f3wna","item":"https:\/\/schiffers.pl\/"},{"@type":"ListItem","position":2,"name":"Sklep","item":"https:\/\/schiffers.pl\/sklep\/"},{"@type":"ListItem","position":3,"name":"Z\u0142ota broszka z per\u0142ami i granatami"}]},{"@type":"WebSite","@id":"https:\/\/schiffers.pl\/#website","url":"https:\/\/schiffers.pl\/","name":"Schiffers","description":"bi\u017cuteria","potentialAction":[{"@type":"SearchAction","target":{"@type":"EntryPoint","urlTemplate":"https:\/\/schiffers.pl\/?s={search_term_string}"},"query-input":{"@type":"PropertyValueSpecification","valueRequired":true,"valueName":"search_term_string"}}],"inLanguage":"en-US"}]}},"_links":{"self":[{"href":"https:\/\/schiffers.pl\/en\/wp-json\/wp\/v2\/product\/17603","targetHints":{"allow":["GET"]}}],"collection":[{"href":"https:\/\/schiffers.pl\/en\/wp-json\/wp\/v2\/product"}],"about":[{"href":"https:\/\/schiffers.pl\/en\/wp-json\/wp\/v2\/types\/product"}],"wp:featuredmedia":[{"embeddable":true,"href":"https:\/\/schiffers.pl\/en\/wp-json\/wp\/v2\/media\/17604"}],"wp:attachment":[{"href":"https:\/\/schiffers.pl\/en\/wp-json\/wp\/v2\/media?parent=17603"}],"wp:term":[{"taxonomy":"product_brand","embeddable":true,"href":"https:\/\/schiffers.pl\/en\/wp-json\/wp\/v2\/product_brand?post=17603"},{"taxonomy":"product_cat","embeddable":true,"href":"https:\/\/schiffers.pl\/en\/wp-json\/wp\/v2\/product_cat?post=17603"},{"taxonomy":"product_tag","embeddable":true,"href":"https:\/\/schiffers.pl\/en\/wp-json\/wp\/v2\/product_tag?post=17603"}],"curies":[{"name":"wp","href":"https:\/\/api.w.org\/{rel}","templated":true}]}}