{"id":17594,"date":"2024-11-27T12:40:15","date_gmt":"2024-11-27T11:40:15","guid":{"rendered":"https:\/\/schiffers.pl\/?post_type=product&#038;p=17594"},"modified":"2024-11-27T16:12:38","modified_gmt":"2024-11-27T15:12:38","slug":"kasetka-na-bizuterie","status":"publish","type":"product","link":"https:\/\/schiffers.pl\/en\/sklep\/kasetka-na-bizuterie\/","title":{"rendered":"Kasetka na bi\u017cuteri\u0119"},"content":{"rendered":"","protected":false},"excerpt":{"rendered":"<p>Gdy odpowiednio dbamy o bi\u017cuteri\u0119, ta odp\u0142aca si\u0119 nam swoim pi\u0119knem zdecydowanie d\u0142u\u017cej. Jej w\u0142a\u015bciwe przechowywanie to jeden z element\u00f3w naszej troski o trwa\u0142o\u015b\u0107 dodatk\u00f3w.<\/p>\n<p>Jako dope\u0142nienie kolekcji, dodatek do zakupu lub jako samodzielny prezent dla wielbicielki bi\u017cuterii, pos\u0142u\u017cy\u0107 mo\u017ce elegancka i por\u0119czna kasetka na bi\u017cuteri\u0119 z logiem Schiffers.<\/p>\n<p>Zewn\u0105trz kasetka pokryta jest mi\u0119kkim czarnym welurem, \u015brodek w kolorze ecru. Kasetka posiada miejsce na pier\u015bcionki, kolczyki, przegr\u00f3dki na drobne elementy bi\u017cuterii oraz zatrzaski do przypinania \u0142a\u0144cuszk\u00f3w, zawieszek.<\/p>\n<p>Wyposa\u017cona jest tak\u017ce w lusterko, kt\u00f3re oparte o kraw\u0119d\u017a mo\u017ce s\u0142u\u017cy\u0107 jako mini toaletka i pomaga\u0107 przy zak\u0142adaniu kolczyk\u00f3w czy wykonywaniu makija\u017cu. Nie zabrak\u0142o tak\u017ce mini \u015bciereczki do przecierania i od\u015bwie\u017cania bi\u017cuterii.<\/p>\n<p>Kasetka jest \u015bwietnym akcesorium, kt\u00f3re sprawdzi si\u0119 w domu ale tak\u017ce w podr\u00f3\u017cy!<\/p>\n<p>Wymiary: 11,5 x 16 x 5 cm<\/p>\n<p>Dost\u0119pno\u015b\u0107: zazwyczaj wysy\u0142ka w ciagu 5 dni roboczych<\/p>\n<p>&nbsp;<\/p>\n<p>&nbsp;<\/p>","protected":false},"featured_media":17599,"template":"","meta":[],"product_brand":[],"product_cat":[281],"product_tag":[],"class_list":{"0":"post-17594","1":"product","2":"type-product","3":"status-publish","4":"has-post-thumbnail","6":"product_cat-voucher-podarunkowy","8":"first","9":"instock","10":"shipping-taxable","11":"purchasable","12":"product-type-simple"},"yoast_head":"<!-- This site is optimized with the Yoast SEO plugin v24.6 - https:\/\/yoast.com\/wordpress\/plugins\/seo\/ -->\n<title>Kasetka na bi\u017cuteri\u0119 - Schiffers<\/title>\n<meta name=\"robots\" content=\"index, follow, max-snippet:-1, max-image-preview:large, max-video-preview:-1\" \/>\n<link rel=\"canonical\" href=\"https:\/\/schiffers.pl\/en\/sklep\/kasetka-na-bizuterie\/\" \/>\n<meta property=\"og:locale\" content=\"en_US\" \/>\n<meta property=\"og:type\" content=\"article\" \/>\n<meta property=\"og:title\" content=\"Kasetka na bi\u017cuteri\u0119 - Schiffers\" \/>\n<meta property=\"og:description\" content=\"Gdy odpowiednio dbamy o bi\u017cuteri\u0119, ta odp\u0142aca si\u0119 nam swoim pi\u0119knem zdecydowanie d\u0142u\u017cej. Jej w\u0142a\u015bciwe przechowywanie to jeden z element\u00f3w naszej troski o trwa\u0142o\u015b\u0107 dodatk\u00f3w.  Jako dope\u0142nienie kolekcji, dodatek do zakupu lub jako samodzielny prezent dla wielbicielki bi\u017cuterii, pos\u0142u\u017cy\u0107 mo\u017ce elegancka i por\u0119czna kasetka na bi\u017cuteri\u0119 z logiem Schiffers.  Zewn\u0105trz kasetka pokryta jest mi\u0119kkim czarnym welurem, \u015brodek w kolorze ecru. Kasetka posiada miejsce na pier\u015bcionki, kolczyki, przegr\u00f3dki na drobne elementy bi\u017cuterii oraz zatrzaski do przypinania \u0142a\u0144cuszk\u00f3w, zawieszek.  Wyposa\u017cona jest tak\u017ce w lusterko, kt\u00f3re oparte o kraw\u0119d\u017a mo\u017ce s\u0142u\u017cy\u0107 jako mini toaletka i pomaga\u0107 przy zak\u0142adaniu kolczyk\u00f3w czy wykonywaniu makija\u017cu. Nie zabrak\u0142o tak\u017ce mini \u015bciereczki do przecierania i od\u015bwie\u017cania bi\u017cuterii.  Kasetka jest \u015bwietnym akcesorium, kt\u00f3re sprawdzi si\u0119 w domu ale tak\u017ce w podr\u00f3\u017cy!  Wymiary: 11,5 x 16 x 5 cm  Dost\u0119pno\u015b\u0107: zazwyczaj wysy\u0142ka w ciagu 5 dni roboczych  &nbsp;  &nbsp;\" \/>\n<meta property=\"og:url\" content=\"https:\/\/schiffers.pl\/en\/sklep\/kasetka-na-bizuterie\/\" \/>\n<meta property=\"og:site_name\" content=\"Schiffers\" \/>\n<meta property=\"article:modified_time\" content=\"2024-11-27T15:12:38+00:00\" \/>\n<meta property=\"og:image\" content=\"https:\/\/schiffers.pl\/wp-content\/uploads\/2024\/11\/89609130-5321-40C5-BFCE-E3EF2BC6441C_1_201_a-scaled.jpeg\" \/>\n\t<meta property=\"og:image:width\" content=\"2560\" \/>\n\t<meta property=\"og:image:height\" content=\"2560\" \/>\n\t<meta property=\"og:image:type\" content=\"image\/jpeg\" \/>\n<meta name=\"twitter:card\" content=\"summary_large_image\" \/>\n<script type=\"application\/ld+json\" class=\"yoast-schema-graph\">{\"@context\":\"https:\/\/schema.org\",\"@graph\":[{\"@type\":\"WebPage\",\"@id\":\"https:\/\/schiffers.pl\/sklep\/kasetka-na-bizuterie\/\",\"url\":\"https:\/\/schiffers.pl\/sklep\/kasetka-na-bizuterie\/\",\"name\":\"Kasetka na bi\u017cuteri\u0119 - Schiffers\",\"isPartOf\":{\"@id\":\"https:\/\/schiffers.pl\/#website\"},\"primaryImageOfPage\":{\"@id\":\"https:\/\/schiffers.pl\/sklep\/kasetka-na-bizuterie\/#primaryimage\"},\"image\":{\"@id\":\"https:\/\/schiffers.pl\/sklep\/kasetka-na-bizuterie\/#primaryimage\"},\"thumbnailUrl\":\"https:\/\/schiffers.pl\/wp-content\/uploads\/2024\/11\/89609130-5321-40C5-BFCE-E3EF2BC6441C_1_201_a-scaled.jpeg\",\"datePublished\":\"2024-11-27T11:40:15+00:00\",\"dateModified\":\"2024-11-27T15:12:38+00:00\",\"breadcrumb\":{\"@id\":\"https:\/\/schiffers.pl\/sklep\/kasetka-na-bizuterie\/#breadcrumb\"},\"inLanguage\":\"en-US\",\"potentialAction\":[{\"@type\":\"ReadAction\",\"target\":[\"https:\/\/schiffers.pl\/sklep\/kasetka-na-bizuterie\/\"]}]},{\"@type\":\"ImageObject\",\"inLanguage\":\"en-US\",\"@id\":\"https:\/\/schiffers.pl\/sklep\/kasetka-na-bizuterie\/#primaryimage\",\"url\":\"https:\/\/schiffers.pl\/wp-content\/uploads\/2024\/11\/89609130-5321-40C5-BFCE-E3EF2BC6441C_1_201_a-scaled.jpeg\",\"contentUrl\":\"https:\/\/schiffers.pl\/wp-content\/uploads\/2024\/11\/89609130-5321-40C5-BFCE-E3EF2BC6441C_1_201_a-scaled.jpeg\",\"width\":2560,\"height\":2560,\"caption\":\"Jak czy\u015bci\u0107 poz\u0142acan\u0105 bi\u017cuteri\u0119? Sposoby na przywr\u00f3cenie jej blasku\"},{\"@type\":\"BreadcrumbList\",\"@id\":\"https:\/\/schiffers.pl\/sklep\/kasetka-na-bizuterie\/#breadcrumb\",\"itemListElement\":[{\"@type\":\"ListItem\",\"position\":1,\"name\":\"Strona g\u0142\u00f3wna\",\"item\":\"https:\/\/schiffers.pl\/\"},{\"@type\":\"ListItem\",\"position\":2,\"name\":\"Sklep\",\"item\":\"https:\/\/schiffers.pl\/sklep\/\"},{\"@type\":\"ListItem\",\"position\":3,\"name\":\"Kasetka na bi\u017cuteri\u0119\"}]},{\"@type\":\"WebSite\",\"@id\":\"https:\/\/schiffers.pl\/#website\",\"url\":\"https:\/\/schiffers.pl\/\",\"name\":\"Schiffers\",\"description\":\"bi\u017cuteria\",\"potentialAction\":[{\"@type\":\"SearchAction\",\"target\":{\"@type\":\"EntryPoint\",\"urlTemplate\":\"https:\/\/schiffers.pl\/?s={search_term_string}\"},\"query-input\":{\"@type\":\"PropertyValueSpecification\",\"valueRequired\":true,\"valueName\":\"search_term_string\"}}],\"inLanguage\":\"en-US\"}]}<\/script>\n<!-- \/ Yoast SEO plugin. -->","yoast_head_json":{"title":"Kasetka na bi\u017cuteri\u0119 - Schiffers","robots":{"index":"index","follow":"follow","max-snippet":"max-snippet:-1","max-image-preview":"max-image-preview:large","max-video-preview":"max-video-preview:-1"},"canonical":"https:\/\/schiffers.pl\/en\/sklep\/kasetka-na-bizuterie\/","og_locale":"en_US","og_type":"article","og_title":"Kasetka na bi\u017cuteri\u0119 - Schiffers","og_description":"Gdy odpowiednio dbamy o bi\u017cuteri\u0119, ta odp\u0142aca si\u0119 nam swoim pi\u0119knem zdecydowanie d\u0142u\u017cej. Jej w\u0142a\u015bciwe przechowywanie to jeden z element\u00f3w naszej troski o trwa\u0142o\u015b\u0107 dodatk\u00f3w.  Jako dope\u0142nienie kolekcji, dodatek do zakupu lub jako samodzielny prezent dla wielbicielki bi\u017cuterii, pos\u0142u\u017cy\u0107 mo\u017ce elegancka i por\u0119czna kasetka na bi\u017cuteri\u0119 z logiem Schiffers.  Zewn\u0105trz kasetka pokryta jest mi\u0119kkim czarnym welurem, \u015brodek w kolorze ecru. Kasetka posiada miejsce na pier\u015bcionki, kolczyki, przegr\u00f3dki na drobne elementy bi\u017cuterii oraz zatrzaski do przypinania \u0142a\u0144cuszk\u00f3w, zawieszek.  Wyposa\u017cona jest tak\u017ce w lusterko, kt\u00f3re oparte o kraw\u0119d\u017a mo\u017ce s\u0142u\u017cy\u0107 jako mini toaletka i pomaga\u0107 przy zak\u0142adaniu kolczyk\u00f3w czy wykonywaniu makija\u017cu. Nie zabrak\u0142o tak\u017ce mini \u015bciereczki do przecierania i od\u015bwie\u017cania bi\u017cuterii.  Kasetka jest \u015bwietnym akcesorium, kt\u00f3re sprawdzi si\u0119 w domu ale tak\u017ce w podr\u00f3\u017cy!  Wymiary: 11,5 x 16 x 5 cm  Dost\u0119pno\u015b\u0107: zazwyczaj wysy\u0142ka w ciagu 5 dni roboczych  &nbsp;  &nbsp;","og_url":"https:\/\/schiffers.pl\/en\/sklep\/kasetka-na-bizuterie\/","og_site_name":"Schiffers","article_modified_time":"2024-11-27T15:12:38+00:00","og_image":[{"width":2560,"height":2560,"url":"https:\/\/schiffers.pl\/wp-content\/uploads\/2024\/11\/89609130-5321-40C5-BFCE-E3EF2BC6441C_1_201_a-scaled.jpeg","type":"image\/jpeg"}],"twitter_card":"summary_large_image","schema":{"@context":"https:\/\/schema.org","@graph":[{"@type":"WebPage","@id":"https:\/\/schiffers.pl\/sklep\/kasetka-na-bizuterie\/","url":"https:\/\/schiffers.pl\/sklep\/kasetka-na-bizuterie\/","name":"Kasetka na bi\u017cuteri\u0119 - Schiffers","isPartOf":{"@id":"https:\/\/schiffers.pl\/#website"},"primaryImageOfPage":{"@id":"https:\/\/schiffers.pl\/sklep\/kasetka-na-bizuterie\/#primaryimage"},"image":{"@id":"https:\/\/schiffers.pl\/sklep\/kasetka-na-bizuterie\/#primaryimage"},"thumbnailUrl":"https:\/\/schiffers.pl\/wp-content\/uploads\/2024\/11\/89609130-5321-40C5-BFCE-E3EF2BC6441C_1_201_a-scaled.jpeg","datePublished":"2024-11-27T11:40:15+00:00","dateModified":"2024-11-27T15:12:38+00:00","breadcrumb":{"@id":"https:\/\/schiffers.pl\/sklep\/kasetka-na-bizuterie\/#breadcrumb"},"inLanguage":"en-US","potentialAction":[{"@type":"ReadAction","target":["https:\/\/schiffers.pl\/sklep\/kasetka-na-bizuterie\/"]}]},{"@type":"ImageObject","inLanguage":"en-US","@id":"https:\/\/schiffers.pl\/sklep\/kasetka-na-bizuterie\/#primaryimage","url":"https:\/\/schiffers.pl\/wp-content\/uploads\/2024\/11\/89609130-5321-40C5-BFCE-E3EF2BC6441C_1_201_a-scaled.jpeg","contentUrl":"https:\/\/schiffers.pl\/wp-content\/uploads\/2024\/11\/89609130-5321-40C5-BFCE-E3EF2BC6441C_1_201_a-scaled.jpeg","width":2560,"height":2560,"caption":"Jak czy\u015bci\u0107 poz\u0142acan\u0105 bi\u017cuteri\u0119? Sposoby na przywr\u00f3cenie jej blasku"},{"@type":"BreadcrumbList","@id":"https:\/\/schiffers.pl\/sklep\/kasetka-na-bizuterie\/#breadcrumb","itemListElement":[{"@type":"ListItem","position":1,"name":"Strona g\u0142\u00f3wna","item":"https:\/\/schiffers.pl\/"},{"@type":"ListItem","position":2,"name":"Sklep","item":"https:\/\/schiffers.pl\/sklep\/"},{"@type":"ListItem","position":3,"name":"Kasetka na bi\u017cuteri\u0119"}]},{"@type":"WebSite","@id":"https:\/\/schiffers.pl\/#website","url":"https:\/\/schiffers.pl\/","name":"Schiffers","description":"bi\u017cuteria","potentialAction":[{"@type":"SearchAction","target":{"@type":"EntryPoint","urlTemplate":"https:\/\/schiffers.pl\/?s={search_term_string}"},"query-input":{"@type":"PropertyValueSpecification","valueRequired":true,"valueName":"search_term_string"}}],"inLanguage":"en-US"}]}},"_links":{"self":[{"href":"https:\/\/schiffers.pl\/en\/wp-json\/wp\/v2\/product\/17594","targetHints":{"allow":["GET"]}}],"collection":[{"href":"https:\/\/schiffers.pl\/en\/wp-json\/wp\/v2\/product"}],"about":[{"href":"https:\/\/schiffers.pl\/en\/wp-json\/wp\/v2\/types\/product"}],"wp:featuredmedia":[{"embeddable":true,"href":"https:\/\/schiffers.pl\/en\/wp-json\/wp\/v2\/media\/17599"}],"wp:attachment":[{"href":"https:\/\/schiffers.pl\/en\/wp-json\/wp\/v2\/media?parent=17594"}],"wp:term":[{"taxonomy":"product_brand","embeddable":true,"href":"https:\/\/schiffers.pl\/en\/wp-json\/wp\/v2\/product_brand?post=17594"},{"taxonomy":"product_cat","embeddable":true,"href":"https:\/\/schiffers.pl\/en\/wp-json\/wp\/v2\/product_cat?post=17594"},{"taxonomy":"product_tag","embeddable":true,"href":"https:\/\/schiffers.pl\/en\/wp-json\/wp\/v2\/product_tag?post=17594"}],"curies":[{"name":"wp","href":"https:\/\/api.w.org\/{rel}","templated":true}]}}