{"id":17252,"date":"2024-08-09T10:48:02","date_gmt":"2024-08-09T08:48:02","guid":{"rendered":"https:\/\/schiffers.pl\/?post_type=product&#038;p=17252"},"modified":"2024-08-09T14:29:45","modified_gmt":"2024-08-09T12:29:45","slug":"voucher-podarunkowy-3","status":"publish","type":"product","link":"https:\/\/schiffers.pl\/en\/sklep\/voucher-podarunkowy-3\/","title":{"rendered":"VOUCHER PODARUNKOWY"},"content":{"rendered":"","protected":false},"excerpt":{"rendered":"<p>Je\u015bli kompletnie nie masz pomys\u0142u na prezent dla kogo\u015b Ci bliskiego a chcia\u0142aby\u015b \/ chcia\u0142by\u015b ofiarowa\u0107 Jej\/Jemu mo\u017cliwo\u015b\u0107 zakupu b\u0105d\u017a wizyty projektowej w naszej pracowni &#8211; jubilerski Voucher Podarunkowy b\u0119dzie \u015bwietnym rozwi\u0105zaniem. Dodatkowo jeste\u015bmy pewni, sprawi ogromn\u0105 rado\u015b\u0107 !<\/p>\n<p>Z przyjemno\u015bci\u0105 wy\u015blemy Tobie lub obdarowanej osobie, Voucher Podarunkowy do zrealizowania w naszej jubilerskiej przestrzeni.<\/p>\n<p>Voucher wydrukowany jest na eleganckim papierze oraz zapakowany w trwa\u0142e i r\u00f3wnie eleganckie pude\u0142ko &#8211; kopert\u0119 z naszym logiem.<\/p>\n<p>Warto\u015b\u0107 Vouchera: 1500,- z\u0142<\/p>\n<p>Voucher b\u0119dzie wa\u017cny przez 60 dni od daty zakupu &#8211; w tym czasie obdarowana osoba jest proszona o kontakt z nami \ud83d\ude42<\/p>\n<p>Napisz na info@schiffers.pl lub zadzwo\u0144: 668430288 a przedstawimy szczeg\u00f3\u0142y.<\/p>\n<p>Zapraszamy !<\/p>","protected":false},"featured_media":17248,"template":"","meta":[],"product_brand":[],"product_cat":[281,240],"product_tag":[],"class_list":{"0":"post-17252","1":"product","2":"type-product","3":"status-publish","4":"has-post-thumbnail","6":"product_cat-voucher-podarunkowy","7":"product_cat-bez-kategorii","9":"first","10":"instock","11":"shipping-taxable","12":"purchasable","13":"product-type-simple"},"yoast_head":"<!-- This site is optimized with the Yoast SEO plugin v24.6 - https:\/\/yoast.com\/wordpress\/plugins\/seo\/ -->\n<title>VOUCHER PODARUNKOWY - Schiffers<\/title>\n<meta name=\"robots\" content=\"index, follow, max-snippet:-1, max-image-preview:large, max-video-preview:-1\" \/>\n<link rel=\"canonical\" href=\"https:\/\/schiffers.pl\/en\/sklep\/voucher-podarunkowy-3\/\" \/>\n<meta property=\"og:locale\" content=\"en_US\" \/>\n<meta property=\"og:type\" content=\"article\" \/>\n<meta property=\"og:title\" content=\"VOUCHER PODARUNKOWY - Schiffers\" \/>\n<meta property=\"og:description\" content=\"Je\u015bli kompletnie nie masz pomys\u0142u na prezent dla kogo\u015b Ci bliskiego a chcia\u0142aby\u015b \/ chcia\u0142by\u015b ofiarowa\u0107 Jej\/Jemu mo\u017cliwo\u015b\u0107 zakupu b\u0105d\u017a wizyty projektowej w naszej pracowni - jubilerski Voucher Podarunkowy b\u0119dzie \u015bwietnym rozwi\u0105zaniem. Dodatkowo jeste\u015bmy pewni, sprawi ogromn\u0105 rado\u015b\u0107 !  Z przyjemno\u015bci\u0105 wy\u015blemy Tobie lub obdarowanej osobie, Voucher Podarunkowy do zrealizowania w naszej jubilerskiej przestrzeni.  Voucher wydrukowany jest na eleganckim papierze oraz zapakowany w trwa\u0142e i r\u00f3wnie eleganckie pude\u0142ko - kopert\u0119 z naszym logiem.  Warto\u015b\u0107 Vouchera: 1500,- z\u0142  Voucher b\u0119dzie wa\u017cny przez 60 dni od daty zakupu - w tym czasie obdarowana osoba jest proszona o kontakt z nami :-)  Napisz na info@schiffers.pl lub zadzwo\u0144: 668430288 a przedstawimy szczeg\u00f3\u0142y.  Zapraszamy !\" \/>\n<meta property=\"og:url\" content=\"https:\/\/schiffers.pl\/en\/sklep\/voucher-podarunkowy-3\/\" \/>\n<meta property=\"og:site_name\" content=\"Schiffers\" \/>\n<meta property=\"article:modified_time\" content=\"2024-08-09T12:29:45+00:00\" \/>\n<meta property=\"og:image\" content=\"https:\/\/schiffers.pl\/wp-content\/uploads\/2024\/08\/0A2E0E18-FFDF-4932-9822-65570C6094C7_1_201_a-2-scaled.jpeg\" \/>\n\t<meta property=\"og:image:width\" content=\"2560\" \/>\n\t<meta property=\"og:image:height\" content=\"2560\" \/>\n\t<meta property=\"og:image:type\" content=\"image\/jpeg\" \/>\n<meta name=\"twitter:card\" content=\"summary_large_image\" \/>\n<script type=\"application\/ld+json\" class=\"yoast-schema-graph\">{\"@context\":\"https:\/\/schema.org\",\"@graph\":[{\"@type\":\"WebPage\",\"@id\":\"https:\/\/schiffers.pl\/sklep\/voucher-podarunkowy-3\/\",\"url\":\"https:\/\/schiffers.pl\/sklep\/voucher-podarunkowy-3\/\",\"name\":\"VOUCHER PODARUNKOWY - Schiffers\",\"isPartOf\":{\"@id\":\"https:\/\/schiffers.pl\/#website\"},\"primaryImageOfPage\":{\"@id\":\"https:\/\/schiffers.pl\/sklep\/voucher-podarunkowy-3\/#primaryimage\"},\"image\":{\"@id\":\"https:\/\/schiffers.pl\/sklep\/voucher-podarunkowy-3\/#primaryimage\"},\"thumbnailUrl\":\"https:\/\/schiffers.pl\/wp-content\/uploads\/2024\/08\/0A2E0E18-FFDF-4932-9822-65570C6094C7_1_201_a-2-scaled.jpeg\",\"datePublished\":\"2024-08-09T08:48:02+00:00\",\"dateModified\":\"2024-08-09T12:29:45+00:00\",\"breadcrumb\":{\"@id\":\"https:\/\/schiffers.pl\/sklep\/voucher-podarunkowy-3\/#breadcrumb\"},\"inLanguage\":\"en-US\",\"potentialAction\":[{\"@type\":\"ReadAction\",\"target\":[\"https:\/\/schiffers.pl\/sklep\/voucher-podarunkowy-3\/\"]}]},{\"@type\":\"ImageObject\",\"inLanguage\":\"en-US\",\"@id\":\"https:\/\/schiffers.pl\/sklep\/voucher-podarunkowy-3\/#primaryimage\",\"url\":\"https:\/\/schiffers.pl\/wp-content\/uploads\/2024\/08\/0A2E0E18-FFDF-4932-9822-65570C6094C7_1_201_a-2-scaled.jpeg\",\"contentUrl\":\"https:\/\/schiffers.pl\/wp-content\/uploads\/2024\/08\/0A2E0E18-FFDF-4932-9822-65570C6094C7_1_201_a-2-scaled.jpeg\",\"width\":2560,\"height\":2560},{\"@type\":\"BreadcrumbList\",\"@id\":\"https:\/\/schiffers.pl\/sklep\/voucher-podarunkowy-3\/#breadcrumb\",\"itemListElement\":[{\"@type\":\"ListItem\",\"position\":1,\"name\":\"Strona g\u0142\u00f3wna\",\"item\":\"https:\/\/schiffers.pl\/\"},{\"@type\":\"ListItem\",\"position\":2,\"name\":\"Sklep\",\"item\":\"https:\/\/schiffers.pl\/sklep\/\"},{\"@type\":\"ListItem\",\"position\":3,\"name\":\"VOUCHER PODARUNKOWY\"}]},{\"@type\":\"WebSite\",\"@id\":\"https:\/\/schiffers.pl\/#website\",\"url\":\"https:\/\/schiffers.pl\/\",\"name\":\"Schiffers\",\"description\":\"bi\u017cuteria\",\"potentialAction\":[{\"@type\":\"SearchAction\",\"target\":{\"@type\":\"EntryPoint\",\"urlTemplate\":\"https:\/\/schiffers.pl\/?s={search_term_string}\"},\"query-input\":{\"@type\":\"PropertyValueSpecification\",\"valueRequired\":true,\"valueName\":\"search_term_string\"}}],\"inLanguage\":\"en-US\"}]}<\/script>\n<!-- \/ Yoast SEO plugin. -->","yoast_head_json":{"title":"VOUCHER PODARUNKOWY - Schiffers","robots":{"index":"index","follow":"follow","max-snippet":"max-snippet:-1","max-image-preview":"max-image-preview:large","max-video-preview":"max-video-preview:-1"},"canonical":"https:\/\/schiffers.pl\/en\/sklep\/voucher-podarunkowy-3\/","og_locale":"en_US","og_type":"article","og_title":"VOUCHER PODARUNKOWY - Schiffers","og_description":"Je\u015bli kompletnie nie masz pomys\u0142u na prezent dla kogo\u015b Ci bliskiego a chcia\u0142aby\u015b \/ chcia\u0142by\u015b ofiarowa\u0107 Jej\/Jemu mo\u017cliwo\u015b\u0107 zakupu b\u0105d\u017a wizyty projektowej w naszej pracowni - jubilerski Voucher Podarunkowy b\u0119dzie \u015bwietnym rozwi\u0105zaniem. Dodatkowo jeste\u015bmy pewni, sprawi ogromn\u0105 rado\u015b\u0107 !  Z przyjemno\u015bci\u0105 wy\u015blemy Tobie lub obdarowanej osobie, Voucher Podarunkowy do zrealizowania w naszej jubilerskiej przestrzeni.  Voucher wydrukowany jest na eleganckim papierze oraz zapakowany w trwa\u0142e i r\u00f3wnie eleganckie pude\u0142ko - kopert\u0119 z naszym logiem.  Warto\u015b\u0107 Vouchera: 1500,- z\u0142  Voucher b\u0119dzie wa\u017cny przez 60 dni od daty zakupu - w tym czasie obdarowana osoba jest proszona o kontakt z nami :-)  Napisz na info@schiffers.pl lub zadzwo\u0144: 668430288 a przedstawimy szczeg\u00f3\u0142y.  Zapraszamy !","og_url":"https:\/\/schiffers.pl\/en\/sklep\/voucher-podarunkowy-3\/","og_site_name":"Schiffers","article_modified_time":"2024-08-09T12:29:45+00:00","og_image":[{"width":2560,"height":2560,"url":"https:\/\/schiffers.pl\/wp-content\/uploads\/2024\/08\/0A2E0E18-FFDF-4932-9822-65570C6094C7_1_201_a-2-scaled.jpeg","type":"image\/jpeg"}],"twitter_card":"summary_large_image","schema":{"@context":"https:\/\/schema.org","@graph":[{"@type":"WebPage","@id":"https:\/\/schiffers.pl\/sklep\/voucher-podarunkowy-3\/","url":"https:\/\/schiffers.pl\/sklep\/voucher-podarunkowy-3\/","name":"VOUCHER PODARUNKOWY - Schiffers","isPartOf":{"@id":"https:\/\/schiffers.pl\/#website"},"primaryImageOfPage":{"@id":"https:\/\/schiffers.pl\/sklep\/voucher-podarunkowy-3\/#primaryimage"},"image":{"@id":"https:\/\/schiffers.pl\/sklep\/voucher-podarunkowy-3\/#primaryimage"},"thumbnailUrl":"https:\/\/schiffers.pl\/wp-content\/uploads\/2024\/08\/0A2E0E18-FFDF-4932-9822-65570C6094C7_1_201_a-2-scaled.jpeg","datePublished":"2024-08-09T08:48:02+00:00","dateModified":"2024-08-09T12:29:45+00:00","breadcrumb":{"@id":"https:\/\/schiffers.pl\/sklep\/voucher-podarunkowy-3\/#breadcrumb"},"inLanguage":"en-US","potentialAction":[{"@type":"ReadAction","target":["https:\/\/schiffers.pl\/sklep\/voucher-podarunkowy-3\/"]}]},{"@type":"ImageObject","inLanguage":"en-US","@id":"https:\/\/schiffers.pl\/sklep\/voucher-podarunkowy-3\/#primaryimage","url":"https:\/\/schiffers.pl\/wp-content\/uploads\/2024\/08\/0A2E0E18-FFDF-4932-9822-65570C6094C7_1_201_a-2-scaled.jpeg","contentUrl":"https:\/\/schiffers.pl\/wp-content\/uploads\/2024\/08\/0A2E0E18-FFDF-4932-9822-65570C6094C7_1_201_a-2-scaled.jpeg","width":2560,"height":2560},{"@type":"BreadcrumbList","@id":"https:\/\/schiffers.pl\/sklep\/voucher-podarunkowy-3\/#breadcrumb","itemListElement":[{"@type":"ListItem","position":1,"name":"Strona g\u0142\u00f3wna","item":"https:\/\/schiffers.pl\/"},{"@type":"ListItem","position":2,"name":"Sklep","item":"https:\/\/schiffers.pl\/sklep\/"},{"@type":"ListItem","position":3,"name":"VOUCHER PODARUNKOWY"}]},{"@type":"WebSite","@id":"https:\/\/schiffers.pl\/#website","url":"https:\/\/schiffers.pl\/","name":"Schiffers","description":"bi\u017cuteria","potentialAction":[{"@type":"SearchAction","target":{"@type":"EntryPoint","urlTemplate":"https:\/\/schiffers.pl\/?s={search_term_string}"},"query-input":{"@type":"PropertyValueSpecification","valueRequired":true,"valueName":"search_term_string"}}],"inLanguage":"en-US"}]}},"_links":{"self":[{"href":"https:\/\/schiffers.pl\/en\/wp-json\/wp\/v2\/product\/17252","targetHints":{"allow":["GET"]}}],"collection":[{"href":"https:\/\/schiffers.pl\/en\/wp-json\/wp\/v2\/product"}],"about":[{"href":"https:\/\/schiffers.pl\/en\/wp-json\/wp\/v2\/types\/product"}],"wp:featuredmedia":[{"embeddable":true,"href":"https:\/\/schiffers.pl\/en\/wp-json\/wp\/v2\/media\/17248"}],"wp:attachment":[{"href":"https:\/\/schiffers.pl\/en\/wp-json\/wp\/v2\/media?parent=17252"}],"wp:term":[{"taxonomy":"product_brand","embeddable":true,"href":"https:\/\/schiffers.pl\/en\/wp-json\/wp\/v2\/product_brand?post=17252"},{"taxonomy":"product_cat","embeddable":true,"href":"https:\/\/schiffers.pl\/en\/wp-json\/wp\/v2\/product_cat?post=17252"},{"taxonomy":"product_tag","embeddable":true,"href":"https:\/\/schiffers.pl\/en\/wp-json\/wp\/v2\/product_tag?post=17252"}],"curies":[{"name":"wp","href":"https:\/\/api.w.org\/{rel}","templated":true}]}}