{"id":17081,"date":"2024-02-21T18:29:00","date_gmt":"2024-02-21T17:29:00","guid":{"rendered":"https:\/\/schiffers.pl\/?post_type=product&#038;p=17081"},"modified":"2024-02-21T18:36:10","modified_gmt":"2024-02-21T17:36:10","slug":"negatyw","status":"publish","type":"product","link":"https:\/\/schiffers.pl\/en\/sklep\/negatyw\/","title":{"rendered":"Negatyw"},"content":{"rendered":"","protected":false},"excerpt":{"rendered":"<div class=\"x78zum5\" role=\"none\">\n<div class=\"x78zum5 x1iyjqo2 xs83m0k xeuugli x15zctf7\" role=\"none\">\n<div class=\"html-div xe8uvvx xdj266r x11i5rnm xat24cr x1mh8g0r xexx8yu x4uap5 x18d9i69 xkhd6sd x1h91t0o xkh2ocl x78zum5 xdt5ytf x13a6bvl xhj03cu\" role=\"presentation\">\n<div class=\"x78zum5 xh8yej3\" role=\"none\">\n<div class=\"x78zum5 xdt5ytf x193iq5w x1n2onr6 x1kxipp6 xuk3077\">\n<div class=\"x78zum5 xh8yej3\" role=\"none\">\n<div class=\"html-div xe8uvvx xdj266r x11i5rnm xat24cr x1mh8g0r xexx8yu x4uap5 x18d9i69 xkhd6sd x6ikm8r x10wlt62\">\n<div class=\"html-div xe8uvvx xdj266r x11i5rnm xat24cr x1mh8g0r x1tlxs6b x1g8br2z x1gn5b1j x230xth x14ctfv x1okitfd x1k4qllp x6ikm8r x10wlt62 x1y1aw1k xwib8y2 x1ye3gou xn6708d x1n2onr6 x1vjfegm x1mzt3pk x13faqbe x11jlvup xpmdkuv x154zaqr x12z03op xyhp3ou x13fuv20 xu3j5b3 x1q0q8m5 x26u7qi x1qzh56z xwjhk0h x1a35899 xfvoq21\" role=\"presentation\">\n<div class=\"x9f619 x1n2onr6 x1ja2u2z __fb-light-mode\" role=\"none\">\n<div class=\"x1gslohp x11i5rnm x12nagc x1mh8g0r x1yc453h x126k92a xyk4ms5\" dir=\"auto\">Niekiedy pary decyduj\u0105 si\u0119 na identyczne obr\u0105czki jako symbol jedno\u015bci i wsp\u00f3lnego przej\u015bcia przez \u017cycie. Jednak coraz bardziej popularne staje si\u0119 r\u00f3wnie\u017c dopasowywanie obr\u0105czek do indywidualnych upodoba\u0144 ka\u017cdego z partner\u00f3w. Wa\u017cne jest, aby decyzja dotycz\u0105ca obr\u0105czek by\u0142a wsp\u00f3lna i satysfakcjonuj\u0105ca dla obojga partner\u00f3w, poniewa\u017c s\u0105 to symbole ich zwi\u0105zku i powinny odzwierciedla\u0107 ich wsp\u00f3lne warto\u015bci i uczucia.<\/div>\n<div dir=\"auto\"><\/div>\n<\/div>\n<\/div>\n<\/div>\n<\/div>\n<\/div>\n<\/div>\n<\/div>\n<div class=\"html-div xe8uvvx xdj266r x11i5rnm xat24cr x1mh8g0r xexx8yu x4uap5 x18d9i69 xkhd6sd x1h91t0o xkh2ocl x78zum5 xdt5ytf x13a6bvl x193iq5w x1c4vz4f x1eb86dx\" role=\"presentation\">NEGATYW to w\u0142a\u015bnie odpowied\u017a na te potrzeby &#8211; wz\u00f3r z damskiej a\u017curowej obr\u0105czki pojawi\u0142 si\u0119 w m\u0119skiej wersji jako odbicie.<\/div>\n<\/div>\n<\/div>\n<div role=\"presentation\"><\/div>\n<div role=\"presentation\">Ca\u0142o\u015b\u0107 wykonana z r\u00f3\u017cowego z\u0142ota pr\u00f3by 585, diamenty<\/div>\n<div class=\"x78zum5\" role=\"none\">\n<div class=\"x78zum5 x1iyjqo2 xs83m0k xeuugli x15zctf7\" role=\"none\">\n<div class=\"html-div xe8uvvx xdj266r x11i5rnm xat24cr x1mh8g0r xexx8yu x4uap5 x18d9i69 xkhd6sd x1h91t0o xkh2ocl x78zum5 xdt5ytf x13a6bvl x193iq5w x1c4vz4f x1eb86dx\" role=\"presentation\">\n<div class=\"html-div xe8uvvx xdj266r x11i5rnm xat24cr x1mh8g0r xexx8yu x18d9i69 xkhd6sd x78zum5 xdt5ytf x1iyjqo2 x2lah0s xl56j7k x1n2onr6 xpdutdq x1n327nk x1mpkggp\" aria-hidden=\"true\">\n<div class=\"html-div xe8uvvx xdj266r x11i5rnm xat24cr x1mh8g0r xexx8yu x4uap5 x18d9i69 xkhd6sd x6s0dn4 x78zum5 xzgd20w xl5lk40 xpdutdq x15zctf7\" role=\"presentation\">\n<div class=\"html-div xe8uvvx xdj266r x11i5rnm xat24cr x1mh8g0r xexx8yu x4uap5 x18d9i69 xkhd6sd x6s0dn4 x78zum5 xzgd20w xl5lk40 xpdutdq x15zctf7\" role=\"presentation\">\n<div class=\"html-div xe8uvvx xdj266r x11i5rnm xat24cr x1mh8g0r xexx8yu x4uap5 x18d9i69 xkhd6sd\">\n<div class=\"x9f619 x1n2onr6 x1ja2u2z __fb-light-mode\">\n<div class=\"x1i10hfl x1ejq31n xd10rxx x1sy0etr x17r0tee x1ypdohk xe8uvvx xdj266r x11i5rnm xat24cr x1mh8g0r x16tdsg8 x1hl2dhg xggy1nq x87ps6o x1lku1pv x1a2a7pz x6s0dn4 x14yjl9h xudhj91 x18nykt9 xww2gxu x972fbf xcfux6l x1qhh985 xm0m39n x9f619 x78zum5 xl56j7k xexx8yu x4uap5 x18d9i69 xkhd6sd x1n2onr6 x1fgtraw xgd8bvy xjbqb8w\" tabindex=\"0\" role=\"button\" aria-expanded=\"false\" aria-haspopup=\"menu\" aria-label=\"Zareaguj\">\n<div class=\"x1ey2m1c xds687c x17qophe xg01cxk x47corl x10l6tqk x13vifvy x1ebt8du x19991ni x1dhq9h xzolkzo x12go9s9 x1rnf11y xprq8jg\" role=\"none\" data-visualcompletion=\"ignore\"><\/div>\n<\/div>\n<\/div>\n<\/div>\n<div class=\"html-div xe8uvvx xdj266r x11i5rnm xat24cr x1mh8g0r xexx8yu x4uap5 x18d9i69 xkhd6sd\">\n<div class=\"x9f619 x1n2onr6 x1ja2u2z __fb-light-mode\">\n<div class=\"x1i10hfl x1ejq31n xd10rxx x1sy0etr x17r0tee x1ypdohk xe8uvvx xdj266r x11i5rnm xat24cr x1mh8g0r x16tdsg8 x1hl2dhg xggy1nq x87ps6o x1lku1pv x1a2a7pz x6s0dn4 x14yjl9h xudhj91 x18nykt9 xww2gxu x972fbf xcfux6l x1qhh985 xm0m39n x9f619 x78zum5 xl56j7k xexx8yu x4uap5 x18d9i69 xkhd6sd x1n2onr6 x1fgtraw xgd8bvy xjbqb8w\" tabindex=\"0\" role=\"button\" aria-label=\"Odpowiedz\">\n<div class=\"x1ey2m1c xds687c x17qophe xg01cxk x47corl x10l6tqk x13vifvy x1ebt8du x19991ni x1dhq9h xzolkzo x12go9s9 x1rnf11y xprq8jg\" role=\"none\" data-visualcompletion=\"ignore\"><\/div>\n<\/div>\n<\/div>\n<\/div>\n<div class=\"html-div xe8uvvx xdj266r x11i5rnm xat24cr x1mh8g0r xexx8yu x4uap5 x18d9i69 xkhd6sd\">\n<div class=\"x9f619 x1n2onr6 x1ja2u2z __fb-light-mode\">\n<div class=\"x1i10hfl x1ejq31n xd10rxx x1sy0etr x17r0tee x1ypdohk xe8uvvx xdj266r x11i5rnm xat24cr x1mh8g0r x16tdsg8 x1hl2dhg xggy1nq x87ps6o x1lku1pv x1a2a7pz x6s0dn4 x14yjl9h xudhj91 x18nykt9 xww2gxu x972fbf xcfux6l x1qhh985 xm0m39n x9f619 x78zum5 xl56j7k xexx8yu x4uap5 x18d9i69 xkhd6sd x1n2onr6 x1fgtraw xgd8bvy xjbqb8w\" tabindex=\"0\" role=\"button\" aria-expanded=\"false\" aria-haspopup=\"menu\" aria-label=\"Wi\u0119cej\">\n<div class=\"x1ey2m1c xds687c x17qophe xg01cxk x47corl x10l6tqk x13vifvy x1ebt8du x19991ni x1dhq9h xzolkzo x12go9s9 x1rnf11y xprq8jg\" role=\"none\" data-visualcompletion=\"ignore\"><\/div>\n<\/div>\n<\/div>\n<\/div>\n<\/div>\n<\/div>\n<\/div>\n<\/div>\n<div class=\"html-div xe8uvvx xdj266r x11i5rnm xat24cr x1mh8g0r xexx8yu x4uap5 x18d9i69 xkhd6sd x1h91t0o xkh2ocl x78zum5 xdt5ytf x13a6bvl x193iq5w x1iyjqo2 x1eb86dx\" role=\"presentation\">\n<div class=\"html-div xe8uvvx xdj266r x11i5rnm xat24cr x1mh8g0r xexx8yu x4uap5 x18d9i69 xkhd6sd x1r8uery x1iyjqo2\" role=\"presentation\"><\/div>\n<\/div>\n<\/div>\n<div class=\"html-div xe8uvvx xdj266r x11i5rnm xat24cr x1mh8g0r xexx8yu x4uap5 x18d9i69 xkhd6sd x1h91t0o xkh2ocl x78zum5 xdt5ytf x13a6bvl x193iq5w x1c4vz4f x1eb86dx\" role=\"presentation\">\n<div class=\"x1xc55vz\" role=\"none\"><\/div>\n<\/div>\n<\/div>\n<div class=\"html-div xe8uvvx xdj266r x11i5rnm xat24cr x1mh8g0r xexx8yu x4uap5 x18d9i69 xkhd6sd x78zum5 x13a6bvl\"><\/div>","protected":false},"featured_media":17084,"template":"","meta":[],"product_brand":[],"product_cat":[189],"product_tag":[],"class_list":{"0":"post-17081","1":"product","2":"type-product","3":"status-publish","4":"has-post-thumbnail","6":"product_cat-prezentacja-obraczki-slubne","8":"first","9":"outofstock","10":"shipping-taxable","11":"product-type-simple"},"yoast_head":"<!-- This site is optimized with the Yoast SEO plugin v24.6 - https:\/\/yoast.com\/wordpress\/plugins\/seo\/ -->\n<title>Negatyw - Schiffers<\/title>\n<meta name=\"robots\" content=\"index, follow, max-snippet:-1, max-image-preview:large, max-video-preview:-1\" \/>\n<link rel=\"canonical\" href=\"https:\/\/schiffers.pl\/en\/sklep\/negatyw\/\" \/>\n<meta property=\"og:locale\" content=\"en_US\" \/>\n<meta property=\"og:type\" content=\"article\" \/>\n<meta property=\"og:title\" content=\"Negatyw - Schiffers\" \/>\n<meta property=\"og:description\" content=\"Niekiedy pary decyduj\u0105 si\u0119 na identyczne obr\u0105czki jako symbol jedno\u015bci i wsp\u00f3lnego przej\u015bcia przez \u017cycie. Jednak coraz bardziej popularne staje si\u0119 r\u00f3wnie\u017c dopasowywanie obr\u0105czek do indywidualnych upodoba\u0144 ka\u017cdego z partner\u00f3w. Wa\u017cne jest, aby decyzja dotycz\u0105ca obr\u0105czek by\u0142a wsp\u00f3lna i satysfakcjonuj\u0105ca dla obojga partner\u00f3w, poniewa\u017c s\u0105 to symbole ich zwi\u0105zku i powinny odzwierciedla\u0107 ich wsp\u00f3lne warto\u015bci i uczucia.         NEGATYW to w\u0142a\u015bnie odpowied\u017a na te potrzeby - wz\u00f3r z damskiej a\u017curowej obr\u0105czki pojawi\u0142 si\u0119 w m\u0119skiej wersji jako odbicie.    Ca\u0142o\u015b\u0107 wykonana z r\u00f3\u017cowego z\u0142ota pr\u00f3by 585, diamenty\" \/>\n<meta property=\"og:url\" content=\"https:\/\/schiffers.pl\/en\/sklep\/negatyw\/\" \/>\n<meta property=\"og:site_name\" content=\"Schiffers\" \/>\n<meta property=\"article:modified_time\" content=\"2024-02-21T17:36:10+00:00\" \/>\n<meta property=\"og:image\" content=\"https:\/\/schiffers.pl\/wp-content\/uploads\/2024\/02\/542A1030-EB5D-4F58-BAF6-2E7F9D3F3922_1_201_a-1-scaled.jpeg\" \/>\n\t<meta property=\"og:image:width\" content=\"2560\" \/>\n\t<meta property=\"og:image:height\" content=\"2560\" \/>\n\t<meta property=\"og:image:type\" content=\"image\/jpeg\" \/>\n<meta name=\"twitter:card\" content=\"summary_large_image\" \/>\n<script type=\"application\/ld+json\" class=\"yoast-schema-graph\">{\"@context\":\"https:\/\/schema.org\",\"@graph\":[{\"@type\":\"WebPage\",\"@id\":\"https:\/\/schiffers.pl\/sklep\/negatyw\/\",\"url\":\"https:\/\/schiffers.pl\/sklep\/negatyw\/\",\"name\":\"Negatyw - Schiffers\",\"isPartOf\":{\"@id\":\"https:\/\/schiffers.pl\/#website\"},\"primaryImageOfPage\":{\"@id\":\"https:\/\/schiffers.pl\/sklep\/negatyw\/#primaryimage\"},\"image\":{\"@id\":\"https:\/\/schiffers.pl\/sklep\/negatyw\/#primaryimage\"},\"thumbnailUrl\":\"https:\/\/schiffers.pl\/wp-content\/uploads\/2024\/02\/542A1030-EB5D-4F58-BAF6-2E7F9D3F3922_1_201_a-1-scaled.jpeg\",\"datePublished\":\"2024-02-21T17:29:00+00:00\",\"dateModified\":\"2024-02-21T17:36:10+00:00\",\"breadcrumb\":{\"@id\":\"https:\/\/schiffers.pl\/sklep\/negatyw\/#breadcrumb\"},\"inLanguage\":\"en-US\",\"potentialAction\":[{\"@type\":\"ReadAction\",\"target\":[\"https:\/\/schiffers.pl\/sklep\/negatyw\/\"]}]},{\"@type\":\"ImageObject\",\"inLanguage\":\"en-US\",\"@id\":\"https:\/\/schiffers.pl\/sklep\/negatyw\/#primaryimage\",\"url\":\"https:\/\/schiffers.pl\/wp-content\/uploads\/2024\/02\/542A1030-EB5D-4F58-BAF6-2E7F9D3F3922_1_201_a-1-scaled.jpeg\",\"contentUrl\":\"https:\/\/schiffers.pl\/wp-content\/uploads\/2024\/02\/542A1030-EB5D-4F58-BAF6-2E7F9D3F3922_1_201_a-1-scaled.jpeg\",\"width\":2560,\"height\":2560,\"caption\":\"obr\u0105czki\"},{\"@type\":\"BreadcrumbList\",\"@id\":\"https:\/\/schiffers.pl\/sklep\/negatyw\/#breadcrumb\",\"itemListElement\":[{\"@type\":\"ListItem\",\"position\":1,\"name\":\"Strona g\u0142\u00f3wna\",\"item\":\"https:\/\/schiffers.pl\/\"},{\"@type\":\"ListItem\",\"position\":2,\"name\":\"Sklep\",\"item\":\"https:\/\/schiffers.pl\/sklep\/\"},{\"@type\":\"ListItem\",\"position\":3,\"name\":\"Negatyw\"}]},{\"@type\":\"WebSite\",\"@id\":\"https:\/\/schiffers.pl\/#website\",\"url\":\"https:\/\/schiffers.pl\/\",\"name\":\"Schiffers\",\"description\":\"bi\u017cuteria\",\"potentialAction\":[{\"@type\":\"SearchAction\",\"target\":{\"@type\":\"EntryPoint\",\"urlTemplate\":\"https:\/\/schiffers.pl\/?s={search_term_string}\"},\"query-input\":{\"@type\":\"PropertyValueSpecification\",\"valueRequired\":true,\"valueName\":\"search_term_string\"}}],\"inLanguage\":\"en-US\"}]}<\/script>\n<!-- \/ Yoast SEO plugin. -->","yoast_head_json":{"title":"Negatyw - Schiffers","robots":{"index":"index","follow":"follow","max-snippet":"max-snippet:-1","max-image-preview":"max-image-preview:large","max-video-preview":"max-video-preview:-1"},"canonical":"https:\/\/schiffers.pl\/en\/sklep\/negatyw\/","og_locale":"en_US","og_type":"article","og_title":"Negatyw - Schiffers","og_description":"Niekiedy pary decyduj\u0105 si\u0119 na identyczne obr\u0105czki jako symbol jedno\u015bci i wsp\u00f3lnego przej\u015bcia przez \u017cycie. Jednak coraz bardziej popularne staje si\u0119 r\u00f3wnie\u017c dopasowywanie obr\u0105czek do indywidualnych upodoba\u0144 ka\u017cdego z partner\u00f3w. Wa\u017cne jest, aby decyzja dotycz\u0105ca obr\u0105czek by\u0142a wsp\u00f3lna i satysfakcjonuj\u0105ca dla obojga partner\u00f3w, poniewa\u017c s\u0105 to symbole ich zwi\u0105zku i powinny odzwierciedla\u0107 ich wsp\u00f3lne warto\u015bci i uczucia.         NEGATYW to w\u0142a\u015bnie odpowied\u017a na te potrzeby - wz\u00f3r z damskiej a\u017curowej obr\u0105czki pojawi\u0142 si\u0119 w m\u0119skiej wersji jako odbicie.    Ca\u0142o\u015b\u0107 wykonana z r\u00f3\u017cowego z\u0142ota pr\u00f3by 585, diamenty","og_url":"https:\/\/schiffers.pl\/en\/sklep\/negatyw\/","og_site_name":"Schiffers","article_modified_time":"2024-02-21T17:36:10+00:00","og_image":[{"width":2560,"height":2560,"url":"https:\/\/schiffers.pl\/wp-content\/uploads\/2024\/02\/542A1030-EB5D-4F58-BAF6-2E7F9D3F3922_1_201_a-1-scaled.jpeg","type":"image\/jpeg"}],"twitter_card":"summary_large_image","schema":{"@context":"https:\/\/schema.org","@graph":[{"@type":"WebPage","@id":"https:\/\/schiffers.pl\/sklep\/negatyw\/","url":"https:\/\/schiffers.pl\/sklep\/negatyw\/","name":"Negatyw - Schiffers","isPartOf":{"@id":"https:\/\/schiffers.pl\/#website"},"primaryImageOfPage":{"@id":"https:\/\/schiffers.pl\/sklep\/negatyw\/#primaryimage"},"image":{"@id":"https:\/\/schiffers.pl\/sklep\/negatyw\/#primaryimage"},"thumbnailUrl":"https:\/\/schiffers.pl\/wp-content\/uploads\/2024\/02\/542A1030-EB5D-4F58-BAF6-2E7F9D3F3922_1_201_a-1-scaled.jpeg","datePublished":"2024-02-21T17:29:00+00:00","dateModified":"2024-02-21T17:36:10+00:00","breadcrumb":{"@id":"https:\/\/schiffers.pl\/sklep\/negatyw\/#breadcrumb"},"inLanguage":"en-US","potentialAction":[{"@type":"ReadAction","target":["https:\/\/schiffers.pl\/sklep\/negatyw\/"]}]},{"@type":"ImageObject","inLanguage":"en-US","@id":"https:\/\/schiffers.pl\/sklep\/negatyw\/#primaryimage","url":"https:\/\/schiffers.pl\/wp-content\/uploads\/2024\/02\/542A1030-EB5D-4F58-BAF6-2E7F9D3F3922_1_201_a-1-scaled.jpeg","contentUrl":"https:\/\/schiffers.pl\/wp-content\/uploads\/2024\/02\/542A1030-EB5D-4F58-BAF6-2E7F9D3F3922_1_201_a-1-scaled.jpeg","width":2560,"height":2560,"caption":"obr\u0105czki"},{"@type":"BreadcrumbList","@id":"https:\/\/schiffers.pl\/sklep\/negatyw\/#breadcrumb","itemListElement":[{"@type":"ListItem","position":1,"name":"Strona g\u0142\u00f3wna","item":"https:\/\/schiffers.pl\/"},{"@type":"ListItem","position":2,"name":"Sklep","item":"https:\/\/schiffers.pl\/sklep\/"},{"@type":"ListItem","position":3,"name":"Negatyw"}]},{"@type":"WebSite","@id":"https:\/\/schiffers.pl\/#website","url":"https:\/\/schiffers.pl\/","name":"Schiffers","description":"bi\u017cuteria","potentialAction":[{"@type":"SearchAction","target":{"@type":"EntryPoint","urlTemplate":"https:\/\/schiffers.pl\/?s={search_term_string}"},"query-input":{"@type":"PropertyValueSpecification","valueRequired":true,"valueName":"search_term_string"}}],"inLanguage":"en-US"}]}},"_links":{"self":[{"href":"https:\/\/schiffers.pl\/en\/wp-json\/wp\/v2\/product\/17081","targetHints":{"allow":["GET"]}}],"collection":[{"href":"https:\/\/schiffers.pl\/en\/wp-json\/wp\/v2\/product"}],"about":[{"href":"https:\/\/schiffers.pl\/en\/wp-json\/wp\/v2\/types\/product"}],"wp:featuredmedia":[{"embeddable":true,"href":"https:\/\/schiffers.pl\/en\/wp-json\/wp\/v2\/media\/17084"}],"wp:attachment":[{"href":"https:\/\/schiffers.pl\/en\/wp-json\/wp\/v2\/media?parent=17081"}],"wp:term":[{"taxonomy":"product_brand","embeddable":true,"href":"https:\/\/schiffers.pl\/en\/wp-json\/wp\/v2\/product_brand?post=17081"},{"taxonomy":"product_cat","embeddable":true,"href":"https:\/\/schiffers.pl\/en\/wp-json\/wp\/v2\/product_cat?post=17081"},{"taxonomy":"product_tag","embeddable":true,"href":"https:\/\/schiffers.pl\/en\/wp-json\/wp\/v2\/product_tag?post=17081"}],"curies":[{"name":"wp","href":"https:\/\/api.w.org\/{rel}","templated":true}]}}