{"id":16800,"date":"2023-03-09T15:28:09","date_gmt":"2023-03-09T14:28:09","guid":{"rendered":"https:\/\/schiffers.pl\/?post_type=product&#038;p=16800"},"modified":"2024-12-03T22:48:34","modified_gmt":"2024-12-03T21:48:34","slug":"pierscionek-dostepny-w-sklep","status":"publish","type":"product","link":"https:\/\/schiffers.pl\/en\/sklep\/pierscionek-dostepny-w-sklep\/","title":{"rendered":"Pier\u015bcionek z emaliowym sercem"},"content":{"rendered":"","protected":false},"excerpt":{"rendered":"<p>Pier\u015bcionek bywa dost\u0119pny &#8222;od r\u0119ki&#8221; w naszym sklepie www lub bezpo\u015brednio w pracowni. Mo\u017cna si\u0119 z nami um\u00f3wi\u0107 na jego obejrzenie \ud83d\ude42 (uprzednio kontaktuj\u0105c si\u0119 z nami telefonicznie)<\/p>\n<p>W pier\u015bcionku jest zakuty szmaragd 0,22 ct oraz diament\u00a0o wadze 0,15 ct VS2\/G.\u00a0 Zastosowali\u015bmy tak\u017ce wype\u0142nienie emali\u0105 (czerwone serce)<\/p>\n<p>rozm. 13\u00a0 z mo\u017cliwo\u015bci\u0105 korekty +\/- 1 rozmiar<\/p>\n<p>Cena 3200 z\u0142<\/p>\n<p>Chc\u0105c zakupi\u0107 go online zapraszamy do zak\u0142adki SKLEP<\/p>","protected":false},"featured_media":16773,"template":"","meta":[],"product_brand":[],"product_cat":[171],"product_tag":[],"class_list":{"0":"post-16800","1":"product","2":"type-product","3":"status-publish","4":"has-post-thumbnail","6":"product_cat-prezentacja-pierscionki-zareczynowe","8":"first","9":"instock","10":"shipping-taxable","11":"product-type-simple"},"yoast_head":"<!-- This site is optimized with the Yoast SEO plugin v24.6 - https:\/\/yoast.com\/wordpress\/plugins\/seo\/ -->\n<title>Pier\u015bcionek z emaliowym sercem - Schiffers<\/title>\n<meta name=\"robots\" content=\"index, follow, max-snippet:-1, max-image-preview:large, max-video-preview:-1\" \/>\n<link rel=\"canonical\" href=\"https:\/\/schiffers.pl\/en\/sklep\/pierscionek-dostepny-w-sklep\/\" \/>\n<meta property=\"og:locale\" content=\"en_US\" \/>\n<meta property=\"og:type\" content=\"article\" \/>\n<meta property=\"og:title\" content=\"Pier\u015bcionek z emaliowym sercem - Schiffers\" \/>\n<meta property=\"og:description\" content=\"Pier\u015bcionek bywa dost\u0119pny &quot;od r\u0119ki&quot; w naszym sklepie www lub bezpo\u015brednio w pracowni. Mo\u017cna si\u0119 z nami um\u00f3wi\u0107 na jego obejrzenie :-) (uprzednio kontaktuj\u0105c si\u0119 z nami telefonicznie)  W pier\u015bcionku jest zakuty szmaragd 0,22 ct oraz diament\u00a0o wadze 0,15 ct VS2\/G.\u00a0 Zastosowali\u015bmy tak\u017ce wype\u0142nienie emali\u0105 (czerwone serce)  rozm. 13\u00a0 z mo\u017cliwo\u015bci\u0105 korekty +\/- 1 rozmiar  Cena 3200 z\u0142  Chc\u0105c zakupi\u0107 go online zapraszamy do zak\u0142adki SKLEP\" \/>\n<meta property=\"og:url\" content=\"https:\/\/schiffers.pl\/en\/sklep\/pierscionek-dostepny-w-sklep\/\" \/>\n<meta property=\"og:site_name\" content=\"Schiffers\" \/>\n<meta property=\"article:modified_time\" content=\"2024-12-03T21:48:34+00:00\" \/>\n<meta property=\"og:image\" content=\"https:\/\/schiffers.pl\/wp-content\/uploads\/2023\/03\/FAB_02.jpg\" \/>\n\t<meta property=\"og:image:width\" content=\"1500\" \/>\n\t<meta property=\"og:image:height\" content=\"1500\" \/>\n\t<meta property=\"og:image:type\" content=\"image\/jpeg\" \/>\n<meta name=\"twitter:card\" content=\"summary_large_image\" \/>\n<script type=\"application\/ld+json\" class=\"yoast-schema-graph\">{\"@context\":\"https:\/\/schema.org\",\"@graph\":[{\"@type\":\"WebPage\",\"@id\":\"https:\/\/schiffers.pl\/sklep\/pierscionek-dostepny-w-sklep\/\",\"url\":\"https:\/\/schiffers.pl\/sklep\/pierscionek-dostepny-w-sklep\/\",\"name\":\"Pier\u015bcionek z emaliowym sercem - Schiffers\",\"isPartOf\":{\"@id\":\"https:\/\/schiffers.pl\/#website\"},\"primaryImageOfPage\":{\"@id\":\"https:\/\/schiffers.pl\/sklep\/pierscionek-dostepny-w-sklep\/#primaryimage\"},\"image\":{\"@id\":\"https:\/\/schiffers.pl\/sklep\/pierscionek-dostepny-w-sklep\/#primaryimage\"},\"thumbnailUrl\":\"https:\/\/schiffers.pl\/wp-content\/uploads\/2023\/03\/FAB_02.jpg\",\"datePublished\":\"2023-03-09T14:28:09+00:00\",\"dateModified\":\"2024-12-03T21:48:34+00:00\",\"breadcrumb\":{\"@id\":\"https:\/\/schiffers.pl\/sklep\/pierscionek-dostepny-w-sklep\/#breadcrumb\"},\"inLanguage\":\"en-US\",\"potentialAction\":[{\"@type\":\"ReadAction\",\"target\":[\"https:\/\/schiffers.pl\/sklep\/pierscionek-dostepny-w-sklep\/\"]}]},{\"@type\":\"ImageObject\",\"inLanguage\":\"en-US\",\"@id\":\"https:\/\/schiffers.pl\/sklep\/pierscionek-dostepny-w-sklep\/#primaryimage\",\"url\":\"https:\/\/schiffers.pl\/wp-content\/uploads\/2023\/03\/FAB_02.jpg\",\"contentUrl\":\"https:\/\/schiffers.pl\/wp-content\/uploads\/2023\/03\/FAB_02.jpg\",\"width\":1500,\"height\":1500},{\"@type\":\"BreadcrumbList\",\"@id\":\"https:\/\/schiffers.pl\/sklep\/pierscionek-dostepny-w-sklep\/#breadcrumb\",\"itemListElement\":[{\"@type\":\"ListItem\",\"position\":1,\"name\":\"Strona g\u0142\u00f3wna\",\"item\":\"https:\/\/schiffers.pl\/\"},{\"@type\":\"ListItem\",\"position\":2,\"name\":\"Sklep\",\"item\":\"https:\/\/schiffers.pl\/sklep\/\"},{\"@type\":\"ListItem\",\"position\":3,\"name\":\"Pier\u015bcionek z emaliowym sercem\"}]},{\"@type\":\"WebSite\",\"@id\":\"https:\/\/schiffers.pl\/#website\",\"url\":\"https:\/\/schiffers.pl\/\",\"name\":\"Schiffers\",\"description\":\"bi\u017cuteria\",\"potentialAction\":[{\"@type\":\"SearchAction\",\"target\":{\"@type\":\"EntryPoint\",\"urlTemplate\":\"https:\/\/schiffers.pl\/?s={search_term_string}\"},\"query-input\":{\"@type\":\"PropertyValueSpecification\",\"valueRequired\":true,\"valueName\":\"search_term_string\"}}],\"inLanguage\":\"en-US\"}]}<\/script>\n<!-- \/ Yoast SEO plugin. -->","yoast_head_json":{"title":"Pier\u015bcionek z emaliowym sercem - Schiffers","robots":{"index":"index","follow":"follow","max-snippet":"max-snippet:-1","max-image-preview":"max-image-preview:large","max-video-preview":"max-video-preview:-1"},"canonical":"https:\/\/schiffers.pl\/en\/sklep\/pierscionek-dostepny-w-sklep\/","og_locale":"en_US","og_type":"article","og_title":"Pier\u015bcionek z emaliowym sercem - Schiffers","og_description":"Pier\u015bcionek bywa dost\u0119pny \"od r\u0119ki\" w naszym sklepie www lub bezpo\u015brednio w pracowni. Mo\u017cna si\u0119 z nami um\u00f3wi\u0107 na jego obejrzenie :-) (uprzednio kontaktuj\u0105c si\u0119 z nami telefonicznie)  W pier\u015bcionku jest zakuty szmaragd 0,22 ct oraz diament\u00a0o wadze 0,15 ct VS2\/G.\u00a0 Zastosowali\u015bmy tak\u017ce wype\u0142nienie emali\u0105 (czerwone serce)  rozm. 13\u00a0 z mo\u017cliwo\u015bci\u0105 korekty +\/- 1 rozmiar  Cena 3200 z\u0142  Chc\u0105c zakupi\u0107 go online zapraszamy do zak\u0142adki SKLEP","og_url":"https:\/\/schiffers.pl\/en\/sklep\/pierscionek-dostepny-w-sklep\/","og_site_name":"Schiffers","article_modified_time":"2024-12-03T21:48:34+00:00","og_image":[{"width":1500,"height":1500,"url":"https:\/\/schiffers.pl\/wp-content\/uploads\/2023\/03\/FAB_02.jpg","type":"image\/jpeg"}],"twitter_card":"summary_large_image","schema":{"@context":"https:\/\/schema.org","@graph":[{"@type":"WebPage","@id":"https:\/\/schiffers.pl\/sklep\/pierscionek-dostepny-w-sklep\/","url":"https:\/\/schiffers.pl\/sklep\/pierscionek-dostepny-w-sklep\/","name":"Pier\u015bcionek z emaliowym sercem - Schiffers","isPartOf":{"@id":"https:\/\/schiffers.pl\/#website"},"primaryImageOfPage":{"@id":"https:\/\/schiffers.pl\/sklep\/pierscionek-dostepny-w-sklep\/#primaryimage"},"image":{"@id":"https:\/\/schiffers.pl\/sklep\/pierscionek-dostepny-w-sklep\/#primaryimage"},"thumbnailUrl":"https:\/\/schiffers.pl\/wp-content\/uploads\/2023\/03\/FAB_02.jpg","datePublished":"2023-03-09T14:28:09+00:00","dateModified":"2024-12-03T21:48:34+00:00","breadcrumb":{"@id":"https:\/\/schiffers.pl\/sklep\/pierscionek-dostepny-w-sklep\/#breadcrumb"},"inLanguage":"en-US","potentialAction":[{"@type":"ReadAction","target":["https:\/\/schiffers.pl\/sklep\/pierscionek-dostepny-w-sklep\/"]}]},{"@type":"ImageObject","inLanguage":"en-US","@id":"https:\/\/schiffers.pl\/sklep\/pierscionek-dostepny-w-sklep\/#primaryimage","url":"https:\/\/schiffers.pl\/wp-content\/uploads\/2023\/03\/FAB_02.jpg","contentUrl":"https:\/\/schiffers.pl\/wp-content\/uploads\/2023\/03\/FAB_02.jpg","width":1500,"height":1500},{"@type":"BreadcrumbList","@id":"https:\/\/schiffers.pl\/sklep\/pierscionek-dostepny-w-sklep\/#breadcrumb","itemListElement":[{"@type":"ListItem","position":1,"name":"Strona g\u0142\u00f3wna","item":"https:\/\/schiffers.pl\/"},{"@type":"ListItem","position":2,"name":"Sklep","item":"https:\/\/schiffers.pl\/sklep\/"},{"@type":"ListItem","position":3,"name":"Pier\u015bcionek z emaliowym sercem"}]},{"@type":"WebSite","@id":"https:\/\/schiffers.pl\/#website","url":"https:\/\/schiffers.pl\/","name":"Schiffers","description":"bi\u017cuteria","potentialAction":[{"@type":"SearchAction","target":{"@type":"EntryPoint","urlTemplate":"https:\/\/schiffers.pl\/?s={search_term_string}"},"query-input":{"@type":"PropertyValueSpecification","valueRequired":true,"valueName":"search_term_string"}}],"inLanguage":"en-US"}]}},"_links":{"self":[{"href":"https:\/\/schiffers.pl\/en\/wp-json\/wp\/v2\/product\/16800","targetHints":{"allow":["GET"]}}],"collection":[{"href":"https:\/\/schiffers.pl\/en\/wp-json\/wp\/v2\/product"}],"about":[{"href":"https:\/\/schiffers.pl\/en\/wp-json\/wp\/v2\/types\/product"}],"wp:featuredmedia":[{"embeddable":true,"href":"https:\/\/schiffers.pl\/en\/wp-json\/wp\/v2\/media\/16773"}],"wp:attachment":[{"href":"https:\/\/schiffers.pl\/en\/wp-json\/wp\/v2\/media?parent=16800"}],"wp:term":[{"taxonomy":"product_brand","embeddable":true,"href":"https:\/\/schiffers.pl\/en\/wp-json\/wp\/v2\/product_brand?post=16800"},{"taxonomy":"product_cat","embeddable":true,"href":"https:\/\/schiffers.pl\/en\/wp-json\/wp\/v2\/product_cat?post=16800"},{"taxonomy":"product_tag","embeddable":true,"href":"https:\/\/schiffers.pl\/en\/wp-json\/wp\/v2\/product_tag?post=16800"}],"curies":[{"name":"wp","href":"https:\/\/api.w.org\/{rel}","templated":true}]}}