{"id":16782,"date":"2023-03-09T12:47:49","date_gmt":"2023-03-09T11:47:49","guid":{"rendered":"https:\/\/schiffers.pl\/?post_type=product&#038;p=16782"},"modified":"2023-03-09T14:04:50","modified_gmt":"2023-03-09T13:04:50","slug":"zakopianski-styl-ze-szmaragdem-i-diamentami","status":"publish","type":"product","link":"https:\/\/schiffers.pl\/en\/sklep\/zakopianski-styl-ze-szmaragdem-i-diamentami\/","title":{"rendered":"Zakopia\u0144ski styl w towarzystwie szmaragdu i diament\u00f3w"},"content":{"rendered":"","protected":false},"excerpt":{"rendered":"<p>Ten wyj\u0105tkowy projekt powsta\u0142 na zlecenie klienta z Zakopanego. Przywi\u0105zanie do tradycji zaowocowa\u0142o pi\u0119knym nawi\u0105zaniem i wykorzystaniem elementu stylu zakopia\u0144skiego w podstawie kamienia &#8211; szmaragdu. Naoko\u0142o centralnego kamienia zakute zosta\u0142y diamenty.<\/p>\n<p>S\u0142owa tu s\u0105 zb\u0119dne &#8211; sp\u00f3jrzcie na ten pi\u0119kny efekt, jaki uda\u0142o nam si\u0119 osi\u0105gn\u0105\u0107.<\/p>\n<p>\u017c\u00f3\u0142te z\u0142oto 585, szmaragd, diamenty<\/p>\n<p>&nbsp;<\/p>\n<p>&nbsp;<\/p>","protected":false},"featured_media":16789,"template":"","meta":[],"product_brand":[],"product_cat":[171],"product_tag":[],"class_list":{"0":"post-16782","1":"product","2":"type-product","3":"status-publish","4":"has-post-thumbnail","6":"product_cat-prezentacja-pierscionki-zareczynowe","8":"first","9":"outofstock","10":"shipping-taxable","11":"product-type-simple"},"yoast_head":"<!-- This site is optimized with the Yoast SEO plugin v24.6 - https:\/\/yoast.com\/wordpress\/plugins\/seo\/ -->\n<title>Zakopia\u0144ski styl w towarzystwie szmaragdu i diament\u00f3w - Schiffers<\/title>\n<meta name=\"robots\" content=\"index, follow, max-snippet:-1, max-image-preview:large, max-video-preview:-1\" \/>\n<link rel=\"canonical\" href=\"https:\/\/schiffers.pl\/en\/sklep\/zakopianski-styl-ze-szmaragdem-i-diamentami\/\" \/>\n<meta property=\"og:locale\" content=\"en_US\" \/>\n<meta property=\"og:type\" content=\"article\" \/>\n<meta property=\"og:title\" content=\"Zakopia\u0144ski styl w towarzystwie szmaragdu i diament\u00f3w - Schiffers\" \/>\n<meta property=\"og:description\" content=\"Ten wyj\u0105tkowy projekt powsta\u0142 na zlecenie klienta z Zakopanego. Przywi\u0105zanie do tradycji zaowocowa\u0142o pi\u0119knym nawi\u0105zaniem i wykorzystaniem elementu stylu zakopia\u0144skiego w podstawie kamienia - szmaragdu. Naoko\u0142o centralnego kamienia zakute zosta\u0142y diamenty.  S\u0142owa tu s\u0105 zb\u0119dne - sp\u00f3jrzcie na ten pi\u0119kny efekt, jaki uda\u0142o nam si\u0119 osi\u0105gn\u0105\u0107.  \u017c\u00f3\u0142te z\u0142oto 585, szmaragd, diamenty  &nbsp;  &nbsp;\" \/>\n<meta property=\"og:url\" content=\"https:\/\/schiffers.pl\/en\/sklep\/zakopianski-styl-ze-szmaragdem-i-diamentami\/\" \/>\n<meta property=\"og:site_name\" content=\"Schiffers\" \/>\n<meta property=\"article:modified_time\" content=\"2023-03-09T13:04:50+00:00\" \/>\n<meta property=\"og:image\" content=\"https:\/\/schiffers.pl\/wp-content\/uploads\/2023\/03\/1440592.jpg\" \/>\n\t<meta property=\"og:image:width\" content=\"1668\" \/>\n\t<meta property=\"og:image:height\" content=\"1668\" \/>\n\t<meta property=\"og:image:type\" content=\"image\/jpeg\" \/>\n<meta name=\"twitter:card\" content=\"summary_large_image\" \/>\n<script type=\"application\/ld+json\" class=\"yoast-schema-graph\">{\"@context\":\"https:\/\/schema.org\",\"@graph\":[{\"@type\":\"WebPage\",\"@id\":\"https:\/\/schiffers.pl\/sklep\/zakopianski-styl-ze-szmaragdem-i-diamentami\/\",\"url\":\"https:\/\/schiffers.pl\/sklep\/zakopianski-styl-ze-szmaragdem-i-diamentami\/\",\"name\":\"Zakopia\u0144ski styl w towarzystwie szmaragdu i diament\u00f3w - Schiffers\",\"isPartOf\":{\"@id\":\"https:\/\/schiffers.pl\/#website\"},\"primaryImageOfPage\":{\"@id\":\"https:\/\/schiffers.pl\/sklep\/zakopianski-styl-ze-szmaragdem-i-diamentami\/#primaryimage\"},\"image\":{\"@id\":\"https:\/\/schiffers.pl\/sklep\/zakopianski-styl-ze-szmaragdem-i-diamentami\/#primaryimage\"},\"thumbnailUrl\":\"https:\/\/schiffers.pl\/wp-content\/uploads\/2023\/03\/1440592.jpg\",\"datePublished\":\"2023-03-09T11:47:49+00:00\",\"dateModified\":\"2023-03-09T13:04:50+00:00\",\"breadcrumb\":{\"@id\":\"https:\/\/schiffers.pl\/sklep\/zakopianski-styl-ze-szmaragdem-i-diamentami\/#breadcrumb\"},\"inLanguage\":\"en-US\",\"potentialAction\":[{\"@type\":\"ReadAction\",\"target\":[\"https:\/\/schiffers.pl\/sklep\/zakopianski-styl-ze-szmaragdem-i-diamentami\/\"]}]},{\"@type\":\"ImageObject\",\"inLanguage\":\"en-US\",\"@id\":\"https:\/\/schiffers.pl\/sklep\/zakopianski-styl-ze-szmaragdem-i-diamentami\/#primaryimage\",\"url\":\"https:\/\/schiffers.pl\/wp-content\/uploads\/2023\/03\/1440592.jpg\",\"contentUrl\":\"https:\/\/schiffers.pl\/wp-content\/uploads\/2023\/03\/1440592.jpg\",\"width\":1668,\"height\":1668},{\"@type\":\"BreadcrumbList\",\"@id\":\"https:\/\/schiffers.pl\/sklep\/zakopianski-styl-ze-szmaragdem-i-diamentami\/#breadcrumb\",\"itemListElement\":[{\"@type\":\"ListItem\",\"position\":1,\"name\":\"Strona g\u0142\u00f3wna\",\"item\":\"https:\/\/schiffers.pl\/\"},{\"@type\":\"ListItem\",\"position\":2,\"name\":\"Sklep\",\"item\":\"https:\/\/schiffers.pl\/sklep\/\"},{\"@type\":\"ListItem\",\"position\":3,\"name\":\"Zakopia\u0144ski styl w towarzystwie szmaragdu i diament\u00f3w\"}]},{\"@type\":\"WebSite\",\"@id\":\"https:\/\/schiffers.pl\/#website\",\"url\":\"https:\/\/schiffers.pl\/\",\"name\":\"Schiffers\",\"description\":\"bi\u017cuteria\",\"potentialAction\":[{\"@type\":\"SearchAction\",\"target\":{\"@type\":\"EntryPoint\",\"urlTemplate\":\"https:\/\/schiffers.pl\/?s={search_term_string}\"},\"query-input\":{\"@type\":\"PropertyValueSpecification\",\"valueRequired\":true,\"valueName\":\"search_term_string\"}}],\"inLanguage\":\"en-US\"}]}<\/script>\n<!-- \/ Yoast SEO plugin. -->","yoast_head_json":{"title":"Zakopia\u0144ski styl w towarzystwie szmaragdu i diament\u00f3w - Schiffers","robots":{"index":"index","follow":"follow","max-snippet":"max-snippet:-1","max-image-preview":"max-image-preview:large","max-video-preview":"max-video-preview:-1"},"canonical":"https:\/\/schiffers.pl\/en\/sklep\/zakopianski-styl-ze-szmaragdem-i-diamentami\/","og_locale":"en_US","og_type":"article","og_title":"Zakopia\u0144ski styl w towarzystwie szmaragdu i diament\u00f3w - Schiffers","og_description":"Ten wyj\u0105tkowy projekt powsta\u0142 na zlecenie klienta z Zakopanego. Przywi\u0105zanie do tradycji zaowocowa\u0142o pi\u0119knym nawi\u0105zaniem i wykorzystaniem elementu stylu zakopia\u0144skiego w podstawie kamienia - szmaragdu. Naoko\u0142o centralnego kamienia zakute zosta\u0142y diamenty.  S\u0142owa tu s\u0105 zb\u0119dne - sp\u00f3jrzcie na ten pi\u0119kny efekt, jaki uda\u0142o nam si\u0119 osi\u0105gn\u0105\u0107.  \u017c\u00f3\u0142te z\u0142oto 585, szmaragd, diamenty  &nbsp;  &nbsp;","og_url":"https:\/\/schiffers.pl\/en\/sklep\/zakopianski-styl-ze-szmaragdem-i-diamentami\/","og_site_name":"Schiffers","article_modified_time":"2023-03-09T13:04:50+00:00","og_image":[{"width":1668,"height":1668,"url":"https:\/\/schiffers.pl\/wp-content\/uploads\/2023\/03\/1440592.jpg","type":"image\/jpeg"}],"twitter_card":"summary_large_image","schema":{"@context":"https:\/\/schema.org","@graph":[{"@type":"WebPage","@id":"https:\/\/schiffers.pl\/sklep\/zakopianski-styl-ze-szmaragdem-i-diamentami\/","url":"https:\/\/schiffers.pl\/sklep\/zakopianski-styl-ze-szmaragdem-i-diamentami\/","name":"Zakopia\u0144ski styl w towarzystwie szmaragdu i diament\u00f3w - Schiffers","isPartOf":{"@id":"https:\/\/schiffers.pl\/#website"},"primaryImageOfPage":{"@id":"https:\/\/schiffers.pl\/sklep\/zakopianski-styl-ze-szmaragdem-i-diamentami\/#primaryimage"},"image":{"@id":"https:\/\/schiffers.pl\/sklep\/zakopianski-styl-ze-szmaragdem-i-diamentami\/#primaryimage"},"thumbnailUrl":"https:\/\/schiffers.pl\/wp-content\/uploads\/2023\/03\/1440592.jpg","datePublished":"2023-03-09T11:47:49+00:00","dateModified":"2023-03-09T13:04:50+00:00","breadcrumb":{"@id":"https:\/\/schiffers.pl\/sklep\/zakopianski-styl-ze-szmaragdem-i-diamentami\/#breadcrumb"},"inLanguage":"en-US","potentialAction":[{"@type":"ReadAction","target":["https:\/\/schiffers.pl\/sklep\/zakopianski-styl-ze-szmaragdem-i-diamentami\/"]}]},{"@type":"ImageObject","inLanguage":"en-US","@id":"https:\/\/schiffers.pl\/sklep\/zakopianski-styl-ze-szmaragdem-i-diamentami\/#primaryimage","url":"https:\/\/schiffers.pl\/wp-content\/uploads\/2023\/03\/1440592.jpg","contentUrl":"https:\/\/schiffers.pl\/wp-content\/uploads\/2023\/03\/1440592.jpg","width":1668,"height":1668},{"@type":"BreadcrumbList","@id":"https:\/\/schiffers.pl\/sklep\/zakopianski-styl-ze-szmaragdem-i-diamentami\/#breadcrumb","itemListElement":[{"@type":"ListItem","position":1,"name":"Strona g\u0142\u00f3wna","item":"https:\/\/schiffers.pl\/"},{"@type":"ListItem","position":2,"name":"Sklep","item":"https:\/\/schiffers.pl\/sklep\/"},{"@type":"ListItem","position":3,"name":"Zakopia\u0144ski styl w towarzystwie szmaragdu i diament\u00f3w"}]},{"@type":"WebSite","@id":"https:\/\/schiffers.pl\/#website","url":"https:\/\/schiffers.pl\/","name":"Schiffers","description":"bi\u017cuteria","potentialAction":[{"@type":"SearchAction","target":{"@type":"EntryPoint","urlTemplate":"https:\/\/schiffers.pl\/?s={search_term_string}"},"query-input":{"@type":"PropertyValueSpecification","valueRequired":true,"valueName":"search_term_string"}}],"inLanguage":"en-US"}]}},"_links":{"self":[{"href":"https:\/\/schiffers.pl\/en\/wp-json\/wp\/v2\/product\/16782","targetHints":{"allow":["GET"]}}],"collection":[{"href":"https:\/\/schiffers.pl\/en\/wp-json\/wp\/v2\/product"}],"about":[{"href":"https:\/\/schiffers.pl\/en\/wp-json\/wp\/v2\/types\/product"}],"wp:featuredmedia":[{"embeddable":true,"href":"https:\/\/schiffers.pl\/en\/wp-json\/wp\/v2\/media\/16789"}],"wp:attachment":[{"href":"https:\/\/schiffers.pl\/en\/wp-json\/wp\/v2\/media?parent=16782"}],"wp:term":[{"taxonomy":"product_brand","embeddable":true,"href":"https:\/\/schiffers.pl\/en\/wp-json\/wp\/v2\/product_brand?post=16782"},{"taxonomy":"product_cat","embeddable":true,"href":"https:\/\/schiffers.pl\/en\/wp-json\/wp\/v2\/product_cat?post=16782"},{"taxonomy":"product_tag","embeddable":true,"href":"https:\/\/schiffers.pl\/en\/wp-json\/wp\/v2\/product_tag?post=16782"}],"curies":[{"name":"wp","href":"https:\/\/api.w.org\/{rel}","templated":true}]}}