{"id":16779,"date":"2023-03-08T18:30:27","date_gmt":"2023-03-08T17:30:27","guid":{"rendered":"https:\/\/schiffers.pl\/?post_type=product&#038;p=16779"},"modified":"2024-10-28T09:38:05","modified_gmt":"2024-10-28T08:38:05","slug":"pierscionek-z-diamentem-rozm-8","status":"publish","type":"product","link":"https:\/\/schiffers.pl\/en\/sklep\/pierscionek-z-diamentem-rozm-8\/","title":{"rendered":"Pier\u015bcionek z diamentem rozm.8"},"content":{"rendered":"<h2 style=\"display: block;\">Pier\u015bcionek z\u0142oty z diamentem \u2013 klasyka jubilerstwa<\/h2>\n<p>R\u0119cznie robiony pier\u015bcionek wykonany z wysokiej jako\u015bci z\u0142ota, ozdobiony l\u015bni\u0105cym diamentem, to wyraz znakomitej sztuki jubilerskiej. Wykorzystany w nim kamie\u0144, b\u0119d\u0105cy symbolem czysto\u015bci i wieczno\u015bci, dodaje mu blasku oraz elegancji. Postawili\u015bmy na precyzyjne rzemios\u0142o, aby detale z\u0142otego pier\u015bcionka z diamentem oddawa\u0142y jego wyj\u0105tkowy charakter, a zarazem tworzy\u0142y harmonijn\u0105 ca\u0142o\u015b\u0107. Klasyczny surowiec zestawiony z diamentem b\u0119dzie znakomitym wyborem dla mi\u0142o\u015bniczek tradycji w bi\u017cuterii.<\/p>\n<h2 style=\"display: block;\">Pier\u015bcionek zar\u0119czynowy z\u0142oty z diamentem. Dla istoty uczu\u0107<\/h2>\n<p>Nie ma nic pi\u0119kniejszego ni\u017c wyra\u017cenie uczu\u0107 za pomoc\u0105 bi\u017cuterii, zw\u0142aszcza je\u015bli b\u0119dzie ona symbolem deklaracji sk\u0142adanej na ca\u0142e \u017cycie \u2013 w postaci o\u015bwiadczyn. Subtelny i delikatny pier\u015bcionek autorstwa Schiffers doskonale sprawdzi si\u0119 jako ten zar\u0119czynowy. Model z diamentem jako oczkiem z pewno\u015bci\u0105 zachwyci przysz\u0142\u0105 pann\u0119 m\u0142od\u0105, a do tego b\u0119dzie idealnie komponowa\u0142 si\u0119 z obr\u0105czk\u0105 do\u0142\u0105czon\u0105 ju\u017c po \u015blubie. Na uwag\u0119 zas\u0142uguje fakt, \u017ce nasz pier\u015bcionek zar\u0119czynowy z diamentem to model robiony r\u0119cznie, z poszanowaniem tradycyjnych warto\u015bci w \u015bwiecie jubilerstwa \u2013 nie wszystkie pier\u015bcionki mog\u0105 szczyci\u0107 si\u0119 tym mianem! Na zar\u0119czyny wybierz zatem co\u015b, co b\u0119dzie unikatowym wyra\u017ceniem Twoich uczu\u0107. Wybierz nasz zjawiskowy model, zaprojektowany z my\u015bl\u0105 o wyj\u0105tkowo\u015bci tej wa\u017cnej chwili.<\/p>","protected":false},"excerpt":{"rendered":"<p>Wyj\u0105tkowy, minimalistyczny pier\u015bcionek zar\u0119czynowy \u2013 z\u0142oty \u2013 z diamentem stanowi synonim pi\u0119kna zamkni\u0119tego w prostej formie. Po\u0142\u0105czenie bia\u0142ego i \u017c\u00f3\u0142tego z\u0142ota zosta\u0142o subtelnie podkre\u015blone przez blask kamienia.<\/p>\n<p><strong>Szczeg\u00f3\u0142owe informacje<\/strong><\/p>\n<ul>\n<li>Diament: 0,25 ct<\/li>\n<li>\u017b\u00f3\u0142te oraz bia\u0142e z\u0142oto: pr\u00f3ba 585<\/li>\n<li>Waga: 3,4 gr<\/li>\n<\/ul>","protected":false},"featured_media":16780,"template":"","meta":[],"product_brand":[],"product_cat":[246],"product_tag":[],"class_list":{"0":"post-16779","1":"product","2":"type-product","3":"status-publish","4":"has-post-thumbnail","6":"product_cat-pierscionki-zareczynowe","8":"first","9":"instock","10":"shipping-taxable","11":"purchasable","12":"product-type-simple"},"yoast_head":"<!-- This site is optimized with the Yoast SEO plugin v24.6 - https:\/\/yoast.com\/wordpress\/plugins\/seo\/ -->\n<title>Pier\u015bcionek z\u0142oty z diamentem - zar\u0119czynowy - Warszawa | Schiffers<\/title>\n<meta name=\"description\" content=\"Pier\u015bcionek zar\u0119czynowy z\u0142oty z diamentem to klasyka, kt\u00f3ra zawsze si\u0119 obroni! Sprawd\u017a nasz wyj\u0105tkowy, r\u0119cznie robiony model \u2013 zakochaj si\u0119 w jego prostocie!\" \/>\n<meta name=\"robots\" content=\"index, follow, max-snippet:-1, max-image-preview:large, max-video-preview:-1\" \/>\n<link rel=\"canonical\" href=\"https:\/\/schiffers.pl\/en\/sklep\/pierscionek-z-diamentem-rozm-8\/\" \/>\n<meta property=\"og:locale\" content=\"en_US\" \/>\n<meta property=\"og:type\" content=\"article\" \/>\n<meta property=\"og:title\" content=\"Pier\u015bcionek z\u0142oty z diamentem - zar\u0119czynowy - Warszawa | Schiffers\" \/>\n<meta property=\"og:description\" content=\"Pier\u015bcionek zar\u0119czynowy z\u0142oty z diamentem to klasyka, kt\u00f3ra zawsze si\u0119 obroni! Sprawd\u017a nasz wyj\u0105tkowy, r\u0119cznie robiony model \u2013 zakochaj si\u0119 w jego prostocie!\" \/>\n<meta property=\"og:url\" content=\"https:\/\/schiffers.pl\/en\/sklep\/pierscionek-z-diamentem-rozm-8\/\" \/>\n<meta property=\"og:site_name\" content=\"Schiffers\" \/>\n<meta property=\"article:modified_time\" content=\"2024-10-28T08:38:05+00:00\" \/>\n<meta property=\"og:image\" content=\"https:\/\/schiffers.pl\/wp-content\/uploads\/2023\/03\/FAB_04.jpg\" \/>\n\t<meta property=\"og:image:width\" content=\"1500\" \/>\n\t<meta property=\"og:image:height\" content=\"1500\" \/>\n\t<meta property=\"og:image:type\" content=\"image\/jpeg\" \/>\n<meta name=\"twitter:card\" content=\"summary_large_image\" \/>\n<meta name=\"twitter:label1\" content=\"Est. reading time\" \/>\n\t<meta name=\"twitter:data1\" content=\"2 minutes\" \/>\n<script type=\"application\/ld+json\" class=\"yoast-schema-graph\">{\"@context\":\"https:\/\/schema.org\",\"@graph\":[{\"@type\":\"WebPage\",\"@id\":\"https:\/\/schiffers.pl\/sklep\/pierscionek-z-diamentem-rozm-8\/\",\"url\":\"https:\/\/schiffers.pl\/sklep\/pierscionek-z-diamentem-rozm-8\/\",\"name\":\"Pier\u015bcionek z\u0142oty z diamentem - zar\u0119czynowy - Warszawa | Schiffers\",\"isPartOf\":{\"@id\":\"https:\/\/schiffers.pl\/#website\"},\"primaryImageOfPage\":{\"@id\":\"https:\/\/schiffers.pl\/sklep\/pierscionek-z-diamentem-rozm-8\/#primaryimage\"},\"image\":{\"@id\":\"https:\/\/schiffers.pl\/sklep\/pierscionek-z-diamentem-rozm-8\/#primaryimage\"},\"thumbnailUrl\":\"https:\/\/schiffers.pl\/wp-content\/uploads\/2023\/03\/FAB_04.jpg\",\"datePublished\":\"2023-03-08T17:30:27+00:00\",\"dateModified\":\"2024-10-28T08:38:05+00:00\",\"description\":\"Pier\u015bcionek zar\u0119czynowy z\u0142oty z diamentem to klasyka, kt\u00f3ra zawsze si\u0119 obroni! Sprawd\u017a nasz wyj\u0105tkowy, r\u0119cznie robiony model \u2013 zakochaj si\u0119 w jego prostocie!\",\"breadcrumb\":{\"@id\":\"https:\/\/schiffers.pl\/sklep\/pierscionek-z-diamentem-rozm-8\/#breadcrumb\"},\"inLanguage\":\"en-US\",\"potentialAction\":[{\"@type\":\"ReadAction\",\"target\":[\"https:\/\/schiffers.pl\/sklep\/pierscionek-z-diamentem-rozm-8\/\"]}]},{\"@type\":\"ImageObject\",\"inLanguage\":\"en-US\",\"@id\":\"https:\/\/schiffers.pl\/sklep\/pierscionek-z-diamentem-rozm-8\/#primaryimage\",\"url\":\"https:\/\/schiffers.pl\/wp-content\/uploads\/2023\/03\/FAB_04.jpg\",\"contentUrl\":\"https:\/\/schiffers.pl\/wp-content\/uploads\/2023\/03\/FAB_04.jpg\",\"width\":1500,\"height\":1500},{\"@type\":\"BreadcrumbList\",\"@id\":\"https:\/\/schiffers.pl\/sklep\/pierscionek-z-diamentem-rozm-8\/#breadcrumb\",\"itemListElement\":[{\"@type\":\"ListItem\",\"position\":1,\"name\":\"Strona g\u0142\u00f3wna\",\"item\":\"https:\/\/schiffers.pl\/\"},{\"@type\":\"ListItem\",\"position\":2,\"name\":\"Sklep\",\"item\":\"https:\/\/schiffers.pl\/sklep\/\"},{\"@type\":\"ListItem\",\"position\":3,\"name\":\"Pier\u015bcionek z diamentem rozm.8\"}]},{\"@type\":\"WebSite\",\"@id\":\"https:\/\/schiffers.pl\/#website\",\"url\":\"https:\/\/schiffers.pl\/\",\"name\":\"Schiffers\",\"description\":\"bi\u017cuteria\",\"potentialAction\":[{\"@type\":\"SearchAction\",\"target\":{\"@type\":\"EntryPoint\",\"urlTemplate\":\"https:\/\/schiffers.pl\/?s={search_term_string}\"},\"query-input\":{\"@type\":\"PropertyValueSpecification\",\"valueRequired\":true,\"valueName\":\"search_term_string\"}}],\"inLanguage\":\"en-US\"}]}<\/script>\n<!-- \/ Yoast SEO plugin. -->","yoast_head_json":{"title":"Pier\u015bcionek z\u0142oty z diamentem - zar\u0119czynowy - Warszawa | Schiffers","description":"Pier\u015bcionek zar\u0119czynowy z\u0142oty z diamentem to klasyka, kt\u00f3ra zawsze si\u0119 obroni! Sprawd\u017a nasz wyj\u0105tkowy, r\u0119cznie robiony model \u2013 zakochaj si\u0119 w jego prostocie!","robots":{"index":"index","follow":"follow","max-snippet":"max-snippet:-1","max-image-preview":"max-image-preview:large","max-video-preview":"max-video-preview:-1"},"canonical":"https:\/\/schiffers.pl\/en\/sklep\/pierscionek-z-diamentem-rozm-8\/","og_locale":"en_US","og_type":"article","og_title":"Pier\u015bcionek z\u0142oty z diamentem - zar\u0119czynowy - Warszawa | Schiffers","og_description":"Pier\u015bcionek zar\u0119czynowy z\u0142oty z diamentem to klasyka, kt\u00f3ra zawsze si\u0119 obroni! Sprawd\u017a nasz wyj\u0105tkowy, r\u0119cznie robiony model \u2013 zakochaj si\u0119 w jego prostocie!","og_url":"https:\/\/schiffers.pl\/en\/sklep\/pierscionek-z-diamentem-rozm-8\/","og_site_name":"Schiffers","article_modified_time":"2024-10-28T08:38:05+00:00","og_image":[{"width":1500,"height":1500,"url":"https:\/\/schiffers.pl\/wp-content\/uploads\/2023\/03\/FAB_04.jpg","type":"image\/jpeg"}],"twitter_card":"summary_large_image","twitter_misc":{"Est. reading time":"2 minutes"},"schema":{"@context":"https:\/\/schema.org","@graph":[{"@type":"WebPage","@id":"https:\/\/schiffers.pl\/sklep\/pierscionek-z-diamentem-rozm-8\/","url":"https:\/\/schiffers.pl\/sklep\/pierscionek-z-diamentem-rozm-8\/","name":"Pier\u015bcionek z\u0142oty z diamentem - zar\u0119czynowy - Warszawa | Schiffers","isPartOf":{"@id":"https:\/\/schiffers.pl\/#website"},"primaryImageOfPage":{"@id":"https:\/\/schiffers.pl\/sklep\/pierscionek-z-diamentem-rozm-8\/#primaryimage"},"image":{"@id":"https:\/\/schiffers.pl\/sklep\/pierscionek-z-diamentem-rozm-8\/#primaryimage"},"thumbnailUrl":"https:\/\/schiffers.pl\/wp-content\/uploads\/2023\/03\/FAB_04.jpg","datePublished":"2023-03-08T17:30:27+00:00","dateModified":"2024-10-28T08:38:05+00:00","description":"Pier\u015bcionek zar\u0119czynowy z\u0142oty z diamentem to klasyka, kt\u00f3ra zawsze si\u0119 obroni! Sprawd\u017a nasz wyj\u0105tkowy, r\u0119cznie robiony model \u2013 zakochaj si\u0119 w jego prostocie!","breadcrumb":{"@id":"https:\/\/schiffers.pl\/sklep\/pierscionek-z-diamentem-rozm-8\/#breadcrumb"},"inLanguage":"en-US","potentialAction":[{"@type":"ReadAction","target":["https:\/\/schiffers.pl\/sklep\/pierscionek-z-diamentem-rozm-8\/"]}]},{"@type":"ImageObject","inLanguage":"en-US","@id":"https:\/\/schiffers.pl\/sklep\/pierscionek-z-diamentem-rozm-8\/#primaryimage","url":"https:\/\/schiffers.pl\/wp-content\/uploads\/2023\/03\/FAB_04.jpg","contentUrl":"https:\/\/schiffers.pl\/wp-content\/uploads\/2023\/03\/FAB_04.jpg","width":1500,"height":1500},{"@type":"BreadcrumbList","@id":"https:\/\/schiffers.pl\/sklep\/pierscionek-z-diamentem-rozm-8\/#breadcrumb","itemListElement":[{"@type":"ListItem","position":1,"name":"Strona g\u0142\u00f3wna","item":"https:\/\/schiffers.pl\/"},{"@type":"ListItem","position":2,"name":"Sklep","item":"https:\/\/schiffers.pl\/sklep\/"},{"@type":"ListItem","position":3,"name":"Pier\u015bcionek z diamentem rozm.8"}]},{"@type":"WebSite","@id":"https:\/\/schiffers.pl\/#website","url":"https:\/\/schiffers.pl\/","name":"Schiffers","description":"bi\u017cuteria","potentialAction":[{"@type":"SearchAction","target":{"@type":"EntryPoint","urlTemplate":"https:\/\/schiffers.pl\/?s={search_term_string}"},"query-input":{"@type":"PropertyValueSpecification","valueRequired":true,"valueName":"search_term_string"}}],"inLanguage":"en-US"}]}},"_links":{"self":[{"href":"https:\/\/schiffers.pl\/en\/wp-json\/wp\/v2\/product\/16779","targetHints":{"allow":["GET"]}}],"collection":[{"href":"https:\/\/schiffers.pl\/en\/wp-json\/wp\/v2\/product"}],"about":[{"href":"https:\/\/schiffers.pl\/en\/wp-json\/wp\/v2\/types\/product"}],"wp:featuredmedia":[{"embeddable":true,"href":"https:\/\/schiffers.pl\/en\/wp-json\/wp\/v2\/media\/16780"}],"wp:attachment":[{"href":"https:\/\/schiffers.pl\/en\/wp-json\/wp\/v2\/media?parent=16779"}],"wp:term":[{"taxonomy":"product_brand","embeddable":true,"href":"https:\/\/schiffers.pl\/en\/wp-json\/wp\/v2\/product_brand?post=16779"},{"taxonomy":"product_cat","embeddable":true,"href":"https:\/\/schiffers.pl\/en\/wp-json\/wp\/v2\/product_cat?post=16779"},{"taxonomy":"product_tag","embeddable":true,"href":"https:\/\/schiffers.pl\/en\/wp-json\/wp\/v2\/product_tag?post=16779"}],"curies":[{"name":"wp","href":"https:\/\/api.w.org\/{rel}","templated":true}]}}