{"id":16524,"date":"2022-12-01T14:14:22","date_gmt":"2022-12-01T13:14:22","guid":{"rendered":"https:\/\/schiffers.pl\/?post_type=product&#038;p=16524"},"modified":"2025-02-17T09:20:26","modified_gmt":"2025-02-17T08:20:26","slug":"zloty-sygnet-z-emalia-syg4","status":"publish","type":"product","link":"https:\/\/schiffers.pl\/en\/sklep\/zloty-sygnet-z-emalia-syg4\/","title":{"rendered":"Z\u0142oty sygnet z emali\u0105 SYG4"},"content":{"rendered":"","protected":false},"excerpt":{"rendered":"<p>Subtelny sygnet wykonany z \u017c\u00f3\u0142tego z\u0142ota pr\u00f3by 585. Ponadczasowy pier\u015bcionek, kt\u00f3rego tafla zosta\u0142a wype\u0142niona r\u0119cznie nak\u0142adan\u0105 emali\u0105 jubilersk\u0105 w kolorze kobaltowym. Na tafli sygnetu zakuli\u015bmy diament.<\/p>\n<p>Model ten mo\u017cna zam\u00f3wi\u0107 tak\u017ce z r\u00f3\u017cowego lub bia\u0142ego z\u0142ota (wyb\u00f3r koloru nie wp\u0142ywa na cen\u0119). Mo\u017cna tak\u017ce wybra\u0107 inny kolor emalii: czerwie\u0144, per\u0142owy, ziele\u0144, czer\u0144. Wybieraj\u0105c inny wariant prosimy o wpisanie w uwagach, dokonuj\u0105c zam\u00f3wienia.<\/p>\n<p>Istnieje tak\u017ce mo\u017cliwo\u015b\u0107 umieszczenia grawerunku lub wyb\u00f3r innego kamienia szlachetnego &#8211; w tej sprawie prosimy o kontakt mailowy b\u0105d\u017a telefoniczny.<\/p>\n<p>Termin realizacji do 14 dni<\/p>\n<p>z\u0142oto 585, emalia, diament<\/p>","protected":false},"featured_media":16521,"template":"","meta":[],"product_brand":[],"product_cat":[282,125],"product_tag":[],"class_list":{"0":"post-16524","1":"product","2":"type-product","3":"status-publish","4":"has-post-thumbnail","6":"product_cat-sygnety","7":"product_cat-pierscionki","9":"first","10":"instock","11":"shipping-taxable","12":"purchasable","13":"product-type-variable"},"yoast_head":"<!-- This site is optimized with the Yoast SEO plugin v24.6 - https:\/\/yoast.com\/wordpress\/plugins\/seo\/ -->\n<title>Z\u0142oty sygnet z emali\u0105 SYG4 - Schiffers<\/title>\n<meta name=\"robots\" content=\"index, follow, max-snippet:-1, max-image-preview:large, max-video-preview:-1\" \/>\n<link rel=\"canonical\" href=\"https:\/\/schiffers.pl\/en\/sklep\/zloty-sygnet-z-emalia-syg4\/\" \/>\n<meta property=\"og:locale\" content=\"en_US\" \/>\n<meta property=\"og:type\" content=\"article\" \/>\n<meta property=\"og:title\" content=\"Z\u0142oty sygnet z emali\u0105 SYG4 - Schiffers\" \/>\n<meta property=\"og:description\" content=\"Subtelny sygnet wykonany z \u017c\u00f3\u0142tego z\u0142ota pr\u00f3by 585. Ponadczasowy pier\u015bcionek, kt\u00f3rego tafla zosta\u0142a wype\u0142niona r\u0119cznie nak\u0142adan\u0105 emali\u0105 jubilersk\u0105 w kolorze kobaltowym. Na tafli sygnetu zakuli\u015bmy diament.  Model ten mo\u017cna zam\u00f3wi\u0107 tak\u017ce z r\u00f3\u017cowego lub bia\u0142ego z\u0142ota (wyb\u00f3r koloru nie wp\u0142ywa na cen\u0119). Mo\u017cna tak\u017ce wybra\u0107 inny kolor emalii: czerwie\u0144, per\u0142owy, ziele\u0144, czer\u0144. Wybieraj\u0105c inny wariant prosimy o wpisanie w uwagach, dokonuj\u0105c zam\u00f3wienia.  Istnieje tak\u017ce mo\u017cliwo\u015b\u0107 umieszczenia grawerunku lub wyb\u00f3r innego kamienia szlachetnego - w tej sprawie prosimy o kontakt mailowy b\u0105d\u017a telefoniczny.  Termin realizacji do 14 dni  z\u0142oto 585, emalia, diament\" \/>\n<meta property=\"og:url\" content=\"https:\/\/schiffers.pl\/en\/sklep\/zloty-sygnet-z-emalia-syg4\/\" \/>\n<meta property=\"og:site_name\" content=\"Schiffers\" \/>\n<meta property=\"article:modified_time\" content=\"2025-02-17T08:20:26+00:00\" \/>\n<meta property=\"og:image\" content=\"https:\/\/schiffers.pl\/wp-content\/uploads\/2022\/12\/1300632.jpg\" \/>\n\t<meta property=\"og:image:width\" content=\"1817\" \/>\n\t<meta property=\"og:image:height\" content=\"1817\" \/>\n\t<meta property=\"og:image:type\" content=\"image\/jpeg\" \/>\n<meta name=\"twitter:card\" content=\"summary_large_image\" \/>\n<script type=\"application\/ld+json\" class=\"yoast-schema-graph\">{\"@context\":\"https:\/\/schema.org\",\"@graph\":[{\"@type\":\"WebPage\",\"@id\":\"https:\/\/schiffers.pl\/sklep\/zloty-sygnet-z-emalia-syg4\/\",\"url\":\"https:\/\/schiffers.pl\/sklep\/zloty-sygnet-z-emalia-syg4\/\",\"name\":\"Z\u0142oty sygnet z emali\u0105 SYG4 - Schiffers\",\"isPartOf\":{\"@id\":\"https:\/\/schiffers.pl\/#website\"},\"primaryImageOfPage\":{\"@id\":\"https:\/\/schiffers.pl\/sklep\/zloty-sygnet-z-emalia-syg4\/#primaryimage\"},\"image\":{\"@id\":\"https:\/\/schiffers.pl\/sklep\/zloty-sygnet-z-emalia-syg4\/#primaryimage\"},\"thumbnailUrl\":\"https:\/\/schiffers.pl\/wp-content\/uploads\/2022\/12\/1300632.jpg\",\"datePublished\":\"2022-12-01T13:14:22+00:00\",\"dateModified\":\"2025-02-17T08:20:26+00:00\",\"breadcrumb\":{\"@id\":\"https:\/\/schiffers.pl\/sklep\/zloty-sygnet-z-emalia-syg4\/#breadcrumb\"},\"inLanguage\":\"en-US\",\"potentialAction\":[{\"@type\":\"ReadAction\",\"target\":[\"https:\/\/schiffers.pl\/sklep\/zloty-sygnet-z-emalia-syg4\/\"]}]},{\"@type\":\"ImageObject\",\"inLanguage\":\"en-US\",\"@id\":\"https:\/\/schiffers.pl\/sklep\/zloty-sygnet-z-emalia-syg4\/#primaryimage\",\"url\":\"https:\/\/schiffers.pl\/wp-content\/uploads\/2022\/12\/1300632.jpg\",\"contentUrl\":\"https:\/\/schiffers.pl\/wp-content\/uploads\/2022\/12\/1300632.jpg\",\"width\":1817,\"height\":1817},{\"@type\":\"BreadcrumbList\",\"@id\":\"https:\/\/schiffers.pl\/sklep\/zloty-sygnet-z-emalia-syg4\/#breadcrumb\",\"itemListElement\":[{\"@type\":\"ListItem\",\"position\":1,\"name\":\"Strona g\u0142\u00f3wna\",\"item\":\"https:\/\/schiffers.pl\/\"},{\"@type\":\"ListItem\",\"position\":2,\"name\":\"Sklep\",\"item\":\"https:\/\/schiffers.pl\/sklep\/\"},{\"@type\":\"ListItem\",\"position\":3,\"name\":\"Z\u0142oty sygnet z emali\u0105 SYG4\"}]},{\"@type\":\"WebSite\",\"@id\":\"https:\/\/schiffers.pl\/#website\",\"url\":\"https:\/\/schiffers.pl\/\",\"name\":\"Schiffers\",\"description\":\"bi\u017cuteria\",\"potentialAction\":[{\"@type\":\"SearchAction\",\"target\":{\"@type\":\"EntryPoint\",\"urlTemplate\":\"https:\/\/schiffers.pl\/?s={search_term_string}\"},\"query-input\":{\"@type\":\"PropertyValueSpecification\",\"valueRequired\":true,\"valueName\":\"search_term_string\"}}],\"inLanguage\":\"en-US\"}]}<\/script>\n<!-- \/ Yoast SEO plugin. -->","yoast_head_json":{"title":"Z\u0142oty sygnet z emali\u0105 SYG4 - Schiffers","robots":{"index":"index","follow":"follow","max-snippet":"max-snippet:-1","max-image-preview":"max-image-preview:large","max-video-preview":"max-video-preview:-1"},"canonical":"https:\/\/schiffers.pl\/en\/sklep\/zloty-sygnet-z-emalia-syg4\/","og_locale":"en_US","og_type":"article","og_title":"Z\u0142oty sygnet z emali\u0105 SYG4 - Schiffers","og_description":"Subtelny sygnet wykonany z \u017c\u00f3\u0142tego z\u0142ota pr\u00f3by 585. Ponadczasowy pier\u015bcionek, kt\u00f3rego tafla zosta\u0142a wype\u0142niona r\u0119cznie nak\u0142adan\u0105 emali\u0105 jubilersk\u0105 w kolorze kobaltowym. Na tafli sygnetu zakuli\u015bmy diament.  Model ten mo\u017cna zam\u00f3wi\u0107 tak\u017ce z r\u00f3\u017cowego lub bia\u0142ego z\u0142ota (wyb\u00f3r koloru nie wp\u0142ywa na cen\u0119). Mo\u017cna tak\u017ce wybra\u0107 inny kolor emalii: czerwie\u0144, per\u0142owy, ziele\u0144, czer\u0144. Wybieraj\u0105c inny wariant prosimy o wpisanie w uwagach, dokonuj\u0105c zam\u00f3wienia.  Istnieje tak\u017ce mo\u017cliwo\u015b\u0107 umieszczenia grawerunku lub wyb\u00f3r innego kamienia szlachetnego - w tej sprawie prosimy o kontakt mailowy b\u0105d\u017a telefoniczny.  Termin realizacji do 14 dni  z\u0142oto 585, emalia, diament","og_url":"https:\/\/schiffers.pl\/en\/sklep\/zloty-sygnet-z-emalia-syg4\/","og_site_name":"Schiffers","article_modified_time":"2025-02-17T08:20:26+00:00","og_image":[{"width":1817,"height":1817,"url":"https:\/\/schiffers.pl\/wp-content\/uploads\/2022\/12\/1300632.jpg","type":"image\/jpeg"}],"twitter_card":"summary_large_image","schema":{"@context":"https:\/\/schema.org","@graph":[{"@type":"WebPage","@id":"https:\/\/schiffers.pl\/sklep\/zloty-sygnet-z-emalia-syg4\/","url":"https:\/\/schiffers.pl\/sklep\/zloty-sygnet-z-emalia-syg4\/","name":"Z\u0142oty sygnet z emali\u0105 SYG4 - Schiffers","isPartOf":{"@id":"https:\/\/schiffers.pl\/#website"},"primaryImageOfPage":{"@id":"https:\/\/schiffers.pl\/sklep\/zloty-sygnet-z-emalia-syg4\/#primaryimage"},"image":{"@id":"https:\/\/schiffers.pl\/sklep\/zloty-sygnet-z-emalia-syg4\/#primaryimage"},"thumbnailUrl":"https:\/\/schiffers.pl\/wp-content\/uploads\/2022\/12\/1300632.jpg","datePublished":"2022-12-01T13:14:22+00:00","dateModified":"2025-02-17T08:20:26+00:00","breadcrumb":{"@id":"https:\/\/schiffers.pl\/sklep\/zloty-sygnet-z-emalia-syg4\/#breadcrumb"},"inLanguage":"en-US","potentialAction":[{"@type":"ReadAction","target":["https:\/\/schiffers.pl\/sklep\/zloty-sygnet-z-emalia-syg4\/"]}]},{"@type":"ImageObject","inLanguage":"en-US","@id":"https:\/\/schiffers.pl\/sklep\/zloty-sygnet-z-emalia-syg4\/#primaryimage","url":"https:\/\/schiffers.pl\/wp-content\/uploads\/2022\/12\/1300632.jpg","contentUrl":"https:\/\/schiffers.pl\/wp-content\/uploads\/2022\/12\/1300632.jpg","width":1817,"height":1817},{"@type":"BreadcrumbList","@id":"https:\/\/schiffers.pl\/sklep\/zloty-sygnet-z-emalia-syg4\/#breadcrumb","itemListElement":[{"@type":"ListItem","position":1,"name":"Strona g\u0142\u00f3wna","item":"https:\/\/schiffers.pl\/"},{"@type":"ListItem","position":2,"name":"Sklep","item":"https:\/\/schiffers.pl\/sklep\/"},{"@type":"ListItem","position":3,"name":"Z\u0142oty sygnet z emali\u0105 SYG4"}]},{"@type":"WebSite","@id":"https:\/\/schiffers.pl\/#website","url":"https:\/\/schiffers.pl\/","name":"Schiffers","description":"bi\u017cuteria","potentialAction":[{"@type":"SearchAction","target":{"@type":"EntryPoint","urlTemplate":"https:\/\/schiffers.pl\/?s={search_term_string}"},"query-input":{"@type":"PropertyValueSpecification","valueRequired":true,"valueName":"search_term_string"}}],"inLanguage":"en-US"}]}},"_links":{"self":[{"href":"https:\/\/schiffers.pl\/en\/wp-json\/wp\/v2\/product\/16524","targetHints":{"allow":["GET"]}}],"collection":[{"href":"https:\/\/schiffers.pl\/en\/wp-json\/wp\/v2\/product"}],"about":[{"href":"https:\/\/schiffers.pl\/en\/wp-json\/wp\/v2\/types\/product"}],"wp:featuredmedia":[{"embeddable":true,"href":"https:\/\/schiffers.pl\/en\/wp-json\/wp\/v2\/media\/16521"}],"wp:attachment":[{"href":"https:\/\/schiffers.pl\/en\/wp-json\/wp\/v2\/media?parent=16524"}],"wp:term":[{"taxonomy":"product_brand","embeddable":true,"href":"https:\/\/schiffers.pl\/en\/wp-json\/wp\/v2\/product_brand?post=16524"},{"taxonomy":"product_cat","embeddable":true,"href":"https:\/\/schiffers.pl\/en\/wp-json\/wp\/v2\/product_cat?post=16524"},{"taxonomy":"product_tag","embeddable":true,"href":"https:\/\/schiffers.pl\/en\/wp-json\/wp\/v2\/product_tag?post=16524"}],"curies":[{"name":"wp","href":"https:\/\/api.w.org\/{rel}","templated":true}]}}