{"id":16376,"date":"2022-12-01T13:16:45","date_gmt":"2022-12-01T12:16:45","guid":{"rendered":"https:\/\/schiffers.pl\/?post_type=product&#038;p=16376"},"modified":"2022-12-01T15:37:47","modified_gmt":"2022-12-01T14:37:47","slug":"zloty-sygnet-syg7","status":"publish","type":"product","link":"https:\/\/schiffers.pl\/en\/sklep\/zloty-sygnet-syg7\/","title":{"rendered":"Z\u0142oty sygnet SYG7"},"content":{"rendered":"","protected":false},"excerpt":{"rendered":"<p>Delikatny i kobiecy sygnet wykonany z r\u00f3\u017cowego z\u0142ota pr\u00f3by 585. Ponadczasowy pier\u015bcionek, kt\u00f3rego tafla zosta\u0142a przygotowana pod grawerunek. Jeden z bok\u00f3w zosta\u0142 ozdobiony subtelnym ornamentem.<\/p>\n<p>Model ten mo\u017cna zam\u00f3wi\u0107 tak\u017ce z \u017c\u00f3\u0142tego lub bia\u0142ego z\u0142ota (wyb\u00f3r koloru nie wp\u0142ywa na cen\u0119). Wierzch pier\u015bcionka mo\u017ce by\u0107 polerowany lub matowy. Wybieraj\u0105c inny wariant prosimy o wpisanie w uwagach, dokonuj\u0105c zam\u00f3wienia.<\/p>\n<p>Istnieje mo\u017cliwo\u015b\u0107 umieszczenia grawerunku na wierzchu pier\u015bcionka &#8211; w tej sprawie prosimy o kontakt mailowy b\u0105d\u017a telefoniczny.<\/p>\n<p>Termin realizacji do 14 dni<\/p>\n<p>z\u0142oto 585,emalia, diament<\/p>\n<p>Chcesz zaprojektowa\u0107 w\u0142asny sygnet? Zapraszamy do wsp\u00f3\u0142pracy obejmuj\u0105cej indywidualne projektowanie bi\u017cuterii. Wystarczy si\u0119 z nami skontaktowa\u0107 i um\u00f3wi\u0107 na spotkanie. Wykonujemy tak\u017ce zlecenia z tzw. powierzonego \/ sentymentalnego z\u0142ota.<\/p>\n<p>&nbsp;<\/p>","protected":false},"featured_media":16598,"template":"","meta":[],"product_brand":[],"product_cat":[125],"product_tag":[],"class_list":{"0":"post-16376","1":"product","2":"type-product","3":"status-publish","4":"has-post-thumbnail","6":"product_cat-pierscionki","8":"first","9":"instock","10":"shipping-taxable","11":"purchasable","12":"product-type-variable"},"yoast_head":"<!-- This site is optimized with the Yoast SEO plugin v24.6 - https:\/\/yoast.com\/wordpress\/plugins\/seo\/ -->\n<title>Z\u0142oty sygnet SYG7 - Schiffers<\/title>\n<meta name=\"robots\" content=\"index, follow, max-snippet:-1, max-image-preview:large, max-video-preview:-1\" \/>\n<link rel=\"canonical\" href=\"https:\/\/schiffers.pl\/en\/sklep\/zloty-sygnet-syg7\/\" \/>\n<meta property=\"og:locale\" content=\"en_US\" \/>\n<meta property=\"og:type\" content=\"article\" \/>\n<meta property=\"og:title\" content=\"Z\u0142oty sygnet SYG7 - Schiffers\" \/>\n<meta property=\"og:description\" content=\"Delikatny i kobiecy sygnet wykonany z r\u00f3\u017cowego z\u0142ota pr\u00f3by 585. Ponadczasowy pier\u015bcionek, kt\u00f3rego tafla zosta\u0142a przygotowana pod grawerunek. Jeden z bok\u00f3w zosta\u0142 ozdobiony subtelnym ornamentem.  Model ten mo\u017cna zam\u00f3wi\u0107 tak\u017ce z \u017c\u00f3\u0142tego lub bia\u0142ego z\u0142ota (wyb\u00f3r koloru nie wp\u0142ywa na cen\u0119). Wierzch pier\u015bcionka mo\u017ce by\u0107 polerowany lub matowy. Wybieraj\u0105c inny wariant prosimy o wpisanie w uwagach, dokonuj\u0105c zam\u00f3wienia.  Istnieje mo\u017cliwo\u015b\u0107 umieszczenia grawerunku na wierzchu pier\u015bcionka - w tej sprawie prosimy o kontakt mailowy b\u0105d\u017a telefoniczny.  Termin realizacji do 14 dni  z\u0142oto 585,emalia, diament  Chcesz zaprojektowa\u0107 w\u0142asny sygnet? Zapraszamy do wsp\u00f3\u0142pracy obejmuj\u0105cej indywidualne projektowanie bi\u017cuterii. Wystarczy si\u0119 z nami skontaktowa\u0107 i um\u00f3wi\u0107 na spotkanie. Wykonujemy tak\u017ce zlecenia z tzw. powierzonego \/ sentymentalnego z\u0142ota.  &nbsp;\" \/>\n<meta property=\"og:url\" content=\"https:\/\/schiffers.pl\/en\/sklep\/zloty-sygnet-syg7\/\" \/>\n<meta property=\"og:site_name\" content=\"Schiffers\" \/>\n<meta property=\"article:modified_time\" content=\"2022-12-01T14:37:47+00:00\" \/>\n<meta property=\"og:image\" content=\"https:\/\/schiffers.pl\/wp-content\/uploads\/2022\/12\/1290429-2.jpg\" \/>\n\t<meta property=\"og:image:width\" content=\"1744\" \/>\n\t<meta property=\"og:image:height\" content=\"1744\" \/>\n\t<meta property=\"og:image:type\" content=\"image\/jpeg\" \/>\n<meta name=\"twitter:card\" content=\"summary_large_image\" \/>\n<script type=\"application\/ld+json\" class=\"yoast-schema-graph\">{\"@context\":\"https:\/\/schema.org\",\"@graph\":[{\"@type\":\"WebPage\",\"@id\":\"https:\/\/schiffers.pl\/sklep\/zloty-sygnet-syg7\/\",\"url\":\"https:\/\/schiffers.pl\/sklep\/zloty-sygnet-syg7\/\",\"name\":\"Z\u0142oty sygnet SYG7 - Schiffers\",\"isPartOf\":{\"@id\":\"https:\/\/schiffers.pl\/#website\"},\"primaryImageOfPage\":{\"@id\":\"https:\/\/schiffers.pl\/sklep\/zloty-sygnet-syg7\/#primaryimage\"},\"image\":{\"@id\":\"https:\/\/schiffers.pl\/sklep\/zloty-sygnet-syg7\/#primaryimage\"},\"thumbnailUrl\":\"https:\/\/schiffers.pl\/wp-content\/uploads\/2022\/12\/1290429-2.jpg\",\"datePublished\":\"2022-12-01T12:16:45+00:00\",\"dateModified\":\"2022-12-01T14:37:47+00:00\",\"breadcrumb\":{\"@id\":\"https:\/\/schiffers.pl\/sklep\/zloty-sygnet-syg7\/#breadcrumb\"},\"inLanguage\":\"en-US\",\"potentialAction\":[{\"@type\":\"ReadAction\",\"target\":[\"https:\/\/schiffers.pl\/sklep\/zloty-sygnet-syg7\/\"]}]},{\"@type\":\"ImageObject\",\"inLanguage\":\"en-US\",\"@id\":\"https:\/\/schiffers.pl\/sklep\/zloty-sygnet-syg7\/#primaryimage\",\"url\":\"https:\/\/schiffers.pl\/wp-content\/uploads\/2022\/12\/1290429-2.jpg\",\"contentUrl\":\"https:\/\/schiffers.pl\/wp-content\/uploads\/2022\/12\/1290429-2.jpg\",\"width\":1744,\"height\":1744},{\"@type\":\"BreadcrumbList\",\"@id\":\"https:\/\/schiffers.pl\/sklep\/zloty-sygnet-syg7\/#breadcrumb\",\"itemListElement\":[{\"@type\":\"ListItem\",\"position\":1,\"name\":\"Strona g\u0142\u00f3wna\",\"item\":\"https:\/\/schiffers.pl\/\"},{\"@type\":\"ListItem\",\"position\":2,\"name\":\"Sklep\",\"item\":\"https:\/\/schiffers.pl\/sklep\/\"},{\"@type\":\"ListItem\",\"position\":3,\"name\":\"Z\u0142oty sygnet SYG7\"}]},{\"@type\":\"WebSite\",\"@id\":\"https:\/\/schiffers.pl\/#website\",\"url\":\"https:\/\/schiffers.pl\/\",\"name\":\"Schiffers\",\"description\":\"bi\u017cuteria\",\"potentialAction\":[{\"@type\":\"SearchAction\",\"target\":{\"@type\":\"EntryPoint\",\"urlTemplate\":\"https:\/\/schiffers.pl\/?s={search_term_string}\"},\"query-input\":{\"@type\":\"PropertyValueSpecification\",\"valueRequired\":true,\"valueName\":\"search_term_string\"}}],\"inLanguage\":\"en-US\"}]}<\/script>\n<!-- \/ Yoast SEO plugin. -->","yoast_head_json":{"title":"Z\u0142oty sygnet SYG7 - Schiffers","robots":{"index":"index","follow":"follow","max-snippet":"max-snippet:-1","max-image-preview":"max-image-preview:large","max-video-preview":"max-video-preview:-1"},"canonical":"https:\/\/schiffers.pl\/en\/sklep\/zloty-sygnet-syg7\/","og_locale":"en_US","og_type":"article","og_title":"Z\u0142oty sygnet SYG7 - Schiffers","og_description":"Delikatny i kobiecy sygnet wykonany z r\u00f3\u017cowego z\u0142ota pr\u00f3by 585. Ponadczasowy pier\u015bcionek, kt\u00f3rego tafla zosta\u0142a przygotowana pod grawerunek. Jeden z bok\u00f3w zosta\u0142 ozdobiony subtelnym ornamentem.  Model ten mo\u017cna zam\u00f3wi\u0107 tak\u017ce z \u017c\u00f3\u0142tego lub bia\u0142ego z\u0142ota (wyb\u00f3r koloru nie wp\u0142ywa na cen\u0119). Wierzch pier\u015bcionka mo\u017ce by\u0107 polerowany lub matowy. Wybieraj\u0105c inny wariant prosimy o wpisanie w uwagach, dokonuj\u0105c zam\u00f3wienia.  Istnieje mo\u017cliwo\u015b\u0107 umieszczenia grawerunku na wierzchu pier\u015bcionka - w tej sprawie prosimy o kontakt mailowy b\u0105d\u017a telefoniczny.  Termin realizacji do 14 dni  z\u0142oto 585,emalia, diament  Chcesz zaprojektowa\u0107 w\u0142asny sygnet? Zapraszamy do wsp\u00f3\u0142pracy obejmuj\u0105cej indywidualne projektowanie bi\u017cuterii. Wystarczy si\u0119 z nami skontaktowa\u0107 i um\u00f3wi\u0107 na spotkanie. Wykonujemy tak\u017ce zlecenia z tzw. powierzonego \/ sentymentalnego z\u0142ota.  &nbsp;","og_url":"https:\/\/schiffers.pl\/en\/sklep\/zloty-sygnet-syg7\/","og_site_name":"Schiffers","article_modified_time":"2022-12-01T14:37:47+00:00","og_image":[{"width":1744,"height":1744,"url":"https:\/\/schiffers.pl\/wp-content\/uploads\/2022\/12\/1290429-2.jpg","type":"image\/jpeg"}],"twitter_card":"summary_large_image","schema":{"@context":"https:\/\/schema.org","@graph":[{"@type":"WebPage","@id":"https:\/\/schiffers.pl\/sklep\/zloty-sygnet-syg7\/","url":"https:\/\/schiffers.pl\/sklep\/zloty-sygnet-syg7\/","name":"Z\u0142oty sygnet SYG7 - Schiffers","isPartOf":{"@id":"https:\/\/schiffers.pl\/#website"},"primaryImageOfPage":{"@id":"https:\/\/schiffers.pl\/sklep\/zloty-sygnet-syg7\/#primaryimage"},"image":{"@id":"https:\/\/schiffers.pl\/sklep\/zloty-sygnet-syg7\/#primaryimage"},"thumbnailUrl":"https:\/\/schiffers.pl\/wp-content\/uploads\/2022\/12\/1290429-2.jpg","datePublished":"2022-12-01T12:16:45+00:00","dateModified":"2022-12-01T14:37:47+00:00","breadcrumb":{"@id":"https:\/\/schiffers.pl\/sklep\/zloty-sygnet-syg7\/#breadcrumb"},"inLanguage":"en-US","potentialAction":[{"@type":"ReadAction","target":["https:\/\/schiffers.pl\/sklep\/zloty-sygnet-syg7\/"]}]},{"@type":"ImageObject","inLanguage":"en-US","@id":"https:\/\/schiffers.pl\/sklep\/zloty-sygnet-syg7\/#primaryimage","url":"https:\/\/schiffers.pl\/wp-content\/uploads\/2022\/12\/1290429-2.jpg","contentUrl":"https:\/\/schiffers.pl\/wp-content\/uploads\/2022\/12\/1290429-2.jpg","width":1744,"height":1744},{"@type":"BreadcrumbList","@id":"https:\/\/schiffers.pl\/sklep\/zloty-sygnet-syg7\/#breadcrumb","itemListElement":[{"@type":"ListItem","position":1,"name":"Strona g\u0142\u00f3wna","item":"https:\/\/schiffers.pl\/"},{"@type":"ListItem","position":2,"name":"Sklep","item":"https:\/\/schiffers.pl\/sklep\/"},{"@type":"ListItem","position":3,"name":"Z\u0142oty sygnet SYG7"}]},{"@type":"WebSite","@id":"https:\/\/schiffers.pl\/#website","url":"https:\/\/schiffers.pl\/","name":"Schiffers","description":"bi\u017cuteria","potentialAction":[{"@type":"SearchAction","target":{"@type":"EntryPoint","urlTemplate":"https:\/\/schiffers.pl\/?s={search_term_string}"},"query-input":{"@type":"PropertyValueSpecification","valueRequired":true,"valueName":"search_term_string"}}],"inLanguage":"en-US"}]}},"_links":{"self":[{"href":"https:\/\/schiffers.pl\/en\/wp-json\/wp\/v2\/product\/16376","targetHints":{"allow":["GET"]}}],"collection":[{"href":"https:\/\/schiffers.pl\/en\/wp-json\/wp\/v2\/product"}],"about":[{"href":"https:\/\/schiffers.pl\/en\/wp-json\/wp\/v2\/types\/product"}],"wp:featuredmedia":[{"embeddable":true,"href":"https:\/\/schiffers.pl\/en\/wp-json\/wp\/v2\/media\/16598"}],"wp:attachment":[{"href":"https:\/\/schiffers.pl\/en\/wp-json\/wp\/v2\/media?parent=16376"}],"wp:term":[{"taxonomy":"product_brand","embeddable":true,"href":"https:\/\/schiffers.pl\/en\/wp-json\/wp\/v2\/product_brand?post=16376"},{"taxonomy":"product_cat","embeddable":true,"href":"https:\/\/schiffers.pl\/en\/wp-json\/wp\/v2\/product_cat?post=16376"},{"taxonomy":"product_tag","embeddable":true,"href":"https:\/\/schiffers.pl\/en\/wp-json\/wp\/v2\/product_tag?post=16376"}],"curies":[{"name":"wp","href":"https:\/\/api.w.org\/{rel}","templated":true}]}}