{"id":16298,"date":"2022-12-01T13:00:06","date_gmt":"2022-12-01T12:00:06","guid":{"rendered":"https:\/\/schiffers.pl\/?post_type=product&#038;p=16298"},"modified":"2025-02-17T09:21:23","modified_gmt":"2025-02-17T08:21:23","slug":"zloty-sygnet-z-diamentem-syg6-m","status":"publish","type":"product","link":"https:\/\/schiffers.pl\/en\/sklep\/zloty-sygnet-z-diamentem-syg6-m\/","title":{"rendered":"Z\u0142oty sygnet  z diamentem SYG6\/M"},"content":{"rendered":"","protected":false},"excerpt":{"rendered":"<p>Klasyczny i elegancki sygnet wykonany z \u017c\u00f3\u0142tego z\u0142ota pr\u00f3by 585. Ponadczasowy pier\u015bcionek, kt\u00f3rego tafla zosta\u0142a przygotowana pod indywidualny grawerunek.\u00a0 Na tafli sygnetu zakuli\u015bmy diament, boki zosta\u0142y ozdobione subtelnym ornamentem.<\/p>\n<p>Model ten mo\u017cna zam\u00f3wi\u0107 tak\u017ce z r\u00f3\u017cowego lub bia\u0142ego z\u0142ota (wyb\u00f3r koloru nie wp\u0142ywa na cen\u0119). Wierzch pier\u015bcionka mo\u017ce by\u0107 matowy lub polerowany.\u00a0 Wybieraj\u0105c wariant prosimy o wpisanie w uwagach, dokonuj\u0105c zam\u00f3wienia.<\/p>\n<p>Istnieje mo\u017cliwo\u015b\u0107 umieszczenia grawerunku lub wyb\u00f3r innego kamienia szlachetnego &#8211; w tej sprawie prosimy o kontakt mailowy b\u0105d\u017a telefoniczny.<\/p>\n<p>Termin realizacji do 14 dni<\/p>\n<p>z\u0142oto 585,emalia, diament<\/p>\n<p>Chcesz zaprojektowa\u0107 w\u0142asny sygnet? Zapraszamy do wsp\u00f3\u0142pracy obejmuj\u0105cej indywidualne projektowanie bi\u017cuterii. Wystarczy si\u0119 z nami skontaktowa\u0107 i um\u00f3wi\u0107 na spotkanie. Wykonujemy tak\u017ce zlecenia z tzw. powierzonego \/ sentymentalnego z\u0142ota.<\/p>\n<p>&nbsp;<\/p>","protected":false},"featured_media":16366,"template":"","meta":[],"product_brand":[],"product_cat":[282,125],"product_tag":[],"class_list":{"0":"post-16298","1":"product","2":"type-product","3":"status-publish","4":"has-post-thumbnail","6":"product_cat-sygnety","7":"product_cat-pierscionki","9":"first","10":"instock","11":"shipping-taxable","12":"purchasable","13":"product-type-variable"},"yoast_head":"<!-- This site is optimized with the Yoast SEO plugin v24.6 - https:\/\/yoast.com\/wordpress\/plugins\/seo\/ -->\n<title>Z\u0142oty sygnet z diamentem SYG6\/M - Schiffers<\/title>\n<meta name=\"robots\" content=\"index, follow, max-snippet:-1, max-image-preview:large, max-video-preview:-1\" \/>\n<link rel=\"canonical\" href=\"https:\/\/schiffers.pl\/en\/sklep\/zloty-sygnet-z-diamentem-syg6-m\/\" \/>\n<meta property=\"og:locale\" content=\"en_US\" \/>\n<meta property=\"og:type\" content=\"article\" \/>\n<meta property=\"og:title\" content=\"Z\u0142oty sygnet z diamentem SYG6\/M - Schiffers\" \/>\n<meta property=\"og:description\" content=\"Klasyczny i elegancki sygnet wykonany z \u017c\u00f3\u0142tego z\u0142ota pr\u00f3by 585. Ponadczasowy pier\u015bcionek, kt\u00f3rego tafla zosta\u0142a przygotowana pod indywidualny grawerunek.\u00a0 Na tafli sygnetu zakuli\u015bmy diament, boki zosta\u0142y ozdobione subtelnym ornamentem.  Model ten mo\u017cna zam\u00f3wi\u0107 tak\u017ce z r\u00f3\u017cowego lub bia\u0142ego z\u0142ota (wyb\u00f3r koloru nie wp\u0142ywa na cen\u0119). Wierzch pier\u015bcionka mo\u017ce by\u0107 matowy lub polerowany.\u00a0 Wybieraj\u0105c wariant prosimy o wpisanie w uwagach, dokonuj\u0105c zam\u00f3wienia.  Istnieje mo\u017cliwo\u015b\u0107 umieszczenia grawerunku lub wyb\u00f3r innego kamienia szlachetnego - w tej sprawie prosimy o kontakt mailowy b\u0105d\u017a telefoniczny.  Termin realizacji do 14 dni  z\u0142oto 585,emalia, diament  Chcesz zaprojektowa\u0107 w\u0142asny sygnet? Zapraszamy do wsp\u00f3\u0142pracy obejmuj\u0105cej indywidualne projektowanie bi\u017cuterii. Wystarczy si\u0119 z nami skontaktowa\u0107 i um\u00f3wi\u0107 na spotkanie. Wykonujemy tak\u017ce zlecenia z tzw. powierzonego \/ sentymentalnego z\u0142ota.  &nbsp;\" \/>\n<meta property=\"og:url\" content=\"https:\/\/schiffers.pl\/en\/sklep\/zloty-sygnet-z-diamentem-syg6-m\/\" \/>\n<meta property=\"og:site_name\" content=\"Schiffers\" \/>\n<meta property=\"article:modified_time\" content=\"2025-02-17T08:21:23+00:00\" \/>\n<meta property=\"og:image\" content=\"https:\/\/schiffers.pl\/wp-content\/uploads\/2022\/12\/1300878.jpg\" \/>\n\t<meta property=\"og:image:width\" content=\"1208\" \/>\n\t<meta property=\"og:image:height\" content=\"1208\" \/>\n\t<meta property=\"og:image:type\" content=\"image\/jpeg\" \/>\n<meta name=\"twitter:card\" content=\"summary_large_image\" \/>\n<script type=\"application\/ld+json\" class=\"yoast-schema-graph\">{\"@context\":\"https:\/\/schema.org\",\"@graph\":[{\"@type\":\"WebPage\",\"@id\":\"https:\/\/schiffers.pl\/sklep\/zloty-sygnet-z-diamentem-syg6-m\/\",\"url\":\"https:\/\/schiffers.pl\/sklep\/zloty-sygnet-z-diamentem-syg6-m\/\",\"name\":\"Z\u0142oty sygnet z diamentem SYG6\/M - Schiffers\",\"isPartOf\":{\"@id\":\"https:\/\/schiffers.pl\/#website\"},\"primaryImageOfPage\":{\"@id\":\"https:\/\/schiffers.pl\/sklep\/zloty-sygnet-z-diamentem-syg6-m\/#primaryimage\"},\"image\":{\"@id\":\"https:\/\/schiffers.pl\/sklep\/zloty-sygnet-z-diamentem-syg6-m\/#primaryimage\"},\"thumbnailUrl\":\"https:\/\/schiffers.pl\/wp-content\/uploads\/2022\/12\/1300878.jpg\",\"datePublished\":\"2022-12-01T12:00:06+00:00\",\"dateModified\":\"2025-02-17T08:21:23+00:00\",\"breadcrumb\":{\"@id\":\"https:\/\/schiffers.pl\/sklep\/zloty-sygnet-z-diamentem-syg6-m\/#breadcrumb\"},\"inLanguage\":\"en-US\",\"potentialAction\":[{\"@type\":\"ReadAction\",\"target\":[\"https:\/\/schiffers.pl\/sklep\/zloty-sygnet-z-diamentem-syg6-m\/\"]}]},{\"@type\":\"ImageObject\",\"inLanguage\":\"en-US\",\"@id\":\"https:\/\/schiffers.pl\/sklep\/zloty-sygnet-z-diamentem-syg6-m\/#primaryimage\",\"url\":\"https:\/\/schiffers.pl\/wp-content\/uploads\/2022\/12\/1300878.jpg\",\"contentUrl\":\"https:\/\/schiffers.pl\/wp-content\/uploads\/2022\/12\/1300878.jpg\",\"width\":1208,\"height\":1208},{\"@type\":\"BreadcrumbList\",\"@id\":\"https:\/\/schiffers.pl\/sklep\/zloty-sygnet-z-diamentem-syg6-m\/#breadcrumb\",\"itemListElement\":[{\"@type\":\"ListItem\",\"position\":1,\"name\":\"Strona g\u0142\u00f3wna\",\"item\":\"https:\/\/schiffers.pl\/\"},{\"@type\":\"ListItem\",\"position\":2,\"name\":\"Sklep\",\"item\":\"https:\/\/schiffers.pl\/sklep\/\"},{\"@type\":\"ListItem\",\"position\":3,\"name\":\"Z\u0142oty sygnet z diamentem SYG6\/M\"}]},{\"@type\":\"WebSite\",\"@id\":\"https:\/\/schiffers.pl\/#website\",\"url\":\"https:\/\/schiffers.pl\/\",\"name\":\"Schiffers\",\"description\":\"bi\u017cuteria\",\"potentialAction\":[{\"@type\":\"SearchAction\",\"target\":{\"@type\":\"EntryPoint\",\"urlTemplate\":\"https:\/\/schiffers.pl\/?s={search_term_string}\"},\"query-input\":{\"@type\":\"PropertyValueSpecification\",\"valueRequired\":true,\"valueName\":\"search_term_string\"}}],\"inLanguage\":\"en-US\"}]}<\/script>\n<!-- \/ Yoast SEO plugin. -->","yoast_head_json":{"title":"Z\u0142oty sygnet z diamentem SYG6\/M - Schiffers","robots":{"index":"index","follow":"follow","max-snippet":"max-snippet:-1","max-image-preview":"max-image-preview:large","max-video-preview":"max-video-preview:-1"},"canonical":"https:\/\/schiffers.pl\/en\/sklep\/zloty-sygnet-z-diamentem-syg6-m\/","og_locale":"en_US","og_type":"article","og_title":"Z\u0142oty sygnet z diamentem SYG6\/M - Schiffers","og_description":"Klasyczny i elegancki sygnet wykonany z \u017c\u00f3\u0142tego z\u0142ota pr\u00f3by 585. Ponadczasowy pier\u015bcionek, kt\u00f3rego tafla zosta\u0142a przygotowana pod indywidualny grawerunek.\u00a0 Na tafli sygnetu zakuli\u015bmy diament, boki zosta\u0142y ozdobione subtelnym ornamentem.  Model ten mo\u017cna zam\u00f3wi\u0107 tak\u017ce z r\u00f3\u017cowego lub bia\u0142ego z\u0142ota (wyb\u00f3r koloru nie wp\u0142ywa na cen\u0119). Wierzch pier\u015bcionka mo\u017ce by\u0107 matowy lub polerowany.\u00a0 Wybieraj\u0105c wariant prosimy o wpisanie w uwagach, dokonuj\u0105c zam\u00f3wienia.  Istnieje mo\u017cliwo\u015b\u0107 umieszczenia grawerunku lub wyb\u00f3r innego kamienia szlachetnego - w tej sprawie prosimy o kontakt mailowy b\u0105d\u017a telefoniczny.  Termin realizacji do 14 dni  z\u0142oto 585,emalia, diament  Chcesz zaprojektowa\u0107 w\u0142asny sygnet? Zapraszamy do wsp\u00f3\u0142pracy obejmuj\u0105cej indywidualne projektowanie bi\u017cuterii. Wystarczy si\u0119 z nami skontaktowa\u0107 i um\u00f3wi\u0107 na spotkanie. Wykonujemy tak\u017ce zlecenia z tzw. powierzonego \/ sentymentalnego z\u0142ota.  &nbsp;","og_url":"https:\/\/schiffers.pl\/en\/sklep\/zloty-sygnet-z-diamentem-syg6-m\/","og_site_name":"Schiffers","article_modified_time":"2025-02-17T08:21:23+00:00","og_image":[{"width":1208,"height":1208,"url":"https:\/\/schiffers.pl\/wp-content\/uploads\/2022\/12\/1300878.jpg","type":"image\/jpeg"}],"twitter_card":"summary_large_image","schema":{"@context":"https:\/\/schema.org","@graph":[{"@type":"WebPage","@id":"https:\/\/schiffers.pl\/sklep\/zloty-sygnet-z-diamentem-syg6-m\/","url":"https:\/\/schiffers.pl\/sklep\/zloty-sygnet-z-diamentem-syg6-m\/","name":"Z\u0142oty sygnet z diamentem SYG6\/M - Schiffers","isPartOf":{"@id":"https:\/\/schiffers.pl\/#website"},"primaryImageOfPage":{"@id":"https:\/\/schiffers.pl\/sklep\/zloty-sygnet-z-diamentem-syg6-m\/#primaryimage"},"image":{"@id":"https:\/\/schiffers.pl\/sklep\/zloty-sygnet-z-diamentem-syg6-m\/#primaryimage"},"thumbnailUrl":"https:\/\/schiffers.pl\/wp-content\/uploads\/2022\/12\/1300878.jpg","datePublished":"2022-12-01T12:00:06+00:00","dateModified":"2025-02-17T08:21:23+00:00","breadcrumb":{"@id":"https:\/\/schiffers.pl\/sklep\/zloty-sygnet-z-diamentem-syg6-m\/#breadcrumb"},"inLanguage":"en-US","potentialAction":[{"@type":"ReadAction","target":["https:\/\/schiffers.pl\/sklep\/zloty-sygnet-z-diamentem-syg6-m\/"]}]},{"@type":"ImageObject","inLanguage":"en-US","@id":"https:\/\/schiffers.pl\/sklep\/zloty-sygnet-z-diamentem-syg6-m\/#primaryimage","url":"https:\/\/schiffers.pl\/wp-content\/uploads\/2022\/12\/1300878.jpg","contentUrl":"https:\/\/schiffers.pl\/wp-content\/uploads\/2022\/12\/1300878.jpg","width":1208,"height":1208},{"@type":"BreadcrumbList","@id":"https:\/\/schiffers.pl\/sklep\/zloty-sygnet-z-diamentem-syg6-m\/#breadcrumb","itemListElement":[{"@type":"ListItem","position":1,"name":"Strona g\u0142\u00f3wna","item":"https:\/\/schiffers.pl\/"},{"@type":"ListItem","position":2,"name":"Sklep","item":"https:\/\/schiffers.pl\/sklep\/"},{"@type":"ListItem","position":3,"name":"Z\u0142oty sygnet z diamentem SYG6\/M"}]},{"@type":"WebSite","@id":"https:\/\/schiffers.pl\/#website","url":"https:\/\/schiffers.pl\/","name":"Schiffers","description":"bi\u017cuteria","potentialAction":[{"@type":"SearchAction","target":{"@type":"EntryPoint","urlTemplate":"https:\/\/schiffers.pl\/?s={search_term_string}"},"query-input":{"@type":"PropertyValueSpecification","valueRequired":true,"valueName":"search_term_string"}}],"inLanguage":"en-US"}]}},"_links":{"self":[{"href":"https:\/\/schiffers.pl\/en\/wp-json\/wp\/v2\/product\/16298","targetHints":{"allow":["GET"]}}],"collection":[{"href":"https:\/\/schiffers.pl\/en\/wp-json\/wp\/v2\/product"}],"about":[{"href":"https:\/\/schiffers.pl\/en\/wp-json\/wp\/v2\/types\/product"}],"wp:featuredmedia":[{"embeddable":true,"href":"https:\/\/schiffers.pl\/en\/wp-json\/wp\/v2\/media\/16366"}],"wp:attachment":[{"href":"https:\/\/schiffers.pl\/en\/wp-json\/wp\/v2\/media?parent=16298"}],"wp:term":[{"taxonomy":"product_brand","embeddable":true,"href":"https:\/\/schiffers.pl\/en\/wp-json\/wp\/v2\/product_brand?post=16298"},{"taxonomy":"product_cat","embeddable":true,"href":"https:\/\/schiffers.pl\/en\/wp-json\/wp\/v2\/product_cat?post=16298"},{"taxonomy":"product_tag","embeddable":true,"href":"https:\/\/schiffers.pl\/en\/wp-json\/wp\/v2\/product_tag?post=16298"}],"curies":[{"name":"wp","href":"https:\/\/api.w.org\/{rel}","templated":true}]}}