{"id":15652,"date":"2022-05-20T12:02:21","date_gmt":"2022-05-20T10:02:21","guid":{"rendered":"https:\/\/schiffers.pl\/?post_type=product&#038;p=15652"},"modified":"2025-12-22T21:36:57","modified_gmt":"2025-12-22T20:36:57","slug":"pierscionek-z-oliwinem-218-ct-rozmiar-14","status":"publish","type":"product","link":"https:\/\/schiffers.pl\/en\/sklep\/pierscionek-z-oliwinem-218-ct-rozmiar-14\/","title":{"rendered":"Pier\u015bcionek z oliwinem  &#8211; SPRZEDANY"},"content":{"rendered":"<h2 style=\"display: block;\">R\u0119cznie robiony z\u0142oty pier\u015bcionek z oliwinem<\/h2>\n<p>Pier\u015bcionek z\u0142oty z oliwinem i diamentami to uk\u0142on w stron\u0119 luksusowej bi\u017cuterii, stworzonej w Schiffers z dba\u0142o\u015bci\u0105 o detale. Zosta\u0142 wykonany r\u0119cznie, przez samego mistrza jubilerstwa \u2013 \u0142\u0105czy w sobie tradycyjny kunszt z nut\u0105 nowoczesno\u015bci. Ol\u015bniewaj\u0105cy oliwin, znajduj\u0105cy si\u0119 w centralnej cz\u0119\u015bci pier\u015bcionka, w po\u0142\u0105czeniu z klasycznym kruszcem to najlepsze, na co mo\u017ce postawi\u0107 ka\u017cda pewna siebie kobieta. Jest nie tylko symbolem klasy i elegancji, ale r\u00f3wnie\u017c unikalnym wyrobem, stworzonym z pasj\u0105 oraz wielkim zami\u0142owaniem do sztuki jubilerskiej.<\/p>\n<h2 style=\"display: block;\">Z\u0142oty pier\u015bcionek z oliwinem. Pi\u0119kno, kt\u00f3re zachwyca<\/h2>\n<p>Wyj\u0105tkowe, bi\u017cuteryjne dzie\u0142o sztuki \u0142\u0105cz\u0105ce w sobie pi\u0119kno kruszca z magi\u0105 kamieni szlachetnych \u2013 taki jest z\u0142oty pier\u015bcionek z oliwinem oraz diamentami. Znakomicie odnajdzie si\u0119 jako oprawa kobiecej d\u0142oni, ponadto mo\u017ce by\u0107 noszony zar\u00f3wno na specjalne okazje, jak i na co dzie\u0144, zw\u0142aszcza bior\u0105c pod uwag\u0119 w\u0142a\u015bciwo\u015bci wykorzystanego kamienia. Oliwin \u2013 symbol pozbywania si\u0119 z\u0142ych emocji \u2013 zestawiony z bia\u0142ym z\u0142otem b\u0119dzie stanowi\u0142 swoisty amulet codzienno\u015bci. Z\u0142oty pier\u015bcionek z oliwinem, wzbogacony o eleganckie diamenty, z pewno\u015bci\u0105 skradnie serce ka\u017cdej mi\u0142o\u015bniczki wyrazistej elegancji, zachwycaj\u0105c swoim pi\u0119knem.<\/p>","protected":false},"excerpt":{"rendered":"<p>Niezwykle dekoracyjny pier\u015bcionek z naturalnym oliwinem (peridotem) o fantazyjnym szlifie, ozdobiony diamentami. Szyna wykonana zosta\u0142a z bia\u0142ego z\u0142ota, natomiast oprawa kamienia centralnego \u2013 ze z\u0142ota \u017c\u00f3\u0142tego, pr\u00f3ba 585.<\/p>\n<ul>\n<li>Diamenty o \u0142\u0105cznej wadze: 0,20 ct<\/li>\n<li>Oliwin: 2,18 ct<\/li>\n<li>Rozmiar: 14<\/li>\n<\/ul>","protected":false},"featured_media":16016,"template":"","meta":[],"product_brand":[],"product_cat":[246],"product_tag":[],"class_list":{"0":"post-15652","1":"product","2":"type-product","3":"status-publish","4":"has-post-thumbnail","6":"product_cat-pierscionki-zareczynowe","8":"first","9":"onbackorder","10":"shipping-taxable","11":"product-type-simple"},"yoast_head":"<!-- This site is optimized with the Yoast SEO plugin v24.6 - https:\/\/yoast.com\/wordpress\/plugins\/seo\/ -->\n<title>Z\u0142oty pier\u015bcionek z oliwinem 2,18 ct, rozmiar 14 | Schiffers<\/title>\n<meta name=\"description\" content=\"Nowoczesno\u015b\u0107 po\u0142\u0105czona z klasyk\u0105, czyli z\u0142oty pier\u015bcionek z oliwinem. Wybierz Schiffers \u2013 kunszt r\u0119cznej precyzji jubilerskiej. Zam\u00f3w produkt ju\u017c teraz!\" \/>\n<meta name=\"robots\" content=\"index, follow, max-snippet:-1, max-image-preview:large, max-video-preview:-1\" \/>\n<link rel=\"canonical\" href=\"https:\/\/schiffers.pl\/en\/sklep\/pierscionek-z-oliwinem-218-ct-rozmiar-14\/\" \/>\n<meta property=\"og:locale\" content=\"en_US\" \/>\n<meta property=\"og:type\" content=\"article\" \/>\n<meta property=\"og:title\" content=\"Z\u0142oty pier\u015bcionek z oliwinem 2,18 ct, rozmiar 14 | Schiffers\" \/>\n<meta property=\"og:description\" content=\"Nowoczesno\u015b\u0107 po\u0142\u0105czona z klasyk\u0105, czyli z\u0142oty pier\u015bcionek z oliwinem. Wybierz Schiffers \u2013 kunszt r\u0119cznej precyzji jubilerskiej. Zam\u00f3w produkt ju\u017c teraz!\" \/>\n<meta property=\"og:url\" content=\"https:\/\/schiffers.pl\/en\/sklep\/pierscionek-z-oliwinem-218-ct-rozmiar-14\/\" \/>\n<meta property=\"og:site_name\" content=\"Schiffers\" \/>\n<meta property=\"article:modified_time\" content=\"2025-12-22T20:36:57+00:00\" \/>\n<meta property=\"og:image\" content=\"https:\/\/schiffers.pl\/wp-content\/uploads\/2022\/05\/1450849.jpg\" \/>\n\t<meta property=\"og:image:width\" content=\"1944\" \/>\n\t<meta property=\"og:image:height\" content=\"1944\" \/>\n\t<meta property=\"og:image:type\" content=\"image\/jpeg\" \/>\n<meta name=\"twitter:card\" content=\"summary_large_image\" \/>\n<meta name=\"twitter:label1\" content=\"Est. reading time\" \/>\n\t<meta name=\"twitter:data1\" content=\"2 minutes\" \/>\n<script type=\"application\/ld+json\" class=\"yoast-schema-graph\">{\"@context\":\"https:\/\/schema.org\",\"@graph\":[{\"@type\":\"WebPage\",\"@id\":\"https:\/\/schiffers.pl\/sklep\/pierscionek-z-oliwinem-218-ct-rozmiar-14\/\",\"url\":\"https:\/\/schiffers.pl\/sklep\/pierscionek-z-oliwinem-218-ct-rozmiar-14\/\",\"name\":\"Z\u0142oty pier\u015bcionek z oliwinem 2,18 ct, rozmiar 14 | Schiffers\",\"isPartOf\":{\"@id\":\"https:\/\/schiffers.pl\/#website\"},\"primaryImageOfPage\":{\"@id\":\"https:\/\/schiffers.pl\/sklep\/pierscionek-z-oliwinem-218-ct-rozmiar-14\/#primaryimage\"},\"image\":{\"@id\":\"https:\/\/schiffers.pl\/sklep\/pierscionek-z-oliwinem-218-ct-rozmiar-14\/#primaryimage\"},\"thumbnailUrl\":\"https:\/\/schiffers.pl\/wp-content\/uploads\/2022\/05\/1450849.jpg\",\"datePublished\":\"2022-05-20T10:02:21+00:00\",\"dateModified\":\"2025-12-22T20:36:57+00:00\",\"description\":\"Nowoczesno\u015b\u0107 po\u0142\u0105czona z klasyk\u0105, czyli z\u0142oty pier\u015bcionek z oliwinem. Wybierz Schiffers \u2013 kunszt r\u0119cznej precyzji jubilerskiej. Zam\u00f3w produkt ju\u017c teraz!\",\"breadcrumb\":{\"@id\":\"https:\/\/schiffers.pl\/sklep\/pierscionek-z-oliwinem-218-ct-rozmiar-14\/#breadcrumb\"},\"inLanguage\":\"en-US\",\"potentialAction\":[{\"@type\":\"ReadAction\",\"target\":[\"https:\/\/schiffers.pl\/sklep\/pierscionek-z-oliwinem-218-ct-rozmiar-14\/\"]}]},{\"@type\":\"ImageObject\",\"inLanguage\":\"en-US\",\"@id\":\"https:\/\/schiffers.pl\/sklep\/pierscionek-z-oliwinem-218-ct-rozmiar-14\/#primaryimage\",\"url\":\"https:\/\/schiffers.pl\/wp-content\/uploads\/2022\/05\/1450849.jpg\",\"contentUrl\":\"https:\/\/schiffers.pl\/wp-content\/uploads\/2022\/05\/1450849.jpg\",\"width\":1944,\"height\":1944},{\"@type\":\"BreadcrumbList\",\"@id\":\"https:\/\/schiffers.pl\/sklep\/pierscionek-z-oliwinem-218-ct-rozmiar-14\/#breadcrumb\",\"itemListElement\":[{\"@type\":\"ListItem\",\"position\":1,\"name\":\"Strona g\u0142\u00f3wna\",\"item\":\"https:\/\/schiffers.pl\/\"},{\"@type\":\"ListItem\",\"position\":2,\"name\":\"Sklep\",\"item\":\"https:\/\/schiffers.pl\/sklep\/\"},{\"@type\":\"ListItem\",\"position\":3,\"name\":\"Pier\u015bcionek z oliwinem &#8211; SPRZEDANY\"}]},{\"@type\":\"WebSite\",\"@id\":\"https:\/\/schiffers.pl\/#website\",\"url\":\"https:\/\/schiffers.pl\/\",\"name\":\"Schiffers\",\"description\":\"bi\u017cuteria\",\"potentialAction\":[{\"@type\":\"SearchAction\",\"target\":{\"@type\":\"EntryPoint\",\"urlTemplate\":\"https:\/\/schiffers.pl\/?s={search_term_string}\"},\"query-input\":{\"@type\":\"PropertyValueSpecification\",\"valueRequired\":true,\"valueName\":\"search_term_string\"}}],\"inLanguage\":\"en-US\"}]}<\/script>\n<!-- \/ Yoast SEO plugin. -->","yoast_head_json":{"title":"Z\u0142oty pier\u015bcionek z oliwinem 2,18 ct, rozmiar 14 | Schiffers","description":"Nowoczesno\u015b\u0107 po\u0142\u0105czona z klasyk\u0105, czyli z\u0142oty pier\u015bcionek z oliwinem. Wybierz Schiffers \u2013 kunszt r\u0119cznej precyzji jubilerskiej. Zam\u00f3w produkt ju\u017c teraz!","robots":{"index":"index","follow":"follow","max-snippet":"max-snippet:-1","max-image-preview":"max-image-preview:large","max-video-preview":"max-video-preview:-1"},"canonical":"https:\/\/schiffers.pl\/en\/sklep\/pierscionek-z-oliwinem-218-ct-rozmiar-14\/","og_locale":"en_US","og_type":"article","og_title":"Z\u0142oty pier\u015bcionek z oliwinem 2,18 ct, rozmiar 14 | Schiffers","og_description":"Nowoczesno\u015b\u0107 po\u0142\u0105czona z klasyk\u0105, czyli z\u0142oty pier\u015bcionek z oliwinem. Wybierz Schiffers \u2013 kunszt r\u0119cznej precyzji jubilerskiej. Zam\u00f3w produkt ju\u017c teraz!","og_url":"https:\/\/schiffers.pl\/en\/sklep\/pierscionek-z-oliwinem-218-ct-rozmiar-14\/","og_site_name":"Schiffers","article_modified_time":"2025-12-22T20:36:57+00:00","og_image":[{"width":1944,"height":1944,"url":"https:\/\/schiffers.pl\/wp-content\/uploads\/2022\/05\/1450849.jpg","type":"image\/jpeg"}],"twitter_card":"summary_large_image","twitter_misc":{"Est. reading time":"2 minutes"},"schema":{"@context":"https:\/\/schema.org","@graph":[{"@type":"WebPage","@id":"https:\/\/schiffers.pl\/sklep\/pierscionek-z-oliwinem-218-ct-rozmiar-14\/","url":"https:\/\/schiffers.pl\/sklep\/pierscionek-z-oliwinem-218-ct-rozmiar-14\/","name":"Z\u0142oty pier\u015bcionek z oliwinem 2,18 ct, rozmiar 14 | Schiffers","isPartOf":{"@id":"https:\/\/schiffers.pl\/#website"},"primaryImageOfPage":{"@id":"https:\/\/schiffers.pl\/sklep\/pierscionek-z-oliwinem-218-ct-rozmiar-14\/#primaryimage"},"image":{"@id":"https:\/\/schiffers.pl\/sklep\/pierscionek-z-oliwinem-218-ct-rozmiar-14\/#primaryimage"},"thumbnailUrl":"https:\/\/schiffers.pl\/wp-content\/uploads\/2022\/05\/1450849.jpg","datePublished":"2022-05-20T10:02:21+00:00","dateModified":"2025-12-22T20:36:57+00:00","description":"Nowoczesno\u015b\u0107 po\u0142\u0105czona z klasyk\u0105, czyli z\u0142oty pier\u015bcionek z oliwinem. Wybierz Schiffers \u2013 kunszt r\u0119cznej precyzji jubilerskiej. Zam\u00f3w produkt ju\u017c teraz!","breadcrumb":{"@id":"https:\/\/schiffers.pl\/sklep\/pierscionek-z-oliwinem-218-ct-rozmiar-14\/#breadcrumb"},"inLanguage":"en-US","potentialAction":[{"@type":"ReadAction","target":["https:\/\/schiffers.pl\/sklep\/pierscionek-z-oliwinem-218-ct-rozmiar-14\/"]}]},{"@type":"ImageObject","inLanguage":"en-US","@id":"https:\/\/schiffers.pl\/sklep\/pierscionek-z-oliwinem-218-ct-rozmiar-14\/#primaryimage","url":"https:\/\/schiffers.pl\/wp-content\/uploads\/2022\/05\/1450849.jpg","contentUrl":"https:\/\/schiffers.pl\/wp-content\/uploads\/2022\/05\/1450849.jpg","width":1944,"height":1944},{"@type":"BreadcrumbList","@id":"https:\/\/schiffers.pl\/sklep\/pierscionek-z-oliwinem-218-ct-rozmiar-14\/#breadcrumb","itemListElement":[{"@type":"ListItem","position":1,"name":"Strona g\u0142\u00f3wna","item":"https:\/\/schiffers.pl\/"},{"@type":"ListItem","position":2,"name":"Sklep","item":"https:\/\/schiffers.pl\/sklep\/"},{"@type":"ListItem","position":3,"name":"Pier\u015bcionek z oliwinem &#8211; SPRZEDANY"}]},{"@type":"WebSite","@id":"https:\/\/schiffers.pl\/#website","url":"https:\/\/schiffers.pl\/","name":"Schiffers","description":"bi\u017cuteria","potentialAction":[{"@type":"SearchAction","target":{"@type":"EntryPoint","urlTemplate":"https:\/\/schiffers.pl\/?s={search_term_string}"},"query-input":{"@type":"PropertyValueSpecification","valueRequired":true,"valueName":"search_term_string"}}],"inLanguage":"en-US"}]}},"_links":{"self":[{"href":"https:\/\/schiffers.pl\/en\/wp-json\/wp\/v2\/product\/15652","targetHints":{"allow":["GET"]}}],"collection":[{"href":"https:\/\/schiffers.pl\/en\/wp-json\/wp\/v2\/product"}],"about":[{"href":"https:\/\/schiffers.pl\/en\/wp-json\/wp\/v2\/types\/product"}],"wp:featuredmedia":[{"embeddable":true,"href":"https:\/\/schiffers.pl\/en\/wp-json\/wp\/v2\/media\/16016"}],"wp:attachment":[{"href":"https:\/\/schiffers.pl\/en\/wp-json\/wp\/v2\/media?parent=15652"}],"wp:term":[{"taxonomy":"product_brand","embeddable":true,"href":"https:\/\/schiffers.pl\/en\/wp-json\/wp\/v2\/product_brand?post=15652"},{"taxonomy":"product_cat","embeddable":true,"href":"https:\/\/schiffers.pl\/en\/wp-json\/wp\/v2\/product_cat?post=15652"},{"taxonomy":"product_tag","embeddable":true,"href":"https:\/\/schiffers.pl\/en\/wp-json\/wp\/v2\/product_tag?post=15652"}],"curies":[{"name":"wp","href":"https:\/\/api.w.org\/{rel}","templated":true}]}}