{"id":15650,"date":"2022-05-18T11:20:12","date_gmt":"2022-05-18T09:20:12","guid":{"rendered":"https:\/\/schiffers.pl\/?post_type=product&#038;p=15650"},"modified":"2023-04-27T15:02:28","modified_gmt":"2023-04-27T13:02:28","slug":"klasyka-z-szafirem","status":"publish","type":"product","link":"https:\/\/schiffers.pl\/en\/sklep\/klasyka-z-szafirem\/","title":{"rendered":"Klasyka z szafirem 0,39 ct ,  rozm. 12,5 &#8211; SPRZEDANY"},"content":{"rendered":"","protected":false},"excerpt":{"rendered":"<p>ZAPYTAJ TELEFONICZNIE O DOST\u0118PNO\u015a\u0106<\/p>\n<p>Ulubiona i bardzo &#8222;bezpieczna&#8221; klasyka &#8211; kamie\u0144 centralny oprawiony w &#8222;\u0142apki&#8221; &#8211; taki model sprawdzi si\u0119 w ka\u017cdej okoliczno\u015bci. Ten pier\u015bcionek z pewno\u015bci\u0105 zachwyci mi\u0142o\u015bniczk\u0119 minimalizmu i ponadczasowej elegancji.<\/p>\n<p>Oprawa kamienia wykonana zosta\u0142a z bia\u0142ego z\u0142ota, szyna z r\u00f3\u017cowego z\u0142ota. Ca\u0142o\u015b\u0107 w pr\u00f3bie 585<\/p>\n<p>Kamie\u0144 centralny: szafir 0,39 ct<\/p>\n<p>Rozmiar: 12,5<\/p>\n<p>Istnieje mo\u017cliwo\u015b\u0107 zam\u00f3wienia takiego pier\u015bcionka w innym rozmiarze. Prosimy w\u00f3wczas o wiadomo\u015b\u0107 mailow\u0105. Termin realizacji oko\u0142o 3-6 tygodni. W\u00f3wczas wycena jest indywidualna.<\/p>","protected":false},"featured_media":15438,"template":"","meta":[],"product_brand":[],"product_cat":[246],"product_tag":[],"class_list":{"0":"post-15650","1":"product","2":"type-product","3":"status-publish","4":"has-post-thumbnail","6":"product_cat-pierscionki-zareczynowe","8":"first","9":"outofstock","10":"shipping-taxable","11":"purchasable","12":"product-type-simple"},"yoast_head":"<!-- This site is optimized with the Yoast SEO plugin v24.6 - https:\/\/yoast.com\/wordpress\/plugins\/seo\/ -->\n<title>Klasyka z szafirem 0,39 ct , rozm. 12,5 - SPRZEDANY - Schiffers<\/title>\n<meta name=\"robots\" content=\"index, follow, max-snippet:-1, max-image-preview:large, max-video-preview:-1\" \/>\n<link rel=\"canonical\" href=\"https:\/\/schiffers.pl\/en\/sklep\/klasyka-z-szafirem\/\" \/>\n<meta property=\"og:locale\" content=\"en_US\" \/>\n<meta property=\"og:type\" content=\"article\" \/>\n<meta property=\"og:title\" content=\"Klasyka z szafirem 0,39 ct , rozm. 12,5 - SPRZEDANY - Schiffers\" \/>\n<meta property=\"og:description\" content=\"ZAPYTAJ TELEFONICZNIE O DOST\u0118PNO\u015a\u0106  Ulubiona i bardzo &quot;bezpieczna&quot; klasyka - kamie\u0144 centralny oprawiony w &quot;\u0142apki&quot; - taki model sprawdzi si\u0119 w ka\u017cdej okoliczno\u015bci. Ten pier\u015bcionek z pewno\u015bci\u0105 zachwyci mi\u0142o\u015bniczk\u0119 minimalizmu i ponadczasowej elegancji.  Oprawa kamienia wykonana zosta\u0142a z bia\u0142ego z\u0142ota, szyna z r\u00f3\u017cowego z\u0142ota. Ca\u0142o\u015b\u0107 w pr\u00f3bie 585  Kamie\u0144 centralny: szafir 0,39 ct  Rozmiar: 12,5  Istnieje mo\u017cliwo\u015b\u0107 zam\u00f3wienia takiego pier\u015bcionka w innym rozmiarze. Prosimy w\u00f3wczas o wiadomo\u015b\u0107 mailow\u0105. Termin realizacji oko\u0142o 3-6 tygodni. W\u00f3wczas wycena jest indywidualna.\" \/>\n<meta property=\"og:url\" content=\"https:\/\/schiffers.pl\/en\/sklep\/klasyka-z-szafirem\/\" \/>\n<meta property=\"og:site_name\" content=\"Schiffers\" \/>\n<meta property=\"article:modified_time\" content=\"2023-04-27T13:02:28+00:00\" \/>\n<meta property=\"og:image\" content=\"https:\/\/schiffers.pl\/wp-content\/uploads\/2022\/04\/1450048.jpg\" \/>\n\t<meta property=\"og:image:width\" content=\"1716\" \/>\n\t<meta property=\"og:image:height\" content=\"1716\" \/>\n\t<meta property=\"og:image:type\" content=\"image\/jpeg\" \/>\n<meta name=\"twitter:card\" content=\"summary_large_image\" \/>\n<script type=\"application\/ld+json\" class=\"yoast-schema-graph\">{\"@context\":\"https:\/\/schema.org\",\"@graph\":[{\"@type\":\"WebPage\",\"@id\":\"https:\/\/schiffers.pl\/sklep\/klasyka-z-szafirem\/\",\"url\":\"https:\/\/schiffers.pl\/sklep\/klasyka-z-szafirem\/\",\"name\":\"Klasyka z szafirem 0,39 ct , rozm. 12,5 - SPRZEDANY - Schiffers\",\"isPartOf\":{\"@id\":\"https:\/\/schiffers.pl\/#website\"},\"primaryImageOfPage\":{\"@id\":\"https:\/\/schiffers.pl\/sklep\/klasyka-z-szafirem\/#primaryimage\"},\"image\":{\"@id\":\"https:\/\/schiffers.pl\/sklep\/klasyka-z-szafirem\/#primaryimage\"},\"thumbnailUrl\":\"https:\/\/schiffers.pl\/wp-content\/uploads\/2022\/04\/1450048.jpg\",\"datePublished\":\"2022-05-18T09:20:12+00:00\",\"dateModified\":\"2023-04-27T13:02:28+00:00\",\"breadcrumb\":{\"@id\":\"https:\/\/schiffers.pl\/sklep\/klasyka-z-szafirem\/#breadcrumb\"},\"inLanguage\":\"en-US\",\"potentialAction\":[{\"@type\":\"ReadAction\",\"target\":[\"https:\/\/schiffers.pl\/sklep\/klasyka-z-szafirem\/\"]}]},{\"@type\":\"ImageObject\",\"inLanguage\":\"en-US\",\"@id\":\"https:\/\/schiffers.pl\/sklep\/klasyka-z-szafirem\/#primaryimage\",\"url\":\"https:\/\/schiffers.pl\/wp-content\/uploads\/2022\/04\/1450048.jpg\",\"contentUrl\":\"https:\/\/schiffers.pl\/wp-content\/uploads\/2022\/04\/1450048.jpg\",\"width\":1716,\"height\":1716},{\"@type\":\"BreadcrumbList\",\"@id\":\"https:\/\/schiffers.pl\/sklep\/klasyka-z-szafirem\/#breadcrumb\",\"itemListElement\":[{\"@type\":\"ListItem\",\"position\":1,\"name\":\"Strona g\u0142\u00f3wna\",\"item\":\"https:\/\/schiffers.pl\/\"},{\"@type\":\"ListItem\",\"position\":2,\"name\":\"Sklep\",\"item\":\"https:\/\/schiffers.pl\/sklep\/\"},{\"@type\":\"ListItem\",\"position\":3,\"name\":\"Klasyka z szafirem 0,39 ct , rozm. 12,5 &#8211; SPRZEDANY\"}]},{\"@type\":\"WebSite\",\"@id\":\"https:\/\/schiffers.pl\/#website\",\"url\":\"https:\/\/schiffers.pl\/\",\"name\":\"Schiffers\",\"description\":\"bi\u017cuteria\",\"potentialAction\":[{\"@type\":\"SearchAction\",\"target\":{\"@type\":\"EntryPoint\",\"urlTemplate\":\"https:\/\/schiffers.pl\/?s={search_term_string}\"},\"query-input\":{\"@type\":\"PropertyValueSpecification\",\"valueRequired\":true,\"valueName\":\"search_term_string\"}}],\"inLanguage\":\"en-US\"}]}<\/script>\n<!-- \/ Yoast SEO plugin. -->","yoast_head_json":{"title":"Klasyka z szafirem 0,39 ct , rozm. 12,5 - SPRZEDANY - Schiffers","robots":{"index":"index","follow":"follow","max-snippet":"max-snippet:-1","max-image-preview":"max-image-preview:large","max-video-preview":"max-video-preview:-1"},"canonical":"https:\/\/schiffers.pl\/en\/sklep\/klasyka-z-szafirem\/","og_locale":"en_US","og_type":"article","og_title":"Klasyka z szafirem 0,39 ct , rozm. 12,5 - SPRZEDANY - Schiffers","og_description":"ZAPYTAJ TELEFONICZNIE O DOST\u0118PNO\u015a\u0106  Ulubiona i bardzo \"bezpieczna\" klasyka - kamie\u0144 centralny oprawiony w \"\u0142apki\" - taki model sprawdzi si\u0119 w ka\u017cdej okoliczno\u015bci. Ten pier\u015bcionek z pewno\u015bci\u0105 zachwyci mi\u0142o\u015bniczk\u0119 minimalizmu i ponadczasowej elegancji.  Oprawa kamienia wykonana zosta\u0142a z bia\u0142ego z\u0142ota, szyna z r\u00f3\u017cowego z\u0142ota. Ca\u0142o\u015b\u0107 w pr\u00f3bie 585  Kamie\u0144 centralny: szafir 0,39 ct  Rozmiar: 12,5  Istnieje mo\u017cliwo\u015b\u0107 zam\u00f3wienia takiego pier\u015bcionka w innym rozmiarze. Prosimy w\u00f3wczas o wiadomo\u015b\u0107 mailow\u0105. Termin realizacji oko\u0142o 3-6 tygodni. W\u00f3wczas wycena jest indywidualna.","og_url":"https:\/\/schiffers.pl\/en\/sklep\/klasyka-z-szafirem\/","og_site_name":"Schiffers","article_modified_time":"2023-04-27T13:02:28+00:00","og_image":[{"width":1716,"height":1716,"url":"https:\/\/schiffers.pl\/wp-content\/uploads\/2022\/04\/1450048.jpg","type":"image\/jpeg"}],"twitter_card":"summary_large_image","schema":{"@context":"https:\/\/schema.org","@graph":[{"@type":"WebPage","@id":"https:\/\/schiffers.pl\/sklep\/klasyka-z-szafirem\/","url":"https:\/\/schiffers.pl\/sklep\/klasyka-z-szafirem\/","name":"Klasyka z szafirem 0,39 ct , rozm. 12,5 - SPRZEDANY - Schiffers","isPartOf":{"@id":"https:\/\/schiffers.pl\/#website"},"primaryImageOfPage":{"@id":"https:\/\/schiffers.pl\/sklep\/klasyka-z-szafirem\/#primaryimage"},"image":{"@id":"https:\/\/schiffers.pl\/sklep\/klasyka-z-szafirem\/#primaryimage"},"thumbnailUrl":"https:\/\/schiffers.pl\/wp-content\/uploads\/2022\/04\/1450048.jpg","datePublished":"2022-05-18T09:20:12+00:00","dateModified":"2023-04-27T13:02:28+00:00","breadcrumb":{"@id":"https:\/\/schiffers.pl\/sklep\/klasyka-z-szafirem\/#breadcrumb"},"inLanguage":"en-US","potentialAction":[{"@type":"ReadAction","target":["https:\/\/schiffers.pl\/sklep\/klasyka-z-szafirem\/"]}]},{"@type":"ImageObject","inLanguage":"en-US","@id":"https:\/\/schiffers.pl\/sklep\/klasyka-z-szafirem\/#primaryimage","url":"https:\/\/schiffers.pl\/wp-content\/uploads\/2022\/04\/1450048.jpg","contentUrl":"https:\/\/schiffers.pl\/wp-content\/uploads\/2022\/04\/1450048.jpg","width":1716,"height":1716},{"@type":"BreadcrumbList","@id":"https:\/\/schiffers.pl\/sklep\/klasyka-z-szafirem\/#breadcrumb","itemListElement":[{"@type":"ListItem","position":1,"name":"Strona g\u0142\u00f3wna","item":"https:\/\/schiffers.pl\/"},{"@type":"ListItem","position":2,"name":"Sklep","item":"https:\/\/schiffers.pl\/sklep\/"},{"@type":"ListItem","position":3,"name":"Klasyka z szafirem 0,39 ct , rozm. 12,5 &#8211; SPRZEDANY"}]},{"@type":"WebSite","@id":"https:\/\/schiffers.pl\/#website","url":"https:\/\/schiffers.pl\/","name":"Schiffers","description":"bi\u017cuteria","potentialAction":[{"@type":"SearchAction","target":{"@type":"EntryPoint","urlTemplate":"https:\/\/schiffers.pl\/?s={search_term_string}"},"query-input":{"@type":"PropertyValueSpecification","valueRequired":true,"valueName":"search_term_string"}}],"inLanguage":"en-US"}]}},"_links":{"self":[{"href":"https:\/\/schiffers.pl\/en\/wp-json\/wp\/v2\/product\/15650","targetHints":{"allow":["GET"]}}],"collection":[{"href":"https:\/\/schiffers.pl\/en\/wp-json\/wp\/v2\/product"}],"about":[{"href":"https:\/\/schiffers.pl\/en\/wp-json\/wp\/v2\/types\/product"}],"wp:featuredmedia":[{"embeddable":true,"href":"https:\/\/schiffers.pl\/en\/wp-json\/wp\/v2\/media\/15438"}],"wp:attachment":[{"href":"https:\/\/schiffers.pl\/en\/wp-json\/wp\/v2\/media?parent=15650"}],"wp:term":[{"taxonomy":"product_brand","embeddable":true,"href":"https:\/\/schiffers.pl\/en\/wp-json\/wp\/v2\/product_brand?post=15650"},{"taxonomy":"product_cat","embeddable":true,"href":"https:\/\/schiffers.pl\/en\/wp-json\/wp\/v2\/product_cat?post=15650"},{"taxonomy":"product_tag","embeddable":true,"href":"https:\/\/schiffers.pl\/en\/wp-json\/wp\/v2\/product_tag?post=15650"}],"curies":[{"name":"wp","href":"https:\/\/api.w.org\/{rel}","templated":true}]}}