{"id":15503,"date":"2022-04-08T23:21:39","date_gmt":"2022-04-08T21:21:39","guid":{"rendered":"https:\/\/schiffers.pl\/?post_type=product&#038;p=15503"},"modified":"2022-10-18T16:50:51","modified_gmt":"2022-10-18T14:50:51","slug":"perlowa-poswiata","status":"publish","type":"product","link":"https:\/\/schiffers.pl\/en\/sklep\/perlowa-poswiata\/","title":{"rendered":"PER\u0141OWA PO\u015aWIATA"},"content":{"rendered":"","protected":false},"excerpt":{"rendered":"<p>Para obr\u0105czek wykonanych na zam\u00f3wienie. Wykonali\u015bmy je z \u017c\u00f3\u0142tego z\u0142ota pr\u00f3by 585. Wyrafinowanego smaku doda\u0142a im emalia jubilerska w kolorze masy per\u0142owej.<\/p>\n<p>Z emali\u0105 jubilersk\u0105 pracujemy ju\u017c od 20 lat. Naszym zdaniem jest to przepi\u0119kna, dekoracyjna technika, kt\u00f3ra sprawi, \u017ce Wasze obr\u0105czki b\u0119d\u0105 naprawd\u0119 niebanalne.<\/p>\n<p>Je\u015bli macie pytania dotycz\u0105ce emalii jubilerskiej, \u015bmia\u0142o kontaktujcie si\u0119 z nami, z przyjemno\u015bci\u0105 opowiemy wam o niej wi\u0119cej \ud83d\ude42<\/p>\n<p>&nbsp;<\/p>","protected":false},"featured_media":15504,"template":"","meta":[],"product_brand":[],"product_cat":[189],"product_tag":[],"class_list":{"0":"post-15503","1":"product","2":"type-product","3":"status-publish","4":"has-post-thumbnail","6":"product_cat-prezentacja-obraczki-slubne","8":"first","9":"outofstock","10":"shipping-taxable","11":"product-type-simple"},"yoast_head":"<!-- This site is optimized with the Yoast SEO plugin v24.6 - https:\/\/yoast.com\/wordpress\/plugins\/seo\/ -->\n<title>PER\u0141OWA PO\u015aWIATA - Schiffers<\/title>\n<meta name=\"robots\" content=\"index, follow, max-snippet:-1, max-image-preview:large, max-video-preview:-1\" \/>\n<link rel=\"canonical\" href=\"https:\/\/schiffers.pl\/en\/sklep\/perlowa-poswiata\/\" \/>\n<meta property=\"og:locale\" content=\"en_US\" \/>\n<meta property=\"og:type\" content=\"article\" \/>\n<meta property=\"og:title\" content=\"PER\u0141OWA PO\u015aWIATA - Schiffers\" \/>\n<meta property=\"og:description\" content=\"Para obr\u0105czek wykonanych na zam\u00f3wienie. Wykonali\u015bmy je z \u017c\u00f3\u0142tego z\u0142ota pr\u00f3by 585. Wyrafinowanego smaku doda\u0142a im emalia jubilerska w kolorze masy per\u0142owej.  Z emali\u0105 jubilersk\u0105 pracujemy ju\u017c od 20 lat. Naszym zdaniem jest to przepi\u0119kna, dekoracyjna technika, kt\u00f3ra sprawi, \u017ce Wasze obr\u0105czki b\u0119d\u0105 naprawd\u0119 niebanalne.  Je\u015bli macie pytania dotycz\u0105ce emalii jubilerskiej, \u015bmia\u0142o kontaktujcie si\u0119 z nami, z przyjemno\u015bci\u0105 opowiemy wam o niej wi\u0119cej :-)  &nbsp;\" \/>\n<meta property=\"og:url\" content=\"https:\/\/schiffers.pl\/en\/sklep\/perlowa-poswiata\/\" \/>\n<meta property=\"og:site_name\" content=\"Schiffers\" \/>\n<meta property=\"article:modified_time\" content=\"2022-10-18T14:50:51+00:00\" \/>\n<meta property=\"og:image\" content=\"https:\/\/schiffers.pl\/wp-content\/uploads\/2022\/04\/1370007.jpg\" \/>\n\t<meta property=\"og:image:width\" content=\"2027\" \/>\n\t<meta property=\"og:image:height\" content=\"2027\" \/>\n\t<meta property=\"og:image:type\" content=\"image\/jpeg\" \/>\n<meta name=\"twitter:card\" content=\"summary_large_image\" \/>\n<script type=\"application\/ld+json\" class=\"yoast-schema-graph\">{\"@context\":\"https:\/\/schema.org\",\"@graph\":[{\"@type\":\"WebPage\",\"@id\":\"https:\/\/schiffers.pl\/sklep\/perlowa-poswiata\/\",\"url\":\"https:\/\/schiffers.pl\/sklep\/perlowa-poswiata\/\",\"name\":\"PER\u0141OWA PO\u015aWIATA - Schiffers\",\"isPartOf\":{\"@id\":\"https:\/\/schiffers.pl\/#website\"},\"primaryImageOfPage\":{\"@id\":\"https:\/\/schiffers.pl\/sklep\/perlowa-poswiata\/#primaryimage\"},\"image\":{\"@id\":\"https:\/\/schiffers.pl\/sklep\/perlowa-poswiata\/#primaryimage\"},\"thumbnailUrl\":\"https:\/\/schiffers.pl\/wp-content\/uploads\/2022\/04\/1370007.jpg\",\"datePublished\":\"2022-04-08T21:21:39+00:00\",\"dateModified\":\"2022-10-18T14:50:51+00:00\",\"breadcrumb\":{\"@id\":\"https:\/\/schiffers.pl\/sklep\/perlowa-poswiata\/#breadcrumb\"},\"inLanguage\":\"en-US\",\"potentialAction\":[{\"@type\":\"ReadAction\",\"target\":[\"https:\/\/schiffers.pl\/sklep\/perlowa-poswiata\/\"]}]},{\"@type\":\"ImageObject\",\"inLanguage\":\"en-US\",\"@id\":\"https:\/\/schiffers.pl\/sklep\/perlowa-poswiata\/#primaryimage\",\"url\":\"https:\/\/schiffers.pl\/wp-content\/uploads\/2022\/04\/1370007.jpg\",\"contentUrl\":\"https:\/\/schiffers.pl\/wp-content\/uploads\/2022\/04\/1370007.jpg\",\"width\":2027,\"height\":2027},{\"@type\":\"BreadcrumbList\",\"@id\":\"https:\/\/schiffers.pl\/sklep\/perlowa-poswiata\/#breadcrumb\",\"itemListElement\":[{\"@type\":\"ListItem\",\"position\":1,\"name\":\"Strona g\u0142\u00f3wna\",\"item\":\"https:\/\/schiffers.pl\/\"},{\"@type\":\"ListItem\",\"position\":2,\"name\":\"Sklep\",\"item\":\"https:\/\/schiffers.pl\/sklep\/\"},{\"@type\":\"ListItem\",\"position\":3,\"name\":\"PER\u0141OWA PO\u015aWIATA\"}]},{\"@type\":\"WebSite\",\"@id\":\"https:\/\/schiffers.pl\/#website\",\"url\":\"https:\/\/schiffers.pl\/\",\"name\":\"Schiffers\",\"description\":\"bi\u017cuteria\",\"potentialAction\":[{\"@type\":\"SearchAction\",\"target\":{\"@type\":\"EntryPoint\",\"urlTemplate\":\"https:\/\/schiffers.pl\/?s={search_term_string}\"},\"query-input\":{\"@type\":\"PropertyValueSpecification\",\"valueRequired\":true,\"valueName\":\"search_term_string\"}}],\"inLanguage\":\"en-US\"}]}<\/script>\n<!-- \/ Yoast SEO plugin. -->","yoast_head_json":{"title":"PER\u0141OWA PO\u015aWIATA - Schiffers","robots":{"index":"index","follow":"follow","max-snippet":"max-snippet:-1","max-image-preview":"max-image-preview:large","max-video-preview":"max-video-preview:-1"},"canonical":"https:\/\/schiffers.pl\/en\/sklep\/perlowa-poswiata\/","og_locale":"en_US","og_type":"article","og_title":"PER\u0141OWA PO\u015aWIATA - Schiffers","og_description":"Para obr\u0105czek wykonanych na zam\u00f3wienie. Wykonali\u015bmy je z \u017c\u00f3\u0142tego z\u0142ota pr\u00f3by 585. Wyrafinowanego smaku doda\u0142a im emalia jubilerska w kolorze masy per\u0142owej.  Z emali\u0105 jubilersk\u0105 pracujemy ju\u017c od 20 lat. Naszym zdaniem jest to przepi\u0119kna, dekoracyjna technika, kt\u00f3ra sprawi, \u017ce Wasze obr\u0105czki b\u0119d\u0105 naprawd\u0119 niebanalne.  Je\u015bli macie pytania dotycz\u0105ce emalii jubilerskiej, \u015bmia\u0142o kontaktujcie si\u0119 z nami, z przyjemno\u015bci\u0105 opowiemy wam o niej wi\u0119cej :-)  &nbsp;","og_url":"https:\/\/schiffers.pl\/en\/sklep\/perlowa-poswiata\/","og_site_name":"Schiffers","article_modified_time":"2022-10-18T14:50:51+00:00","og_image":[{"width":2027,"height":2027,"url":"https:\/\/schiffers.pl\/wp-content\/uploads\/2022\/04\/1370007.jpg","type":"image\/jpeg"}],"twitter_card":"summary_large_image","schema":{"@context":"https:\/\/schema.org","@graph":[{"@type":"WebPage","@id":"https:\/\/schiffers.pl\/sklep\/perlowa-poswiata\/","url":"https:\/\/schiffers.pl\/sklep\/perlowa-poswiata\/","name":"PER\u0141OWA PO\u015aWIATA - Schiffers","isPartOf":{"@id":"https:\/\/schiffers.pl\/#website"},"primaryImageOfPage":{"@id":"https:\/\/schiffers.pl\/sklep\/perlowa-poswiata\/#primaryimage"},"image":{"@id":"https:\/\/schiffers.pl\/sklep\/perlowa-poswiata\/#primaryimage"},"thumbnailUrl":"https:\/\/schiffers.pl\/wp-content\/uploads\/2022\/04\/1370007.jpg","datePublished":"2022-04-08T21:21:39+00:00","dateModified":"2022-10-18T14:50:51+00:00","breadcrumb":{"@id":"https:\/\/schiffers.pl\/sklep\/perlowa-poswiata\/#breadcrumb"},"inLanguage":"en-US","potentialAction":[{"@type":"ReadAction","target":["https:\/\/schiffers.pl\/sklep\/perlowa-poswiata\/"]}]},{"@type":"ImageObject","inLanguage":"en-US","@id":"https:\/\/schiffers.pl\/sklep\/perlowa-poswiata\/#primaryimage","url":"https:\/\/schiffers.pl\/wp-content\/uploads\/2022\/04\/1370007.jpg","contentUrl":"https:\/\/schiffers.pl\/wp-content\/uploads\/2022\/04\/1370007.jpg","width":2027,"height":2027},{"@type":"BreadcrumbList","@id":"https:\/\/schiffers.pl\/sklep\/perlowa-poswiata\/#breadcrumb","itemListElement":[{"@type":"ListItem","position":1,"name":"Strona g\u0142\u00f3wna","item":"https:\/\/schiffers.pl\/"},{"@type":"ListItem","position":2,"name":"Sklep","item":"https:\/\/schiffers.pl\/sklep\/"},{"@type":"ListItem","position":3,"name":"PER\u0141OWA PO\u015aWIATA"}]},{"@type":"WebSite","@id":"https:\/\/schiffers.pl\/#website","url":"https:\/\/schiffers.pl\/","name":"Schiffers","description":"bi\u017cuteria","potentialAction":[{"@type":"SearchAction","target":{"@type":"EntryPoint","urlTemplate":"https:\/\/schiffers.pl\/?s={search_term_string}"},"query-input":{"@type":"PropertyValueSpecification","valueRequired":true,"valueName":"search_term_string"}}],"inLanguage":"en-US"}]}},"_links":{"self":[{"href":"https:\/\/schiffers.pl\/en\/wp-json\/wp\/v2\/product\/15503","targetHints":{"allow":["GET"]}}],"collection":[{"href":"https:\/\/schiffers.pl\/en\/wp-json\/wp\/v2\/product"}],"about":[{"href":"https:\/\/schiffers.pl\/en\/wp-json\/wp\/v2\/types\/product"}],"wp:featuredmedia":[{"embeddable":true,"href":"https:\/\/schiffers.pl\/en\/wp-json\/wp\/v2\/media\/15504"}],"wp:attachment":[{"href":"https:\/\/schiffers.pl\/en\/wp-json\/wp\/v2\/media?parent=15503"}],"wp:term":[{"taxonomy":"product_brand","embeddable":true,"href":"https:\/\/schiffers.pl\/en\/wp-json\/wp\/v2\/product_brand?post=15503"},{"taxonomy":"product_cat","embeddable":true,"href":"https:\/\/schiffers.pl\/en\/wp-json\/wp\/v2\/product_cat?post=15503"},{"taxonomy":"product_tag","embeddable":true,"href":"https:\/\/schiffers.pl\/en\/wp-json\/wp\/v2\/product_tag?post=15503"}],"curies":[{"name":"wp","href":"https:\/\/api.w.org\/{rel}","templated":true}]}}