{"id":15470,"date":"2022-04-08T19:12:18","date_gmt":"2022-04-08T17:12:18","guid":{"rendered":"https:\/\/schiffers.pl\/?post_type=product&#038;p=15470"},"modified":"2022-04-08T19:32:26","modified_gmt":"2022-04-08T17:32:26","slug":"sekretny-ogrod-szmaragdy","status":"publish","type":"product","link":"https:\/\/schiffers.pl\/en\/sklep\/sekretny-ogrod-szmaragdy\/","title":{"rendered":"SEKRETNY OGR\u00d3D"},"content":{"rendered":"","protected":false},"excerpt":{"rendered":"<p>Dekoracyjna obr\u0105czka w stylu boho. SEKRETNY OGR\u00d3D skradnie serce ka\u017cdej Panny M\u0142odej, kochaj\u0105cej natur\u0119. Model realizujemy w trzech kolorach z\u0142ota (bia\u0142ym, \u017c\u00f3\u0142tym, r\u00f3\u017cowym) z kamieniami np. diamentami, szmaragdami, rubinami czy szafirami&#8230; Mo\u017cna nas pyta\u0107 o mo\u017cliwo\u015b\u0107 wykorzystania tak\u017ce innych szlachetnych kamieni. Zapraszamy!<\/p>\n<p>&nbsp;<\/p>","protected":false},"featured_media":15471,"template":"","meta":[],"product_brand":[],"product_cat":[189],"product_tag":[],"class_list":{"0":"post-15470","1":"product","2":"type-product","3":"status-publish","4":"has-post-thumbnail","6":"product_cat-prezentacja-obraczki-slubne","8":"first","9":"outofstock","10":"shipping-taxable","11":"product-type-simple"},"yoast_head":"<!-- This site is optimized with the Yoast SEO plugin v24.6 - https:\/\/yoast.com\/wordpress\/plugins\/seo\/ -->\n<title>SEKRETNY OGR\u00d3D - Schiffers<\/title>\n<meta name=\"robots\" content=\"index, follow, max-snippet:-1, max-image-preview:large, max-video-preview:-1\" \/>\n<link rel=\"canonical\" href=\"https:\/\/schiffers.pl\/en\/sklep\/sekretny-ogrod-szmaragdy\/\" \/>\n<meta property=\"og:locale\" content=\"en_US\" \/>\n<meta property=\"og:type\" content=\"article\" \/>\n<meta property=\"og:title\" content=\"SEKRETNY OGR\u00d3D - Schiffers\" \/>\n<meta property=\"og:description\" content=\"Dekoracyjna obr\u0105czka w stylu boho. SEKRETNY OGR\u00d3D skradnie serce ka\u017cdej Panny M\u0142odej, kochaj\u0105cej natur\u0119. Model realizujemy w trzech kolorach z\u0142ota (bia\u0142ym, \u017c\u00f3\u0142tym, r\u00f3\u017cowym) z kamieniami np. diamentami, szmaragdami, rubinami czy szafirami... Mo\u017cna nas pyta\u0107 o mo\u017cliwo\u015b\u0107 wykorzystania tak\u017ce innych szlachetnych kamieni. Zapraszamy!  &nbsp;\" \/>\n<meta property=\"og:url\" content=\"https:\/\/schiffers.pl\/en\/sklep\/sekretny-ogrod-szmaragdy\/\" \/>\n<meta property=\"og:site_name\" content=\"Schiffers\" \/>\n<meta property=\"article:modified_time\" content=\"2022-04-08T17:32:26+00:00\" \/>\n<meta property=\"og:image\" content=\"https:\/\/schiffers.pl\/wp-content\/uploads\/2022\/04\/1410995.jpg\" \/>\n\t<meta property=\"og:image:width\" content=\"1804\" \/>\n\t<meta property=\"og:image:height\" content=\"1804\" \/>\n\t<meta property=\"og:image:type\" content=\"image\/jpeg\" \/>\n<meta name=\"twitter:card\" content=\"summary_large_image\" \/>\n<script type=\"application\/ld+json\" class=\"yoast-schema-graph\">{\"@context\":\"https:\/\/schema.org\",\"@graph\":[{\"@type\":\"WebPage\",\"@id\":\"https:\/\/schiffers.pl\/sklep\/sekretny-ogrod-szmaragdy\/\",\"url\":\"https:\/\/schiffers.pl\/sklep\/sekretny-ogrod-szmaragdy\/\",\"name\":\"SEKRETNY OGR\u00d3D - Schiffers\",\"isPartOf\":{\"@id\":\"https:\/\/schiffers.pl\/#website\"},\"primaryImageOfPage\":{\"@id\":\"https:\/\/schiffers.pl\/sklep\/sekretny-ogrod-szmaragdy\/#primaryimage\"},\"image\":{\"@id\":\"https:\/\/schiffers.pl\/sklep\/sekretny-ogrod-szmaragdy\/#primaryimage\"},\"thumbnailUrl\":\"https:\/\/schiffers.pl\/wp-content\/uploads\/2022\/04\/1410995.jpg\",\"datePublished\":\"2022-04-08T17:12:18+00:00\",\"dateModified\":\"2022-04-08T17:32:26+00:00\",\"breadcrumb\":{\"@id\":\"https:\/\/schiffers.pl\/sklep\/sekretny-ogrod-szmaragdy\/#breadcrumb\"},\"inLanguage\":\"en-US\",\"potentialAction\":[{\"@type\":\"ReadAction\",\"target\":[\"https:\/\/schiffers.pl\/sklep\/sekretny-ogrod-szmaragdy\/\"]}]},{\"@type\":\"ImageObject\",\"inLanguage\":\"en-US\",\"@id\":\"https:\/\/schiffers.pl\/sklep\/sekretny-ogrod-szmaragdy\/#primaryimage\",\"url\":\"https:\/\/schiffers.pl\/wp-content\/uploads\/2022\/04\/1410995.jpg\",\"contentUrl\":\"https:\/\/schiffers.pl\/wp-content\/uploads\/2022\/04\/1410995.jpg\",\"width\":1804,\"height\":1804},{\"@type\":\"BreadcrumbList\",\"@id\":\"https:\/\/schiffers.pl\/sklep\/sekretny-ogrod-szmaragdy\/#breadcrumb\",\"itemListElement\":[{\"@type\":\"ListItem\",\"position\":1,\"name\":\"Strona g\u0142\u00f3wna\",\"item\":\"https:\/\/schiffers.pl\/\"},{\"@type\":\"ListItem\",\"position\":2,\"name\":\"Sklep\",\"item\":\"https:\/\/schiffers.pl\/sklep\/\"},{\"@type\":\"ListItem\",\"position\":3,\"name\":\"SEKRETNY OGR\u00d3D\"}]},{\"@type\":\"WebSite\",\"@id\":\"https:\/\/schiffers.pl\/#website\",\"url\":\"https:\/\/schiffers.pl\/\",\"name\":\"Schiffers\",\"description\":\"bi\u017cuteria\",\"potentialAction\":[{\"@type\":\"SearchAction\",\"target\":{\"@type\":\"EntryPoint\",\"urlTemplate\":\"https:\/\/schiffers.pl\/?s={search_term_string}\"},\"query-input\":{\"@type\":\"PropertyValueSpecification\",\"valueRequired\":true,\"valueName\":\"search_term_string\"}}],\"inLanguage\":\"en-US\"}]}<\/script>\n<!-- \/ Yoast SEO plugin. -->","yoast_head_json":{"title":"SEKRETNY OGR\u00d3D - Schiffers","robots":{"index":"index","follow":"follow","max-snippet":"max-snippet:-1","max-image-preview":"max-image-preview:large","max-video-preview":"max-video-preview:-1"},"canonical":"https:\/\/schiffers.pl\/en\/sklep\/sekretny-ogrod-szmaragdy\/","og_locale":"en_US","og_type":"article","og_title":"SEKRETNY OGR\u00d3D - Schiffers","og_description":"Dekoracyjna obr\u0105czka w stylu boho. SEKRETNY OGR\u00d3D skradnie serce ka\u017cdej Panny M\u0142odej, kochaj\u0105cej natur\u0119. Model realizujemy w trzech kolorach z\u0142ota (bia\u0142ym, \u017c\u00f3\u0142tym, r\u00f3\u017cowym) z kamieniami np. diamentami, szmaragdami, rubinami czy szafirami... Mo\u017cna nas pyta\u0107 o mo\u017cliwo\u015b\u0107 wykorzystania tak\u017ce innych szlachetnych kamieni. Zapraszamy!  &nbsp;","og_url":"https:\/\/schiffers.pl\/en\/sklep\/sekretny-ogrod-szmaragdy\/","og_site_name":"Schiffers","article_modified_time":"2022-04-08T17:32:26+00:00","og_image":[{"width":1804,"height":1804,"url":"https:\/\/schiffers.pl\/wp-content\/uploads\/2022\/04\/1410995.jpg","type":"image\/jpeg"}],"twitter_card":"summary_large_image","schema":{"@context":"https:\/\/schema.org","@graph":[{"@type":"WebPage","@id":"https:\/\/schiffers.pl\/sklep\/sekretny-ogrod-szmaragdy\/","url":"https:\/\/schiffers.pl\/sklep\/sekretny-ogrod-szmaragdy\/","name":"SEKRETNY OGR\u00d3D - Schiffers","isPartOf":{"@id":"https:\/\/schiffers.pl\/#website"},"primaryImageOfPage":{"@id":"https:\/\/schiffers.pl\/sklep\/sekretny-ogrod-szmaragdy\/#primaryimage"},"image":{"@id":"https:\/\/schiffers.pl\/sklep\/sekretny-ogrod-szmaragdy\/#primaryimage"},"thumbnailUrl":"https:\/\/schiffers.pl\/wp-content\/uploads\/2022\/04\/1410995.jpg","datePublished":"2022-04-08T17:12:18+00:00","dateModified":"2022-04-08T17:32:26+00:00","breadcrumb":{"@id":"https:\/\/schiffers.pl\/sklep\/sekretny-ogrod-szmaragdy\/#breadcrumb"},"inLanguage":"en-US","potentialAction":[{"@type":"ReadAction","target":["https:\/\/schiffers.pl\/sklep\/sekretny-ogrod-szmaragdy\/"]}]},{"@type":"ImageObject","inLanguage":"en-US","@id":"https:\/\/schiffers.pl\/sklep\/sekretny-ogrod-szmaragdy\/#primaryimage","url":"https:\/\/schiffers.pl\/wp-content\/uploads\/2022\/04\/1410995.jpg","contentUrl":"https:\/\/schiffers.pl\/wp-content\/uploads\/2022\/04\/1410995.jpg","width":1804,"height":1804},{"@type":"BreadcrumbList","@id":"https:\/\/schiffers.pl\/sklep\/sekretny-ogrod-szmaragdy\/#breadcrumb","itemListElement":[{"@type":"ListItem","position":1,"name":"Strona g\u0142\u00f3wna","item":"https:\/\/schiffers.pl\/"},{"@type":"ListItem","position":2,"name":"Sklep","item":"https:\/\/schiffers.pl\/sklep\/"},{"@type":"ListItem","position":3,"name":"SEKRETNY OGR\u00d3D"}]},{"@type":"WebSite","@id":"https:\/\/schiffers.pl\/#website","url":"https:\/\/schiffers.pl\/","name":"Schiffers","description":"bi\u017cuteria","potentialAction":[{"@type":"SearchAction","target":{"@type":"EntryPoint","urlTemplate":"https:\/\/schiffers.pl\/?s={search_term_string}"},"query-input":{"@type":"PropertyValueSpecification","valueRequired":true,"valueName":"search_term_string"}}],"inLanguage":"en-US"}]}},"_links":{"self":[{"href":"https:\/\/schiffers.pl\/en\/wp-json\/wp\/v2\/product\/15470","targetHints":{"allow":["GET"]}}],"collection":[{"href":"https:\/\/schiffers.pl\/en\/wp-json\/wp\/v2\/product"}],"about":[{"href":"https:\/\/schiffers.pl\/en\/wp-json\/wp\/v2\/types\/product"}],"wp:featuredmedia":[{"embeddable":true,"href":"https:\/\/schiffers.pl\/en\/wp-json\/wp\/v2\/media\/15471"}],"wp:attachment":[{"href":"https:\/\/schiffers.pl\/en\/wp-json\/wp\/v2\/media?parent=15470"}],"wp:term":[{"taxonomy":"product_brand","embeddable":true,"href":"https:\/\/schiffers.pl\/en\/wp-json\/wp\/v2\/product_brand?post=15470"},{"taxonomy":"product_cat","embeddable":true,"href":"https:\/\/schiffers.pl\/en\/wp-json\/wp\/v2\/product_cat?post=15470"},{"taxonomy":"product_tag","embeddable":true,"href":"https:\/\/schiffers.pl\/en\/wp-json\/wp\/v2\/product_tag?post=15470"}],"curies":[{"name":"wp","href":"https:\/\/api.w.org\/{rel}","templated":true}]}}