{"id":15467,"date":"2022-04-08T18:52:23","date_gmt":"2022-04-08T16:52:23","guid":{"rendered":"https:\/\/schiffers.pl\/?post_type=product&#038;p=15467"},"modified":"2022-04-08T19:02:10","modified_gmt":"2022-04-08T17:02:10","slug":"wysniona","status":"publish","type":"product","link":"https:\/\/schiffers.pl\/en\/sklep\/wysniona\/","title":{"rendered":"WY\u015aNIONA"},"content":{"rendered":"","protected":false},"excerpt":{"rendered":"<p>Niebanalna obr\u0105czka z diamentami. Zawsze na czasie. To propozycja modelu, kt\u00f3ry realizujemy na indywidualne zam\u00f3wienie. W tym przypadku ustalamy szeroko\u015b\u0107 obr\u0105czki a co za tym idzie, wielko\u015b\u0107 kamieni, kt\u00f3re zakuwane s\u0105 ka\u017cdy oddzielnie w \u0142apki.<\/p>\n<p>Wszystkie parametry ustalamy na spotkaniu w pracowni lub zdalnie ( je\u015bli jeste\u015bcie z innego miasta i nie macie mo\u017cliwo\u015bci nas odwiedzi\u0107 ).<\/p>\n<p>Kolor z\u0142ota oraz wykorzystane kamienie tak\u017ce mog\u0105 ulec modyfikacji. Wycena jest ka\u017cdorazowo przygotowywana indywidualnie w oparciu o rozmiar oraz wag\u0119 i rodzaj kamieni.<\/p>\n<p>&nbsp;<\/p>","protected":false},"featured_media":15468,"template":"","meta":[],"product_brand":[],"product_cat":[189],"product_tag":[],"class_list":{"0":"post-15467","1":"product","2":"type-product","3":"status-publish","4":"has-post-thumbnail","6":"product_cat-prezentacja-obraczki-slubne","8":"first","9":"outofstock","10":"shipping-taxable","11":"product-type-simple"},"yoast_head":"<!-- This site is optimized with the Yoast SEO plugin v24.6 - https:\/\/yoast.com\/wordpress\/plugins\/seo\/ -->\n<title>WY\u015aNIONA - Schiffers<\/title>\n<meta name=\"robots\" content=\"index, follow, max-snippet:-1, max-image-preview:large, max-video-preview:-1\" \/>\n<link rel=\"canonical\" href=\"https:\/\/schiffers.pl\/en\/sklep\/wysniona\/\" \/>\n<meta property=\"og:locale\" content=\"en_US\" \/>\n<meta property=\"og:type\" content=\"article\" \/>\n<meta property=\"og:title\" content=\"WY\u015aNIONA - Schiffers\" \/>\n<meta property=\"og:description\" content=\"Niebanalna obr\u0105czka z diamentami. Zawsze na czasie. To propozycja modelu, kt\u00f3ry realizujemy na indywidualne zam\u00f3wienie. W tym przypadku ustalamy szeroko\u015b\u0107 obr\u0105czki a co za tym idzie, wielko\u015b\u0107 kamieni, kt\u00f3re zakuwane s\u0105 ka\u017cdy oddzielnie w \u0142apki.  Wszystkie parametry ustalamy na spotkaniu w pracowni lub zdalnie ( je\u015bli jeste\u015bcie z innego miasta i nie macie mo\u017cliwo\u015bci nas odwiedzi\u0107 ).  Kolor z\u0142ota oraz wykorzystane kamienie tak\u017ce mog\u0105 ulec modyfikacji. Wycena jest ka\u017cdorazowo przygotowywana indywidualnie w oparciu o rozmiar oraz wag\u0119 i rodzaj kamieni.  &nbsp;\" \/>\n<meta property=\"og:url\" content=\"https:\/\/schiffers.pl\/en\/sklep\/wysniona\/\" \/>\n<meta property=\"og:site_name\" content=\"Schiffers\" \/>\n<meta property=\"article:modified_time\" content=\"2022-04-08T17:02:10+00:00\" \/>\n<meta property=\"og:image\" content=\"https:\/\/schiffers.pl\/wp-content\/uploads\/2022\/04\/1410767.jpg\" \/>\n\t<meta property=\"og:image:width\" content=\"2005\" \/>\n\t<meta property=\"og:image:height\" content=\"2005\" \/>\n\t<meta property=\"og:image:type\" content=\"image\/jpeg\" \/>\n<meta name=\"twitter:card\" content=\"summary_large_image\" \/>\n<script type=\"application\/ld+json\" class=\"yoast-schema-graph\">{\"@context\":\"https:\/\/schema.org\",\"@graph\":[{\"@type\":\"WebPage\",\"@id\":\"https:\/\/schiffers.pl\/sklep\/wysniona\/\",\"url\":\"https:\/\/schiffers.pl\/sklep\/wysniona\/\",\"name\":\"WY\u015aNIONA - Schiffers\",\"isPartOf\":{\"@id\":\"https:\/\/schiffers.pl\/#website\"},\"primaryImageOfPage\":{\"@id\":\"https:\/\/schiffers.pl\/sklep\/wysniona\/#primaryimage\"},\"image\":{\"@id\":\"https:\/\/schiffers.pl\/sklep\/wysniona\/#primaryimage\"},\"thumbnailUrl\":\"https:\/\/schiffers.pl\/wp-content\/uploads\/2022\/04\/1410767.jpg\",\"datePublished\":\"2022-04-08T16:52:23+00:00\",\"dateModified\":\"2022-04-08T17:02:10+00:00\",\"breadcrumb\":{\"@id\":\"https:\/\/schiffers.pl\/sklep\/wysniona\/#breadcrumb\"},\"inLanguage\":\"en-US\",\"potentialAction\":[{\"@type\":\"ReadAction\",\"target\":[\"https:\/\/schiffers.pl\/sklep\/wysniona\/\"]}]},{\"@type\":\"ImageObject\",\"inLanguage\":\"en-US\",\"@id\":\"https:\/\/schiffers.pl\/sklep\/wysniona\/#primaryimage\",\"url\":\"https:\/\/schiffers.pl\/wp-content\/uploads\/2022\/04\/1410767.jpg\",\"contentUrl\":\"https:\/\/schiffers.pl\/wp-content\/uploads\/2022\/04\/1410767.jpg\",\"width\":2005,\"height\":2005},{\"@type\":\"BreadcrumbList\",\"@id\":\"https:\/\/schiffers.pl\/sklep\/wysniona\/#breadcrumb\",\"itemListElement\":[{\"@type\":\"ListItem\",\"position\":1,\"name\":\"Strona g\u0142\u00f3wna\",\"item\":\"https:\/\/schiffers.pl\/\"},{\"@type\":\"ListItem\",\"position\":2,\"name\":\"Sklep\",\"item\":\"https:\/\/schiffers.pl\/sklep\/\"},{\"@type\":\"ListItem\",\"position\":3,\"name\":\"WY\u015aNIONA\"}]},{\"@type\":\"WebSite\",\"@id\":\"https:\/\/schiffers.pl\/#website\",\"url\":\"https:\/\/schiffers.pl\/\",\"name\":\"Schiffers\",\"description\":\"bi\u017cuteria\",\"potentialAction\":[{\"@type\":\"SearchAction\",\"target\":{\"@type\":\"EntryPoint\",\"urlTemplate\":\"https:\/\/schiffers.pl\/?s={search_term_string}\"},\"query-input\":{\"@type\":\"PropertyValueSpecification\",\"valueRequired\":true,\"valueName\":\"search_term_string\"}}],\"inLanguage\":\"en-US\"}]}<\/script>\n<!-- \/ Yoast SEO plugin. -->","yoast_head_json":{"title":"WY\u015aNIONA - Schiffers","robots":{"index":"index","follow":"follow","max-snippet":"max-snippet:-1","max-image-preview":"max-image-preview:large","max-video-preview":"max-video-preview:-1"},"canonical":"https:\/\/schiffers.pl\/en\/sklep\/wysniona\/","og_locale":"en_US","og_type":"article","og_title":"WY\u015aNIONA - Schiffers","og_description":"Niebanalna obr\u0105czka z diamentami. Zawsze na czasie. To propozycja modelu, kt\u00f3ry realizujemy na indywidualne zam\u00f3wienie. W tym przypadku ustalamy szeroko\u015b\u0107 obr\u0105czki a co za tym idzie, wielko\u015b\u0107 kamieni, kt\u00f3re zakuwane s\u0105 ka\u017cdy oddzielnie w \u0142apki.  Wszystkie parametry ustalamy na spotkaniu w pracowni lub zdalnie ( je\u015bli jeste\u015bcie z innego miasta i nie macie mo\u017cliwo\u015bci nas odwiedzi\u0107 ).  Kolor z\u0142ota oraz wykorzystane kamienie tak\u017ce mog\u0105 ulec modyfikacji. Wycena jest ka\u017cdorazowo przygotowywana indywidualnie w oparciu o rozmiar oraz wag\u0119 i rodzaj kamieni.  &nbsp;","og_url":"https:\/\/schiffers.pl\/en\/sklep\/wysniona\/","og_site_name":"Schiffers","article_modified_time":"2022-04-08T17:02:10+00:00","og_image":[{"width":2005,"height":2005,"url":"https:\/\/schiffers.pl\/wp-content\/uploads\/2022\/04\/1410767.jpg","type":"image\/jpeg"}],"twitter_card":"summary_large_image","schema":{"@context":"https:\/\/schema.org","@graph":[{"@type":"WebPage","@id":"https:\/\/schiffers.pl\/sklep\/wysniona\/","url":"https:\/\/schiffers.pl\/sklep\/wysniona\/","name":"WY\u015aNIONA - Schiffers","isPartOf":{"@id":"https:\/\/schiffers.pl\/#website"},"primaryImageOfPage":{"@id":"https:\/\/schiffers.pl\/sklep\/wysniona\/#primaryimage"},"image":{"@id":"https:\/\/schiffers.pl\/sklep\/wysniona\/#primaryimage"},"thumbnailUrl":"https:\/\/schiffers.pl\/wp-content\/uploads\/2022\/04\/1410767.jpg","datePublished":"2022-04-08T16:52:23+00:00","dateModified":"2022-04-08T17:02:10+00:00","breadcrumb":{"@id":"https:\/\/schiffers.pl\/sklep\/wysniona\/#breadcrumb"},"inLanguage":"en-US","potentialAction":[{"@type":"ReadAction","target":["https:\/\/schiffers.pl\/sklep\/wysniona\/"]}]},{"@type":"ImageObject","inLanguage":"en-US","@id":"https:\/\/schiffers.pl\/sklep\/wysniona\/#primaryimage","url":"https:\/\/schiffers.pl\/wp-content\/uploads\/2022\/04\/1410767.jpg","contentUrl":"https:\/\/schiffers.pl\/wp-content\/uploads\/2022\/04\/1410767.jpg","width":2005,"height":2005},{"@type":"BreadcrumbList","@id":"https:\/\/schiffers.pl\/sklep\/wysniona\/#breadcrumb","itemListElement":[{"@type":"ListItem","position":1,"name":"Strona g\u0142\u00f3wna","item":"https:\/\/schiffers.pl\/"},{"@type":"ListItem","position":2,"name":"Sklep","item":"https:\/\/schiffers.pl\/sklep\/"},{"@type":"ListItem","position":3,"name":"WY\u015aNIONA"}]},{"@type":"WebSite","@id":"https:\/\/schiffers.pl\/#website","url":"https:\/\/schiffers.pl\/","name":"Schiffers","description":"bi\u017cuteria","potentialAction":[{"@type":"SearchAction","target":{"@type":"EntryPoint","urlTemplate":"https:\/\/schiffers.pl\/?s={search_term_string}"},"query-input":{"@type":"PropertyValueSpecification","valueRequired":true,"valueName":"search_term_string"}}],"inLanguage":"en-US"}]}},"_links":{"self":[{"href":"https:\/\/schiffers.pl\/en\/wp-json\/wp\/v2\/product\/15467","targetHints":{"allow":["GET"]}}],"collection":[{"href":"https:\/\/schiffers.pl\/en\/wp-json\/wp\/v2\/product"}],"about":[{"href":"https:\/\/schiffers.pl\/en\/wp-json\/wp\/v2\/types\/product"}],"wp:featuredmedia":[{"embeddable":true,"href":"https:\/\/schiffers.pl\/en\/wp-json\/wp\/v2\/media\/15468"}],"wp:attachment":[{"href":"https:\/\/schiffers.pl\/en\/wp-json\/wp\/v2\/media?parent=15467"}],"wp:term":[{"taxonomy":"product_brand","embeddable":true,"href":"https:\/\/schiffers.pl\/en\/wp-json\/wp\/v2\/product_brand?post=15467"},{"taxonomy":"product_cat","embeddable":true,"href":"https:\/\/schiffers.pl\/en\/wp-json\/wp\/v2\/product_cat?post=15467"},{"taxonomy":"product_tag","embeddable":true,"href":"https:\/\/schiffers.pl\/en\/wp-json\/wp\/v2\/product_tag?post=15467"}],"curies":[{"name":"wp","href":"https:\/\/api.w.org\/{rel}","templated":true}]}}