{"id":15455,"date":"2022-04-08T17:44:20","date_gmt":"2022-04-08T15:44:20","guid":{"rendered":"https:\/\/schiffers.pl\/?post_type=product&#038;p=15455"},"modified":"2022-10-18T16:49:33","modified_gmt":"2022-10-18T14:49:33","slug":"dune","status":"publish","type":"product","link":"https:\/\/schiffers.pl\/en\/sklep\/dune\/","title":{"rendered":"DUNE"},"content":{"rendered":"","protected":false},"excerpt":{"rendered":"<p>Przedstawiamy obr\u0105czki wykonane na indywidualne zam\u00f3wienie. W ka\u017cdym takim przypadku parametry obr\u0105czek ustalamy z Klientami. W przypadku damskiej widzimy tu obr\u0105czk\u0119 wykonan\u0105 z bia\u0142ego z\u0142ota pr\u00f3by 585 z zakutymi &#8222;tunelowo&#8221; naoko\u0142o diamentami. Szeroko\u015b\u0107 obr\u0105czki, a co za tym idzie, wielko\u015b\u0107 diament\u00f3w, ustalamy podczas spotkania w pracowni lub zdalnie (je\u015bli pracujemy na odleg\u0142o\u015b\u0107). Ustaleniom podlega tak\u017ce kolor z\u0142ota oraz mo\u017cemy zaproponowa\u0107 tak\u017ce inne kamienie szlachetne. Wycena jest ka\u017cdorazowo przygotowywana indywidualnie w oparciu o rozmiar oraz wag\u0119 kamieni.<\/p>\n<p>M\u0119ska obr\u0105czka mo\u017ce by\u0107 oczywi\u015bcie ca\u0142kiem inna \ud83d\ude09<\/p>\n<p>&nbsp;<\/p>","protected":false},"featured_media":15456,"template":"","meta":[],"product_brand":[],"product_cat":[189],"product_tag":[],"class_list":{"0":"post-15455","1":"product","2":"type-product","3":"status-publish","4":"has-post-thumbnail","6":"product_cat-prezentacja-obraczki-slubne","8":"first","9":"outofstock","10":"shipping-taxable","11":"product-type-simple"},"yoast_head":"<!-- This site is optimized with the Yoast SEO plugin v24.6 - https:\/\/yoast.com\/wordpress\/plugins\/seo\/ -->\n<title>DUNE - Schiffers<\/title>\n<meta name=\"robots\" content=\"index, follow, max-snippet:-1, max-image-preview:large, max-video-preview:-1\" \/>\n<link rel=\"canonical\" href=\"https:\/\/schiffers.pl\/en\/sklep\/dune\/\" \/>\n<meta property=\"og:locale\" content=\"en_US\" \/>\n<meta property=\"og:type\" content=\"article\" \/>\n<meta property=\"og:title\" content=\"DUNE - Schiffers\" \/>\n<meta property=\"og:description\" content=\"Przedstawiamy obr\u0105czki wykonane na indywidualne zam\u00f3wienie. W ka\u017cdym takim przypadku parametry obr\u0105czek ustalamy z Klientami. W przypadku damskiej widzimy tu obr\u0105czk\u0119 wykonan\u0105 z bia\u0142ego z\u0142ota pr\u00f3by 585 z zakutymi &quot;tunelowo&quot; naoko\u0142o diamentami. Szeroko\u015b\u0107 obr\u0105czki, a co za tym idzie, wielko\u015b\u0107 diament\u00f3w, ustalamy podczas spotkania w pracowni lub zdalnie (je\u015bli pracujemy na odleg\u0142o\u015b\u0107). Ustaleniom podlega tak\u017ce kolor z\u0142ota oraz mo\u017cemy zaproponowa\u0107 tak\u017ce inne kamienie szlachetne. Wycena jest ka\u017cdorazowo przygotowywana indywidualnie w oparciu o rozmiar oraz wag\u0119 kamieni.  M\u0119ska obr\u0105czka mo\u017ce by\u0107 oczywi\u015bcie ca\u0142kiem inna ;-)  &nbsp;\" \/>\n<meta property=\"og:url\" content=\"https:\/\/schiffers.pl\/en\/sklep\/dune\/\" \/>\n<meta property=\"og:site_name\" content=\"Schiffers\" \/>\n<meta property=\"article:modified_time\" content=\"2022-10-18T14:49:33+00:00\" \/>\n<meta property=\"og:image\" content=\"https:\/\/schiffers.pl\/wp-content\/uploads\/2022\/04\/1430254.jpg\" \/>\n\t<meta property=\"og:image:width\" content=\"1981\" \/>\n\t<meta property=\"og:image:height\" content=\"1981\" \/>\n\t<meta property=\"og:image:type\" content=\"image\/jpeg\" \/>\n<meta name=\"twitter:card\" content=\"summary_large_image\" \/>\n<script type=\"application\/ld+json\" class=\"yoast-schema-graph\">{\"@context\":\"https:\/\/schema.org\",\"@graph\":[{\"@type\":\"WebPage\",\"@id\":\"https:\/\/schiffers.pl\/sklep\/dune\/\",\"url\":\"https:\/\/schiffers.pl\/sklep\/dune\/\",\"name\":\"DUNE - Schiffers\",\"isPartOf\":{\"@id\":\"https:\/\/schiffers.pl\/#website\"},\"primaryImageOfPage\":{\"@id\":\"https:\/\/schiffers.pl\/sklep\/dune\/#primaryimage\"},\"image\":{\"@id\":\"https:\/\/schiffers.pl\/sklep\/dune\/#primaryimage\"},\"thumbnailUrl\":\"https:\/\/schiffers.pl\/wp-content\/uploads\/2022\/04\/1430254.jpg\",\"datePublished\":\"2022-04-08T15:44:20+00:00\",\"dateModified\":\"2022-10-18T14:49:33+00:00\",\"breadcrumb\":{\"@id\":\"https:\/\/schiffers.pl\/sklep\/dune\/#breadcrumb\"},\"inLanguage\":\"en-US\",\"potentialAction\":[{\"@type\":\"ReadAction\",\"target\":[\"https:\/\/schiffers.pl\/sklep\/dune\/\"]}]},{\"@type\":\"ImageObject\",\"inLanguage\":\"en-US\",\"@id\":\"https:\/\/schiffers.pl\/sklep\/dune\/#primaryimage\",\"url\":\"https:\/\/schiffers.pl\/wp-content\/uploads\/2022\/04\/1430254.jpg\",\"contentUrl\":\"https:\/\/schiffers.pl\/wp-content\/uploads\/2022\/04\/1430254.jpg\",\"width\":1981,\"height\":1981},{\"@type\":\"BreadcrumbList\",\"@id\":\"https:\/\/schiffers.pl\/sklep\/dune\/#breadcrumb\",\"itemListElement\":[{\"@type\":\"ListItem\",\"position\":1,\"name\":\"Strona g\u0142\u00f3wna\",\"item\":\"https:\/\/schiffers.pl\/\"},{\"@type\":\"ListItem\",\"position\":2,\"name\":\"Sklep\",\"item\":\"https:\/\/schiffers.pl\/sklep\/\"},{\"@type\":\"ListItem\",\"position\":3,\"name\":\"DUNE\"}]},{\"@type\":\"WebSite\",\"@id\":\"https:\/\/schiffers.pl\/#website\",\"url\":\"https:\/\/schiffers.pl\/\",\"name\":\"Schiffers\",\"description\":\"bi\u017cuteria\",\"potentialAction\":[{\"@type\":\"SearchAction\",\"target\":{\"@type\":\"EntryPoint\",\"urlTemplate\":\"https:\/\/schiffers.pl\/?s={search_term_string}\"},\"query-input\":{\"@type\":\"PropertyValueSpecification\",\"valueRequired\":true,\"valueName\":\"search_term_string\"}}],\"inLanguage\":\"en-US\"}]}<\/script>\n<!-- \/ Yoast SEO plugin. -->","yoast_head_json":{"title":"DUNE - Schiffers","robots":{"index":"index","follow":"follow","max-snippet":"max-snippet:-1","max-image-preview":"max-image-preview:large","max-video-preview":"max-video-preview:-1"},"canonical":"https:\/\/schiffers.pl\/en\/sklep\/dune\/","og_locale":"en_US","og_type":"article","og_title":"DUNE - Schiffers","og_description":"Przedstawiamy obr\u0105czki wykonane na indywidualne zam\u00f3wienie. W ka\u017cdym takim przypadku parametry obr\u0105czek ustalamy z Klientami. W przypadku damskiej widzimy tu obr\u0105czk\u0119 wykonan\u0105 z bia\u0142ego z\u0142ota pr\u00f3by 585 z zakutymi \"tunelowo\" naoko\u0142o diamentami. Szeroko\u015b\u0107 obr\u0105czki, a co za tym idzie, wielko\u015b\u0107 diament\u00f3w, ustalamy podczas spotkania w pracowni lub zdalnie (je\u015bli pracujemy na odleg\u0142o\u015b\u0107). Ustaleniom podlega tak\u017ce kolor z\u0142ota oraz mo\u017cemy zaproponowa\u0107 tak\u017ce inne kamienie szlachetne. Wycena jest ka\u017cdorazowo przygotowywana indywidualnie w oparciu o rozmiar oraz wag\u0119 kamieni.  M\u0119ska obr\u0105czka mo\u017ce by\u0107 oczywi\u015bcie ca\u0142kiem inna ;-)  &nbsp;","og_url":"https:\/\/schiffers.pl\/en\/sklep\/dune\/","og_site_name":"Schiffers","article_modified_time":"2022-10-18T14:49:33+00:00","og_image":[{"width":1981,"height":1981,"url":"https:\/\/schiffers.pl\/wp-content\/uploads\/2022\/04\/1430254.jpg","type":"image\/jpeg"}],"twitter_card":"summary_large_image","schema":{"@context":"https:\/\/schema.org","@graph":[{"@type":"WebPage","@id":"https:\/\/schiffers.pl\/sklep\/dune\/","url":"https:\/\/schiffers.pl\/sklep\/dune\/","name":"DUNE - Schiffers","isPartOf":{"@id":"https:\/\/schiffers.pl\/#website"},"primaryImageOfPage":{"@id":"https:\/\/schiffers.pl\/sklep\/dune\/#primaryimage"},"image":{"@id":"https:\/\/schiffers.pl\/sklep\/dune\/#primaryimage"},"thumbnailUrl":"https:\/\/schiffers.pl\/wp-content\/uploads\/2022\/04\/1430254.jpg","datePublished":"2022-04-08T15:44:20+00:00","dateModified":"2022-10-18T14:49:33+00:00","breadcrumb":{"@id":"https:\/\/schiffers.pl\/sklep\/dune\/#breadcrumb"},"inLanguage":"en-US","potentialAction":[{"@type":"ReadAction","target":["https:\/\/schiffers.pl\/sklep\/dune\/"]}]},{"@type":"ImageObject","inLanguage":"en-US","@id":"https:\/\/schiffers.pl\/sklep\/dune\/#primaryimage","url":"https:\/\/schiffers.pl\/wp-content\/uploads\/2022\/04\/1430254.jpg","contentUrl":"https:\/\/schiffers.pl\/wp-content\/uploads\/2022\/04\/1430254.jpg","width":1981,"height":1981},{"@type":"BreadcrumbList","@id":"https:\/\/schiffers.pl\/sklep\/dune\/#breadcrumb","itemListElement":[{"@type":"ListItem","position":1,"name":"Strona g\u0142\u00f3wna","item":"https:\/\/schiffers.pl\/"},{"@type":"ListItem","position":2,"name":"Sklep","item":"https:\/\/schiffers.pl\/sklep\/"},{"@type":"ListItem","position":3,"name":"DUNE"}]},{"@type":"WebSite","@id":"https:\/\/schiffers.pl\/#website","url":"https:\/\/schiffers.pl\/","name":"Schiffers","description":"bi\u017cuteria","potentialAction":[{"@type":"SearchAction","target":{"@type":"EntryPoint","urlTemplate":"https:\/\/schiffers.pl\/?s={search_term_string}"},"query-input":{"@type":"PropertyValueSpecification","valueRequired":true,"valueName":"search_term_string"}}],"inLanguage":"en-US"}]}},"_links":{"self":[{"href":"https:\/\/schiffers.pl\/en\/wp-json\/wp\/v2\/product\/15455","targetHints":{"allow":["GET"]}}],"collection":[{"href":"https:\/\/schiffers.pl\/en\/wp-json\/wp\/v2\/product"}],"about":[{"href":"https:\/\/schiffers.pl\/en\/wp-json\/wp\/v2\/types\/product"}],"wp:featuredmedia":[{"embeddable":true,"href":"https:\/\/schiffers.pl\/en\/wp-json\/wp\/v2\/media\/15456"}],"wp:attachment":[{"href":"https:\/\/schiffers.pl\/en\/wp-json\/wp\/v2\/media?parent=15455"}],"wp:term":[{"taxonomy":"product_brand","embeddable":true,"href":"https:\/\/schiffers.pl\/en\/wp-json\/wp\/v2\/product_brand?post=15455"},{"taxonomy":"product_cat","embeddable":true,"href":"https:\/\/schiffers.pl\/en\/wp-json\/wp\/v2\/product_cat?post=15455"},{"taxonomy":"product_tag","embeddable":true,"href":"https:\/\/schiffers.pl\/en\/wp-json\/wp\/v2\/product_tag?post=15455"}],"curies":[{"name":"wp","href":"https:\/\/api.w.org\/{rel}","templated":true}]}}