{"id":15446,"date":"2022-05-18T16:26:28","date_gmt":"2022-05-18T14:26:28","guid":{"rendered":"https:\/\/schiffers.pl\/?post_type=product&#038;p=15446"},"modified":"2022-05-18T16:26:29","modified_gmt":"2022-05-18T14:26:29","slug":"pierscionek-delikatny-kwiatek-diament-018-ct-rozm-11","status":"publish","type":"product","link":"https:\/\/schiffers.pl\/en\/sklep\/pierscionek-delikatny-kwiatek-diament-018-ct-rozm-11\/","title":{"rendered":"Pier\u015bcionek delikatny kwiatek, diament 0,18 ct, rozm. 11"},"content":{"rendered":"","protected":false},"excerpt":{"rendered":"<p>Bardzo ciekawa forma tego pier\u015bcionka zapadnie w pami\u0119\u0107 ka\u017cdej kobiecie&#8230; W delikatne p\u0142atki &#8211; \u0142apki zakuty zosta\u0142 diament o wadze 0,18 ct . Ca\u0142o\u015b\u0107 wykonana z r\u00f3\u017cowego, polerowanego z\u0142ota.<\/p>\n<p>Z\u0142oto r\u00f3\u017cowe pr\u00f3ba 585 , waga: 2,30 ,<\/p>\n<p>rozmiar: 11 (mo\u017cliwa korekta +\/- 1 rozmiar od r\u0119ki )<\/p>\n<p>Diament: 0,18 ct\u00a0 Vs2 \/ G<\/p>\n<p>Istnieje mo\u017cliwo\u015b\u0107 wykonania tego modelu w innym rozmiarze. W\u00f3wczas prosimy o wiadomo\u015b\u0107 mailow\u0105. W odpowiedzi otrzymacie Pa\u0144stwo maila z wycen\u0105 indywidualn\u0105. Czas realizacji 3-6 tygodni.<\/p>","protected":false},"featured_media":15447,"template":"","meta":[],"product_brand":[],"product_cat":[246],"product_tag":[],"class_list":{"0":"post-15446","1":"product","2":"type-product","3":"status-publish","4":"has-post-thumbnail","6":"product_cat-pierscionki-zareczynowe","8":"first","9":"instock","10":"shipping-taxable","11":"purchasable","12":"product-type-simple"},"yoast_head":"<!-- This site is optimized with the Yoast SEO plugin v24.6 - https:\/\/yoast.com\/wordpress\/plugins\/seo\/ -->\n<title>Pier\u015bcionek delikatny kwiatek, diament 0,18 ct, rozm. 11 - Schiffers<\/title>\n<meta name=\"robots\" content=\"index, follow, max-snippet:-1, max-image-preview:large, max-video-preview:-1\" \/>\n<link rel=\"canonical\" href=\"https:\/\/schiffers.pl\/en\/sklep\/pierscionek-delikatny-kwiatek-diament-018-ct-rozm-11\/\" \/>\n<meta property=\"og:locale\" content=\"en_US\" \/>\n<meta property=\"og:type\" content=\"article\" \/>\n<meta property=\"og:title\" content=\"Pier\u015bcionek delikatny kwiatek, diament 0,18 ct, rozm. 11 - Schiffers\" \/>\n<meta property=\"og:description\" content=\"Bardzo ciekawa forma tego pier\u015bcionka zapadnie w pami\u0119\u0107 ka\u017cdej kobiecie... W delikatne p\u0142atki - \u0142apki zakuty zosta\u0142 diament o wadze 0,18 ct . Ca\u0142o\u015b\u0107 wykonana z r\u00f3\u017cowego, polerowanego z\u0142ota.  Z\u0142oto r\u00f3\u017cowe pr\u00f3ba 585 , waga: 2,30 ,  rozmiar: 11 (mo\u017cliwa korekta +\/- 1 rozmiar od r\u0119ki )  Diament: 0,18 ct\u00a0 Vs2 \/ G  Istnieje mo\u017cliwo\u015b\u0107 wykonania tego modelu w innym rozmiarze. W\u00f3wczas prosimy o wiadomo\u015b\u0107 mailow\u0105. W odpowiedzi otrzymacie Pa\u0144stwo maila z wycen\u0105 indywidualn\u0105. Czas realizacji 3-6 tygodni.\" \/>\n<meta property=\"og:url\" content=\"https:\/\/schiffers.pl\/en\/sklep\/pierscionek-delikatny-kwiatek-diament-018-ct-rozm-11\/\" \/>\n<meta property=\"og:site_name\" content=\"Schiffers\" \/>\n<meta property=\"article:modified_time\" content=\"2022-05-18T14:26:29+00:00\" \/>\n<meta property=\"og:image\" content=\"https:\/\/schiffers.pl\/wp-content\/uploads\/2022\/04\/1450079.jpg\" \/>\n\t<meta property=\"og:image:width\" content=\"1529\" \/>\n\t<meta property=\"og:image:height\" content=\"1529\" \/>\n\t<meta property=\"og:image:type\" content=\"image\/jpeg\" \/>\n<meta name=\"twitter:card\" content=\"summary_large_image\" \/>\n<script type=\"application\/ld+json\" class=\"yoast-schema-graph\">{\"@context\":\"https:\/\/schema.org\",\"@graph\":[{\"@type\":\"WebPage\",\"@id\":\"https:\/\/schiffers.pl\/sklep\/pierscionek-delikatny-kwiatek-diament-018-ct-rozm-11\/\",\"url\":\"https:\/\/schiffers.pl\/sklep\/pierscionek-delikatny-kwiatek-diament-018-ct-rozm-11\/\",\"name\":\"Pier\u015bcionek delikatny kwiatek, diament 0,18 ct, rozm. 11 - Schiffers\",\"isPartOf\":{\"@id\":\"https:\/\/schiffers.pl\/#website\"},\"primaryImageOfPage\":{\"@id\":\"https:\/\/schiffers.pl\/sklep\/pierscionek-delikatny-kwiatek-diament-018-ct-rozm-11\/#primaryimage\"},\"image\":{\"@id\":\"https:\/\/schiffers.pl\/sklep\/pierscionek-delikatny-kwiatek-diament-018-ct-rozm-11\/#primaryimage\"},\"thumbnailUrl\":\"https:\/\/schiffers.pl\/wp-content\/uploads\/2022\/04\/1450079.jpg\",\"datePublished\":\"2022-05-18T14:26:28+00:00\",\"dateModified\":\"2022-05-18T14:26:29+00:00\",\"breadcrumb\":{\"@id\":\"https:\/\/schiffers.pl\/sklep\/pierscionek-delikatny-kwiatek-diament-018-ct-rozm-11\/#breadcrumb\"},\"inLanguage\":\"en-US\",\"potentialAction\":[{\"@type\":\"ReadAction\",\"target\":[\"https:\/\/schiffers.pl\/sklep\/pierscionek-delikatny-kwiatek-diament-018-ct-rozm-11\/\"]}]},{\"@type\":\"ImageObject\",\"inLanguage\":\"en-US\",\"@id\":\"https:\/\/schiffers.pl\/sklep\/pierscionek-delikatny-kwiatek-diament-018-ct-rozm-11\/#primaryimage\",\"url\":\"https:\/\/schiffers.pl\/wp-content\/uploads\/2022\/04\/1450079.jpg\",\"contentUrl\":\"https:\/\/schiffers.pl\/wp-content\/uploads\/2022\/04\/1450079.jpg\",\"width\":1529,\"height\":1529,\"caption\":\"pier\u015bcionek zar\u0119czynowy\"},{\"@type\":\"BreadcrumbList\",\"@id\":\"https:\/\/schiffers.pl\/sklep\/pierscionek-delikatny-kwiatek-diament-018-ct-rozm-11\/#breadcrumb\",\"itemListElement\":[{\"@type\":\"ListItem\",\"position\":1,\"name\":\"Strona g\u0142\u00f3wna\",\"item\":\"https:\/\/schiffers.pl\/\"},{\"@type\":\"ListItem\",\"position\":2,\"name\":\"Sklep\",\"item\":\"https:\/\/schiffers.pl\/sklep\/\"},{\"@type\":\"ListItem\",\"position\":3,\"name\":\"Pier\u015bcionek delikatny kwiatek, diament 0,18 ct, rozm. 11\"}]},{\"@type\":\"WebSite\",\"@id\":\"https:\/\/schiffers.pl\/#website\",\"url\":\"https:\/\/schiffers.pl\/\",\"name\":\"Schiffers\",\"description\":\"bi\u017cuteria\",\"potentialAction\":[{\"@type\":\"SearchAction\",\"target\":{\"@type\":\"EntryPoint\",\"urlTemplate\":\"https:\/\/schiffers.pl\/?s={search_term_string}\"},\"query-input\":{\"@type\":\"PropertyValueSpecification\",\"valueRequired\":true,\"valueName\":\"search_term_string\"}}],\"inLanguage\":\"en-US\"}]}<\/script>\n<!-- \/ Yoast SEO plugin. -->","yoast_head_json":{"title":"Pier\u015bcionek delikatny kwiatek, diament 0,18 ct, rozm. 11 - Schiffers","robots":{"index":"index","follow":"follow","max-snippet":"max-snippet:-1","max-image-preview":"max-image-preview:large","max-video-preview":"max-video-preview:-1"},"canonical":"https:\/\/schiffers.pl\/en\/sklep\/pierscionek-delikatny-kwiatek-diament-018-ct-rozm-11\/","og_locale":"en_US","og_type":"article","og_title":"Pier\u015bcionek delikatny kwiatek, diament 0,18 ct, rozm. 11 - Schiffers","og_description":"Bardzo ciekawa forma tego pier\u015bcionka zapadnie w pami\u0119\u0107 ka\u017cdej kobiecie... W delikatne p\u0142atki - \u0142apki zakuty zosta\u0142 diament o wadze 0,18 ct . Ca\u0142o\u015b\u0107 wykonana z r\u00f3\u017cowego, polerowanego z\u0142ota.  Z\u0142oto r\u00f3\u017cowe pr\u00f3ba 585 , waga: 2,30 ,  rozmiar: 11 (mo\u017cliwa korekta +\/- 1 rozmiar od r\u0119ki )  Diament: 0,18 ct\u00a0 Vs2 \/ G  Istnieje mo\u017cliwo\u015b\u0107 wykonania tego modelu w innym rozmiarze. W\u00f3wczas prosimy o wiadomo\u015b\u0107 mailow\u0105. W odpowiedzi otrzymacie Pa\u0144stwo maila z wycen\u0105 indywidualn\u0105. Czas realizacji 3-6 tygodni.","og_url":"https:\/\/schiffers.pl\/en\/sklep\/pierscionek-delikatny-kwiatek-diament-018-ct-rozm-11\/","og_site_name":"Schiffers","article_modified_time":"2022-05-18T14:26:29+00:00","og_image":[{"width":1529,"height":1529,"url":"https:\/\/schiffers.pl\/wp-content\/uploads\/2022\/04\/1450079.jpg","type":"image\/jpeg"}],"twitter_card":"summary_large_image","schema":{"@context":"https:\/\/schema.org","@graph":[{"@type":"WebPage","@id":"https:\/\/schiffers.pl\/sklep\/pierscionek-delikatny-kwiatek-diament-018-ct-rozm-11\/","url":"https:\/\/schiffers.pl\/sklep\/pierscionek-delikatny-kwiatek-diament-018-ct-rozm-11\/","name":"Pier\u015bcionek delikatny kwiatek, diament 0,18 ct, rozm. 11 - Schiffers","isPartOf":{"@id":"https:\/\/schiffers.pl\/#website"},"primaryImageOfPage":{"@id":"https:\/\/schiffers.pl\/sklep\/pierscionek-delikatny-kwiatek-diament-018-ct-rozm-11\/#primaryimage"},"image":{"@id":"https:\/\/schiffers.pl\/sklep\/pierscionek-delikatny-kwiatek-diament-018-ct-rozm-11\/#primaryimage"},"thumbnailUrl":"https:\/\/schiffers.pl\/wp-content\/uploads\/2022\/04\/1450079.jpg","datePublished":"2022-05-18T14:26:28+00:00","dateModified":"2022-05-18T14:26:29+00:00","breadcrumb":{"@id":"https:\/\/schiffers.pl\/sklep\/pierscionek-delikatny-kwiatek-diament-018-ct-rozm-11\/#breadcrumb"},"inLanguage":"en-US","potentialAction":[{"@type":"ReadAction","target":["https:\/\/schiffers.pl\/sklep\/pierscionek-delikatny-kwiatek-diament-018-ct-rozm-11\/"]}]},{"@type":"ImageObject","inLanguage":"en-US","@id":"https:\/\/schiffers.pl\/sklep\/pierscionek-delikatny-kwiatek-diament-018-ct-rozm-11\/#primaryimage","url":"https:\/\/schiffers.pl\/wp-content\/uploads\/2022\/04\/1450079.jpg","contentUrl":"https:\/\/schiffers.pl\/wp-content\/uploads\/2022\/04\/1450079.jpg","width":1529,"height":1529,"caption":"pier\u015bcionek zar\u0119czynowy"},{"@type":"BreadcrumbList","@id":"https:\/\/schiffers.pl\/sklep\/pierscionek-delikatny-kwiatek-diament-018-ct-rozm-11\/#breadcrumb","itemListElement":[{"@type":"ListItem","position":1,"name":"Strona g\u0142\u00f3wna","item":"https:\/\/schiffers.pl\/"},{"@type":"ListItem","position":2,"name":"Sklep","item":"https:\/\/schiffers.pl\/sklep\/"},{"@type":"ListItem","position":3,"name":"Pier\u015bcionek delikatny kwiatek, diament 0,18 ct, rozm. 11"}]},{"@type":"WebSite","@id":"https:\/\/schiffers.pl\/#website","url":"https:\/\/schiffers.pl\/","name":"Schiffers","description":"bi\u017cuteria","potentialAction":[{"@type":"SearchAction","target":{"@type":"EntryPoint","urlTemplate":"https:\/\/schiffers.pl\/?s={search_term_string}"},"query-input":{"@type":"PropertyValueSpecification","valueRequired":true,"valueName":"search_term_string"}}],"inLanguage":"en-US"}]}},"_links":{"self":[{"href":"https:\/\/schiffers.pl\/en\/wp-json\/wp\/v2\/product\/15446","targetHints":{"allow":["GET"]}}],"collection":[{"href":"https:\/\/schiffers.pl\/en\/wp-json\/wp\/v2\/product"}],"about":[{"href":"https:\/\/schiffers.pl\/en\/wp-json\/wp\/v2\/types\/product"}],"wp:featuredmedia":[{"embeddable":true,"href":"https:\/\/schiffers.pl\/en\/wp-json\/wp\/v2\/media\/15447"}],"wp:attachment":[{"href":"https:\/\/schiffers.pl\/en\/wp-json\/wp\/v2\/media?parent=15446"}],"wp:term":[{"taxonomy":"product_brand","embeddable":true,"href":"https:\/\/schiffers.pl\/en\/wp-json\/wp\/v2\/product_brand?post=15446"},{"taxonomy":"product_cat","embeddable":true,"href":"https:\/\/schiffers.pl\/en\/wp-json\/wp\/v2\/product_cat?post=15446"},{"taxonomy":"product_tag","embeddable":true,"href":"https:\/\/schiffers.pl\/en\/wp-json\/wp\/v2\/product_tag?post=15446"}],"curies":[{"name":"wp","href":"https:\/\/api.w.org\/{rel}","templated":true}]}}