{"id":15402,"date":"2022-03-23T17:47:29","date_gmt":"2022-03-23T16:47:29","guid":{"rendered":"https:\/\/schiffers.pl\/?post_type=product&#038;p=15402"},"modified":"2022-03-23T17:49:12","modified_gmt":"2022-03-23T16:49:12","slug":"pierscionek-z-literami","status":"publish","type":"product","link":"https:\/\/schiffers.pl\/en\/sklep\/pierscionek-z-literami\/","title":{"rendered":"Pier\u015bcionek z symbolicznymi literami"},"content":{"rendered":"","protected":false},"excerpt":{"rendered":"<p>Wyj\u0105tkowy projekt, kt\u00f3ry powstawa\u0142 przy bardzo du\u017cym zaanga\u017cowaniu naszego Klienta. Pier\u015bcionek z diamentem, z bia\u0142ego z\u0142ota pr\u00f3by 585 ma bardzo ciekawe boczne elementy podtrzymuj\u0105ce opraw\u0119 kamienia. W opraw\u0119 zosta\u0142y wkomponowane dwie symboliczne litery &#8222;P&#8221; oraz &#8222;R&#8221; a tak\u017ce na szynie wykonali\u015bmy grawer wsp\u00f3\u0142rz\u0119dnych geograficznych, zwi\u0105zanych z histori\u0105 zwi\u0105zku.<\/p>\n<p>&nbsp;<\/p>","protected":false},"featured_media":15403,"template":"","meta":[],"product_brand":[],"product_cat":[171],"product_tag":[],"class_list":{"0":"post-15402","1":"product","2":"type-product","3":"status-publish","4":"has-post-thumbnail","6":"product_cat-prezentacja-pierscionki-zareczynowe","8":"first","9":"outofstock","10":"shipping-taxable","11":"product-type-simple"},"yoast_head":"<!-- This site is optimized with the Yoast SEO plugin v24.6 - https:\/\/yoast.com\/wordpress\/plugins\/seo\/ -->\n<title>Pier\u015bcionek z symbolicznymi literami - Schiffers<\/title>\n<meta name=\"robots\" content=\"index, follow, max-snippet:-1, max-image-preview:large, max-video-preview:-1\" \/>\n<link rel=\"canonical\" href=\"https:\/\/schiffers.pl\/en\/sklep\/pierscionek-z-literami\/\" \/>\n<meta property=\"og:locale\" content=\"en_US\" \/>\n<meta property=\"og:type\" content=\"article\" \/>\n<meta property=\"og:title\" content=\"Pier\u015bcionek z symbolicznymi literami - Schiffers\" \/>\n<meta property=\"og:description\" content=\"Wyj\u0105tkowy projekt, kt\u00f3ry powstawa\u0142 przy bardzo du\u017cym zaanga\u017cowaniu naszego Klienta. Pier\u015bcionek z diamentem, z bia\u0142ego z\u0142ota pr\u00f3by 585 ma bardzo ciekawe boczne elementy podtrzymuj\u0105ce opraw\u0119 kamienia. W opraw\u0119 zosta\u0142y wkomponowane dwie symboliczne litery &quot;P&quot; oraz &quot;R&quot; a tak\u017ce na szynie wykonali\u015bmy grawer wsp\u00f3\u0142rz\u0119dnych geograficznych, zwi\u0105zanych z histori\u0105 zwi\u0105zku.  &nbsp;\" \/>\n<meta property=\"og:url\" content=\"https:\/\/schiffers.pl\/en\/sklep\/pierscionek-z-literami\/\" \/>\n<meta property=\"og:site_name\" content=\"Schiffers\" \/>\n<meta property=\"article:modified_time\" content=\"2022-03-23T16:49:12+00:00\" \/>\n<meta property=\"og:image\" content=\"https:\/\/schiffers.pl\/wp-content\/uploads\/2022\/03\/1440527.jpg\" \/>\n\t<meta property=\"og:image:width\" content=\"1780\" \/>\n\t<meta property=\"og:image:height\" content=\"1780\" \/>\n\t<meta property=\"og:image:type\" content=\"image\/jpeg\" \/>\n<meta name=\"twitter:card\" content=\"summary_large_image\" \/>\n<script type=\"application\/ld+json\" class=\"yoast-schema-graph\">{\"@context\":\"https:\/\/schema.org\",\"@graph\":[{\"@type\":\"WebPage\",\"@id\":\"https:\/\/schiffers.pl\/sklep\/pierscionek-z-literami\/\",\"url\":\"https:\/\/schiffers.pl\/sklep\/pierscionek-z-literami\/\",\"name\":\"Pier\u015bcionek z symbolicznymi literami - Schiffers\",\"isPartOf\":{\"@id\":\"https:\/\/schiffers.pl\/#website\"},\"primaryImageOfPage\":{\"@id\":\"https:\/\/schiffers.pl\/sklep\/pierscionek-z-literami\/#primaryimage\"},\"image\":{\"@id\":\"https:\/\/schiffers.pl\/sklep\/pierscionek-z-literami\/#primaryimage\"},\"thumbnailUrl\":\"https:\/\/schiffers.pl\/wp-content\/uploads\/2022\/03\/1440527.jpg\",\"datePublished\":\"2022-03-23T16:47:29+00:00\",\"dateModified\":\"2022-03-23T16:49:12+00:00\",\"breadcrumb\":{\"@id\":\"https:\/\/schiffers.pl\/sklep\/pierscionek-z-literami\/#breadcrumb\"},\"inLanguage\":\"en-US\",\"potentialAction\":[{\"@type\":\"ReadAction\",\"target\":[\"https:\/\/schiffers.pl\/sklep\/pierscionek-z-literami\/\"]}]},{\"@type\":\"ImageObject\",\"inLanguage\":\"en-US\",\"@id\":\"https:\/\/schiffers.pl\/sklep\/pierscionek-z-literami\/#primaryimage\",\"url\":\"https:\/\/schiffers.pl\/wp-content\/uploads\/2022\/03\/1440527.jpg\",\"contentUrl\":\"https:\/\/schiffers.pl\/wp-content\/uploads\/2022\/03\/1440527.jpg\",\"width\":1780,\"height\":1780},{\"@type\":\"BreadcrumbList\",\"@id\":\"https:\/\/schiffers.pl\/sklep\/pierscionek-z-literami\/#breadcrumb\",\"itemListElement\":[{\"@type\":\"ListItem\",\"position\":1,\"name\":\"Strona g\u0142\u00f3wna\",\"item\":\"https:\/\/schiffers.pl\/\"},{\"@type\":\"ListItem\",\"position\":2,\"name\":\"Sklep\",\"item\":\"https:\/\/schiffers.pl\/sklep\/\"},{\"@type\":\"ListItem\",\"position\":3,\"name\":\"Pier\u015bcionek z symbolicznymi literami\"}]},{\"@type\":\"WebSite\",\"@id\":\"https:\/\/schiffers.pl\/#website\",\"url\":\"https:\/\/schiffers.pl\/\",\"name\":\"Schiffers\",\"description\":\"bi\u017cuteria\",\"potentialAction\":[{\"@type\":\"SearchAction\",\"target\":{\"@type\":\"EntryPoint\",\"urlTemplate\":\"https:\/\/schiffers.pl\/?s={search_term_string}\"},\"query-input\":{\"@type\":\"PropertyValueSpecification\",\"valueRequired\":true,\"valueName\":\"search_term_string\"}}],\"inLanguage\":\"en-US\"}]}<\/script>\n<!-- \/ Yoast SEO plugin. -->","yoast_head_json":{"title":"Pier\u015bcionek z symbolicznymi literami - Schiffers","robots":{"index":"index","follow":"follow","max-snippet":"max-snippet:-1","max-image-preview":"max-image-preview:large","max-video-preview":"max-video-preview:-1"},"canonical":"https:\/\/schiffers.pl\/en\/sklep\/pierscionek-z-literami\/","og_locale":"en_US","og_type":"article","og_title":"Pier\u015bcionek z symbolicznymi literami - Schiffers","og_description":"Wyj\u0105tkowy projekt, kt\u00f3ry powstawa\u0142 przy bardzo du\u017cym zaanga\u017cowaniu naszego Klienta. Pier\u015bcionek z diamentem, z bia\u0142ego z\u0142ota pr\u00f3by 585 ma bardzo ciekawe boczne elementy podtrzymuj\u0105ce opraw\u0119 kamienia. W opraw\u0119 zosta\u0142y wkomponowane dwie symboliczne litery \"P\" oraz \"R\" a tak\u017ce na szynie wykonali\u015bmy grawer wsp\u00f3\u0142rz\u0119dnych geograficznych, zwi\u0105zanych z histori\u0105 zwi\u0105zku.  &nbsp;","og_url":"https:\/\/schiffers.pl\/en\/sklep\/pierscionek-z-literami\/","og_site_name":"Schiffers","article_modified_time":"2022-03-23T16:49:12+00:00","og_image":[{"width":1780,"height":1780,"url":"https:\/\/schiffers.pl\/wp-content\/uploads\/2022\/03\/1440527.jpg","type":"image\/jpeg"}],"twitter_card":"summary_large_image","schema":{"@context":"https:\/\/schema.org","@graph":[{"@type":"WebPage","@id":"https:\/\/schiffers.pl\/sklep\/pierscionek-z-literami\/","url":"https:\/\/schiffers.pl\/sklep\/pierscionek-z-literami\/","name":"Pier\u015bcionek z symbolicznymi literami - Schiffers","isPartOf":{"@id":"https:\/\/schiffers.pl\/#website"},"primaryImageOfPage":{"@id":"https:\/\/schiffers.pl\/sklep\/pierscionek-z-literami\/#primaryimage"},"image":{"@id":"https:\/\/schiffers.pl\/sklep\/pierscionek-z-literami\/#primaryimage"},"thumbnailUrl":"https:\/\/schiffers.pl\/wp-content\/uploads\/2022\/03\/1440527.jpg","datePublished":"2022-03-23T16:47:29+00:00","dateModified":"2022-03-23T16:49:12+00:00","breadcrumb":{"@id":"https:\/\/schiffers.pl\/sklep\/pierscionek-z-literami\/#breadcrumb"},"inLanguage":"en-US","potentialAction":[{"@type":"ReadAction","target":["https:\/\/schiffers.pl\/sklep\/pierscionek-z-literami\/"]}]},{"@type":"ImageObject","inLanguage":"en-US","@id":"https:\/\/schiffers.pl\/sklep\/pierscionek-z-literami\/#primaryimage","url":"https:\/\/schiffers.pl\/wp-content\/uploads\/2022\/03\/1440527.jpg","contentUrl":"https:\/\/schiffers.pl\/wp-content\/uploads\/2022\/03\/1440527.jpg","width":1780,"height":1780},{"@type":"BreadcrumbList","@id":"https:\/\/schiffers.pl\/sklep\/pierscionek-z-literami\/#breadcrumb","itemListElement":[{"@type":"ListItem","position":1,"name":"Strona g\u0142\u00f3wna","item":"https:\/\/schiffers.pl\/"},{"@type":"ListItem","position":2,"name":"Sklep","item":"https:\/\/schiffers.pl\/sklep\/"},{"@type":"ListItem","position":3,"name":"Pier\u015bcionek z symbolicznymi literami"}]},{"@type":"WebSite","@id":"https:\/\/schiffers.pl\/#website","url":"https:\/\/schiffers.pl\/","name":"Schiffers","description":"bi\u017cuteria","potentialAction":[{"@type":"SearchAction","target":{"@type":"EntryPoint","urlTemplate":"https:\/\/schiffers.pl\/?s={search_term_string}"},"query-input":{"@type":"PropertyValueSpecification","valueRequired":true,"valueName":"search_term_string"}}],"inLanguage":"en-US"}]}},"_links":{"self":[{"href":"https:\/\/schiffers.pl\/en\/wp-json\/wp\/v2\/product\/15402","targetHints":{"allow":["GET"]}}],"collection":[{"href":"https:\/\/schiffers.pl\/en\/wp-json\/wp\/v2\/product"}],"about":[{"href":"https:\/\/schiffers.pl\/en\/wp-json\/wp\/v2\/types\/product"}],"wp:featuredmedia":[{"embeddable":true,"href":"https:\/\/schiffers.pl\/en\/wp-json\/wp\/v2\/media\/15403"}],"wp:attachment":[{"href":"https:\/\/schiffers.pl\/en\/wp-json\/wp\/v2\/media?parent=15402"}],"wp:term":[{"taxonomy":"product_brand","embeddable":true,"href":"https:\/\/schiffers.pl\/en\/wp-json\/wp\/v2\/product_brand?post=15402"},{"taxonomy":"product_cat","embeddable":true,"href":"https:\/\/schiffers.pl\/en\/wp-json\/wp\/v2\/product_cat?post=15402"},{"taxonomy":"product_tag","embeddable":true,"href":"https:\/\/schiffers.pl\/en\/wp-json\/wp\/v2\/product_tag?post=15402"}],"curies":[{"name":"wp","href":"https:\/\/api.w.org\/{rel}","templated":true}]}}