{"id":15361,"date":"2022-02-04T13:19:03","date_gmt":"2022-02-04T12:19:03","guid":{"rendered":"https:\/\/schiffers.pl\/?post_type=product&#038;p=15361"},"modified":"2025-12-22T21:33:16","modified_gmt":"2025-12-22T20:33:16","slug":"pierscionek-z-szafirem-056-ct-rozm-13","status":"publish","type":"product","link":"https:\/\/schiffers.pl\/en\/sklep\/pierscionek-z-szafirem-056-ct-rozm-13\/","title":{"rendered":"Pier\u015bcionek z szafirem 0,56 ct  SPRZEDANY"},"content":{"rendered":"<h2 style=\"display: block;\">Z\u0142oty pier\u015bcionek z niebieskim szafirem<\/h2>\n<p>Klasyka niejedno ma imi\u0119, ale jednym z jej wyda\u0144 z pewno\u015bci\u0105 jest nasz pier\u015bcionek z niebieskim szafirem. Zestawienie wyrazistych barw \u017c\u00f3\u0142tego z\u0142ota i turkusowego kamienia szlachetnego przywodzi na my\u015bl wr\u0119cz kr\u00f3lewskie po\u0142\u0105czenie, kt\u00f3re z pewno\u015bci\u0105 przypadnie do gustu mi\u0142o\u015bniczce ponadczasowych rozwi\u0105za\u0144. R\u0119cznie robiony pier\u015bcionek wzbogacony o diamenty i szafir w roli kamienia centralnego to wyraz tradycyjnego rzemios\u0142a, kt\u00f3re w Schiffers ma nadrz\u0119dne znaczenie. Zakochaj si\u0119 w jego blasku!<\/p>\n<h2 style=\"display: block;\">Magia w wydaniu z\u0142ota i niebieskiego szafiru<\/h2>\n<p>Prosta forma pier\u015bcionka z niebieskim szafirem umieszczonym w centralnej cz\u0119\u015bci zachwyci mi\u0142o\u015bniczki minimalistycznego wdzi\u0119ku, ale z nut\u0105 wyj\u0105tkowo\u015bci \u2013 za spraw\u0105 intensywnego koloru kamienia. Nieco w\u0119\u017csza szyna w dolnej cz\u0119\u015bci oraz szersza na g\u00f3rze, w miejscu szafiru, \u015bwietnie skomponuje si\u0119 z innymi b\u0142yskotkami noszonymi na palcu, w tym z obr\u0105czk\u0105 \u2013 ju\u017c noszon\u0105 b\u0105d\u017a dopiero planowan\u0105.<\/p>\n<h2 style=\"display: block;\">Pier\u015bcionek z niebieskim szafirem. Idealny na zar\u0119czyny<\/h2>\n<p>Nie ma nic pi\u0119kniejszego ni\u017c obietnica dozgonnego uczucia wyra\u017cona w subtelny spos\u00f3b. Nasz pier\u015bcionek \u015bmia\u0142o mo\u017ce pos\u0142u\u017cy\u0107 jako ten zar\u0119czynowy \u2013 z niebieskim szafirem w centralnym punkcie symbolizuje powodzenie w mi\u0142o\u015bci, a tak\u017ce spok\u00f3j i sta\u0142o\u015b\u0107. Bior\u0105c pod uwag\u0119 te cechy, znakomicie spe\u0142ni funkcj\u0119 pier\u015bcionka zar\u0119czynowego. W Schiffers dbamy o kunszt oraz jako\u015b\u0107 wykonania, st\u0105d te\u017c mamy pewno\u015b\u0107, \u017ce wyr\u00f3b z niebieskim szafirem przetrwa wiele lat \u2013 mo\u017ce by\u0107 nawet pami\u0105tk\u0105 przekazywan\u0105 z pokolenia na pokolenie.<\/p>","protected":false},"excerpt":{"rendered":"<p>Pier\u015bcionek z \u017c\u00f3\u0142tego z\u0142ota pr\u00f3by 585. Oprawa kamienia centralnego wykonana z bia\u0142ego z\u0142ota pr\u00f3by 585. Rozmiar pier\u015bcionka: 13,5.<\/p>\n<ul>\n<li>Kamie\u0144 centralny: szafir o wadze 0,56 ct<\/li>\n<li>Diamenty: 10 szt. o \u0142\u0105cznej wadze 0,08 ct<\/li>\n<\/ul>\n<p><strong>Uwaga!<\/strong> Mo\u017cesz zam\u00f3wi\u0107 u nas ten model w dowolnym rozmiarze. W\u00f3wczas prosimy o kontakt telefoniczny b\u0105d\u017a mailowy. Wycena dla ka\u017cdego innego rozmiaru ni\u017c podany jest przygotowywana indywidualnie.<\/p>\n<p>Pier\u015bcionek widoczny na zdj\u0119ciu w rozm. 13,5 (mo\u017cliwa korekta +\/- 1 rozmiar \u2013 od r\u0119ki)<\/p>","protected":false},"featured_media":15362,"template":"","meta":[],"product_brand":[],"product_cat":[246],"product_tag":[],"class_list":{"0":"post-15361","1":"product","2":"type-product","3":"status-publish","4":"has-post-thumbnail","6":"product_cat-pierscionki-zareczynowe","8":"first","9":"onbackorder","10":"shipping-taxable","11":"product-type-simple"},"yoast_head":"<!-- This site is optimized with the Yoast SEO plugin v24.6 - https:\/\/yoast.com\/wordpress\/plugins\/seo\/ -->\n<title>Pier\u015bcionek zar\u0119czynowy z niebieskim szafirem | Schiffers<\/title>\n<meta name=\"description\" content=\"Wyra\u017a swoje uczucia za pomoc\u0105 klasycznego pier\u015bcionka z nut\u0105 wyj\u0105tkowo\u015bci \u2013 poznaj model z niebieskim szafirem. Robiony r\u0119cznie w pracowni Schiffers. Sprawd\u017a!\" \/>\n<meta name=\"robots\" content=\"index, follow, max-snippet:-1, max-image-preview:large, max-video-preview:-1\" \/>\n<link rel=\"canonical\" href=\"https:\/\/schiffers.pl\/en\/sklep\/pierscionek-z-szafirem-056-ct-rozm-13\/\" \/>\n<meta property=\"og:locale\" content=\"en_US\" \/>\n<meta property=\"og:type\" content=\"article\" \/>\n<meta property=\"og:title\" content=\"Pier\u015bcionek zar\u0119czynowy z niebieskim szafirem | Schiffers\" \/>\n<meta property=\"og:description\" content=\"Wyra\u017a swoje uczucia za pomoc\u0105 klasycznego pier\u015bcionka z nut\u0105 wyj\u0105tkowo\u015bci \u2013 poznaj model z niebieskim szafirem. Robiony r\u0119cznie w pracowni Schiffers. Sprawd\u017a!\" \/>\n<meta property=\"og:url\" content=\"https:\/\/schiffers.pl\/en\/sklep\/pierscionek-z-szafirem-056-ct-rozm-13\/\" \/>\n<meta property=\"og:site_name\" content=\"Schiffers\" \/>\n<meta property=\"article:modified_time\" content=\"2025-12-22T20:33:16+00:00\" \/>\n<meta property=\"og:image\" content=\"https:\/\/schiffers.pl\/wp-content\/uploads\/2022\/02\/1440012.jpg\" \/>\n\t<meta property=\"og:image:width\" content=\"1477\" \/>\n\t<meta property=\"og:image:height\" content=\"1477\" \/>\n\t<meta property=\"og:image:type\" content=\"image\/jpeg\" \/>\n<meta name=\"twitter:card\" content=\"summary_large_image\" \/>\n<meta name=\"twitter:label1\" content=\"Est. reading time\" \/>\n\t<meta name=\"twitter:data1\" content=\"2 minutes\" \/>\n<script type=\"application\/ld+json\" class=\"yoast-schema-graph\">{\"@context\":\"https:\/\/schema.org\",\"@graph\":[{\"@type\":\"WebPage\",\"@id\":\"https:\/\/schiffers.pl\/sklep\/pierscionek-z-szafirem-056-ct-rozm-13\/\",\"url\":\"https:\/\/schiffers.pl\/sklep\/pierscionek-z-szafirem-056-ct-rozm-13\/\",\"name\":\"Pier\u015bcionek zar\u0119czynowy z niebieskim szafirem | Schiffers\",\"isPartOf\":{\"@id\":\"https:\/\/schiffers.pl\/#website\"},\"primaryImageOfPage\":{\"@id\":\"https:\/\/schiffers.pl\/sklep\/pierscionek-z-szafirem-056-ct-rozm-13\/#primaryimage\"},\"image\":{\"@id\":\"https:\/\/schiffers.pl\/sklep\/pierscionek-z-szafirem-056-ct-rozm-13\/#primaryimage\"},\"thumbnailUrl\":\"https:\/\/schiffers.pl\/wp-content\/uploads\/2022\/02\/1440012.jpg\",\"datePublished\":\"2022-02-04T12:19:03+00:00\",\"dateModified\":\"2025-12-22T20:33:16+00:00\",\"description\":\"Wyra\u017a swoje uczucia za pomoc\u0105 klasycznego pier\u015bcionka z nut\u0105 wyj\u0105tkowo\u015bci \u2013 poznaj model z niebieskim szafirem. Robiony r\u0119cznie w pracowni Schiffers. Sprawd\u017a!\",\"breadcrumb\":{\"@id\":\"https:\/\/schiffers.pl\/sklep\/pierscionek-z-szafirem-056-ct-rozm-13\/#breadcrumb\"},\"inLanguage\":\"en-US\",\"potentialAction\":[{\"@type\":\"ReadAction\",\"target\":[\"https:\/\/schiffers.pl\/sklep\/pierscionek-z-szafirem-056-ct-rozm-13\/\"]}]},{\"@type\":\"ImageObject\",\"inLanguage\":\"en-US\",\"@id\":\"https:\/\/schiffers.pl\/sklep\/pierscionek-z-szafirem-056-ct-rozm-13\/#primaryimage\",\"url\":\"https:\/\/schiffers.pl\/wp-content\/uploads\/2022\/02\/1440012.jpg\",\"contentUrl\":\"https:\/\/schiffers.pl\/wp-content\/uploads\/2022\/02\/1440012.jpg\",\"width\":1477,\"height\":1477},{\"@type\":\"BreadcrumbList\",\"@id\":\"https:\/\/schiffers.pl\/sklep\/pierscionek-z-szafirem-056-ct-rozm-13\/#breadcrumb\",\"itemListElement\":[{\"@type\":\"ListItem\",\"position\":1,\"name\":\"Strona g\u0142\u00f3wna\",\"item\":\"https:\/\/schiffers.pl\/\"},{\"@type\":\"ListItem\",\"position\":2,\"name\":\"Sklep\",\"item\":\"https:\/\/schiffers.pl\/sklep\/\"},{\"@type\":\"ListItem\",\"position\":3,\"name\":\"Pier\u015bcionek z szafirem 0,56 ct SPRZEDANY\"}]},{\"@type\":\"WebSite\",\"@id\":\"https:\/\/schiffers.pl\/#website\",\"url\":\"https:\/\/schiffers.pl\/\",\"name\":\"Schiffers\",\"description\":\"bi\u017cuteria\",\"potentialAction\":[{\"@type\":\"SearchAction\",\"target\":{\"@type\":\"EntryPoint\",\"urlTemplate\":\"https:\/\/schiffers.pl\/?s={search_term_string}\"},\"query-input\":{\"@type\":\"PropertyValueSpecification\",\"valueRequired\":true,\"valueName\":\"search_term_string\"}}],\"inLanguage\":\"en-US\"}]}<\/script>\n<!-- \/ Yoast SEO plugin. -->","yoast_head_json":{"title":"Pier\u015bcionek zar\u0119czynowy z niebieskim szafirem | Schiffers","description":"Wyra\u017a swoje uczucia za pomoc\u0105 klasycznego pier\u015bcionka z nut\u0105 wyj\u0105tkowo\u015bci \u2013 poznaj model z niebieskim szafirem. Robiony r\u0119cznie w pracowni Schiffers. Sprawd\u017a!","robots":{"index":"index","follow":"follow","max-snippet":"max-snippet:-1","max-image-preview":"max-image-preview:large","max-video-preview":"max-video-preview:-1"},"canonical":"https:\/\/schiffers.pl\/en\/sklep\/pierscionek-z-szafirem-056-ct-rozm-13\/","og_locale":"en_US","og_type":"article","og_title":"Pier\u015bcionek zar\u0119czynowy z niebieskim szafirem | Schiffers","og_description":"Wyra\u017a swoje uczucia za pomoc\u0105 klasycznego pier\u015bcionka z nut\u0105 wyj\u0105tkowo\u015bci \u2013 poznaj model z niebieskim szafirem. Robiony r\u0119cznie w pracowni Schiffers. Sprawd\u017a!","og_url":"https:\/\/schiffers.pl\/en\/sklep\/pierscionek-z-szafirem-056-ct-rozm-13\/","og_site_name":"Schiffers","article_modified_time":"2025-12-22T20:33:16+00:00","og_image":[{"width":1477,"height":1477,"url":"https:\/\/schiffers.pl\/wp-content\/uploads\/2022\/02\/1440012.jpg","type":"image\/jpeg"}],"twitter_card":"summary_large_image","twitter_misc":{"Est. reading time":"2 minutes"},"schema":{"@context":"https:\/\/schema.org","@graph":[{"@type":"WebPage","@id":"https:\/\/schiffers.pl\/sklep\/pierscionek-z-szafirem-056-ct-rozm-13\/","url":"https:\/\/schiffers.pl\/sklep\/pierscionek-z-szafirem-056-ct-rozm-13\/","name":"Pier\u015bcionek zar\u0119czynowy z niebieskim szafirem | Schiffers","isPartOf":{"@id":"https:\/\/schiffers.pl\/#website"},"primaryImageOfPage":{"@id":"https:\/\/schiffers.pl\/sklep\/pierscionek-z-szafirem-056-ct-rozm-13\/#primaryimage"},"image":{"@id":"https:\/\/schiffers.pl\/sklep\/pierscionek-z-szafirem-056-ct-rozm-13\/#primaryimage"},"thumbnailUrl":"https:\/\/schiffers.pl\/wp-content\/uploads\/2022\/02\/1440012.jpg","datePublished":"2022-02-04T12:19:03+00:00","dateModified":"2025-12-22T20:33:16+00:00","description":"Wyra\u017a swoje uczucia za pomoc\u0105 klasycznego pier\u015bcionka z nut\u0105 wyj\u0105tkowo\u015bci \u2013 poznaj model z niebieskim szafirem. Robiony r\u0119cznie w pracowni Schiffers. Sprawd\u017a!","breadcrumb":{"@id":"https:\/\/schiffers.pl\/sklep\/pierscionek-z-szafirem-056-ct-rozm-13\/#breadcrumb"},"inLanguage":"en-US","potentialAction":[{"@type":"ReadAction","target":["https:\/\/schiffers.pl\/sklep\/pierscionek-z-szafirem-056-ct-rozm-13\/"]}]},{"@type":"ImageObject","inLanguage":"en-US","@id":"https:\/\/schiffers.pl\/sklep\/pierscionek-z-szafirem-056-ct-rozm-13\/#primaryimage","url":"https:\/\/schiffers.pl\/wp-content\/uploads\/2022\/02\/1440012.jpg","contentUrl":"https:\/\/schiffers.pl\/wp-content\/uploads\/2022\/02\/1440012.jpg","width":1477,"height":1477},{"@type":"BreadcrumbList","@id":"https:\/\/schiffers.pl\/sklep\/pierscionek-z-szafirem-056-ct-rozm-13\/#breadcrumb","itemListElement":[{"@type":"ListItem","position":1,"name":"Strona g\u0142\u00f3wna","item":"https:\/\/schiffers.pl\/"},{"@type":"ListItem","position":2,"name":"Sklep","item":"https:\/\/schiffers.pl\/sklep\/"},{"@type":"ListItem","position":3,"name":"Pier\u015bcionek z szafirem 0,56 ct SPRZEDANY"}]},{"@type":"WebSite","@id":"https:\/\/schiffers.pl\/#website","url":"https:\/\/schiffers.pl\/","name":"Schiffers","description":"bi\u017cuteria","potentialAction":[{"@type":"SearchAction","target":{"@type":"EntryPoint","urlTemplate":"https:\/\/schiffers.pl\/?s={search_term_string}"},"query-input":{"@type":"PropertyValueSpecification","valueRequired":true,"valueName":"search_term_string"}}],"inLanguage":"en-US"}]}},"_links":{"self":[{"href":"https:\/\/schiffers.pl\/en\/wp-json\/wp\/v2\/product\/15361","targetHints":{"allow":["GET"]}}],"collection":[{"href":"https:\/\/schiffers.pl\/en\/wp-json\/wp\/v2\/product"}],"about":[{"href":"https:\/\/schiffers.pl\/en\/wp-json\/wp\/v2\/types\/product"}],"wp:featuredmedia":[{"embeddable":true,"href":"https:\/\/schiffers.pl\/en\/wp-json\/wp\/v2\/media\/15362"}],"wp:attachment":[{"href":"https:\/\/schiffers.pl\/en\/wp-json\/wp\/v2\/media?parent=15361"}],"wp:term":[{"taxonomy":"product_brand","embeddable":true,"href":"https:\/\/schiffers.pl\/en\/wp-json\/wp\/v2\/product_brand?post=15361"},{"taxonomy":"product_cat","embeddable":true,"href":"https:\/\/schiffers.pl\/en\/wp-json\/wp\/v2\/product_cat?post=15361"},{"taxonomy":"product_tag","embeddable":true,"href":"https:\/\/schiffers.pl\/en\/wp-json\/wp\/v2\/product_tag?post=15361"}],"curies":[{"name":"wp","href":"https:\/\/api.w.org\/{rel}","templated":true}]}}