{"id":15294,"date":"2021-12-21T18:38:24","date_gmt":"2021-12-21T17:38:24","guid":{"rendered":"https:\/\/schiffers.pl\/?post_type=product&#038;p=15294"},"modified":"2022-03-23T17:52:06","modified_gmt":"2022-03-23T16:52:06","slug":"pierscionek-dla-milosniczki-gor-ze-szmaragdem","status":"publish","type":"product","link":"https:\/\/schiffers.pl\/en\/sklep\/pierscionek-dla-milosniczki-gor-ze-szmaragdem\/","title":{"rendered":"Pier\u015bcionek ze szmaragdem dla mi\u0142o\u015bniczki g\u00f3rskich w\u0119dr\u00f3wek"},"content":{"rendered":"","protected":false},"excerpt":{"rendered":"<p>Okaza\u0142y pier\u015bcionek dla fanki wspinaczki g\u00f3rskiej. Forma pier\u015bcionka bardzo elegancka, nawi\u0105zuj\u0105ca do klasycznych wzor\u00f3w jednak szmaragd zosta\u0142 oprawiony w podstaw\u0119 o kszta\u0142cie masywu g\u00f3ry Zugspitze w Niemczech.<\/p>","protected":false},"featured_media":15295,"template":"","meta":[],"product_brand":[],"product_cat":[171],"product_tag":[],"class_list":{"0":"post-15294","1":"product","2":"type-product","3":"status-publish","4":"has-post-thumbnail","6":"product_cat-prezentacja-pierscionki-zareczynowe","8":"first","9":"instock","10":"shipping-taxable","11":"product-type-simple"},"yoast_head":"<!-- This site is optimized with the Yoast SEO plugin v24.6 - https:\/\/yoast.com\/wordpress\/plugins\/seo\/ -->\n<title>Pier\u015bcionek ze szmaragdem dla mi\u0142o\u015bniczki g\u00f3rskich w\u0119dr\u00f3wek - Schiffers<\/title>\n<meta name=\"robots\" content=\"index, follow, max-snippet:-1, max-image-preview:large, max-video-preview:-1\" \/>\n<link rel=\"canonical\" href=\"https:\/\/schiffers.pl\/en\/sklep\/pierscionek-dla-milosniczki-gor-ze-szmaragdem\/\" \/>\n<meta property=\"og:locale\" content=\"en_US\" \/>\n<meta property=\"og:type\" content=\"article\" \/>\n<meta property=\"og:title\" content=\"Pier\u015bcionek ze szmaragdem dla mi\u0142o\u015bniczki g\u00f3rskich w\u0119dr\u00f3wek - Schiffers\" \/>\n<meta property=\"og:description\" content=\"Okaza\u0142y pier\u015bcionek dla fanki wspinaczki g\u00f3rskiej. Forma pier\u015bcionka bardzo elegancka, nawi\u0105zuj\u0105ca do klasycznych wzor\u00f3w jednak szmaragd zosta\u0142 oprawiony w podstaw\u0119 o kszta\u0142cie masywu g\u00f3ry Zugspitze w Niemczech.\" \/>\n<meta property=\"og:url\" content=\"https:\/\/schiffers.pl\/en\/sklep\/pierscionek-dla-milosniczki-gor-ze-szmaragdem\/\" \/>\n<meta property=\"og:site_name\" content=\"Schiffers\" \/>\n<meta property=\"article:modified_time\" content=\"2022-03-23T16:52:06+00:00\" \/>\n<meta property=\"og:image\" content=\"https:\/\/schiffers.pl\/wp-content\/uploads\/2021\/12\/1420459.jpg\" \/>\n\t<meta property=\"og:image:width\" content=\"1424\" \/>\n\t<meta property=\"og:image:height\" content=\"1424\" \/>\n\t<meta property=\"og:image:type\" content=\"image\/jpeg\" \/>\n<meta name=\"twitter:card\" content=\"summary_large_image\" \/>\n<script type=\"application\/ld+json\" class=\"yoast-schema-graph\">{\"@context\":\"https:\/\/schema.org\",\"@graph\":[{\"@type\":\"WebPage\",\"@id\":\"https:\/\/schiffers.pl\/sklep\/pierscionek-dla-milosniczki-gor-ze-szmaragdem\/\",\"url\":\"https:\/\/schiffers.pl\/sklep\/pierscionek-dla-milosniczki-gor-ze-szmaragdem\/\",\"name\":\"Pier\u015bcionek ze szmaragdem dla mi\u0142o\u015bniczki g\u00f3rskich w\u0119dr\u00f3wek - Schiffers\",\"isPartOf\":{\"@id\":\"https:\/\/schiffers.pl\/#website\"},\"primaryImageOfPage\":{\"@id\":\"https:\/\/schiffers.pl\/sklep\/pierscionek-dla-milosniczki-gor-ze-szmaragdem\/#primaryimage\"},\"image\":{\"@id\":\"https:\/\/schiffers.pl\/sklep\/pierscionek-dla-milosniczki-gor-ze-szmaragdem\/#primaryimage\"},\"thumbnailUrl\":\"https:\/\/schiffers.pl\/wp-content\/uploads\/2021\/12\/1420459.jpg\",\"datePublished\":\"2021-12-21T17:38:24+00:00\",\"dateModified\":\"2022-03-23T16:52:06+00:00\",\"breadcrumb\":{\"@id\":\"https:\/\/schiffers.pl\/sklep\/pierscionek-dla-milosniczki-gor-ze-szmaragdem\/#breadcrumb\"},\"inLanguage\":\"en-US\",\"potentialAction\":[{\"@type\":\"ReadAction\",\"target\":[\"https:\/\/schiffers.pl\/sklep\/pierscionek-dla-milosniczki-gor-ze-szmaragdem\/\"]}]},{\"@type\":\"ImageObject\",\"inLanguage\":\"en-US\",\"@id\":\"https:\/\/schiffers.pl\/sklep\/pierscionek-dla-milosniczki-gor-ze-szmaragdem\/#primaryimage\",\"url\":\"https:\/\/schiffers.pl\/wp-content\/uploads\/2021\/12\/1420459.jpg\",\"contentUrl\":\"https:\/\/schiffers.pl\/wp-content\/uploads\/2021\/12\/1420459.jpg\",\"width\":1424,\"height\":1424},{\"@type\":\"BreadcrumbList\",\"@id\":\"https:\/\/schiffers.pl\/sklep\/pierscionek-dla-milosniczki-gor-ze-szmaragdem\/#breadcrumb\",\"itemListElement\":[{\"@type\":\"ListItem\",\"position\":1,\"name\":\"Strona g\u0142\u00f3wna\",\"item\":\"https:\/\/schiffers.pl\/\"},{\"@type\":\"ListItem\",\"position\":2,\"name\":\"Sklep\",\"item\":\"https:\/\/schiffers.pl\/sklep\/\"},{\"@type\":\"ListItem\",\"position\":3,\"name\":\"Pier\u015bcionek ze szmaragdem dla mi\u0142o\u015bniczki g\u00f3rskich w\u0119dr\u00f3wek\"}]},{\"@type\":\"WebSite\",\"@id\":\"https:\/\/schiffers.pl\/#website\",\"url\":\"https:\/\/schiffers.pl\/\",\"name\":\"Schiffers\",\"description\":\"bi\u017cuteria\",\"potentialAction\":[{\"@type\":\"SearchAction\",\"target\":{\"@type\":\"EntryPoint\",\"urlTemplate\":\"https:\/\/schiffers.pl\/?s={search_term_string}\"},\"query-input\":{\"@type\":\"PropertyValueSpecification\",\"valueRequired\":true,\"valueName\":\"search_term_string\"}}],\"inLanguage\":\"en-US\"}]}<\/script>\n<!-- \/ Yoast SEO plugin. -->","yoast_head_json":{"title":"Pier\u015bcionek ze szmaragdem dla mi\u0142o\u015bniczki g\u00f3rskich w\u0119dr\u00f3wek - Schiffers","robots":{"index":"index","follow":"follow","max-snippet":"max-snippet:-1","max-image-preview":"max-image-preview:large","max-video-preview":"max-video-preview:-1"},"canonical":"https:\/\/schiffers.pl\/en\/sklep\/pierscionek-dla-milosniczki-gor-ze-szmaragdem\/","og_locale":"en_US","og_type":"article","og_title":"Pier\u015bcionek ze szmaragdem dla mi\u0142o\u015bniczki g\u00f3rskich w\u0119dr\u00f3wek - Schiffers","og_description":"Okaza\u0142y pier\u015bcionek dla fanki wspinaczki g\u00f3rskiej. Forma pier\u015bcionka bardzo elegancka, nawi\u0105zuj\u0105ca do klasycznych wzor\u00f3w jednak szmaragd zosta\u0142 oprawiony w podstaw\u0119 o kszta\u0142cie masywu g\u00f3ry Zugspitze w Niemczech.","og_url":"https:\/\/schiffers.pl\/en\/sklep\/pierscionek-dla-milosniczki-gor-ze-szmaragdem\/","og_site_name":"Schiffers","article_modified_time":"2022-03-23T16:52:06+00:00","og_image":[{"width":1424,"height":1424,"url":"https:\/\/schiffers.pl\/wp-content\/uploads\/2021\/12\/1420459.jpg","type":"image\/jpeg"}],"twitter_card":"summary_large_image","schema":{"@context":"https:\/\/schema.org","@graph":[{"@type":"WebPage","@id":"https:\/\/schiffers.pl\/sklep\/pierscionek-dla-milosniczki-gor-ze-szmaragdem\/","url":"https:\/\/schiffers.pl\/sklep\/pierscionek-dla-milosniczki-gor-ze-szmaragdem\/","name":"Pier\u015bcionek ze szmaragdem dla mi\u0142o\u015bniczki g\u00f3rskich w\u0119dr\u00f3wek - Schiffers","isPartOf":{"@id":"https:\/\/schiffers.pl\/#website"},"primaryImageOfPage":{"@id":"https:\/\/schiffers.pl\/sklep\/pierscionek-dla-milosniczki-gor-ze-szmaragdem\/#primaryimage"},"image":{"@id":"https:\/\/schiffers.pl\/sklep\/pierscionek-dla-milosniczki-gor-ze-szmaragdem\/#primaryimage"},"thumbnailUrl":"https:\/\/schiffers.pl\/wp-content\/uploads\/2021\/12\/1420459.jpg","datePublished":"2021-12-21T17:38:24+00:00","dateModified":"2022-03-23T16:52:06+00:00","breadcrumb":{"@id":"https:\/\/schiffers.pl\/sklep\/pierscionek-dla-milosniczki-gor-ze-szmaragdem\/#breadcrumb"},"inLanguage":"en-US","potentialAction":[{"@type":"ReadAction","target":["https:\/\/schiffers.pl\/sklep\/pierscionek-dla-milosniczki-gor-ze-szmaragdem\/"]}]},{"@type":"ImageObject","inLanguage":"en-US","@id":"https:\/\/schiffers.pl\/sklep\/pierscionek-dla-milosniczki-gor-ze-szmaragdem\/#primaryimage","url":"https:\/\/schiffers.pl\/wp-content\/uploads\/2021\/12\/1420459.jpg","contentUrl":"https:\/\/schiffers.pl\/wp-content\/uploads\/2021\/12\/1420459.jpg","width":1424,"height":1424},{"@type":"BreadcrumbList","@id":"https:\/\/schiffers.pl\/sklep\/pierscionek-dla-milosniczki-gor-ze-szmaragdem\/#breadcrumb","itemListElement":[{"@type":"ListItem","position":1,"name":"Strona g\u0142\u00f3wna","item":"https:\/\/schiffers.pl\/"},{"@type":"ListItem","position":2,"name":"Sklep","item":"https:\/\/schiffers.pl\/sklep\/"},{"@type":"ListItem","position":3,"name":"Pier\u015bcionek ze szmaragdem dla mi\u0142o\u015bniczki g\u00f3rskich w\u0119dr\u00f3wek"}]},{"@type":"WebSite","@id":"https:\/\/schiffers.pl\/#website","url":"https:\/\/schiffers.pl\/","name":"Schiffers","description":"bi\u017cuteria","potentialAction":[{"@type":"SearchAction","target":{"@type":"EntryPoint","urlTemplate":"https:\/\/schiffers.pl\/?s={search_term_string}"},"query-input":{"@type":"PropertyValueSpecification","valueRequired":true,"valueName":"search_term_string"}}],"inLanguage":"en-US"}]}},"_links":{"self":[{"href":"https:\/\/schiffers.pl\/en\/wp-json\/wp\/v2\/product\/15294","targetHints":{"allow":["GET"]}}],"collection":[{"href":"https:\/\/schiffers.pl\/en\/wp-json\/wp\/v2\/product"}],"about":[{"href":"https:\/\/schiffers.pl\/en\/wp-json\/wp\/v2\/types\/product"}],"wp:featuredmedia":[{"embeddable":true,"href":"https:\/\/schiffers.pl\/en\/wp-json\/wp\/v2\/media\/15295"}],"wp:attachment":[{"href":"https:\/\/schiffers.pl\/en\/wp-json\/wp\/v2\/media?parent=15294"}],"wp:term":[{"taxonomy":"product_brand","embeddable":true,"href":"https:\/\/schiffers.pl\/en\/wp-json\/wp\/v2\/product_brand?post=15294"},{"taxonomy":"product_cat","embeddable":true,"href":"https:\/\/schiffers.pl\/en\/wp-json\/wp\/v2\/product_cat?post=15294"},{"taxonomy":"product_tag","embeddable":true,"href":"https:\/\/schiffers.pl\/en\/wp-json\/wp\/v2\/product_tag?post=15294"}],"curies":[{"name":"wp","href":"https:\/\/api.w.org\/{rel}","templated":true}]}}