{"id":15286,"date":"2021-12-21T18:27:46","date_gmt":"2021-12-21T17:27:46","guid":{"rendered":"https:\/\/schiffers.pl\/?post_type=product&#038;p=15286"},"modified":"2024-12-06T08:44:26","modified_gmt":"2024-12-06T07:44:26","slug":"pierscionek-z-akwamarynem-oraz-diamentami","status":"publish","type":"product","link":"https:\/\/schiffers.pl\/en\/sklep\/pierscionek-z-akwamarynem-oraz-diamentami\/","title":{"rendered":"Pier\u015bcionek z akwamarynem oraz diamentami"},"content":{"rendered":"<h2 style=\"display: block;\">Pier\u015bcionek zar\u0119czynowy z akwamarynem \u2013 symbol mi\u0142o\u015bci inspirowany natur\u0105<\/h2>\n<p>Pier\u015bcionki z akwamarynem b\u0119d\u0105 idealnym wyborem dla tych, kt\u00f3rzy swoje uczucia pragn\u0105 wyrazi\u0107 w spos\u00f3b oryginalny, a jednocze\u015bnie pe\u0142en klasy. Ten unikatowy kamie\u0144 jest niczym innym jak jasnoniebiesk\u0105 odmian\u0105 berylu. Jego nazwa pochodzi od koloru morskiej wody, a odcie\u0144 potrafi waha\u0107 si\u0119 od b\u0142\u0119kitnego, a\u017c do lekko zielonkawego. Pierwiastkiem, kt\u00f3ry nadaje mu t\u0119 niezwyk\u0142\u0105 barw\u0119, jest \u017celazo. Akwamaryn uwa\u017cany wsp\u00f3\u0142cze\u015bnie za minera\u0142 nie tylko bardzo atrakcyjny wizualnie, ale r\u00f3wnie\u017c pomagaj\u0105cy wyra\u017ca\u0107 uczucia oraz my\u015bli, ju\u017c od staro\u017cytno\u015bci uznawany by\u0142 za minera\u0142 wp\u0142ywaj\u0105cy na pozytywne relacje mi\u0119dzyludzkie. Symbolizuje nieko\u0144cz\u0105c\u0105 si\u0119 mi\u0142o\u015b\u0107, spok\u00f3j i odwag\u0119. Od zawsze by\u0142 po\u017c\u0105danym klejnotem o wysokiej warto\u015bci, dlatego pier\u015bcie\u0144 z akwamarynem sprawdzi si\u0119 doskonale w roli pier\u015bcionka zar\u0119czynowego.<\/p>\n<h2 style=\"display: block;\">Zachwycaj\u0105cy pier\u015bcionek z akwamarynem naturalnym<\/h2>\n<p>Subtelny blask pier\u015bcionka zar\u0119czynowego z akwamarynem doskonale komponuje si\u0119 z \u017c\u00f3\u0142tym z\u0142otem i diamentami, tworz\u0105c zapieraj\u0105c\u0105 dech w piersiach ozdob\u0119, kt\u00f3ra z pewno\u015bci\u0105 zachwyci ka\u017cd\u0105 przysz\u0142\u0105 narzeczon\u0105. R\u0119czne wykonanie w pracowni Schiffers gwarantuje najwy\u017csz\u0105 jako\u015b\u0107 oraz precyzj\u0119 godn\u0105 luksusowego, niepowtarzalnego r\u0119kodzie\u0142a. Z\u0142ote pier\u015bcionki z akwamarynem to niezawodne po\u0142\u0105czenie \u2013 b\u0142\u0119kitny minera\u0142 otoczony diamentami w oprawie \u017c\u00f3\u0142tego z\u0142ota zyskuje wyj\u0105tkowy blask, a jednocze\u015bnie wci\u0105\u017c pozostaje nieprzyt\u0142aczaj\u0105c\u0105 ozdob\u0105, doskonale sprawdzaj\u0105c\u0105 si\u0119 jako pier\u015bcionek zar\u0119czynowy.<\/p>","protected":false},"excerpt":{"rendered":"<p>Wyj\u0105tkowy projekt pier\u015bcionka z naturalnym akwamarynem i diamentami. W podstaw\u0119 kamienia zosta\u0142 wpisany graficzny symbol znaku zodiaku bli\u017ani\u0105t. Personalizowany grawer na wewn\u0119trznej stronie szyny nada\u0142 dodatkowego intymnego waloru.<\/p>","protected":false},"featured_media":15287,"template":"","meta":[],"product_brand":[],"product_cat":[171],"product_tag":[],"class_list":{"0":"post-15286","1":"product","2":"type-product","3":"status-publish","4":"has-post-thumbnail","6":"product_cat-prezentacja-pierscionki-zareczynowe","8":"first","9":"instock","10":"shipping-taxable","11":"product-type-simple"},"yoast_head":"<!-- This site is optimized with the Yoast SEO plugin v24.6 - https:\/\/yoast.com\/wordpress\/plugins\/seo\/ -->\n<title>Z\u0142oty pier\u015bcionek z akwamarynem i diamentami | Schiffers<\/title>\n<meta name=\"description\" content=\"Poszukujesz niebanalnego pier\u015bcionka zar\u0119czynowego, kt\u00f3ry oczaruje Ci\u0119 wyj\u0105tkowym blaskiem? Koniecznie sprawd\u017a model z akwamarynem i diamentami z pracowni jubilerskiej Schiffers.\" \/>\n<meta name=\"robots\" content=\"index, follow, max-snippet:-1, max-image-preview:large, max-video-preview:-1\" \/>\n<link rel=\"canonical\" href=\"https:\/\/schiffers.pl\/en\/sklep\/pierscionek-z-akwamarynem-oraz-diamentami\/\" \/>\n<meta property=\"og:locale\" content=\"en_US\" \/>\n<meta property=\"og:type\" content=\"article\" \/>\n<meta property=\"og:title\" content=\"Z\u0142oty pier\u015bcionek z akwamarynem i diamentami | Schiffers\" \/>\n<meta property=\"og:description\" content=\"Poszukujesz niebanalnego pier\u015bcionka zar\u0119czynowego, kt\u00f3ry oczaruje Ci\u0119 wyj\u0105tkowym blaskiem? Koniecznie sprawd\u017a model z akwamarynem i diamentami z pracowni jubilerskiej Schiffers.\" \/>\n<meta property=\"og:url\" content=\"https:\/\/schiffers.pl\/en\/sklep\/pierscionek-z-akwamarynem-oraz-diamentami\/\" \/>\n<meta property=\"og:site_name\" content=\"Schiffers\" \/>\n<meta property=\"article:modified_time\" content=\"2024-12-06T07:44:26+00:00\" \/>\n<meta property=\"og:image\" content=\"https:\/\/schiffers.pl\/wp-content\/uploads\/2021\/12\/1380086.jpg\" \/>\n\t<meta property=\"og:image:width\" content=\"1583\" \/>\n\t<meta property=\"og:image:height\" content=\"1583\" \/>\n\t<meta property=\"og:image:type\" content=\"image\/jpeg\" \/>\n<meta name=\"twitter:card\" content=\"summary_large_image\" \/>\n<meta name=\"twitter:label1\" content=\"Est. reading time\" \/>\n\t<meta name=\"twitter:data1\" content=\"2 minutes\" \/>\n<script type=\"application\/ld+json\" class=\"yoast-schema-graph\">{\"@context\":\"https:\/\/schema.org\",\"@graph\":[{\"@type\":\"WebPage\",\"@id\":\"https:\/\/schiffers.pl\/sklep\/pierscionek-z-akwamarynem-oraz-diamentami\/\",\"url\":\"https:\/\/schiffers.pl\/sklep\/pierscionek-z-akwamarynem-oraz-diamentami\/\",\"name\":\"Z\u0142oty pier\u015bcionek z akwamarynem i diamentami | Schiffers\",\"isPartOf\":{\"@id\":\"https:\/\/schiffers.pl\/#website\"},\"primaryImageOfPage\":{\"@id\":\"https:\/\/schiffers.pl\/sklep\/pierscionek-z-akwamarynem-oraz-diamentami\/#primaryimage\"},\"image\":{\"@id\":\"https:\/\/schiffers.pl\/sklep\/pierscionek-z-akwamarynem-oraz-diamentami\/#primaryimage\"},\"thumbnailUrl\":\"https:\/\/schiffers.pl\/wp-content\/uploads\/2021\/12\/1380086.jpg\",\"datePublished\":\"2021-12-21T17:27:46+00:00\",\"dateModified\":\"2024-12-06T07:44:26+00:00\",\"description\":\"Poszukujesz niebanalnego pier\u015bcionka zar\u0119czynowego, kt\u00f3ry oczaruje Ci\u0119 wyj\u0105tkowym blaskiem? Koniecznie sprawd\u017a model z akwamarynem i diamentami z pracowni jubilerskiej Schiffers.\",\"breadcrumb\":{\"@id\":\"https:\/\/schiffers.pl\/sklep\/pierscionek-z-akwamarynem-oraz-diamentami\/#breadcrumb\"},\"inLanguage\":\"en-US\",\"potentialAction\":[{\"@type\":\"ReadAction\",\"target\":[\"https:\/\/schiffers.pl\/sklep\/pierscionek-z-akwamarynem-oraz-diamentami\/\"]}]},{\"@type\":\"ImageObject\",\"inLanguage\":\"en-US\",\"@id\":\"https:\/\/schiffers.pl\/sklep\/pierscionek-z-akwamarynem-oraz-diamentami\/#primaryimage\",\"url\":\"https:\/\/schiffers.pl\/wp-content\/uploads\/2021\/12\/1380086.jpg\",\"contentUrl\":\"https:\/\/schiffers.pl\/wp-content\/uploads\/2021\/12\/1380086.jpg\",\"width\":1583,\"height\":1583},{\"@type\":\"BreadcrumbList\",\"@id\":\"https:\/\/schiffers.pl\/sklep\/pierscionek-z-akwamarynem-oraz-diamentami\/#breadcrumb\",\"itemListElement\":[{\"@type\":\"ListItem\",\"position\":1,\"name\":\"Strona g\u0142\u00f3wna\",\"item\":\"https:\/\/schiffers.pl\/\"},{\"@type\":\"ListItem\",\"position\":2,\"name\":\"Sklep\",\"item\":\"https:\/\/schiffers.pl\/sklep\/\"},{\"@type\":\"ListItem\",\"position\":3,\"name\":\"Pier\u015bcionek z akwamarynem oraz diamentami\"}]},{\"@type\":\"WebSite\",\"@id\":\"https:\/\/schiffers.pl\/#website\",\"url\":\"https:\/\/schiffers.pl\/\",\"name\":\"Schiffers\",\"description\":\"bi\u017cuteria\",\"potentialAction\":[{\"@type\":\"SearchAction\",\"target\":{\"@type\":\"EntryPoint\",\"urlTemplate\":\"https:\/\/schiffers.pl\/?s={search_term_string}\"},\"query-input\":{\"@type\":\"PropertyValueSpecification\",\"valueRequired\":true,\"valueName\":\"search_term_string\"}}],\"inLanguage\":\"en-US\"}]}<\/script>\n<!-- \/ Yoast SEO plugin. -->","yoast_head_json":{"title":"Z\u0142oty pier\u015bcionek z akwamarynem i diamentami | Schiffers","description":"Poszukujesz niebanalnego pier\u015bcionka zar\u0119czynowego, kt\u00f3ry oczaruje Ci\u0119 wyj\u0105tkowym blaskiem? Koniecznie sprawd\u017a model z akwamarynem i diamentami z pracowni jubilerskiej Schiffers.","robots":{"index":"index","follow":"follow","max-snippet":"max-snippet:-1","max-image-preview":"max-image-preview:large","max-video-preview":"max-video-preview:-1"},"canonical":"https:\/\/schiffers.pl\/en\/sklep\/pierscionek-z-akwamarynem-oraz-diamentami\/","og_locale":"en_US","og_type":"article","og_title":"Z\u0142oty pier\u015bcionek z akwamarynem i diamentami | Schiffers","og_description":"Poszukujesz niebanalnego pier\u015bcionka zar\u0119czynowego, kt\u00f3ry oczaruje Ci\u0119 wyj\u0105tkowym blaskiem? Koniecznie sprawd\u017a model z akwamarynem i diamentami z pracowni jubilerskiej Schiffers.","og_url":"https:\/\/schiffers.pl\/en\/sklep\/pierscionek-z-akwamarynem-oraz-diamentami\/","og_site_name":"Schiffers","article_modified_time":"2024-12-06T07:44:26+00:00","og_image":[{"width":1583,"height":1583,"url":"https:\/\/schiffers.pl\/wp-content\/uploads\/2021\/12\/1380086.jpg","type":"image\/jpeg"}],"twitter_card":"summary_large_image","twitter_misc":{"Est. reading time":"2 minutes"},"schema":{"@context":"https:\/\/schema.org","@graph":[{"@type":"WebPage","@id":"https:\/\/schiffers.pl\/sklep\/pierscionek-z-akwamarynem-oraz-diamentami\/","url":"https:\/\/schiffers.pl\/sklep\/pierscionek-z-akwamarynem-oraz-diamentami\/","name":"Z\u0142oty pier\u015bcionek z akwamarynem i diamentami | Schiffers","isPartOf":{"@id":"https:\/\/schiffers.pl\/#website"},"primaryImageOfPage":{"@id":"https:\/\/schiffers.pl\/sklep\/pierscionek-z-akwamarynem-oraz-diamentami\/#primaryimage"},"image":{"@id":"https:\/\/schiffers.pl\/sklep\/pierscionek-z-akwamarynem-oraz-diamentami\/#primaryimage"},"thumbnailUrl":"https:\/\/schiffers.pl\/wp-content\/uploads\/2021\/12\/1380086.jpg","datePublished":"2021-12-21T17:27:46+00:00","dateModified":"2024-12-06T07:44:26+00:00","description":"Poszukujesz niebanalnego pier\u015bcionka zar\u0119czynowego, kt\u00f3ry oczaruje Ci\u0119 wyj\u0105tkowym blaskiem? Koniecznie sprawd\u017a model z akwamarynem i diamentami z pracowni jubilerskiej Schiffers.","breadcrumb":{"@id":"https:\/\/schiffers.pl\/sklep\/pierscionek-z-akwamarynem-oraz-diamentami\/#breadcrumb"},"inLanguage":"en-US","potentialAction":[{"@type":"ReadAction","target":["https:\/\/schiffers.pl\/sklep\/pierscionek-z-akwamarynem-oraz-diamentami\/"]}]},{"@type":"ImageObject","inLanguage":"en-US","@id":"https:\/\/schiffers.pl\/sklep\/pierscionek-z-akwamarynem-oraz-diamentami\/#primaryimage","url":"https:\/\/schiffers.pl\/wp-content\/uploads\/2021\/12\/1380086.jpg","contentUrl":"https:\/\/schiffers.pl\/wp-content\/uploads\/2021\/12\/1380086.jpg","width":1583,"height":1583},{"@type":"BreadcrumbList","@id":"https:\/\/schiffers.pl\/sklep\/pierscionek-z-akwamarynem-oraz-diamentami\/#breadcrumb","itemListElement":[{"@type":"ListItem","position":1,"name":"Strona g\u0142\u00f3wna","item":"https:\/\/schiffers.pl\/"},{"@type":"ListItem","position":2,"name":"Sklep","item":"https:\/\/schiffers.pl\/sklep\/"},{"@type":"ListItem","position":3,"name":"Pier\u015bcionek z akwamarynem oraz diamentami"}]},{"@type":"WebSite","@id":"https:\/\/schiffers.pl\/#website","url":"https:\/\/schiffers.pl\/","name":"Schiffers","description":"bi\u017cuteria","potentialAction":[{"@type":"SearchAction","target":{"@type":"EntryPoint","urlTemplate":"https:\/\/schiffers.pl\/?s={search_term_string}"},"query-input":{"@type":"PropertyValueSpecification","valueRequired":true,"valueName":"search_term_string"}}],"inLanguage":"en-US"}]}},"_links":{"self":[{"href":"https:\/\/schiffers.pl\/en\/wp-json\/wp\/v2\/product\/15286","targetHints":{"allow":["GET"]}}],"collection":[{"href":"https:\/\/schiffers.pl\/en\/wp-json\/wp\/v2\/product"}],"about":[{"href":"https:\/\/schiffers.pl\/en\/wp-json\/wp\/v2\/types\/product"}],"wp:featuredmedia":[{"embeddable":true,"href":"https:\/\/schiffers.pl\/en\/wp-json\/wp\/v2\/media\/15287"}],"wp:attachment":[{"href":"https:\/\/schiffers.pl\/en\/wp-json\/wp\/v2\/media?parent=15286"}],"wp:term":[{"taxonomy":"product_brand","embeddable":true,"href":"https:\/\/schiffers.pl\/en\/wp-json\/wp\/v2\/product_brand?post=15286"},{"taxonomy":"product_cat","embeddable":true,"href":"https:\/\/schiffers.pl\/en\/wp-json\/wp\/v2\/product_cat?post=15286"},{"taxonomy":"product_tag","embeddable":true,"href":"https:\/\/schiffers.pl\/en\/wp-json\/wp\/v2\/product_tag?post=15286"}],"curies":[{"name":"wp","href":"https:\/\/api.w.org\/{rel}","templated":true}]}}