{"id":15122,"date":"2021-05-13T16:45:05","date_gmt":"2021-05-13T14:45:05","guid":{"rendered":"https:\/\/schiffers.pl\/?post_type=product&#038;p=15122"},"modified":"2021-05-13T16:49:25","modified_gmt":"2021-05-13T14:49:25","slug":"pierscionek-ksp56-bia-sza","status":"publish","type":"product","link":"https:\/\/schiffers.pl\/en\/sklep\/pierscionek-ksp56-bia-sza\/","title":{"rendered":"Pier\u015bcionek KSP56\/BIA\/SZA"},"content":{"rendered":"","protected":false},"excerpt":{"rendered":"<p>Srebrny pier\u015bcionek ozdobiony koron\u0105 ze srebra z\u0142oconego. Wewn\u0105trz korony kryje si\u0119 cyrkonia w kolorze szampa\u0144skim. Szyna pier\u015bcionka ozdobiona zosta\u0142a delikatnym reliefem. Na indywidualne zapytanie mo\u017cliwa realizacja w z\u0142ocie.<\/p>\n<p>srebro 0,925, srebro oksydowane, cyrkonia<\/p>\n<p>Czas realizacji: do 14 dni<\/p>","protected":false},"featured_media":15166,"template":"","meta":[],"product_brand":[],"product_cat":[125],"product_tag":[],"class_list":{"0":"post-15122","1":"product","2":"type-product","3":"status-publish","4":"has-post-thumbnail","6":"product_cat-pierscionki","8":"first","9":"instock","10":"shipping-taxable","11":"purchasable","12":"product-type-variable"},"yoast_head":"<!-- This site is optimized with the Yoast SEO plugin v24.6 - https:\/\/yoast.com\/wordpress\/plugins\/seo\/ -->\n<title>Pier\u015bcionek KSP56\/BIA\/SZA - Schiffers<\/title>\n<meta name=\"robots\" content=\"index, follow, max-snippet:-1, max-image-preview:large, max-video-preview:-1\" \/>\n<link rel=\"canonical\" href=\"https:\/\/schiffers.pl\/en\/sklep\/pierscionek-ksp56-bia-sza\/\" \/>\n<meta property=\"og:locale\" content=\"en_US\" \/>\n<meta property=\"og:type\" content=\"article\" \/>\n<meta property=\"og:title\" content=\"Pier\u015bcionek KSP56\/BIA\/SZA - Schiffers\" \/>\n<meta property=\"og:description\" content=\"Srebrny pier\u015bcionek ozdobiony koron\u0105 ze srebra z\u0142oconego. Wewn\u0105trz korony kryje si\u0119 cyrkonia w kolorze szampa\u0144skim. Szyna pier\u015bcionka ozdobiona zosta\u0142a delikatnym reliefem. Na indywidualne zapytanie mo\u017cliwa realizacja w z\u0142ocie.  srebro 0,925, srebro oksydowane, cyrkonia  Czas realizacji: do 14 dni\" \/>\n<meta property=\"og:url\" content=\"https:\/\/schiffers.pl\/en\/sklep\/pierscionek-ksp56-bia-sza\/\" \/>\n<meta property=\"og:site_name\" content=\"Schiffers\" \/>\n<meta property=\"article:modified_time\" content=\"2021-05-13T14:49:25+00:00\" \/>\n<meta property=\"og:image\" content=\"https:\/\/schiffers.pl\/wp-content\/uploads\/2021\/05\/1410151.jpg\" \/>\n\t<meta property=\"og:image:width\" content=\"2272\" \/>\n\t<meta property=\"og:image:height\" content=\"2272\" \/>\n\t<meta property=\"og:image:type\" content=\"image\/jpeg\" \/>\n<meta name=\"twitter:card\" content=\"summary_large_image\" \/>\n<script type=\"application\/ld+json\" class=\"yoast-schema-graph\">{\"@context\":\"https:\/\/schema.org\",\"@graph\":[{\"@type\":\"WebPage\",\"@id\":\"https:\/\/schiffers.pl\/sklep\/pierscionek-ksp56-bia-sza\/\",\"url\":\"https:\/\/schiffers.pl\/sklep\/pierscionek-ksp56-bia-sza\/\",\"name\":\"Pier\u015bcionek KSP56\/BIA\/SZA - Schiffers\",\"isPartOf\":{\"@id\":\"https:\/\/schiffers.pl\/#website\"},\"primaryImageOfPage\":{\"@id\":\"https:\/\/schiffers.pl\/sklep\/pierscionek-ksp56-bia-sza\/#primaryimage\"},\"image\":{\"@id\":\"https:\/\/schiffers.pl\/sklep\/pierscionek-ksp56-bia-sza\/#primaryimage\"},\"thumbnailUrl\":\"https:\/\/schiffers.pl\/wp-content\/uploads\/2021\/05\/1410151.jpg\",\"datePublished\":\"2021-05-13T14:45:05+00:00\",\"dateModified\":\"2021-05-13T14:49:25+00:00\",\"breadcrumb\":{\"@id\":\"https:\/\/schiffers.pl\/sklep\/pierscionek-ksp56-bia-sza\/#breadcrumb\"},\"inLanguage\":\"en-US\",\"potentialAction\":[{\"@type\":\"ReadAction\",\"target\":[\"https:\/\/schiffers.pl\/sklep\/pierscionek-ksp56-bia-sza\/\"]}]},{\"@type\":\"ImageObject\",\"inLanguage\":\"en-US\",\"@id\":\"https:\/\/schiffers.pl\/sklep\/pierscionek-ksp56-bia-sza\/#primaryimage\",\"url\":\"https:\/\/schiffers.pl\/wp-content\/uploads\/2021\/05\/1410151.jpg\",\"contentUrl\":\"https:\/\/schiffers.pl\/wp-content\/uploads\/2021\/05\/1410151.jpg\",\"width\":2272,\"height\":2272},{\"@type\":\"BreadcrumbList\",\"@id\":\"https:\/\/schiffers.pl\/sklep\/pierscionek-ksp56-bia-sza\/#breadcrumb\",\"itemListElement\":[{\"@type\":\"ListItem\",\"position\":1,\"name\":\"Strona g\u0142\u00f3wna\",\"item\":\"https:\/\/schiffers.pl\/\"},{\"@type\":\"ListItem\",\"position\":2,\"name\":\"Sklep\",\"item\":\"https:\/\/schiffers.pl\/sklep\/\"},{\"@type\":\"ListItem\",\"position\":3,\"name\":\"Pier\u015bcionek KSP56\/BIA\/SZA\"}]},{\"@type\":\"WebSite\",\"@id\":\"https:\/\/schiffers.pl\/#website\",\"url\":\"https:\/\/schiffers.pl\/\",\"name\":\"Schiffers\",\"description\":\"bi\u017cuteria\",\"potentialAction\":[{\"@type\":\"SearchAction\",\"target\":{\"@type\":\"EntryPoint\",\"urlTemplate\":\"https:\/\/schiffers.pl\/?s={search_term_string}\"},\"query-input\":{\"@type\":\"PropertyValueSpecification\",\"valueRequired\":true,\"valueName\":\"search_term_string\"}}],\"inLanguage\":\"en-US\"}]}<\/script>\n<!-- \/ Yoast SEO plugin. -->","yoast_head_json":{"title":"Pier\u015bcionek KSP56\/BIA\/SZA - Schiffers","robots":{"index":"index","follow":"follow","max-snippet":"max-snippet:-1","max-image-preview":"max-image-preview:large","max-video-preview":"max-video-preview:-1"},"canonical":"https:\/\/schiffers.pl\/en\/sklep\/pierscionek-ksp56-bia-sza\/","og_locale":"en_US","og_type":"article","og_title":"Pier\u015bcionek KSP56\/BIA\/SZA - Schiffers","og_description":"Srebrny pier\u015bcionek ozdobiony koron\u0105 ze srebra z\u0142oconego. Wewn\u0105trz korony kryje si\u0119 cyrkonia w kolorze szampa\u0144skim. Szyna pier\u015bcionka ozdobiona zosta\u0142a delikatnym reliefem. Na indywidualne zapytanie mo\u017cliwa realizacja w z\u0142ocie.  srebro 0,925, srebro oksydowane, cyrkonia  Czas realizacji: do 14 dni","og_url":"https:\/\/schiffers.pl\/en\/sklep\/pierscionek-ksp56-bia-sza\/","og_site_name":"Schiffers","article_modified_time":"2021-05-13T14:49:25+00:00","og_image":[{"width":2272,"height":2272,"url":"https:\/\/schiffers.pl\/wp-content\/uploads\/2021\/05\/1410151.jpg","type":"image\/jpeg"}],"twitter_card":"summary_large_image","schema":{"@context":"https:\/\/schema.org","@graph":[{"@type":"WebPage","@id":"https:\/\/schiffers.pl\/sklep\/pierscionek-ksp56-bia-sza\/","url":"https:\/\/schiffers.pl\/sklep\/pierscionek-ksp56-bia-sza\/","name":"Pier\u015bcionek KSP56\/BIA\/SZA - Schiffers","isPartOf":{"@id":"https:\/\/schiffers.pl\/#website"},"primaryImageOfPage":{"@id":"https:\/\/schiffers.pl\/sklep\/pierscionek-ksp56-bia-sza\/#primaryimage"},"image":{"@id":"https:\/\/schiffers.pl\/sklep\/pierscionek-ksp56-bia-sza\/#primaryimage"},"thumbnailUrl":"https:\/\/schiffers.pl\/wp-content\/uploads\/2021\/05\/1410151.jpg","datePublished":"2021-05-13T14:45:05+00:00","dateModified":"2021-05-13T14:49:25+00:00","breadcrumb":{"@id":"https:\/\/schiffers.pl\/sklep\/pierscionek-ksp56-bia-sza\/#breadcrumb"},"inLanguage":"en-US","potentialAction":[{"@type":"ReadAction","target":["https:\/\/schiffers.pl\/sklep\/pierscionek-ksp56-bia-sza\/"]}]},{"@type":"ImageObject","inLanguage":"en-US","@id":"https:\/\/schiffers.pl\/sklep\/pierscionek-ksp56-bia-sza\/#primaryimage","url":"https:\/\/schiffers.pl\/wp-content\/uploads\/2021\/05\/1410151.jpg","contentUrl":"https:\/\/schiffers.pl\/wp-content\/uploads\/2021\/05\/1410151.jpg","width":2272,"height":2272},{"@type":"BreadcrumbList","@id":"https:\/\/schiffers.pl\/sklep\/pierscionek-ksp56-bia-sza\/#breadcrumb","itemListElement":[{"@type":"ListItem","position":1,"name":"Strona g\u0142\u00f3wna","item":"https:\/\/schiffers.pl\/"},{"@type":"ListItem","position":2,"name":"Sklep","item":"https:\/\/schiffers.pl\/sklep\/"},{"@type":"ListItem","position":3,"name":"Pier\u015bcionek KSP56\/BIA\/SZA"}]},{"@type":"WebSite","@id":"https:\/\/schiffers.pl\/#website","url":"https:\/\/schiffers.pl\/","name":"Schiffers","description":"bi\u017cuteria","potentialAction":[{"@type":"SearchAction","target":{"@type":"EntryPoint","urlTemplate":"https:\/\/schiffers.pl\/?s={search_term_string}"},"query-input":{"@type":"PropertyValueSpecification","valueRequired":true,"valueName":"search_term_string"}}],"inLanguage":"en-US"}]}},"_links":{"self":[{"href":"https:\/\/schiffers.pl\/en\/wp-json\/wp\/v2\/product\/15122","targetHints":{"allow":["GET"]}}],"collection":[{"href":"https:\/\/schiffers.pl\/en\/wp-json\/wp\/v2\/product"}],"about":[{"href":"https:\/\/schiffers.pl\/en\/wp-json\/wp\/v2\/types\/product"}],"wp:featuredmedia":[{"embeddable":true,"href":"https:\/\/schiffers.pl\/en\/wp-json\/wp\/v2\/media\/15166"}],"wp:attachment":[{"href":"https:\/\/schiffers.pl\/en\/wp-json\/wp\/v2\/media?parent=15122"}],"wp:term":[{"taxonomy":"product_brand","embeddable":true,"href":"https:\/\/schiffers.pl\/en\/wp-json\/wp\/v2\/product_brand?post=15122"},{"taxonomy":"product_cat","embeddable":true,"href":"https:\/\/schiffers.pl\/en\/wp-json\/wp\/v2\/product_cat?post=15122"},{"taxonomy":"product_tag","embeddable":true,"href":"https:\/\/schiffers.pl\/en\/wp-json\/wp\/v2\/product_tag?post=15122"}],"curies":[{"name":"wp","href":"https:\/\/api.w.org\/{rel}","templated":true}]}}