{"id":15112,"date":"2021-05-13T15:04:25","date_gmt":"2021-05-13T13:04:25","guid":{"rendered":"https:\/\/schiffers.pl\/?post_type=product&#038;p=15112"},"modified":"2024-10-23T18:04:00","modified_gmt":"2024-10-23T16:04:00","slug":"kolczyki-ksk-129-zr","status":"publish","type":"product","link":"https:\/\/schiffers.pl\/en\/sklep\/kolczyki-ksk-129-zr\/","title":{"rendered":"Kolczyki KSK\/129\/Z"},"content":{"rendered":"","protected":false},"excerpt":{"rendered":"<p>Fantazyjne kolczyki w kszta\u0142cie lilii. Wykonane ze srebra z\u0142oconego. Wewn\u0105trz bia\u0142a per\u0142a s\u0142odkowodna. Lekkie i bardzo kobiece. Bardzo pi\u0119kny dodatek do sukni \u015blubnej.<\/p>\n<p>\u015arednica elementu p\u0105czka: 10 mm, d\u0142ugo\u015b\u0107 ca\u0142ego kolczyka: 80 mm<\/p>\n<p>Termin realizacji zam\u00f3wienia: 14 dni roboczych<\/p>\n<p>srebro 0,925, srebro z\u0142ocone, per\u0142a s\u0142odkowodna<\/p>\n<p>Modelka: Anna Grzebielska<\/p>\n<p>&nbsp;<\/p>","protected":false},"featured_media":15114,"template":"","meta":[],"product_brand":[],"product_cat":[126],"product_tag":[],"class_list":{"0":"post-15112","1":"product","2":"type-product","3":"status-publish","4":"has-post-thumbnail","6":"product_cat-kolczyki","8":"first","9":"instock","10":"shipping-taxable","11":"purchasable","12":"product-type-simple"},"yoast_head":"<!-- This site is optimized with the Yoast SEO plugin v24.6 - https:\/\/yoast.com\/wordpress\/plugins\/seo\/ -->\n<title>Kolczyki KSK\/129\/Z - Schiffers<\/title>\n<meta name=\"robots\" content=\"index, follow, max-snippet:-1, max-image-preview:large, max-video-preview:-1\" \/>\n<link rel=\"canonical\" href=\"https:\/\/schiffers.pl\/en\/sklep\/kolczyki-ksk-129-zr\/\" \/>\n<meta property=\"og:locale\" content=\"en_US\" \/>\n<meta property=\"og:type\" content=\"article\" \/>\n<meta property=\"og:title\" content=\"Kolczyki KSK\/129\/Z - Schiffers\" \/>\n<meta property=\"og:description\" content=\"Fantazyjne kolczyki w kszta\u0142cie lilii. Wykonane ze srebra z\u0142oconego. Wewn\u0105trz bia\u0142a per\u0142a s\u0142odkowodna. Lekkie i bardzo kobiece. Bardzo pi\u0119kny dodatek do sukni \u015blubnej.  \u015arednica elementu p\u0105czka: 10 mm, d\u0142ugo\u015b\u0107 ca\u0142ego kolczyka: 80 mm  Termin realizacji zam\u00f3wienia: 14 dni roboczych  srebro 0,925, srebro z\u0142ocone, per\u0142a s\u0142odkowodna  Modelka: Anna Grzebielska  &nbsp;\" \/>\n<meta property=\"og:url\" content=\"https:\/\/schiffers.pl\/en\/sklep\/kolczyki-ksk-129-zr\/\" \/>\n<meta property=\"og:site_name\" content=\"Schiffers\" \/>\n<meta property=\"article:modified_time\" content=\"2024-10-23T16:04:00+00:00\" \/>\n<meta property=\"og:image\" content=\"https:\/\/schiffers.pl\/wp-content\/uploads\/2021\/05\/1410399.jpg\" \/>\n\t<meta property=\"og:image:width\" content=\"2158\" \/>\n\t<meta property=\"og:image:height\" content=\"2158\" \/>\n\t<meta property=\"og:image:type\" content=\"image\/jpeg\" \/>\n<meta name=\"twitter:card\" content=\"summary_large_image\" \/>\n<script type=\"application\/ld+json\" class=\"yoast-schema-graph\">{\"@context\":\"https:\/\/schema.org\",\"@graph\":[{\"@type\":\"WebPage\",\"@id\":\"https:\/\/schiffers.pl\/sklep\/kolczyki-ksk-129-zr\/\",\"url\":\"https:\/\/schiffers.pl\/sklep\/kolczyki-ksk-129-zr\/\",\"name\":\"Kolczyki KSK\/129\/Z - Schiffers\",\"isPartOf\":{\"@id\":\"https:\/\/schiffers.pl\/#website\"},\"primaryImageOfPage\":{\"@id\":\"https:\/\/schiffers.pl\/sklep\/kolczyki-ksk-129-zr\/#primaryimage\"},\"image\":{\"@id\":\"https:\/\/schiffers.pl\/sklep\/kolczyki-ksk-129-zr\/#primaryimage\"},\"thumbnailUrl\":\"https:\/\/schiffers.pl\/wp-content\/uploads\/2021\/05\/1410399.jpg\",\"datePublished\":\"2021-05-13T13:04:25+00:00\",\"dateModified\":\"2024-10-23T16:04:00+00:00\",\"breadcrumb\":{\"@id\":\"https:\/\/schiffers.pl\/sklep\/kolczyki-ksk-129-zr\/#breadcrumb\"},\"inLanguage\":\"en-US\",\"potentialAction\":[{\"@type\":\"ReadAction\",\"target\":[\"https:\/\/schiffers.pl\/sklep\/kolczyki-ksk-129-zr\/\"]}]},{\"@type\":\"ImageObject\",\"inLanguage\":\"en-US\",\"@id\":\"https:\/\/schiffers.pl\/sklep\/kolczyki-ksk-129-zr\/#primaryimage\",\"url\":\"https:\/\/schiffers.pl\/wp-content\/uploads\/2021\/05\/1410399.jpg\",\"contentUrl\":\"https:\/\/schiffers.pl\/wp-content\/uploads\/2021\/05\/1410399.jpg\",\"width\":2158,\"height\":2158},{\"@type\":\"BreadcrumbList\",\"@id\":\"https:\/\/schiffers.pl\/sklep\/kolczyki-ksk-129-zr\/#breadcrumb\",\"itemListElement\":[{\"@type\":\"ListItem\",\"position\":1,\"name\":\"Strona g\u0142\u00f3wna\",\"item\":\"https:\/\/schiffers.pl\/\"},{\"@type\":\"ListItem\",\"position\":2,\"name\":\"Sklep\",\"item\":\"https:\/\/schiffers.pl\/sklep\/\"},{\"@type\":\"ListItem\",\"position\":3,\"name\":\"Kolczyki KSK\/129\/Z\"}]},{\"@type\":\"WebSite\",\"@id\":\"https:\/\/schiffers.pl\/#website\",\"url\":\"https:\/\/schiffers.pl\/\",\"name\":\"Schiffers\",\"description\":\"bi\u017cuteria\",\"potentialAction\":[{\"@type\":\"SearchAction\",\"target\":{\"@type\":\"EntryPoint\",\"urlTemplate\":\"https:\/\/schiffers.pl\/?s={search_term_string}\"},\"query-input\":{\"@type\":\"PropertyValueSpecification\",\"valueRequired\":true,\"valueName\":\"search_term_string\"}}],\"inLanguage\":\"en-US\"}]}<\/script>\n<!-- \/ Yoast SEO plugin. -->","yoast_head_json":{"title":"Kolczyki KSK\/129\/Z - Schiffers","robots":{"index":"index","follow":"follow","max-snippet":"max-snippet:-1","max-image-preview":"max-image-preview:large","max-video-preview":"max-video-preview:-1"},"canonical":"https:\/\/schiffers.pl\/en\/sklep\/kolczyki-ksk-129-zr\/","og_locale":"en_US","og_type":"article","og_title":"Kolczyki KSK\/129\/Z - Schiffers","og_description":"Fantazyjne kolczyki w kszta\u0142cie lilii. Wykonane ze srebra z\u0142oconego. Wewn\u0105trz bia\u0142a per\u0142a s\u0142odkowodna. Lekkie i bardzo kobiece. Bardzo pi\u0119kny dodatek do sukni \u015blubnej.  \u015arednica elementu p\u0105czka: 10 mm, d\u0142ugo\u015b\u0107 ca\u0142ego kolczyka: 80 mm  Termin realizacji zam\u00f3wienia: 14 dni roboczych  srebro 0,925, srebro z\u0142ocone, per\u0142a s\u0142odkowodna  Modelka: Anna Grzebielska  &nbsp;","og_url":"https:\/\/schiffers.pl\/en\/sklep\/kolczyki-ksk-129-zr\/","og_site_name":"Schiffers","article_modified_time":"2024-10-23T16:04:00+00:00","og_image":[{"width":2158,"height":2158,"url":"https:\/\/schiffers.pl\/wp-content\/uploads\/2021\/05\/1410399.jpg","type":"image\/jpeg"}],"twitter_card":"summary_large_image","schema":{"@context":"https:\/\/schema.org","@graph":[{"@type":"WebPage","@id":"https:\/\/schiffers.pl\/sklep\/kolczyki-ksk-129-zr\/","url":"https:\/\/schiffers.pl\/sklep\/kolczyki-ksk-129-zr\/","name":"Kolczyki KSK\/129\/Z - Schiffers","isPartOf":{"@id":"https:\/\/schiffers.pl\/#website"},"primaryImageOfPage":{"@id":"https:\/\/schiffers.pl\/sklep\/kolczyki-ksk-129-zr\/#primaryimage"},"image":{"@id":"https:\/\/schiffers.pl\/sklep\/kolczyki-ksk-129-zr\/#primaryimage"},"thumbnailUrl":"https:\/\/schiffers.pl\/wp-content\/uploads\/2021\/05\/1410399.jpg","datePublished":"2021-05-13T13:04:25+00:00","dateModified":"2024-10-23T16:04:00+00:00","breadcrumb":{"@id":"https:\/\/schiffers.pl\/sklep\/kolczyki-ksk-129-zr\/#breadcrumb"},"inLanguage":"en-US","potentialAction":[{"@type":"ReadAction","target":["https:\/\/schiffers.pl\/sklep\/kolczyki-ksk-129-zr\/"]}]},{"@type":"ImageObject","inLanguage":"en-US","@id":"https:\/\/schiffers.pl\/sklep\/kolczyki-ksk-129-zr\/#primaryimage","url":"https:\/\/schiffers.pl\/wp-content\/uploads\/2021\/05\/1410399.jpg","contentUrl":"https:\/\/schiffers.pl\/wp-content\/uploads\/2021\/05\/1410399.jpg","width":2158,"height":2158},{"@type":"BreadcrumbList","@id":"https:\/\/schiffers.pl\/sklep\/kolczyki-ksk-129-zr\/#breadcrumb","itemListElement":[{"@type":"ListItem","position":1,"name":"Strona g\u0142\u00f3wna","item":"https:\/\/schiffers.pl\/"},{"@type":"ListItem","position":2,"name":"Sklep","item":"https:\/\/schiffers.pl\/sklep\/"},{"@type":"ListItem","position":3,"name":"Kolczyki KSK\/129\/Z"}]},{"@type":"WebSite","@id":"https:\/\/schiffers.pl\/#website","url":"https:\/\/schiffers.pl\/","name":"Schiffers","description":"bi\u017cuteria","potentialAction":[{"@type":"SearchAction","target":{"@type":"EntryPoint","urlTemplate":"https:\/\/schiffers.pl\/?s={search_term_string}"},"query-input":{"@type":"PropertyValueSpecification","valueRequired":true,"valueName":"search_term_string"}}],"inLanguage":"en-US"}]}},"_links":{"self":[{"href":"https:\/\/schiffers.pl\/en\/wp-json\/wp\/v2\/product\/15112","targetHints":{"allow":["GET"]}}],"collection":[{"href":"https:\/\/schiffers.pl\/en\/wp-json\/wp\/v2\/product"}],"about":[{"href":"https:\/\/schiffers.pl\/en\/wp-json\/wp\/v2\/types\/product"}],"wp:featuredmedia":[{"embeddable":true,"href":"https:\/\/schiffers.pl\/en\/wp-json\/wp\/v2\/media\/15114"}],"wp:attachment":[{"href":"https:\/\/schiffers.pl\/en\/wp-json\/wp\/v2\/media?parent=15112"}],"wp:term":[{"taxonomy":"product_brand","embeddable":true,"href":"https:\/\/schiffers.pl\/en\/wp-json\/wp\/v2\/product_brand?post=15112"},{"taxonomy":"product_cat","embeddable":true,"href":"https:\/\/schiffers.pl\/en\/wp-json\/wp\/v2\/product_cat?post=15112"},{"taxonomy":"product_tag","embeddable":true,"href":"https:\/\/schiffers.pl\/en\/wp-json\/wp\/v2\/product_tag?post=15112"}],"curies":[{"name":"wp","href":"https:\/\/api.w.org\/{rel}","templated":true}]}}