{"id":15085,"date":"2021-05-11T22:22:30","date_gmt":"2021-05-11T20:22:30","guid":{"rendered":"https:\/\/schiffers.pl\/?post_type=product&#038;p=15085"},"modified":"2024-10-28T09:40:05","modified_gmt":"2024-10-28T08:40:05","slug":"kolczyki-ksk-em-per","status":"publish","type":"product","link":"https:\/\/schiffers.pl\/en\/sklep\/kolczyki-ksk-em-per\/","title":{"rendered":"Kolczyki &#8211; z\u0142oto 585, KSK\/EM\/PER"},"content":{"rendered":"<h2 style=\"display: block;\">Kolczyki sztyfty z diamentem. Subtelna elegancja<\/h2>\n<p>Stworzone w pracowni Schiffers z\u0142ote kolczyki sztyfty z diamentem skradn\u0105 serce ka\u017cdej kobiety, kt\u00f3ra w bi\u017cuterii stawia przede wszystkim na elegancj\u0119 po\u0142\u0105czon\u0105 z subtelno\u015bci\u0105. Ich prosta, minimalistyczna podstawa, emaliowana otoczka oraz kamie\u0144 w centralnej cz\u0119\u015bci stanowi\u0105 wyraz pi\u0119kna zamkni\u0119tego w bi\u017cuteryjnej formie. \u017b\u00f3\u0142te z\u0142oto pr\u00f3by 585, b\u0119d\u0105ce podstawowym kruszywem kolczyk\u00f3w, wraz z jasnym diamentem tworzy kompozycj\u0119 pe\u0142n\u0105 wdzi\u0119ku \u2013 nie oprze si\u0119 mu \u017cadna z pa\u0144! <\/p>\n<h2 style=\"display: block;\">Wyj\u0105tkowe kolczyki sztyfty z diamentem<\/h2>\n<p>R\u0119cznie robione kolczyki sztyfty b\u0119d\u0105 znakomitym akcentem bi\u017cuteryjnym zar\u00f3wno na co dzie\u0144, jak i na specjalne okazje, ponadto mog\u0105 by\u0107 noszone przez kobiety w ka\u017cdym wieku. Uniwersalno\u015b\u0107 to jednak nie jedyna ich cecha \u2013 s\u0105 ponadto wygodne w noszeniu, za spraw\u0105 zapi\u0119cia na sztyft. Nie b\u0119d\u0105 przeszkadza\u0107 w codziennym u\u017cytkowaniu, stanowi\u0105c jednocze\u015bnie subteln\u0105 opraw\u0119 twarzy.<\/p>\n<p>Istnieje mo\u017cliwo\u015b\u0107 zam\u00f3wienia kolczyk\u00f3w z emali\u0105 w kolorach: kobalt, ciemna ziele\u0144, czerwony, czarny. Je\u015bli chcesz posiada\u0107 model z innym kolorem emalii, prosimy o kontakt mailowy.<\/p>","protected":false},"excerpt":{"rendered":"<p>Kolczyki na sztyft wykonane ze z\u0142ota pr\u00f3by 585, wyko\u0144czone emali\u0105 w kolorze per\u0142owym. Posiadaj\u0105 centralnie zakuty diament. Idealne na okoliczno\u015bciowy prezent, doskona\u0142e r\u00f3wnie\u017c do noszenia na co dzie\u0144.<\/p>\n<ul>\n<li>\u015arednica okr\u0105g\u0142ego elementu: 7 mm<\/li>\n<li>Termin realizacji zam\u00f3wienia: 21 dni roboczych<\/li>\n<\/ul>","protected":false},"featured_media":15086,"template":"","meta":[],"product_brand":[],"product_cat":[126],"product_tag":[],"class_list":{"0":"post-15085","1":"product","2":"type-product","3":"status-publish","4":"has-post-thumbnail","6":"product_cat-kolczyki","8":"first","9":"instock","10":"shipping-taxable","11":"purchasable","12":"product-type-simple"},"yoast_head":"<!-- This site is optimized with the Yoast SEO plugin v24.6 - https:\/\/yoast.com\/wordpress\/plugins\/seo\/ -->\n<title>Z\u0142ote kolczyki sztyfty z diamentem KSK\/EM\/PER | Schiffers<\/title>\n<meta name=\"description\" content=\"Wyrafinowana elegancja po\u0142\u0105czona z minimalistyczn\u0105 form\u0105 \u2013 takie s\u0105 kolczyki sztyfty z diamentem od Schiffers. R\u0119cznie robione specjalnie dla Ciebie!\" \/>\n<meta name=\"robots\" content=\"index, follow, max-snippet:-1, max-image-preview:large, max-video-preview:-1\" \/>\n<link rel=\"canonical\" href=\"https:\/\/schiffers.pl\/en\/sklep\/kolczyki-ksk-em-per\/\" \/>\n<meta property=\"og:locale\" content=\"en_US\" \/>\n<meta property=\"og:type\" content=\"article\" \/>\n<meta property=\"og:title\" content=\"Z\u0142ote kolczyki sztyfty z diamentem KSK\/EM\/PER | Schiffers\" \/>\n<meta property=\"og:description\" content=\"Wyrafinowana elegancja po\u0142\u0105czona z minimalistyczn\u0105 form\u0105 \u2013 takie s\u0105 kolczyki sztyfty z diamentem od Schiffers. R\u0119cznie robione specjalnie dla Ciebie!\" \/>\n<meta property=\"og:url\" content=\"https:\/\/schiffers.pl\/en\/sklep\/kolczyki-ksk-em-per\/\" \/>\n<meta property=\"og:site_name\" content=\"Schiffers\" \/>\n<meta property=\"article:modified_time\" content=\"2024-10-28T08:40:05+00:00\" \/>\n<meta property=\"og:image\" content=\"https:\/\/schiffers.pl\/wp-content\/uploads\/2021\/05\/1410316-scaled.jpg\" \/>\n\t<meta property=\"og:image:width\" content=\"2560\" \/>\n\t<meta property=\"og:image:height\" content=\"2560\" \/>\n\t<meta property=\"og:image:type\" content=\"image\/jpeg\" \/>\n<meta name=\"twitter:card\" content=\"summary_large_image\" \/>\n<script type=\"application\/ld+json\" class=\"yoast-schema-graph\">{\"@context\":\"https:\/\/schema.org\",\"@graph\":[{\"@type\":\"WebPage\",\"@id\":\"https:\/\/schiffers.pl\/sklep\/kolczyki-ksk-em-per\/\",\"url\":\"https:\/\/schiffers.pl\/sklep\/kolczyki-ksk-em-per\/\",\"name\":\"Z\u0142ote kolczyki sztyfty z diamentem KSK\/EM\/PER | Schiffers\",\"isPartOf\":{\"@id\":\"https:\/\/schiffers.pl\/#website\"},\"primaryImageOfPage\":{\"@id\":\"https:\/\/schiffers.pl\/sklep\/kolczyki-ksk-em-per\/#primaryimage\"},\"image\":{\"@id\":\"https:\/\/schiffers.pl\/sklep\/kolczyki-ksk-em-per\/#primaryimage\"},\"thumbnailUrl\":\"https:\/\/schiffers.pl\/wp-content\/uploads\/2021\/05\/1410316-scaled.jpg\",\"datePublished\":\"2021-05-11T20:22:30+00:00\",\"dateModified\":\"2024-10-28T08:40:05+00:00\",\"description\":\"Wyrafinowana elegancja po\u0142\u0105czona z minimalistyczn\u0105 form\u0105 \u2013 takie s\u0105 kolczyki sztyfty z diamentem od Schiffers. R\u0119cznie robione specjalnie dla Ciebie!\",\"breadcrumb\":{\"@id\":\"https:\/\/schiffers.pl\/sklep\/kolczyki-ksk-em-per\/#breadcrumb\"},\"inLanguage\":\"en-US\",\"potentialAction\":[{\"@type\":\"ReadAction\",\"target\":[\"https:\/\/schiffers.pl\/sklep\/kolczyki-ksk-em-per\/\"]}]},{\"@type\":\"ImageObject\",\"inLanguage\":\"en-US\",\"@id\":\"https:\/\/schiffers.pl\/sklep\/kolczyki-ksk-em-per\/#primaryimage\",\"url\":\"https:\/\/schiffers.pl\/wp-content\/uploads\/2021\/05\/1410316-scaled.jpg\",\"contentUrl\":\"https:\/\/schiffers.pl\/wp-content\/uploads\/2021\/05\/1410316-scaled.jpg\",\"width\":2560,\"height\":2560},{\"@type\":\"BreadcrumbList\",\"@id\":\"https:\/\/schiffers.pl\/sklep\/kolczyki-ksk-em-per\/#breadcrumb\",\"itemListElement\":[{\"@type\":\"ListItem\",\"position\":1,\"name\":\"Strona g\u0142\u00f3wna\",\"item\":\"https:\/\/schiffers.pl\/\"},{\"@type\":\"ListItem\",\"position\":2,\"name\":\"Sklep\",\"item\":\"https:\/\/schiffers.pl\/sklep\/\"},{\"@type\":\"ListItem\",\"position\":3,\"name\":\"Kolczyki &#8211; z\u0142oto 585, KSK\/EM\/PER\"}]},{\"@type\":\"WebSite\",\"@id\":\"https:\/\/schiffers.pl\/#website\",\"url\":\"https:\/\/schiffers.pl\/\",\"name\":\"Schiffers\",\"description\":\"bi\u017cuteria\",\"potentialAction\":[{\"@type\":\"SearchAction\",\"target\":{\"@type\":\"EntryPoint\",\"urlTemplate\":\"https:\/\/schiffers.pl\/?s={search_term_string}\"},\"query-input\":{\"@type\":\"PropertyValueSpecification\",\"valueRequired\":true,\"valueName\":\"search_term_string\"}}],\"inLanguage\":\"en-US\"}]}<\/script>\n<!-- \/ Yoast SEO plugin. -->","yoast_head_json":{"title":"Z\u0142ote kolczyki sztyfty z diamentem KSK\/EM\/PER | Schiffers","description":"Wyrafinowana elegancja po\u0142\u0105czona z minimalistyczn\u0105 form\u0105 \u2013 takie s\u0105 kolczyki sztyfty z diamentem od Schiffers. R\u0119cznie robione specjalnie dla Ciebie!","robots":{"index":"index","follow":"follow","max-snippet":"max-snippet:-1","max-image-preview":"max-image-preview:large","max-video-preview":"max-video-preview:-1"},"canonical":"https:\/\/schiffers.pl\/en\/sklep\/kolczyki-ksk-em-per\/","og_locale":"en_US","og_type":"article","og_title":"Z\u0142ote kolczyki sztyfty z diamentem KSK\/EM\/PER | Schiffers","og_description":"Wyrafinowana elegancja po\u0142\u0105czona z minimalistyczn\u0105 form\u0105 \u2013 takie s\u0105 kolczyki sztyfty z diamentem od Schiffers. R\u0119cznie robione specjalnie dla Ciebie!","og_url":"https:\/\/schiffers.pl\/en\/sklep\/kolczyki-ksk-em-per\/","og_site_name":"Schiffers","article_modified_time":"2024-10-28T08:40:05+00:00","og_image":[{"width":2560,"height":2560,"url":"https:\/\/schiffers.pl\/wp-content\/uploads\/2021\/05\/1410316-scaled.jpg","type":"image\/jpeg"}],"twitter_card":"summary_large_image","schema":{"@context":"https:\/\/schema.org","@graph":[{"@type":"WebPage","@id":"https:\/\/schiffers.pl\/sklep\/kolczyki-ksk-em-per\/","url":"https:\/\/schiffers.pl\/sklep\/kolczyki-ksk-em-per\/","name":"Z\u0142ote kolczyki sztyfty z diamentem KSK\/EM\/PER | Schiffers","isPartOf":{"@id":"https:\/\/schiffers.pl\/#website"},"primaryImageOfPage":{"@id":"https:\/\/schiffers.pl\/sklep\/kolczyki-ksk-em-per\/#primaryimage"},"image":{"@id":"https:\/\/schiffers.pl\/sklep\/kolczyki-ksk-em-per\/#primaryimage"},"thumbnailUrl":"https:\/\/schiffers.pl\/wp-content\/uploads\/2021\/05\/1410316-scaled.jpg","datePublished":"2021-05-11T20:22:30+00:00","dateModified":"2024-10-28T08:40:05+00:00","description":"Wyrafinowana elegancja po\u0142\u0105czona z minimalistyczn\u0105 form\u0105 \u2013 takie s\u0105 kolczyki sztyfty z diamentem od Schiffers. R\u0119cznie robione specjalnie dla Ciebie!","breadcrumb":{"@id":"https:\/\/schiffers.pl\/sklep\/kolczyki-ksk-em-per\/#breadcrumb"},"inLanguage":"en-US","potentialAction":[{"@type":"ReadAction","target":["https:\/\/schiffers.pl\/sklep\/kolczyki-ksk-em-per\/"]}]},{"@type":"ImageObject","inLanguage":"en-US","@id":"https:\/\/schiffers.pl\/sklep\/kolczyki-ksk-em-per\/#primaryimage","url":"https:\/\/schiffers.pl\/wp-content\/uploads\/2021\/05\/1410316-scaled.jpg","contentUrl":"https:\/\/schiffers.pl\/wp-content\/uploads\/2021\/05\/1410316-scaled.jpg","width":2560,"height":2560},{"@type":"BreadcrumbList","@id":"https:\/\/schiffers.pl\/sklep\/kolczyki-ksk-em-per\/#breadcrumb","itemListElement":[{"@type":"ListItem","position":1,"name":"Strona g\u0142\u00f3wna","item":"https:\/\/schiffers.pl\/"},{"@type":"ListItem","position":2,"name":"Sklep","item":"https:\/\/schiffers.pl\/sklep\/"},{"@type":"ListItem","position":3,"name":"Kolczyki &#8211; z\u0142oto 585, KSK\/EM\/PER"}]},{"@type":"WebSite","@id":"https:\/\/schiffers.pl\/#website","url":"https:\/\/schiffers.pl\/","name":"Schiffers","description":"bi\u017cuteria","potentialAction":[{"@type":"SearchAction","target":{"@type":"EntryPoint","urlTemplate":"https:\/\/schiffers.pl\/?s={search_term_string}"},"query-input":{"@type":"PropertyValueSpecification","valueRequired":true,"valueName":"search_term_string"}}],"inLanguage":"en-US"}]}},"_links":{"self":[{"href":"https:\/\/schiffers.pl\/en\/wp-json\/wp\/v2\/product\/15085","targetHints":{"allow":["GET"]}}],"collection":[{"href":"https:\/\/schiffers.pl\/en\/wp-json\/wp\/v2\/product"}],"about":[{"href":"https:\/\/schiffers.pl\/en\/wp-json\/wp\/v2\/types\/product"}],"wp:featuredmedia":[{"embeddable":true,"href":"https:\/\/schiffers.pl\/en\/wp-json\/wp\/v2\/media\/15086"}],"wp:attachment":[{"href":"https:\/\/schiffers.pl\/en\/wp-json\/wp\/v2\/media?parent=15085"}],"wp:term":[{"taxonomy":"product_brand","embeddable":true,"href":"https:\/\/schiffers.pl\/en\/wp-json\/wp\/v2\/product_brand?post=15085"},{"taxonomy":"product_cat","embeddable":true,"href":"https:\/\/schiffers.pl\/en\/wp-json\/wp\/v2\/product_cat?post=15085"},{"taxonomy":"product_tag","embeddable":true,"href":"https:\/\/schiffers.pl\/en\/wp-json\/wp\/v2\/product_tag?post=15085"}],"curies":[{"name":"wp","href":"https:\/\/api.w.org\/{rel}","templated":true}]}}