{"id":14719,"date":"2021-04-28T09:17:13","date_gmt":"2021-04-28T07:17:13","guid":{"rendered":"https:\/\/schiffers.pl\/?post_type=product&#038;p=14719"},"modified":"2024-10-23T18:17:58","modified_gmt":"2024-10-23T16:17:58","slug":"kolczyki-ksk-kod-zr-sz","status":"publish","type":"product","link":"https:\/\/schiffers.pl\/en\/sklep\/kolczyki-ksk-kod-zr-sz\/","title":{"rendered":"Kolczyki KSK\/KOD\/ZR\/SZ"},"content":{"rendered":"","protected":false},"excerpt":{"rendered":"<p>Fantazyjne kolczyki w kszta\u0142cie korony, zaraz pod ucho. Lekkie i bardzo subtelne. Wykonane ze srebra z\u0142oconego na r\u00f3\u017cowy kolor z cyrkoni\u0105 w kolorze szampa\u0144skim<\/p>\n<p>\u015arednica elementu korony: 20 mm, d\u0142ugo\u015b\u0107 ca\u0142ego kolczyka: 30 mm<\/p>\n<p>Zdj\u0119cie na modelce dla ukazania proporcji.<\/p>\n<p>Termin realizacji zam\u00f3wienia: 14 dni roboczych<\/p>\n<p>srebro z\u0142ocone na r\u00f3\u017cowo, cyrkonia w kolorze szampana<\/p>","protected":false},"featured_media":14720,"template":"","meta":[],"product_brand":[],"product_cat":[126],"product_tag":[],"class_list":{"0":"post-14719","1":"product","2":"type-product","3":"status-publish","4":"has-post-thumbnail","6":"product_cat-kolczyki","8":"first","9":"instock","10":"shipping-taxable","11":"purchasable","12":"product-type-simple"},"yoast_head":"<!-- This site is optimized with the Yoast SEO plugin v24.6 - https:\/\/yoast.com\/wordpress\/plugins\/seo\/ -->\n<title>Kolczyki KSK\/KOD\/ZR\/SZ - Schiffers<\/title>\n<meta name=\"robots\" content=\"index, follow, max-snippet:-1, max-image-preview:large, max-video-preview:-1\" \/>\n<link rel=\"canonical\" href=\"https:\/\/schiffers.pl\/en\/sklep\/kolczyki-ksk-kod-zr-sz\/\" \/>\n<meta property=\"og:locale\" content=\"en_US\" \/>\n<meta property=\"og:type\" content=\"article\" \/>\n<meta property=\"og:title\" content=\"Kolczyki KSK\/KOD\/ZR\/SZ - Schiffers\" \/>\n<meta property=\"og:description\" content=\"Fantazyjne kolczyki w kszta\u0142cie korony, zaraz pod ucho. Lekkie i bardzo subtelne. Wykonane ze srebra z\u0142oconego na r\u00f3\u017cowy kolor z cyrkoni\u0105 w kolorze szampa\u0144skim  \u015arednica elementu korony: 20 mm, d\u0142ugo\u015b\u0107 ca\u0142ego kolczyka: 30 mm  Zdj\u0119cie na modelce dla ukazania proporcji.  Termin realizacji zam\u00f3wienia: 14 dni roboczych  srebro z\u0142ocone na r\u00f3\u017cowo, cyrkonia w kolorze szampana\" \/>\n<meta property=\"og:url\" content=\"https:\/\/schiffers.pl\/en\/sklep\/kolczyki-ksk-kod-zr-sz\/\" \/>\n<meta property=\"og:site_name\" content=\"Schiffers\" \/>\n<meta property=\"article:modified_time\" content=\"2024-10-23T16:17:58+00:00\" \/>\n<meta property=\"og:image\" content=\"https:\/\/schiffers.pl\/wp-content\/uploads\/2021\/04\/1410071-scaled.jpg\" \/>\n\t<meta property=\"og:image:width\" content=\"2560\" \/>\n\t<meta property=\"og:image:height\" content=\"2560\" \/>\n\t<meta property=\"og:image:type\" content=\"image\/jpeg\" \/>\n<meta name=\"twitter:card\" content=\"summary_large_image\" \/>\n<script type=\"application\/ld+json\" class=\"yoast-schema-graph\">{\"@context\":\"https:\/\/schema.org\",\"@graph\":[{\"@type\":\"WebPage\",\"@id\":\"https:\/\/schiffers.pl\/sklep\/kolczyki-ksk-kod-zr-sz\/\",\"url\":\"https:\/\/schiffers.pl\/sklep\/kolczyki-ksk-kod-zr-sz\/\",\"name\":\"Kolczyki KSK\/KOD\/ZR\/SZ - Schiffers\",\"isPartOf\":{\"@id\":\"https:\/\/schiffers.pl\/#website\"},\"primaryImageOfPage\":{\"@id\":\"https:\/\/schiffers.pl\/sklep\/kolczyki-ksk-kod-zr-sz\/#primaryimage\"},\"image\":{\"@id\":\"https:\/\/schiffers.pl\/sklep\/kolczyki-ksk-kod-zr-sz\/#primaryimage\"},\"thumbnailUrl\":\"https:\/\/schiffers.pl\/wp-content\/uploads\/2021\/04\/1410071-scaled.jpg\",\"datePublished\":\"2021-04-28T07:17:13+00:00\",\"dateModified\":\"2024-10-23T16:17:58+00:00\",\"breadcrumb\":{\"@id\":\"https:\/\/schiffers.pl\/sklep\/kolczyki-ksk-kod-zr-sz\/#breadcrumb\"},\"inLanguage\":\"en-US\",\"potentialAction\":[{\"@type\":\"ReadAction\",\"target\":[\"https:\/\/schiffers.pl\/sklep\/kolczyki-ksk-kod-zr-sz\/\"]}]},{\"@type\":\"ImageObject\",\"inLanguage\":\"en-US\",\"@id\":\"https:\/\/schiffers.pl\/sklep\/kolczyki-ksk-kod-zr-sz\/#primaryimage\",\"url\":\"https:\/\/schiffers.pl\/wp-content\/uploads\/2021\/04\/1410071-scaled.jpg\",\"contentUrl\":\"https:\/\/schiffers.pl\/wp-content\/uploads\/2021\/04\/1410071-scaled.jpg\",\"width\":2560,\"height\":2560},{\"@type\":\"BreadcrumbList\",\"@id\":\"https:\/\/schiffers.pl\/sklep\/kolczyki-ksk-kod-zr-sz\/#breadcrumb\",\"itemListElement\":[{\"@type\":\"ListItem\",\"position\":1,\"name\":\"Strona g\u0142\u00f3wna\",\"item\":\"https:\/\/schiffers.pl\/\"},{\"@type\":\"ListItem\",\"position\":2,\"name\":\"Sklep\",\"item\":\"https:\/\/schiffers.pl\/sklep\/\"},{\"@type\":\"ListItem\",\"position\":3,\"name\":\"Kolczyki KSK\/KOD\/ZR\/SZ\"}]},{\"@type\":\"WebSite\",\"@id\":\"https:\/\/schiffers.pl\/#website\",\"url\":\"https:\/\/schiffers.pl\/\",\"name\":\"Schiffers\",\"description\":\"bi\u017cuteria\",\"potentialAction\":[{\"@type\":\"SearchAction\",\"target\":{\"@type\":\"EntryPoint\",\"urlTemplate\":\"https:\/\/schiffers.pl\/?s={search_term_string}\"},\"query-input\":{\"@type\":\"PropertyValueSpecification\",\"valueRequired\":true,\"valueName\":\"search_term_string\"}}],\"inLanguage\":\"en-US\"}]}<\/script>\n<!-- \/ Yoast SEO plugin. -->","yoast_head_json":{"title":"Kolczyki KSK\/KOD\/ZR\/SZ - Schiffers","robots":{"index":"index","follow":"follow","max-snippet":"max-snippet:-1","max-image-preview":"max-image-preview:large","max-video-preview":"max-video-preview:-1"},"canonical":"https:\/\/schiffers.pl\/en\/sklep\/kolczyki-ksk-kod-zr-sz\/","og_locale":"en_US","og_type":"article","og_title":"Kolczyki KSK\/KOD\/ZR\/SZ - Schiffers","og_description":"Fantazyjne kolczyki w kszta\u0142cie korony, zaraz pod ucho. Lekkie i bardzo subtelne. Wykonane ze srebra z\u0142oconego na r\u00f3\u017cowy kolor z cyrkoni\u0105 w kolorze szampa\u0144skim  \u015arednica elementu korony: 20 mm, d\u0142ugo\u015b\u0107 ca\u0142ego kolczyka: 30 mm  Zdj\u0119cie na modelce dla ukazania proporcji.  Termin realizacji zam\u00f3wienia: 14 dni roboczych  srebro z\u0142ocone na r\u00f3\u017cowo, cyrkonia w kolorze szampana","og_url":"https:\/\/schiffers.pl\/en\/sklep\/kolczyki-ksk-kod-zr-sz\/","og_site_name":"Schiffers","article_modified_time":"2024-10-23T16:17:58+00:00","og_image":[{"width":2560,"height":2560,"url":"https:\/\/schiffers.pl\/wp-content\/uploads\/2021\/04\/1410071-scaled.jpg","type":"image\/jpeg"}],"twitter_card":"summary_large_image","schema":{"@context":"https:\/\/schema.org","@graph":[{"@type":"WebPage","@id":"https:\/\/schiffers.pl\/sklep\/kolczyki-ksk-kod-zr-sz\/","url":"https:\/\/schiffers.pl\/sklep\/kolczyki-ksk-kod-zr-sz\/","name":"Kolczyki KSK\/KOD\/ZR\/SZ - Schiffers","isPartOf":{"@id":"https:\/\/schiffers.pl\/#website"},"primaryImageOfPage":{"@id":"https:\/\/schiffers.pl\/sklep\/kolczyki-ksk-kod-zr-sz\/#primaryimage"},"image":{"@id":"https:\/\/schiffers.pl\/sklep\/kolczyki-ksk-kod-zr-sz\/#primaryimage"},"thumbnailUrl":"https:\/\/schiffers.pl\/wp-content\/uploads\/2021\/04\/1410071-scaled.jpg","datePublished":"2021-04-28T07:17:13+00:00","dateModified":"2024-10-23T16:17:58+00:00","breadcrumb":{"@id":"https:\/\/schiffers.pl\/sklep\/kolczyki-ksk-kod-zr-sz\/#breadcrumb"},"inLanguage":"en-US","potentialAction":[{"@type":"ReadAction","target":["https:\/\/schiffers.pl\/sklep\/kolczyki-ksk-kod-zr-sz\/"]}]},{"@type":"ImageObject","inLanguage":"en-US","@id":"https:\/\/schiffers.pl\/sklep\/kolczyki-ksk-kod-zr-sz\/#primaryimage","url":"https:\/\/schiffers.pl\/wp-content\/uploads\/2021\/04\/1410071-scaled.jpg","contentUrl":"https:\/\/schiffers.pl\/wp-content\/uploads\/2021\/04\/1410071-scaled.jpg","width":2560,"height":2560},{"@type":"BreadcrumbList","@id":"https:\/\/schiffers.pl\/sklep\/kolczyki-ksk-kod-zr-sz\/#breadcrumb","itemListElement":[{"@type":"ListItem","position":1,"name":"Strona g\u0142\u00f3wna","item":"https:\/\/schiffers.pl\/"},{"@type":"ListItem","position":2,"name":"Sklep","item":"https:\/\/schiffers.pl\/sklep\/"},{"@type":"ListItem","position":3,"name":"Kolczyki KSK\/KOD\/ZR\/SZ"}]},{"@type":"WebSite","@id":"https:\/\/schiffers.pl\/#website","url":"https:\/\/schiffers.pl\/","name":"Schiffers","description":"bi\u017cuteria","potentialAction":[{"@type":"SearchAction","target":{"@type":"EntryPoint","urlTemplate":"https:\/\/schiffers.pl\/?s={search_term_string}"},"query-input":{"@type":"PropertyValueSpecification","valueRequired":true,"valueName":"search_term_string"}}],"inLanguage":"en-US"}]}},"_links":{"self":[{"href":"https:\/\/schiffers.pl\/en\/wp-json\/wp\/v2\/product\/14719","targetHints":{"allow":["GET"]}}],"collection":[{"href":"https:\/\/schiffers.pl\/en\/wp-json\/wp\/v2\/product"}],"about":[{"href":"https:\/\/schiffers.pl\/en\/wp-json\/wp\/v2\/types\/product"}],"wp:featuredmedia":[{"embeddable":true,"href":"https:\/\/schiffers.pl\/en\/wp-json\/wp\/v2\/media\/14720"}],"wp:attachment":[{"href":"https:\/\/schiffers.pl\/en\/wp-json\/wp\/v2\/media?parent=14719"}],"wp:term":[{"taxonomy":"product_brand","embeddable":true,"href":"https:\/\/schiffers.pl\/en\/wp-json\/wp\/v2\/product_brand?post=14719"},{"taxonomy":"product_cat","embeddable":true,"href":"https:\/\/schiffers.pl\/en\/wp-json\/wp\/v2\/product_cat?post=14719"},{"taxonomy":"product_tag","embeddable":true,"href":"https:\/\/schiffers.pl\/en\/wp-json\/wp\/v2\/product_tag?post=14719"}],"curies":[{"name":"wp","href":"https:\/\/api.w.org\/{rel}","templated":true}]}}