{"id":14446,"date":"2021-04-07T16:02:38","date_gmt":"2021-04-07T14:02:38","guid":{"rendered":"https:\/\/schiffers.pl\/?post_type=product&#038;p=14446"},"modified":"2021-04-07T17:37:45","modified_gmt":"2021-04-07T15:37:45","slug":"oslo-slim","status":"publish","type":"product","link":"https:\/\/schiffers.pl\/en\/sklep\/oslo-slim\/","title":{"rendered":"OSLO SLIM"},"content":{"rendered":"","protected":false},"excerpt":{"rendered":"<p>Niezwykle delikatna obr\u0105czka ozdobiona jedynie fasetowanymi brzegami. Wyko\u0144czenie polerowane (mo\u017cliwo\u015b\u0107 zam\u00f3wienia matowanej powierzchni) \u00a0Szeroko\u015b\u0107 obr\u0105czki ok 3 mm<\/p>\n<p>W tytule przelewu prosimy o podanie koloru z\u0142ota: bia\u0142e, \u017c\u00f3\u0142te, r\u00f3\u017cowe<\/p>\n<p>Na indywidualne \u017cyczenie mo\u017cemy wykona\u0107 ten model w platynie \u00a0&#8211; w\u00f3wczas prosimy o zapytanie mailowe.<\/p>\n<p>Termin realizacji do 21 dni<\/p>\n<p>z\u0142oto pr\u00f3by 585 \u00a0 cena za 1 szt<\/p>","protected":false},"featured_media":14523,"template":"","meta":[],"product_brand":[],"product_cat":[245],"product_tag":[],"class_list":{"0":"post-14446","1":"product","2":"type-product","3":"status-publish","4":"has-post-thumbnail","6":"product_cat-obraczki-slubne","8":"first","9":"instock","10":"shipping-taxable","11":"purchasable","12":"product-type-variable"},"yoast_head":"<!-- This site is optimized with the Yoast SEO plugin v24.6 - https:\/\/yoast.com\/wordpress\/plugins\/seo\/ -->\n<title>OSLO SLIM - Schiffers<\/title>\n<meta name=\"robots\" content=\"index, follow, max-snippet:-1, max-image-preview:large, max-video-preview:-1\" \/>\n<link rel=\"canonical\" href=\"https:\/\/schiffers.pl\/en\/sklep\/oslo-slim\/\" \/>\n<meta property=\"og:locale\" content=\"en_US\" \/>\n<meta property=\"og:type\" content=\"article\" \/>\n<meta property=\"og:title\" content=\"OSLO SLIM - Schiffers\" \/>\n<meta property=\"og:description\" content=\"Niezwykle delikatna obr\u0105czka ozdobiona jedynie fasetowanymi brzegami. Wyko\u0144czenie polerowane (mo\u017cliwo\u015b\u0107 zam\u00f3wienia matowanej powierzchni) \u00a0Szeroko\u015b\u0107 obr\u0105czki ok 3 mm  W tytule przelewu prosimy o podanie koloru z\u0142ota: bia\u0142e, \u017c\u00f3\u0142te, r\u00f3\u017cowe  Na indywidualne \u017cyczenie mo\u017cemy wykona\u0107 ten model w platynie \u00a0- w\u00f3wczas prosimy o zapytanie mailowe.  Termin realizacji do 21 dni  z\u0142oto pr\u00f3by 585 \u00a0 cena za 1 szt\" \/>\n<meta property=\"og:url\" content=\"https:\/\/schiffers.pl\/en\/sklep\/oslo-slim\/\" \/>\n<meta property=\"og:site_name\" content=\"Schiffers\" \/>\n<meta property=\"article:modified_time\" content=\"2021-04-07T15:37:45+00:00\" \/>\n<meta property=\"og:image\" content=\"https:\/\/schiffers.pl\/wp-content\/uploads\/2021\/04\/1380037.jpg\" \/>\n\t<meta property=\"og:image:width\" content=\"1350\" \/>\n\t<meta property=\"og:image:height\" content=\"1350\" \/>\n\t<meta property=\"og:image:type\" content=\"image\/jpeg\" \/>\n<meta name=\"twitter:card\" content=\"summary_large_image\" \/>\n<script type=\"application\/ld+json\" class=\"yoast-schema-graph\">{\"@context\":\"https:\/\/schema.org\",\"@graph\":[{\"@type\":\"WebPage\",\"@id\":\"https:\/\/schiffers.pl\/sklep\/oslo-slim\/\",\"url\":\"https:\/\/schiffers.pl\/sklep\/oslo-slim\/\",\"name\":\"OSLO SLIM - Schiffers\",\"isPartOf\":{\"@id\":\"https:\/\/schiffers.pl\/#website\"},\"primaryImageOfPage\":{\"@id\":\"https:\/\/schiffers.pl\/sklep\/oslo-slim\/#primaryimage\"},\"image\":{\"@id\":\"https:\/\/schiffers.pl\/sklep\/oslo-slim\/#primaryimage\"},\"thumbnailUrl\":\"https:\/\/schiffers.pl\/wp-content\/uploads\/2021\/04\/1380037.jpg\",\"datePublished\":\"2021-04-07T14:02:38+00:00\",\"dateModified\":\"2021-04-07T15:37:45+00:00\",\"breadcrumb\":{\"@id\":\"https:\/\/schiffers.pl\/sklep\/oslo-slim\/#breadcrumb\"},\"inLanguage\":\"en-US\",\"potentialAction\":[{\"@type\":\"ReadAction\",\"target\":[\"https:\/\/schiffers.pl\/sklep\/oslo-slim\/\"]}]},{\"@type\":\"ImageObject\",\"inLanguage\":\"en-US\",\"@id\":\"https:\/\/schiffers.pl\/sklep\/oslo-slim\/#primaryimage\",\"url\":\"https:\/\/schiffers.pl\/wp-content\/uploads\/2021\/04\/1380037.jpg\",\"contentUrl\":\"https:\/\/schiffers.pl\/wp-content\/uploads\/2021\/04\/1380037.jpg\",\"width\":1350,\"height\":1350},{\"@type\":\"BreadcrumbList\",\"@id\":\"https:\/\/schiffers.pl\/sklep\/oslo-slim\/#breadcrumb\",\"itemListElement\":[{\"@type\":\"ListItem\",\"position\":1,\"name\":\"Strona g\u0142\u00f3wna\",\"item\":\"https:\/\/schiffers.pl\/\"},{\"@type\":\"ListItem\",\"position\":2,\"name\":\"Sklep\",\"item\":\"https:\/\/schiffers.pl\/sklep\/\"},{\"@type\":\"ListItem\",\"position\":3,\"name\":\"OSLO SLIM\"}]},{\"@type\":\"WebSite\",\"@id\":\"https:\/\/schiffers.pl\/#website\",\"url\":\"https:\/\/schiffers.pl\/\",\"name\":\"Schiffers\",\"description\":\"bi\u017cuteria\",\"potentialAction\":[{\"@type\":\"SearchAction\",\"target\":{\"@type\":\"EntryPoint\",\"urlTemplate\":\"https:\/\/schiffers.pl\/?s={search_term_string}\"},\"query-input\":{\"@type\":\"PropertyValueSpecification\",\"valueRequired\":true,\"valueName\":\"search_term_string\"}}],\"inLanguage\":\"en-US\"}]}<\/script>\n<!-- \/ Yoast SEO plugin. -->","yoast_head_json":{"title":"OSLO SLIM - Schiffers","robots":{"index":"index","follow":"follow","max-snippet":"max-snippet:-1","max-image-preview":"max-image-preview:large","max-video-preview":"max-video-preview:-1"},"canonical":"https:\/\/schiffers.pl\/en\/sklep\/oslo-slim\/","og_locale":"en_US","og_type":"article","og_title":"OSLO SLIM - Schiffers","og_description":"Niezwykle delikatna obr\u0105czka ozdobiona jedynie fasetowanymi brzegami. Wyko\u0144czenie polerowane (mo\u017cliwo\u015b\u0107 zam\u00f3wienia matowanej powierzchni) \u00a0Szeroko\u015b\u0107 obr\u0105czki ok 3 mm  W tytule przelewu prosimy o podanie koloru z\u0142ota: bia\u0142e, \u017c\u00f3\u0142te, r\u00f3\u017cowe  Na indywidualne \u017cyczenie mo\u017cemy wykona\u0107 ten model w platynie \u00a0- w\u00f3wczas prosimy o zapytanie mailowe.  Termin realizacji do 21 dni  z\u0142oto pr\u00f3by 585 \u00a0 cena za 1 szt","og_url":"https:\/\/schiffers.pl\/en\/sklep\/oslo-slim\/","og_site_name":"Schiffers","article_modified_time":"2021-04-07T15:37:45+00:00","og_image":[{"width":1350,"height":1350,"url":"https:\/\/schiffers.pl\/wp-content\/uploads\/2021\/04\/1380037.jpg","type":"image\/jpeg"}],"twitter_card":"summary_large_image","schema":{"@context":"https:\/\/schema.org","@graph":[{"@type":"WebPage","@id":"https:\/\/schiffers.pl\/sklep\/oslo-slim\/","url":"https:\/\/schiffers.pl\/sklep\/oslo-slim\/","name":"OSLO SLIM - Schiffers","isPartOf":{"@id":"https:\/\/schiffers.pl\/#website"},"primaryImageOfPage":{"@id":"https:\/\/schiffers.pl\/sklep\/oslo-slim\/#primaryimage"},"image":{"@id":"https:\/\/schiffers.pl\/sklep\/oslo-slim\/#primaryimage"},"thumbnailUrl":"https:\/\/schiffers.pl\/wp-content\/uploads\/2021\/04\/1380037.jpg","datePublished":"2021-04-07T14:02:38+00:00","dateModified":"2021-04-07T15:37:45+00:00","breadcrumb":{"@id":"https:\/\/schiffers.pl\/sklep\/oslo-slim\/#breadcrumb"},"inLanguage":"en-US","potentialAction":[{"@type":"ReadAction","target":["https:\/\/schiffers.pl\/sklep\/oslo-slim\/"]}]},{"@type":"ImageObject","inLanguage":"en-US","@id":"https:\/\/schiffers.pl\/sklep\/oslo-slim\/#primaryimage","url":"https:\/\/schiffers.pl\/wp-content\/uploads\/2021\/04\/1380037.jpg","contentUrl":"https:\/\/schiffers.pl\/wp-content\/uploads\/2021\/04\/1380037.jpg","width":1350,"height":1350},{"@type":"BreadcrumbList","@id":"https:\/\/schiffers.pl\/sklep\/oslo-slim\/#breadcrumb","itemListElement":[{"@type":"ListItem","position":1,"name":"Strona g\u0142\u00f3wna","item":"https:\/\/schiffers.pl\/"},{"@type":"ListItem","position":2,"name":"Sklep","item":"https:\/\/schiffers.pl\/sklep\/"},{"@type":"ListItem","position":3,"name":"OSLO SLIM"}]},{"@type":"WebSite","@id":"https:\/\/schiffers.pl\/#website","url":"https:\/\/schiffers.pl\/","name":"Schiffers","description":"bi\u017cuteria","potentialAction":[{"@type":"SearchAction","target":{"@type":"EntryPoint","urlTemplate":"https:\/\/schiffers.pl\/?s={search_term_string}"},"query-input":{"@type":"PropertyValueSpecification","valueRequired":true,"valueName":"search_term_string"}}],"inLanguage":"en-US"}]}},"_links":{"self":[{"href":"https:\/\/schiffers.pl\/en\/wp-json\/wp\/v2\/product\/14446","targetHints":{"allow":["GET"]}}],"collection":[{"href":"https:\/\/schiffers.pl\/en\/wp-json\/wp\/v2\/product"}],"about":[{"href":"https:\/\/schiffers.pl\/en\/wp-json\/wp\/v2\/types\/product"}],"wp:featuredmedia":[{"embeddable":true,"href":"https:\/\/schiffers.pl\/en\/wp-json\/wp\/v2\/media\/14523"}],"wp:attachment":[{"href":"https:\/\/schiffers.pl\/en\/wp-json\/wp\/v2\/media?parent=14446"}],"wp:term":[{"taxonomy":"product_brand","embeddable":true,"href":"https:\/\/schiffers.pl\/en\/wp-json\/wp\/v2\/product_brand?post=14446"},{"taxonomy":"product_cat","embeddable":true,"href":"https:\/\/schiffers.pl\/en\/wp-json\/wp\/v2\/product_cat?post=14446"},{"taxonomy":"product_tag","embeddable":true,"href":"https:\/\/schiffers.pl\/en\/wp-json\/wp\/v2\/product_tag?post=14446"}],"curies":[{"name":"wp","href":"https:\/\/api.w.org\/{rel}","templated":true}]}}