{"id":13994,"date":"2021-04-06T16:44:10","date_gmt":"2021-04-06T14:44:10","guid":{"rendered":"https:\/\/schiffers.pl\/?post_type=product&#038;p=13994"},"modified":"2024-10-28T09:49:11","modified_gmt":"2024-10-28T08:49:11","slug":"wiatr-we-wlosach-2","status":"publish","type":"product","link":"https:\/\/schiffers.pl\/en\/sklep\/wiatr-we-wlosach-2\/","title":{"rendered":"WIATR WE W\u0141OSACH"},"content":{"rendered":"<h2 style=\"display: block;\">Z\u0142ota obr\u0105czka z diamentami \u2013 symbol mi\u0142o\u015bci w pi\u0119knym wydaniu<\/h2>\n<p>Nasza obr\u0105czka z\u0142ota z diamentami to wyj\u0105tkowy wyr\u00f3b bi\u017cuteryjny, kt\u00f3remu nie spos\u00f3b odm\u00f3wi\u0107 wdzi\u0119ku i oryginalno\u015bci. Prze\u0142amuje wszelkie konwencje, znacz\u0105co r\u00f3\u017cni\u0105c si\u0119 od klasycznej obr\u0105czki \u015blubnej. Diamenty w tym modelu zosta\u0142y starannie osadzone, podkre\u015blaj\u0105c jednocze\u015bnie naturalne kontury li\u015bci, stanowi\u0105ce motyw tego projektu. Obr\u0105czka diamentowa o tak wyj\u0105tkowym kszta\u0142cie to nie tylko symbol mi\u0142o\u015bci, ale tak\u017ce wyraz pi\u0119kna natury \u2013 czerpali\u015bmy bowiem inspiracj\u0119 z jej form. Motyw li\u015bci delikatnie otacza palec, tworz\u0105c subtelny i zarazem wyrazisty akcent na d\u0142oni. <\/p>\n<h2 style=\"display: block;\">Wyj\u0105tkowa obr\u0105czka z\u0142ota z diamentami<\/h2>\n<p>Obr\u0105czki \u015blubne z diamentami to klasyk, jednak zaprojektowana przez mistrza Schiffers wersja z motywem natury znacz\u0105co wychodzi poza tradycj\u0119. Stworzona z najwy\u017cszej jako\u015bci kruszcu z\u0142ota obr\u0105czka stanowi jej po\u0142\u0105czenie z naciskiem na nowoczesno\u015b\u0107. Li\u015bcie przyozdobione l\u015bni\u0105cymi diamentami nadaj\u0105 b\u0142yskotce indywidualno\u015b\u0107, odr\u00f3\u017cniaj\u0105c j\u0105 od klasycznych modeli \u015blubnych. To bi\u017cuteria, kt\u00f3ra mo\u017ce by\u0107 nie tylko pami\u0105tk\u0105 najwa\u017cniejszego dnia w \u017cyciu, ale tak\u017ce ozdob\u0105 noszon\u0105 na co dzie\u0144, zw\u0142aszcza je\u015bli w\u0142o\u017cy j\u0105 mi\u0142o\u015bniczka doceniaj\u0105ca subtelne pi\u0119kno natury.<\/p>\n<p>Jako \u017ce obr\u0105czki \u015blubne z diamentami robimy na zam\u00f3wienie, istnieje mo\u017cliwo\u015b\u0107 konfiguracji ich wygl\u0105du. W tytule przelewu prosimy o podanie koloru z\u0142ota: bia\u0142e, \u017c\u00f3\u0142te, r\u00f3\u017cowe.<\/p>","protected":false},"excerpt":{"rendered":"<p>Kwintesencja stylu boho \u2013 obr\u0105czka WIATR WE W\u0141OSACH, z diamentami o parametrach: si1\/vs2 w barwie G\/H. Waga kamieni ok. 0,19-0,20 ct. Szeroko\u015b\u0107 obr\u0105czki: ok. 7 mm.<\/p>\n<p>W tytule przelewu prosimy o podanie koloru z\u0142ota: bia\u0142e, \u017c\u00f3\u0142te, r\u00f3\u017cowe.<\/p>\n<p>Na indywidualne \u017cyczenie mo\u017cemy wykona\u0107 ten model w platynie oraz z wykorzystaniem innych kamieni szlachetnych \u2013 w\u00f3wczas prosimy o zapytanie mailowe.<\/p>\n<ul>\n<li>Termin realizacji: do 21 dni<\/li>\n<li>Materia\u0142y: z\u0142oto pr\u00f3by 585, diament<\/li>\n<\/ul>","protected":false},"featured_media":14040,"template":"","meta":[],"product_brand":[],"product_cat":[245],"product_tag":[],"class_list":{"0":"post-13994","1":"product","2":"type-product","3":"status-publish","4":"has-post-thumbnail","6":"product_cat-obraczki-slubne","8":"first","9":"instock","10":"shipping-taxable","11":"purchasable","12":"product-type-variable"},"yoast_head":"<!-- This site is optimized with the Yoast SEO plugin v24.6 - https:\/\/yoast.com\/wordpress\/plugins\/seo\/ -->\n<title>Z\u0142ota obr\u0105czka damska z diamentami Wiatr We W\u0142osach | Schiffers<\/title>\n<meta name=\"description\" content=\"Oryginalna obr\u0105czka damska z diamentami to prze\u0142amanie klasyki. Postaw na model robiony r\u0119cznie w Schiffers \u2013 z dba\u0142o\u015bci\u0105 o detale!\" \/>\n<meta name=\"robots\" content=\"index, follow, max-snippet:-1, max-image-preview:large, max-video-preview:-1\" \/>\n<link rel=\"canonical\" href=\"https:\/\/schiffers.pl\/en\/sklep\/wiatr-we-wlosach-2\/\" \/>\n<meta property=\"og:locale\" content=\"en_US\" \/>\n<meta property=\"og:type\" content=\"article\" \/>\n<meta property=\"og:title\" content=\"Z\u0142ota obr\u0105czka damska z diamentami Wiatr We W\u0142osach | Schiffers\" \/>\n<meta property=\"og:description\" content=\"Oryginalna obr\u0105czka damska z diamentami to prze\u0142amanie klasyki. Postaw na model robiony r\u0119cznie w Schiffers \u2013 z dba\u0142o\u015bci\u0105 o detale!\" \/>\n<meta property=\"og:url\" content=\"https:\/\/schiffers.pl\/en\/sklep\/wiatr-we-wlosach-2\/\" \/>\n<meta property=\"og:site_name\" content=\"Schiffers\" \/>\n<meta property=\"article:modified_time\" content=\"2024-10-28T08:49:11+00:00\" \/>\n<meta property=\"og:image\" content=\"https:\/\/schiffers.pl\/wp-content\/uploads\/2021\/04\/1380774.jpg\" \/>\n\t<meta property=\"og:image:width\" content=\"1742\" \/>\n\t<meta property=\"og:image:height\" content=\"1742\" \/>\n\t<meta property=\"og:image:type\" content=\"image\/jpeg\" \/>\n<meta name=\"twitter:card\" content=\"summary_large_image\" \/>\n<script type=\"application\/ld+json\" class=\"yoast-schema-graph\">{\"@context\":\"https:\/\/schema.org\",\"@graph\":[{\"@type\":\"WebPage\",\"@id\":\"https:\/\/schiffers.pl\/sklep\/wiatr-we-wlosach-2\/\",\"url\":\"https:\/\/schiffers.pl\/sklep\/wiatr-we-wlosach-2\/\",\"name\":\"Z\u0142ota obr\u0105czka damska z diamentami Wiatr We W\u0142osach | Schiffers\",\"isPartOf\":{\"@id\":\"https:\/\/schiffers.pl\/#website\"},\"primaryImageOfPage\":{\"@id\":\"https:\/\/schiffers.pl\/sklep\/wiatr-we-wlosach-2\/#primaryimage\"},\"image\":{\"@id\":\"https:\/\/schiffers.pl\/sklep\/wiatr-we-wlosach-2\/#primaryimage\"},\"thumbnailUrl\":\"https:\/\/schiffers.pl\/wp-content\/uploads\/2021\/04\/1380774.jpg\",\"datePublished\":\"2021-04-06T14:44:10+00:00\",\"dateModified\":\"2024-10-28T08:49:11+00:00\",\"description\":\"Oryginalna obr\u0105czka damska z diamentami to prze\u0142amanie klasyki. Postaw na model robiony r\u0119cznie w Schiffers \u2013 z dba\u0142o\u015bci\u0105 o detale!\",\"breadcrumb\":{\"@id\":\"https:\/\/schiffers.pl\/sklep\/wiatr-we-wlosach-2\/#breadcrumb\"},\"inLanguage\":\"en-US\",\"potentialAction\":[{\"@type\":\"ReadAction\",\"target\":[\"https:\/\/schiffers.pl\/sklep\/wiatr-we-wlosach-2\/\"]}]},{\"@type\":\"ImageObject\",\"inLanguage\":\"en-US\",\"@id\":\"https:\/\/schiffers.pl\/sklep\/wiatr-we-wlosach-2\/#primaryimage\",\"url\":\"https:\/\/schiffers.pl\/wp-content\/uploads\/2021\/04\/1380774.jpg\",\"contentUrl\":\"https:\/\/schiffers.pl\/wp-content\/uploads\/2021\/04\/1380774.jpg\",\"width\":1742,\"height\":1742},{\"@type\":\"BreadcrumbList\",\"@id\":\"https:\/\/schiffers.pl\/sklep\/wiatr-we-wlosach-2\/#breadcrumb\",\"itemListElement\":[{\"@type\":\"ListItem\",\"position\":1,\"name\":\"Strona g\u0142\u00f3wna\",\"item\":\"https:\/\/schiffers.pl\/\"},{\"@type\":\"ListItem\",\"position\":2,\"name\":\"Sklep\",\"item\":\"https:\/\/schiffers.pl\/sklep\/\"},{\"@type\":\"ListItem\",\"position\":3,\"name\":\"WIATR WE W\u0141OSACH\"}]},{\"@type\":\"WebSite\",\"@id\":\"https:\/\/schiffers.pl\/#website\",\"url\":\"https:\/\/schiffers.pl\/\",\"name\":\"Schiffers\",\"description\":\"bi\u017cuteria\",\"potentialAction\":[{\"@type\":\"SearchAction\",\"target\":{\"@type\":\"EntryPoint\",\"urlTemplate\":\"https:\/\/schiffers.pl\/?s={search_term_string}\"},\"query-input\":{\"@type\":\"PropertyValueSpecification\",\"valueRequired\":true,\"valueName\":\"search_term_string\"}}],\"inLanguage\":\"en-US\"}]}<\/script>\n<!-- \/ Yoast SEO plugin. -->","yoast_head_json":{"title":"Z\u0142ota obr\u0105czka damska z diamentami Wiatr We W\u0142osach | Schiffers","description":"Oryginalna obr\u0105czka damska z diamentami to prze\u0142amanie klasyki. Postaw na model robiony r\u0119cznie w Schiffers \u2013 z dba\u0142o\u015bci\u0105 o detale!","robots":{"index":"index","follow":"follow","max-snippet":"max-snippet:-1","max-image-preview":"max-image-preview:large","max-video-preview":"max-video-preview:-1"},"canonical":"https:\/\/schiffers.pl\/en\/sklep\/wiatr-we-wlosach-2\/","og_locale":"en_US","og_type":"article","og_title":"Z\u0142ota obr\u0105czka damska z diamentami Wiatr We W\u0142osach | Schiffers","og_description":"Oryginalna obr\u0105czka damska z diamentami to prze\u0142amanie klasyki. Postaw na model robiony r\u0119cznie w Schiffers \u2013 z dba\u0142o\u015bci\u0105 o detale!","og_url":"https:\/\/schiffers.pl\/en\/sklep\/wiatr-we-wlosach-2\/","og_site_name":"Schiffers","article_modified_time":"2024-10-28T08:49:11+00:00","og_image":[{"width":1742,"height":1742,"url":"https:\/\/schiffers.pl\/wp-content\/uploads\/2021\/04\/1380774.jpg","type":"image\/jpeg"}],"twitter_card":"summary_large_image","schema":{"@context":"https:\/\/schema.org","@graph":[{"@type":"WebPage","@id":"https:\/\/schiffers.pl\/sklep\/wiatr-we-wlosach-2\/","url":"https:\/\/schiffers.pl\/sklep\/wiatr-we-wlosach-2\/","name":"Z\u0142ota obr\u0105czka damska z diamentami Wiatr We W\u0142osach | Schiffers","isPartOf":{"@id":"https:\/\/schiffers.pl\/#website"},"primaryImageOfPage":{"@id":"https:\/\/schiffers.pl\/sklep\/wiatr-we-wlosach-2\/#primaryimage"},"image":{"@id":"https:\/\/schiffers.pl\/sklep\/wiatr-we-wlosach-2\/#primaryimage"},"thumbnailUrl":"https:\/\/schiffers.pl\/wp-content\/uploads\/2021\/04\/1380774.jpg","datePublished":"2021-04-06T14:44:10+00:00","dateModified":"2024-10-28T08:49:11+00:00","description":"Oryginalna obr\u0105czka damska z diamentami to prze\u0142amanie klasyki. Postaw na model robiony r\u0119cznie w Schiffers \u2013 z dba\u0142o\u015bci\u0105 o detale!","breadcrumb":{"@id":"https:\/\/schiffers.pl\/sklep\/wiatr-we-wlosach-2\/#breadcrumb"},"inLanguage":"en-US","potentialAction":[{"@type":"ReadAction","target":["https:\/\/schiffers.pl\/sklep\/wiatr-we-wlosach-2\/"]}]},{"@type":"ImageObject","inLanguage":"en-US","@id":"https:\/\/schiffers.pl\/sklep\/wiatr-we-wlosach-2\/#primaryimage","url":"https:\/\/schiffers.pl\/wp-content\/uploads\/2021\/04\/1380774.jpg","contentUrl":"https:\/\/schiffers.pl\/wp-content\/uploads\/2021\/04\/1380774.jpg","width":1742,"height":1742},{"@type":"BreadcrumbList","@id":"https:\/\/schiffers.pl\/sklep\/wiatr-we-wlosach-2\/#breadcrumb","itemListElement":[{"@type":"ListItem","position":1,"name":"Strona g\u0142\u00f3wna","item":"https:\/\/schiffers.pl\/"},{"@type":"ListItem","position":2,"name":"Sklep","item":"https:\/\/schiffers.pl\/sklep\/"},{"@type":"ListItem","position":3,"name":"WIATR WE W\u0141OSACH"}]},{"@type":"WebSite","@id":"https:\/\/schiffers.pl\/#website","url":"https:\/\/schiffers.pl\/","name":"Schiffers","description":"bi\u017cuteria","potentialAction":[{"@type":"SearchAction","target":{"@type":"EntryPoint","urlTemplate":"https:\/\/schiffers.pl\/?s={search_term_string}"},"query-input":{"@type":"PropertyValueSpecification","valueRequired":true,"valueName":"search_term_string"}}],"inLanguage":"en-US"}]}},"_links":{"self":[{"href":"https:\/\/schiffers.pl\/en\/wp-json\/wp\/v2\/product\/13994","targetHints":{"allow":["GET"]}}],"collection":[{"href":"https:\/\/schiffers.pl\/en\/wp-json\/wp\/v2\/product"}],"about":[{"href":"https:\/\/schiffers.pl\/en\/wp-json\/wp\/v2\/types\/product"}],"wp:featuredmedia":[{"embeddable":true,"href":"https:\/\/schiffers.pl\/en\/wp-json\/wp\/v2\/media\/14040"}],"wp:attachment":[{"href":"https:\/\/schiffers.pl\/en\/wp-json\/wp\/v2\/media?parent=13994"}],"wp:term":[{"taxonomy":"product_brand","embeddable":true,"href":"https:\/\/schiffers.pl\/en\/wp-json\/wp\/v2\/product_brand?post=13994"},{"taxonomy":"product_cat","embeddable":true,"href":"https:\/\/schiffers.pl\/en\/wp-json\/wp\/v2\/product_cat?post=13994"},{"taxonomy":"product_tag","embeddable":true,"href":"https:\/\/schiffers.pl\/en\/wp-json\/wp\/v2\/product_tag?post=13994"}],"curies":[{"name":"wp","href":"https:\/\/api.w.org\/{rel}","templated":true}]}}