{"id":13923,"date":"2021-04-06T16:18:49","date_gmt":"2021-04-06T14:18:49","guid":{"rendered":"https:\/\/schiffers.pl\/?post_type=product&#038;p=13923"},"modified":"2021-07-02T14:24:39","modified_gmt":"2021-07-02T12:24:39","slug":"czule-slowka-2","status":"publish","type":"product","link":"https:\/\/schiffers.pl\/en\/sklep\/czule-slowka-2\/","title":{"rendered":"CZU\u0141E S\u0141\u00d3WKA"},"content":{"rendered":"","protected":false},"excerpt":{"rendered":"<p>Niezwykle dekoracyjna obr\u0105czka wykonana ze z\u0142ota, w formie delikatnych listk\u00f3w, z diamentami o parametrach: si1\/vs2 w barwie G\/H , waga kamieni ok 0,24 ct. Szeroko\u015b\u0107 obraczki ok. 3,2 mm<\/p>\n<p>W tytule przelewu prosimy o podanie koloru z\u0142ota: bia\u0142e, \u017c\u00f3\u0142te, r\u00f3\u017cowe<\/p>\n<p>Na indywidualne \u017cyczenie mo\u017cemy wykona\u0107 ten model w platynie oraz z wykorzystaniem innych kamieni szlachetnych &#8211; w\u00f3wczas prosimy o zapytanie mailowe.<\/p>\n<p>Termin realizacji do 21 dni<\/p>\n<p>z\u0142oto pr\u00f3by 585, diamenty \u00a0 \u00a0 \u00a0cena za 1 szt<\/p>","protected":false},"featured_media":11735,"template":"","meta":[],"product_brand":[],"product_cat":[245],"product_tag":[],"class_list":{"0":"post-13923","1":"product","2":"type-product","3":"status-publish","4":"has-post-thumbnail","6":"product_cat-obraczki-slubne","8":"first","9":"instock","10":"shipping-taxable","11":"purchasable","12":"product-type-variable"},"yoast_head":"<!-- This site is optimized with the Yoast SEO plugin v24.6 - https:\/\/yoast.com\/wordpress\/plugins\/seo\/ -->\n<title>CZU\u0141E S\u0141\u00d3WKA - Schiffers<\/title>\n<meta name=\"robots\" content=\"index, follow, max-snippet:-1, max-image-preview:large, max-video-preview:-1\" \/>\n<link rel=\"canonical\" href=\"https:\/\/schiffers.pl\/en\/sklep\/czule-slowka-2\/\" \/>\n<meta property=\"og:locale\" content=\"en_US\" \/>\n<meta property=\"og:type\" content=\"article\" \/>\n<meta property=\"og:title\" content=\"CZU\u0141E S\u0141\u00d3WKA - Schiffers\" \/>\n<meta property=\"og:description\" content=\"Niezwykle dekoracyjna obr\u0105czka wykonana ze z\u0142ota, w formie delikatnych listk\u00f3w, z diamentami o parametrach: si1\/vs2 w barwie G\/H , waga kamieni ok 0,24 ct. Szeroko\u015b\u0107 obraczki ok. 3,2 mm  W tytule przelewu prosimy o podanie koloru z\u0142ota: bia\u0142e, \u017c\u00f3\u0142te, r\u00f3\u017cowe  Na indywidualne \u017cyczenie mo\u017cemy wykona\u0107 ten model w platynie oraz z wykorzystaniem innych kamieni szlachetnych - w\u00f3wczas prosimy o zapytanie mailowe.  Termin realizacji do 21 dni  z\u0142oto pr\u00f3by 585, diamenty \u00a0 \u00a0 \u00a0cena za 1 szt\" \/>\n<meta property=\"og:url\" content=\"https:\/\/schiffers.pl\/en\/sklep\/czule-slowka-2\/\" \/>\n<meta property=\"og:site_name\" content=\"Schiffers\" \/>\n<meta property=\"article:modified_time\" content=\"2021-07-02T12:24:39+00:00\" \/>\n<meta property=\"og:image\" content=\"https:\/\/schiffers.pl\/wp-content\/uploads\/2020\/09\/1380568-2.jpg\" \/>\n\t<meta property=\"og:image:width\" content=\"1517\" \/>\n\t<meta property=\"og:image:height\" content=\"1517\" \/>\n\t<meta property=\"og:image:type\" content=\"image\/jpeg\" \/>\n<meta name=\"twitter:card\" content=\"summary_large_image\" \/>\n<script type=\"application\/ld+json\" class=\"yoast-schema-graph\">{\"@context\":\"https:\/\/schema.org\",\"@graph\":[{\"@type\":\"WebPage\",\"@id\":\"https:\/\/schiffers.pl\/sklep\/czule-slowka-2\/\",\"url\":\"https:\/\/schiffers.pl\/sklep\/czule-slowka-2\/\",\"name\":\"CZU\u0141E S\u0141\u00d3WKA - Schiffers\",\"isPartOf\":{\"@id\":\"https:\/\/schiffers.pl\/#website\"},\"primaryImageOfPage\":{\"@id\":\"https:\/\/schiffers.pl\/sklep\/czule-slowka-2\/#primaryimage\"},\"image\":{\"@id\":\"https:\/\/schiffers.pl\/sklep\/czule-slowka-2\/#primaryimage\"},\"thumbnailUrl\":\"https:\/\/schiffers.pl\/wp-content\/uploads\/2020\/09\/1380568-2.jpg\",\"datePublished\":\"2021-04-06T14:18:49+00:00\",\"dateModified\":\"2021-07-02T12:24:39+00:00\",\"breadcrumb\":{\"@id\":\"https:\/\/schiffers.pl\/sklep\/czule-slowka-2\/#breadcrumb\"},\"inLanguage\":\"en-US\",\"potentialAction\":[{\"@type\":\"ReadAction\",\"target\":[\"https:\/\/schiffers.pl\/sklep\/czule-slowka-2\/\"]}]},{\"@type\":\"ImageObject\",\"inLanguage\":\"en-US\",\"@id\":\"https:\/\/schiffers.pl\/sklep\/czule-slowka-2\/#primaryimage\",\"url\":\"https:\/\/schiffers.pl\/wp-content\/uploads\/2020\/09\/1380568-2.jpg\",\"contentUrl\":\"https:\/\/schiffers.pl\/wp-content\/uploads\/2020\/09\/1380568-2.jpg\",\"width\":1517,\"height\":1517},{\"@type\":\"BreadcrumbList\",\"@id\":\"https:\/\/schiffers.pl\/sklep\/czule-slowka-2\/#breadcrumb\",\"itemListElement\":[{\"@type\":\"ListItem\",\"position\":1,\"name\":\"Strona g\u0142\u00f3wna\",\"item\":\"https:\/\/schiffers.pl\/\"},{\"@type\":\"ListItem\",\"position\":2,\"name\":\"Sklep\",\"item\":\"https:\/\/schiffers.pl\/sklep\/\"},{\"@type\":\"ListItem\",\"position\":3,\"name\":\"CZU\u0141E S\u0141\u00d3WKA\"}]},{\"@type\":\"WebSite\",\"@id\":\"https:\/\/schiffers.pl\/#website\",\"url\":\"https:\/\/schiffers.pl\/\",\"name\":\"Schiffers\",\"description\":\"bi\u017cuteria\",\"potentialAction\":[{\"@type\":\"SearchAction\",\"target\":{\"@type\":\"EntryPoint\",\"urlTemplate\":\"https:\/\/schiffers.pl\/?s={search_term_string}\"},\"query-input\":{\"@type\":\"PropertyValueSpecification\",\"valueRequired\":true,\"valueName\":\"search_term_string\"}}],\"inLanguage\":\"en-US\"}]}<\/script>\n<!-- \/ Yoast SEO plugin. -->","yoast_head_json":{"title":"CZU\u0141E S\u0141\u00d3WKA - Schiffers","robots":{"index":"index","follow":"follow","max-snippet":"max-snippet:-1","max-image-preview":"max-image-preview:large","max-video-preview":"max-video-preview:-1"},"canonical":"https:\/\/schiffers.pl\/en\/sklep\/czule-slowka-2\/","og_locale":"en_US","og_type":"article","og_title":"CZU\u0141E S\u0141\u00d3WKA - Schiffers","og_description":"Niezwykle dekoracyjna obr\u0105czka wykonana ze z\u0142ota, w formie delikatnych listk\u00f3w, z diamentami o parametrach: si1\/vs2 w barwie G\/H , waga kamieni ok 0,24 ct. Szeroko\u015b\u0107 obraczki ok. 3,2 mm  W tytule przelewu prosimy o podanie koloru z\u0142ota: bia\u0142e, \u017c\u00f3\u0142te, r\u00f3\u017cowe  Na indywidualne \u017cyczenie mo\u017cemy wykona\u0107 ten model w platynie oraz z wykorzystaniem innych kamieni szlachetnych - w\u00f3wczas prosimy o zapytanie mailowe.  Termin realizacji do 21 dni  z\u0142oto pr\u00f3by 585, diamenty \u00a0 \u00a0 \u00a0cena za 1 szt","og_url":"https:\/\/schiffers.pl\/en\/sklep\/czule-slowka-2\/","og_site_name":"Schiffers","article_modified_time":"2021-07-02T12:24:39+00:00","og_image":[{"width":1517,"height":1517,"url":"https:\/\/schiffers.pl\/wp-content\/uploads\/2020\/09\/1380568-2.jpg","type":"image\/jpeg"}],"twitter_card":"summary_large_image","schema":{"@context":"https:\/\/schema.org","@graph":[{"@type":"WebPage","@id":"https:\/\/schiffers.pl\/sklep\/czule-slowka-2\/","url":"https:\/\/schiffers.pl\/sklep\/czule-slowka-2\/","name":"CZU\u0141E S\u0141\u00d3WKA - Schiffers","isPartOf":{"@id":"https:\/\/schiffers.pl\/#website"},"primaryImageOfPage":{"@id":"https:\/\/schiffers.pl\/sklep\/czule-slowka-2\/#primaryimage"},"image":{"@id":"https:\/\/schiffers.pl\/sklep\/czule-slowka-2\/#primaryimage"},"thumbnailUrl":"https:\/\/schiffers.pl\/wp-content\/uploads\/2020\/09\/1380568-2.jpg","datePublished":"2021-04-06T14:18:49+00:00","dateModified":"2021-07-02T12:24:39+00:00","breadcrumb":{"@id":"https:\/\/schiffers.pl\/sklep\/czule-slowka-2\/#breadcrumb"},"inLanguage":"en-US","potentialAction":[{"@type":"ReadAction","target":["https:\/\/schiffers.pl\/sklep\/czule-slowka-2\/"]}]},{"@type":"ImageObject","inLanguage":"en-US","@id":"https:\/\/schiffers.pl\/sklep\/czule-slowka-2\/#primaryimage","url":"https:\/\/schiffers.pl\/wp-content\/uploads\/2020\/09\/1380568-2.jpg","contentUrl":"https:\/\/schiffers.pl\/wp-content\/uploads\/2020\/09\/1380568-2.jpg","width":1517,"height":1517},{"@type":"BreadcrumbList","@id":"https:\/\/schiffers.pl\/sklep\/czule-slowka-2\/#breadcrumb","itemListElement":[{"@type":"ListItem","position":1,"name":"Strona g\u0142\u00f3wna","item":"https:\/\/schiffers.pl\/"},{"@type":"ListItem","position":2,"name":"Sklep","item":"https:\/\/schiffers.pl\/sklep\/"},{"@type":"ListItem","position":3,"name":"CZU\u0141E S\u0141\u00d3WKA"}]},{"@type":"WebSite","@id":"https:\/\/schiffers.pl\/#website","url":"https:\/\/schiffers.pl\/","name":"Schiffers","description":"bi\u017cuteria","potentialAction":[{"@type":"SearchAction","target":{"@type":"EntryPoint","urlTemplate":"https:\/\/schiffers.pl\/?s={search_term_string}"},"query-input":{"@type":"PropertyValueSpecification","valueRequired":true,"valueName":"search_term_string"}}],"inLanguage":"en-US"}]}},"_links":{"self":[{"href":"https:\/\/schiffers.pl\/en\/wp-json\/wp\/v2\/product\/13923","targetHints":{"allow":["GET"]}}],"collection":[{"href":"https:\/\/schiffers.pl\/en\/wp-json\/wp\/v2\/product"}],"about":[{"href":"https:\/\/schiffers.pl\/en\/wp-json\/wp\/v2\/types\/product"}],"wp:featuredmedia":[{"embeddable":true,"href":"https:\/\/schiffers.pl\/en\/wp-json\/wp\/v2\/media\/11735"}],"wp:attachment":[{"href":"https:\/\/schiffers.pl\/en\/wp-json\/wp\/v2\/media?parent=13923"}],"wp:term":[{"taxonomy":"product_brand","embeddable":true,"href":"https:\/\/schiffers.pl\/en\/wp-json\/wp\/v2\/product_brand?post=13923"},{"taxonomy":"product_cat","embeddable":true,"href":"https:\/\/schiffers.pl\/en\/wp-json\/wp\/v2\/product_cat?post=13923"},{"taxonomy":"product_tag","embeddable":true,"href":"https:\/\/schiffers.pl\/en\/wp-json\/wp\/v2\/product_tag?post=13923"}],"curies":[{"name":"wp","href":"https:\/\/api.w.org\/{rel}","templated":true}]}}