{"id":13701,"date":"2021-03-29T16:41:20","date_gmt":"2021-03-29T14:41:20","guid":{"rendered":"https:\/\/schiffers.pl\/?post_type=product&#038;p=13701"},"modified":"2024-11-27T16:23:32","modified_gmt":"2024-11-27T15:23:32","slug":"naszyjnik-ksn76-s-bc","status":"publish","type":"product","link":"https:\/\/schiffers.pl\/en\/sklep\/naszyjnik-ksn76-s-bc\/","title":{"rendered":"Naszyjnik KSN76\/S\/BC"},"content":{"rendered":"","protected":false},"excerpt":{"rendered":"<p>Uniwersalna forma tego naszyjnika pozwala nosi\u0107 go od rana do wieczora\u2026 Prosta forma, wewn\u0105trz kt\u00f3rej zakuty zosta\u0142 kamie\u0144 \u2013 klasyczna, bia\u0142a cyrkonia.<\/p>\n<p>\u015arednica okr\u0105g\u0142ego elementu: 14 mm<\/p>\n<p>D\u0142ugo\u015b\u0107 \u0142a\u0144cuszka &#8211; dwie d\u0142ugo\u015bci z mo\u017cliwo\u015bci\u0105 regulacji : 40-45 cm, 50-55 cm<\/p>\n<p>Termin realizacji: do 14 dni<\/p>\n<p>srebro 0,925, bia\u0142a cyrkonia<\/p>","protected":false},"featured_media":8315,"template":"","meta":[],"product_brand":[],"product_cat":[127],"product_tag":[],"class_list":{"0":"post-13701","1":"product","2":"type-product","3":"status-publish","4":"has-post-thumbnail","6":"product_cat-naszyjniki","8":"first","9":"instock","10":"shipping-taxable","11":"purchasable","12":"product-type-simple"},"yoast_head":"<!-- This site is optimized with the Yoast SEO plugin v24.6 - https:\/\/yoast.com\/wordpress\/plugins\/seo\/ -->\n<title>Naszyjnik KSN76\/S\/BC - Schiffers<\/title>\n<meta name=\"robots\" content=\"index, follow, max-snippet:-1, max-image-preview:large, max-video-preview:-1\" \/>\n<link rel=\"canonical\" href=\"https:\/\/schiffers.pl\/en\/sklep\/naszyjnik-ksn76-s-bc\/\" \/>\n<meta property=\"og:locale\" content=\"en_US\" \/>\n<meta property=\"og:type\" content=\"article\" \/>\n<meta property=\"og:title\" content=\"Naszyjnik KSN76\/S\/BC - Schiffers\" \/>\n<meta property=\"og:description\" content=\"Uniwersalna forma tego naszyjnika pozwala nosi\u0107 go od rana do wieczora\u2026 Prosta forma, wewn\u0105trz kt\u00f3rej zakuty zosta\u0142 kamie\u0144 \u2013 klasyczna, bia\u0142a cyrkonia.  \u015arednica okr\u0105g\u0142ego elementu: 14 mm  D\u0142ugo\u015b\u0107 \u0142a\u0144cuszka - dwie d\u0142ugo\u015bci z mo\u017cliwo\u015bci\u0105 regulacji : 40-45 cm, 50-55 cm  Termin realizacji: do 14 dni  srebro 0,925, bia\u0142a cyrkonia\" \/>\n<meta property=\"og:url\" content=\"https:\/\/schiffers.pl\/en\/sklep\/naszyjnik-ksn76-s-bc\/\" \/>\n<meta property=\"og:site_name\" content=\"Schiffers\" \/>\n<meta property=\"article:modified_time\" content=\"2024-11-27T15:23:32+00:00\" \/>\n<meta property=\"og:image\" content=\"https:\/\/schiffers.pl\/wp-content\/uploads\/2017\/02\/Bez-nazwy-19-1.jpg\" \/>\n\t<meta property=\"og:image:width\" content=\"1060\" \/>\n\t<meta property=\"og:image:height\" content=\"1060\" \/>\n\t<meta property=\"og:image:type\" content=\"image\/jpeg\" \/>\n<meta name=\"twitter:card\" content=\"summary_large_image\" \/>\n<script type=\"application\/ld+json\" class=\"yoast-schema-graph\">{\"@context\":\"https:\/\/schema.org\",\"@graph\":[{\"@type\":\"WebPage\",\"@id\":\"https:\/\/schiffers.pl\/sklep\/naszyjnik-ksn76-s-bc\/\",\"url\":\"https:\/\/schiffers.pl\/sklep\/naszyjnik-ksn76-s-bc\/\",\"name\":\"Naszyjnik KSN76\/S\/BC - Schiffers\",\"isPartOf\":{\"@id\":\"https:\/\/schiffers.pl\/#website\"},\"primaryImageOfPage\":{\"@id\":\"https:\/\/schiffers.pl\/sklep\/naszyjnik-ksn76-s-bc\/#primaryimage\"},\"image\":{\"@id\":\"https:\/\/schiffers.pl\/sklep\/naszyjnik-ksn76-s-bc\/#primaryimage\"},\"thumbnailUrl\":\"https:\/\/schiffers.pl\/wp-content\/uploads\/2017\/02\/Bez-nazwy-19-1.jpg\",\"datePublished\":\"2021-03-29T14:41:20+00:00\",\"dateModified\":\"2024-11-27T15:23:32+00:00\",\"breadcrumb\":{\"@id\":\"https:\/\/schiffers.pl\/sklep\/naszyjnik-ksn76-s-bc\/#breadcrumb\"},\"inLanguage\":\"en-US\",\"potentialAction\":[{\"@type\":\"ReadAction\",\"target\":[\"https:\/\/schiffers.pl\/sklep\/naszyjnik-ksn76-s-bc\/\"]}]},{\"@type\":\"ImageObject\",\"inLanguage\":\"en-US\",\"@id\":\"https:\/\/schiffers.pl\/sklep\/naszyjnik-ksn76-s-bc\/#primaryimage\",\"url\":\"https:\/\/schiffers.pl\/wp-content\/uploads\/2017\/02\/Bez-nazwy-19-1.jpg\",\"contentUrl\":\"https:\/\/schiffers.pl\/wp-content\/uploads\/2017\/02\/Bez-nazwy-19-1.jpg\",\"width\":1060,\"height\":1060,\"caption\":\"KSN76\/S srebro, klasyczna bia\u0142a cyrkonia - cena: 295 z\u0142\"},{\"@type\":\"BreadcrumbList\",\"@id\":\"https:\/\/schiffers.pl\/sklep\/naszyjnik-ksn76-s-bc\/#breadcrumb\",\"itemListElement\":[{\"@type\":\"ListItem\",\"position\":1,\"name\":\"Strona g\u0142\u00f3wna\",\"item\":\"https:\/\/schiffers.pl\/\"},{\"@type\":\"ListItem\",\"position\":2,\"name\":\"Sklep\",\"item\":\"https:\/\/schiffers.pl\/sklep\/\"},{\"@type\":\"ListItem\",\"position\":3,\"name\":\"Naszyjnik KSN76\/S\/BC\"}]},{\"@type\":\"WebSite\",\"@id\":\"https:\/\/schiffers.pl\/#website\",\"url\":\"https:\/\/schiffers.pl\/\",\"name\":\"Schiffers\",\"description\":\"bi\u017cuteria\",\"potentialAction\":[{\"@type\":\"SearchAction\",\"target\":{\"@type\":\"EntryPoint\",\"urlTemplate\":\"https:\/\/schiffers.pl\/?s={search_term_string}\"},\"query-input\":{\"@type\":\"PropertyValueSpecification\",\"valueRequired\":true,\"valueName\":\"search_term_string\"}}],\"inLanguage\":\"en-US\"}]}<\/script>\n<!-- \/ Yoast SEO plugin. -->","yoast_head_json":{"title":"Naszyjnik KSN76\/S\/BC - Schiffers","robots":{"index":"index","follow":"follow","max-snippet":"max-snippet:-1","max-image-preview":"max-image-preview:large","max-video-preview":"max-video-preview:-1"},"canonical":"https:\/\/schiffers.pl\/en\/sklep\/naszyjnik-ksn76-s-bc\/","og_locale":"en_US","og_type":"article","og_title":"Naszyjnik KSN76\/S\/BC - Schiffers","og_description":"Uniwersalna forma tego naszyjnika pozwala nosi\u0107 go od rana do wieczora\u2026 Prosta forma, wewn\u0105trz kt\u00f3rej zakuty zosta\u0142 kamie\u0144 \u2013 klasyczna, bia\u0142a cyrkonia.  \u015arednica okr\u0105g\u0142ego elementu: 14 mm  D\u0142ugo\u015b\u0107 \u0142a\u0144cuszka - dwie d\u0142ugo\u015bci z mo\u017cliwo\u015bci\u0105 regulacji : 40-45 cm, 50-55 cm  Termin realizacji: do 14 dni  srebro 0,925, bia\u0142a cyrkonia","og_url":"https:\/\/schiffers.pl\/en\/sklep\/naszyjnik-ksn76-s-bc\/","og_site_name":"Schiffers","article_modified_time":"2024-11-27T15:23:32+00:00","og_image":[{"width":1060,"height":1060,"url":"https:\/\/schiffers.pl\/wp-content\/uploads\/2017\/02\/Bez-nazwy-19-1.jpg","type":"image\/jpeg"}],"twitter_card":"summary_large_image","schema":{"@context":"https:\/\/schema.org","@graph":[{"@type":"WebPage","@id":"https:\/\/schiffers.pl\/sklep\/naszyjnik-ksn76-s-bc\/","url":"https:\/\/schiffers.pl\/sklep\/naszyjnik-ksn76-s-bc\/","name":"Naszyjnik KSN76\/S\/BC - Schiffers","isPartOf":{"@id":"https:\/\/schiffers.pl\/#website"},"primaryImageOfPage":{"@id":"https:\/\/schiffers.pl\/sklep\/naszyjnik-ksn76-s-bc\/#primaryimage"},"image":{"@id":"https:\/\/schiffers.pl\/sklep\/naszyjnik-ksn76-s-bc\/#primaryimage"},"thumbnailUrl":"https:\/\/schiffers.pl\/wp-content\/uploads\/2017\/02\/Bez-nazwy-19-1.jpg","datePublished":"2021-03-29T14:41:20+00:00","dateModified":"2024-11-27T15:23:32+00:00","breadcrumb":{"@id":"https:\/\/schiffers.pl\/sklep\/naszyjnik-ksn76-s-bc\/#breadcrumb"},"inLanguage":"en-US","potentialAction":[{"@type":"ReadAction","target":["https:\/\/schiffers.pl\/sklep\/naszyjnik-ksn76-s-bc\/"]}]},{"@type":"ImageObject","inLanguage":"en-US","@id":"https:\/\/schiffers.pl\/sklep\/naszyjnik-ksn76-s-bc\/#primaryimage","url":"https:\/\/schiffers.pl\/wp-content\/uploads\/2017\/02\/Bez-nazwy-19-1.jpg","contentUrl":"https:\/\/schiffers.pl\/wp-content\/uploads\/2017\/02\/Bez-nazwy-19-1.jpg","width":1060,"height":1060,"caption":"KSN76\/S srebro, klasyczna bia\u0142a cyrkonia - cena: 295 z\u0142"},{"@type":"BreadcrumbList","@id":"https:\/\/schiffers.pl\/sklep\/naszyjnik-ksn76-s-bc\/#breadcrumb","itemListElement":[{"@type":"ListItem","position":1,"name":"Strona g\u0142\u00f3wna","item":"https:\/\/schiffers.pl\/"},{"@type":"ListItem","position":2,"name":"Sklep","item":"https:\/\/schiffers.pl\/sklep\/"},{"@type":"ListItem","position":3,"name":"Naszyjnik KSN76\/S\/BC"}]},{"@type":"WebSite","@id":"https:\/\/schiffers.pl\/#website","url":"https:\/\/schiffers.pl\/","name":"Schiffers","description":"bi\u017cuteria","potentialAction":[{"@type":"SearchAction","target":{"@type":"EntryPoint","urlTemplate":"https:\/\/schiffers.pl\/?s={search_term_string}"},"query-input":{"@type":"PropertyValueSpecification","valueRequired":true,"valueName":"search_term_string"}}],"inLanguage":"en-US"}]}},"_links":{"self":[{"href":"https:\/\/schiffers.pl\/en\/wp-json\/wp\/v2\/product\/13701","targetHints":{"allow":["GET"]}}],"collection":[{"href":"https:\/\/schiffers.pl\/en\/wp-json\/wp\/v2\/product"}],"about":[{"href":"https:\/\/schiffers.pl\/en\/wp-json\/wp\/v2\/types\/product"}],"wp:featuredmedia":[{"embeddable":true,"href":"https:\/\/schiffers.pl\/en\/wp-json\/wp\/v2\/media\/8315"}],"wp:attachment":[{"href":"https:\/\/schiffers.pl\/en\/wp-json\/wp\/v2\/media?parent=13701"}],"wp:term":[{"taxonomy":"product_brand","embeddable":true,"href":"https:\/\/schiffers.pl\/en\/wp-json\/wp\/v2\/product_brand?post=13701"},{"taxonomy":"product_cat","embeddable":true,"href":"https:\/\/schiffers.pl\/en\/wp-json\/wp\/v2\/product_cat?post=13701"},{"taxonomy":"product_tag","embeddable":true,"href":"https:\/\/schiffers.pl\/en\/wp-json\/wp\/v2\/product_tag?post=13701"}],"curies":[{"name":"wp","href":"https:\/\/api.w.org\/{rel}","templated":true}]}}