{"id":13619,"date":"2021-03-25T15:37:08","date_gmt":"2021-03-25T14:37:08","guid":{"rendered":"https:\/\/schiffers.pl\/?post_type=product&#038;p=13619"},"modified":"2021-04-07T17:52:05","modified_gmt":"2021-04-07T15:52:05","slug":"pierscionek-ksp-14-pc","status":"publish","type":"product","link":"https:\/\/schiffers.pl\/en\/sklep\/pierscionek-ksp-14-pc\/","title":{"rendered":"Pier\u015bcionek KSP 14\/PC"},"content":{"rendered":"","protected":false},"excerpt":{"rendered":"<p>Srebrny pier\u015bcionek z kolekcji &#8222;Going to the Garden&#8221;. Du\u017ce dwa p\u0105ki k\u0142ad\u0105 si\u0119 na d\u0142oni a szyna oplata palec. Pier\u015bcionek jest niezwykle efektowny.<\/p>\n<p>Termin realizacji do 21 dni<\/p>\n<p>srebro 0,925, srebro, per\u0142y<\/p>","protected":false},"featured_media":9411,"template":"","meta":[],"product_brand":[],"product_cat":[125],"product_tag":[],"class_list":{"0":"post-13619","1":"product","2":"type-product","3":"status-publish","4":"has-post-thumbnail","6":"product_cat-pierscionki","8":"first","9":"instock","10":"shipping-taxable","11":"purchasable","12":"product-type-variable"},"yoast_head":"<!-- This site is optimized with the Yoast SEO plugin v24.6 - https:\/\/yoast.com\/wordpress\/plugins\/seo\/ -->\n<title>Pier\u015bcionek KSP 14\/PC - Schiffers<\/title>\n<meta name=\"robots\" content=\"index, follow, max-snippet:-1, max-image-preview:large, max-video-preview:-1\" \/>\n<link rel=\"canonical\" href=\"https:\/\/schiffers.pl\/en\/sklep\/pierscionek-ksp-14-pc\/\" \/>\n<meta property=\"og:locale\" content=\"en_US\" \/>\n<meta property=\"og:type\" content=\"article\" \/>\n<meta property=\"og:title\" content=\"Pier\u015bcionek KSP 14\/PC - Schiffers\" \/>\n<meta property=\"og:description\" content=\"Srebrny pier\u015bcionek z kolekcji &quot;Going to the Garden&quot;. Du\u017ce dwa p\u0105ki k\u0142ad\u0105 si\u0119 na d\u0142oni a szyna oplata palec. Pier\u015bcionek jest niezwykle efektowny.  Termin realizacji do 21 dni  srebro 0,925, srebro, per\u0142y\" \/>\n<meta property=\"og:url\" content=\"https:\/\/schiffers.pl\/en\/sklep\/pierscionek-ksp-14-pc\/\" \/>\n<meta property=\"og:site_name\" content=\"Schiffers\" \/>\n<meta property=\"article:modified_time\" content=\"2021-04-07T15:52:05+00:00\" \/>\n<meta property=\"og:image\" content=\"https:\/\/schiffers.pl\/wp-content\/uploads\/2017\/02\/1290469-2.jpg\" \/>\n\t<meta property=\"og:image:width\" content=\"2316\" \/>\n\t<meta property=\"og:image:height\" content=\"2316\" \/>\n\t<meta property=\"og:image:type\" content=\"image\/jpeg\" \/>\n<meta name=\"twitter:card\" content=\"summary_large_image\" \/>\n<script type=\"application\/ld+json\" class=\"yoast-schema-graph\">{\"@context\":\"https:\/\/schema.org\",\"@graph\":[{\"@type\":\"WebPage\",\"@id\":\"https:\/\/schiffers.pl\/sklep\/pierscionek-ksp-14-pc\/\",\"url\":\"https:\/\/schiffers.pl\/sklep\/pierscionek-ksp-14-pc\/\",\"name\":\"Pier\u015bcionek KSP 14\/PC - Schiffers\",\"isPartOf\":{\"@id\":\"https:\/\/schiffers.pl\/#website\"},\"primaryImageOfPage\":{\"@id\":\"https:\/\/schiffers.pl\/sklep\/pierscionek-ksp-14-pc\/#primaryimage\"},\"image\":{\"@id\":\"https:\/\/schiffers.pl\/sklep\/pierscionek-ksp-14-pc\/#primaryimage\"},\"thumbnailUrl\":\"https:\/\/schiffers.pl\/wp-content\/uploads\/2017\/02\/1290469-2.jpg\",\"datePublished\":\"2021-03-25T14:37:08+00:00\",\"dateModified\":\"2021-04-07T15:52:05+00:00\",\"breadcrumb\":{\"@id\":\"https:\/\/schiffers.pl\/sklep\/pierscionek-ksp-14-pc\/#breadcrumb\"},\"inLanguage\":\"en-US\",\"potentialAction\":[{\"@type\":\"ReadAction\",\"target\":[\"https:\/\/schiffers.pl\/sklep\/pierscionek-ksp-14-pc\/\"]}]},{\"@type\":\"ImageObject\",\"inLanguage\":\"en-US\",\"@id\":\"https:\/\/schiffers.pl\/sklep\/pierscionek-ksp-14-pc\/#primaryimage\",\"url\":\"https:\/\/schiffers.pl\/wp-content\/uploads\/2017\/02\/1290469-2.jpg\",\"contentUrl\":\"https:\/\/schiffers.pl\/wp-content\/uploads\/2017\/02\/1290469-2.jpg\",\"width\":2316,\"height\":2316,\"caption\":\"KSP14\/PC pier\u015bcionek - srebro, per\u0142y\"},{\"@type\":\"BreadcrumbList\",\"@id\":\"https:\/\/schiffers.pl\/sklep\/pierscionek-ksp-14-pc\/#breadcrumb\",\"itemListElement\":[{\"@type\":\"ListItem\",\"position\":1,\"name\":\"Strona g\u0142\u00f3wna\",\"item\":\"https:\/\/schiffers.pl\/\"},{\"@type\":\"ListItem\",\"position\":2,\"name\":\"Sklep\",\"item\":\"https:\/\/schiffers.pl\/sklep\/\"},{\"@type\":\"ListItem\",\"position\":3,\"name\":\"Pier\u015bcionek KSP 14\/PC\"}]},{\"@type\":\"WebSite\",\"@id\":\"https:\/\/schiffers.pl\/#website\",\"url\":\"https:\/\/schiffers.pl\/\",\"name\":\"Schiffers\",\"description\":\"bi\u017cuteria\",\"potentialAction\":[{\"@type\":\"SearchAction\",\"target\":{\"@type\":\"EntryPoint\",\"urlTemplate\":\"https:\/\/schiffers.pl\/?s={search_term_string}\"},\"query-input\":{\"@type\":\"PropertyValueSpecification\",\"valueRequired\":true,\"valueName\":\"search_term_string\"}}],\"inLanguage\":\"en-US\"}]}<\/script>\n<!-- \/ Yoast SEO plugin. -->","yoast_head_json":{"title":"Pier\u015bcionek KSP 14\/PC - Schiffers","robots":{"index":"index","follow":"follow","max-snippet":"max-snippet:-1","max-image-preview":"max-image-preview:large","max-video-preview":"max-video-preview:-1"},"canonical":"https:\/\/schiffers.pl\/en\/sklep\/pierscionek-ksp-14-pc\/","og_locale":"en_US","og_type":"article","og_title":"Pier\u015bcionek KSP 14\/PC - Schiffers","og_description":"Srebrny pier\u015bcionek z kolekcji \"Going to the Garden\". Du\u017ce dwa p\u0105ki k\u0142ad\u0105 si\u0119 na d\u0142oni a szyna oplata palec. Pier\u015bcionek jest niezwykle efektowny.  Termin realizacji do 21 dni  srebro 0,925, srebro, per\u0142y","og_url":"https:\/\/schiffers.pl\/en\/sklep\/pierscionek-ksp-14-pc\/","og_site_name":"Schiffers","article_modified_time":"2021-04-07T15:52:05+00:00","og_image":[{"width":2316,"height":2316,"url":"https:\/\/schiffers.pl\/wp-content\/uploads\/2017\/02\/1290469-2.jpg","type":"image\/jpeg"}],"twitter_card":"summary_large_image","schema":{"@context":"https:\/\/schema.org","@graph":[{"@type":"WebPage","@id":"https:\/\/schiffers.pl\/sklep\/pierscionek-ksp-14-pc\/","url":"https:\/\/schiffers.pl\/sklep\/pierscionek-ksp-14-pc\/","name":"Pier\u015bcionek KSP 14\/PC - Schiffers","isPartOf":{"@id":"https:\/\/schiffers.pl\/#website"},"primaryImageOfPage":{"@id":"https:\/\/schiffers.pl\/sklep\/pierscionek-ksp-14-pc\/#primaryimage"},"image":{"@id":"https:\/\/schiffers.pl\/sklep\/pierscionek-ksp-14-pc\/#primaryimage"},"thumbnailUrl":"https:\/\/schiffers.pl\/wp-content\/uploads\/2017\/02\/1290469-2.jpg","datePublished":"2021-03-25T14:37:08+00:00","dateModified":"2021-04-07T15:52:05+00:00","breadcrumb":{"@id":"https:\/\/schiffers.pl\/sklep\/pierscionek-ksp-14-pc\/#breadcrumb"},"inLanguage":"en-US","potentialAction":[{"@type":"ReadAction","target":["https:\/\/schiffers.pl\/sklep\/pierscionek-ksp-14-pc\/"]}]},{"@type":"ImageObject","inLanguage":"en-US","@id":"https:\/\/schiffers.pl\/sklep\/pierscionek-ksp-14-pc\/#primaryimage","url":"https:\/\/schiffers.pl\/wp-content\/uploads\/2017\/02\/1290469-2.jpg","contentUrl":"https:\/\/schiffers.pl\/wp-content\/uploads\/2017\/02\/1290469-2.jpg","width":2316,"height":2316,"caption":"KSP14\/PC pier\u015bcionek - srebro, per\u0142y"},{"@type":"BreadcrumbList","@id":"https:\/\/schiffers.pl\/sklep\/pierscionek-ksp-14-pc\/#breadcrumb","itemListElement":[{"@type":"ListItem","position":1,"name":"Strona g\u0142\u00f3wna","item":"https:\/\/schiffers.pl\/"},{"@type":"ListItem","position":2,"name":"Sklep","item":"https:\/\/schiffers.pl\/sklep\/"},{"@type":"ListItem","position":3,"name":"Pier\u015bcionek KSP 14\/PC"}]},{"@type":"WebSite","@id":"https:\/\/schiffers.pl\/#website","url":"https:\/\/schiffers.pl\/","name":"Schiffers","description":"bi\u017cuteria","potentialAction":[{"@type":"SearchAction","target":{"@type":"EntryPoint","urlTemplate":"https:\/\/schiffers.pl\/?s={search_term_string}"},"query-input":{"@type":"PropertyValueSpecification","valueRequired":true,"valueName":"search_term_string"}}],"inLanguage":"en-US"}]}},"_links":{"self":[{"href":"https:\/\/schiffers.pl\/en\/wp-json\/wp\/v2\/product\/13619","targetHints":{"allow":["GET"]}}],"collection":[{"href":"https:\/\/schiffers.pl\/en\/wp-json\/wp\/v2\/product"}],"about":[{"href":"https:\/\/schiffers.pl\/en\/wp-json\/wp\/v2\/types\/product"}],"wp:featuredmedia":[{"embeddable":true,"href":"https:\/\/schiffers.pl\/en\/wp-json\/wp\/v2\/media\/9411"}],"wp:attachment":[{"href":"https:\/\/schiffers.pl\/en\/wp-json\/wp\/v2\/media?parent=13619"}],"wp:term":[{"taxonomy":"product_brand","embeddable":true,"href":"https:\/\/schiffers.pl\/en\/wp-json\/wp\/v2\/product_brand?post=13619"},{"taxonomy":"product_cat","embeddable":true,"href":"https:\/\/schiffers.pl\/en\/wp-json\/wp\/v2\/product_cat?post=13619"},{"taxonomy":"product_tag","embeddable":true,"href":"https:\/\/schiffers.pl\/en\/wp-json\/wp\/v2\/product_tag?post=13619"}],"curies":[{"name":"wp","href":"https:\/\/api.w.org\/{rel}","templated":true}]}}