{"id":13416,"date":"2021-03-22T22:44:19","date_gmt":"2021-03-22T21:44:19","guid":{"rendered":"https:\/\/schiffers.pl\/?post_type=product&#038;p=13416"},"modified":"2021-03-24T23:03:39","modified_gmt":"2021-03-24T22:03:39","slug":"pierscionek-corki-zlotnika","status":"publish","type":"product","link":"https:\/\/schiffers.pl\/en\/sklep\/pierscionek-corki-zlotnika\/","title":{"rendered":"Pier\u015bcionek &#8222;C\u00f3rki Z\u0142otnika&#8221;"},"content":{"rendered":"","protected":false},"excerpt":{"rendered":"<p>To szczeg\u00f3lny pier\u015bcionek zaprojektowany przez wyj\u0105tkow\u0105 dla mnie osob\u0119 &#8211; moj\u0105 osobist\u0105 c\u00f3rk\u0119 Ig\u0119 (13 lat) . Prototyp tak\u017ce wykonany r\u0119koma Igi. Pier\u015bcionek powsta\u0142 z my\u015bl\u0105 o nastoletnich dziewczynach, kt\u00f3re z przymr\u00f3\u017ceniem oka i \u017cartobliwie traktuj\u0105 bi\u017cuteryjne dodatki. P\u0142aczliwe &#8222;serduszko &#8211; pocieszyciel&#8221; noszony na d\u0142oni ma przypomina\u0107, \u017ce z ka\u017cdym smutkiem mo\u017cna sobie poradzi\u0107 gdy ma si\u0119 przy sobie \u00a0przyjaci\u00f3\u0142 i rodzin\u0119. Pomys\u0142 na prezent od mamy\/taty dla c\u00f3rki&#8230;<\/p>\n<p>Mo\u017cliwo\u015b\u0107 wykonania ze srebra lub z\u0142ota. Wewn\u0105trz mo\u017cna zawrze\u0107 grawerowan\u0105 dedykacj\u0119. Wycena na indywidualne zapytanie drog\u0105 mailow\u0105.<\/p>\n<p>Pobrana kwota b\u0119dzie stanowi\u0142a form\u0119 zadatku. W tytule przelewu prosimy o napisanie z jakiego materia\u0142u ma by\u0107 wykonany pier\u015bcionek.<\/p>\n<p>Termin realizacji do 21 dni<\/p>\n<p>srebro 0,925 lub z\u0142oto 585<\/p>","protected":false},"featured_media":13530,"template":"","meta":[],"product_brand":[],"product_cat":[125],"product_tag":[],"class_list":{"0":"post-13416","1":"product","2":"type-product","3":"status-publish","4":"has-post-thumbnail","6":"product_cat-pierscionki","8":"first","9":"instock","10":"shipping-taxable","11":"purchasable","12":"product-type-variable"},"yoast_head":"<!-- This site is optimized with the Yoast SEO plugin v24.6 - https:\/\/yoast.com\/wordpress\/plugins\/seo\/ -->\n<title>Pier\u015bcionek &quot;C\u00f3rki Z\u0142otnika&quot; - Schiffers<\/title>\n<meta name=\"robots\" content=\"index, follow, max-snippet:-1, max-image-preview:large, max-video-preview:-1\" \/>\n<link rel=\"canonical\" href=\"https:\/\/schiffers.pl\/en\/sklep\/pierscionek-corki-zlotnika\/\" \/>\n<meta property=\"og:locale\" content=\"en_US\" \/>\n<meta property=\"og:type\" content=\"article\" \/>\n<meta property=\"og:title\" content=\"Pier\u015bcionek &quot;C\u00f3rki Z\u0142otnika&quot; - Schiffers\" \/>\n<meta property=\"og:description\" content=\"To szczeg\u00f3lny pier\u015bcionek zaprojektowany przez wyj\u0105tkow\u0105 dla mnie osob\u0119 - moj\u0105 osobist\u0105 c\u00f3rk\u0119 Ig\u0119 (13 lat) . Prototyp tak\u017ce wykonany r\u0119koma Igi. Pier\u015bcionek powsta\u0142 z my\u015bl\u0105 o nastoletnich dziewczynach, kt\u00f3re z przymr\u00f3\u017ceniem oka i \u017cartobliwie traktuj\u0105 bi\u017cuteryjne dodatki. P\u0142aczliwe &quot;serduszko - pocieszyciel&quot; noszony na d\u0142oni ma przypomina\u0107, \u017ce z ka\u017cdym smutkiem mo\u017cna sobie poradzi\u0107 gdy ma si\u0119 przy sobie \u00a0przyjaci\u00f3\u0142 i rodzin\u0119. Pomys\u0142 na prezent od mamy\/taty dla c\u00f3rki...  Mo\u017cliwo\u015b\u0107 wykonania ze srebra lub z\u0142ota. Wewn\u0105trz mo\u017cna zawrze\u0107 grawerowan\u0105 dedykacj\u0119. Wycena na indywidualne zapytanie drog\u0105 mailow\u0105.  Pobrana kwota b\u0119dzie stanowi\u0142a form\u0119 zadatku. W tytule przelewu prosimy o napisanie z jakiego materia\u0142u ma by\u0107 wykonany pier\u015bcionek.  Termin realizacji do 21 dni  srebro 0,925 lub z\u0142oto 585\" \/>\n<meta property=\"og:url\" content=\"https:\/\/schiffers.pl\/en\/sklep\/pierscionek-corki-zlotnika\/\" \/>\n<meta property=\"og:site_name\" content=\"Schiffers\" \/>\n<meta property=\"article:modified_time\" content=\"2021-03-24T22:03:39+00:00\" \/>\n<meta property=\"og:image\" content=\"https:\/\/schiffers.pl\/wp-content\/uploads\/2021\/03\/1400896.jpg\" \/>\n\t<meta property=\"og:image:width\" content=\"2049\" \/>\n\t<meta property=\"og:image:height\" content=\"2049\" \/>\n\t<meta property=\"og:image:type\" content=\"image\/jpeg\" \/>\n<meta name=\"twitter:card\" content=\"summary_large_image\" \/>\n<script type=\"application\/ld+json\" class=\"yoast-schema-graph\">{\"@context\":\"https:\/\/schema.org\",\"@graph\":[{\"@type\":\"WebPage\",\"@id\":\"https:\/\/schiffers.pl\/sklep\/pierscionek-corki-zlotnika\/\",\"url\":\"https:\/\/schiffers.pl\/sklep\/pierscionek-corki-zlotnika\/\",\"name\":\"Pier\u015bcionek \\\"C\u00f3rki Z\u0142otnika\\\" - Schiffers\",\"isPartOf\":{\"@id\":\"https:\/\/schiffers.pl\/#website\"},\"primaryImageOfPage\":{\"@id\":\"https:\/\/schiffers.pl\/sklep\/pierscionek-corki-zlotnika\/#primaryimage\"},\"image\":{\"@id\":\"https:\/\/schiffers.pl\/sklep\/pierscionek-corki-zlotnika\/#primaryimage\"},\"thumbnailUrl\":\"https:\/\/schiffers.pl\/wp-content\/uploads\/2021\/03\/1400896.jpg\",\"datePublished\":\"2021-03-22T21:44:19+00:00\",\"dateModified\":\"2021-03-24T22:03:39+00:00\",\"breadcrumb\":{\"@id\":\"https:\/\/schiffers.pl\/sklep\/pierscionek-corki-zlotnika\/#breadcrumb\"},\"inLanguage\":\"en-US\",\"potentialAction\":[{\"@type\":\"ReadAction\",\"target\":[\"https:\/\/schiffers.pl\/sklep\/pierscionek-corki-zlotnika\/\"]}]},{\"@type\":\"ImageObject\",\"inLanguage\":\"en-US\",\"@id\":\"https:\/\/schiffers.pl\/sklep\/pierscionek-corki-zlotnika\/#primaryimage\",\"url\":\"https:\/\/schiffers.pl\/wp-content\/uploads\/2021\/03\/1400896.jpg\",\"contentUrl\":\"https:\/\/schiffers.pl\/wp-content\/uploads\/2021\/03\/1400896.jpg\",\"width\":2049,\"height\":2049},{\"@type\":\"BreadcrumbList\",\"@id\":\"https:\/\/schiffers.pl\/sklep\/pierscionek-corki-zlotnika\/#breadcrumb\",\"itemListElement\":[{\"@type\":\"ListItem\",\"position\":1,\"name\":\"Strona g\u0142\u00f3wna\",\"item\":\"https:\/\/schiffers.pl\/\"},{\"@type\":\"ListItem\",\"position\":2,\"name\":\"Sklep\",\"item\":\"https:\/\/schiffers.pl\/sklep\/\"},{\"@type\":\"ListItem\",\"position\":3,\"name\":\"Pier\u015bcionek &#8220;C\u00f3rki Z\u0142otnika&#8221;\"}]},{\"@type\":\"WebSite\",\"@id\":\"https:\/\/schiffers.pl\/#website\",\"url\":\"https:\/\/schiffers.pl\/\",\"name\":\"Schiffers\",\"description\":\"bi\u017cuteria\",\"potentialAction\":[{\"@type\":\"SearchAction\",\"target\":{\"@type\":\"EntryPoint\",\"urlTemplate\":\"https:\/\/schiffers.pl\/?s={search_term_string}\"},\"query-input\":{\"@type\":\"PropertyValueSpecification\",\"valueRequired\":true,\"valueName\":\"search_term_string\"}}],\"inLanguage\":\"en-US\"}]}<\/script>\n<!-- \/ Yoast SEO plugin. -->","yoast_head_json":{"title":"Pier\u015bcionek \"C\u00f3rki Z\u0142otnika\" - Schiffers","robots":{"index":"index","follow":"follow","max-snippet":"max-snippet:-1","max-image-preview":"max-image-preview:large","max-video-preview":"max-video-preview:-1"},"canonical":"https:\/\/schiffers.pl\/en\/sklep\/pierscionek-corki-zlotnika\/","og_locale":"en_US","og_type":"article","og_title":"Pier\u015bcionek \"C\u00f3rki Z\u0142otnika\" - Schiffers","og_description":"To szczeg\u00f3lny pier\u015bcionek zaprojektowany przez wyj\u0105tkow\u0105 dla mnie osob\u0119 - moj\u0105 osobist\u0105 c\u00f3rk\u0119 Ig\u0119 (13 lat) . Prototyp tak\u017ce wykonany r\u0119koma Igi. Pier\u015bcionek powsta\u0142 z my\u015bl\u0105 o nastoletnich dziewczynach, kt\u00f3re z przymr\u00f3\u017ceniem oka i \u017cartobliwie traktuj\u0105 bi\u017cuteryjne dodatki. P\u0142aczliwe \"serduszko - pocieszyciel\" noszony na d\u0142oni ma przypomina\u0107, \u017ce z ka\u017cdym smutkiem mo\u017cna sobie poradzi\u0107 gdy ma si\u0119 przy sobie \u00a0przyjaci\u00f3\u0142 i rodzin\u0119. Pomys\u0142 na prezent od mamy\/taty dla c\u00f3rki...  Mo\u017cliwo\u015b\u0107 wykonania ze srebra lub z\u0142ota. Wewn\u0105trz mo\u017cna zawrze\u0107 grawerowan\u0105 dedykacj\u0119. Wycena na indywidualne zapytanie drog\u0105 mailow\u0105.  Pobrana kwota b\u0119dzie stanowi\u0142a form\u0119 zadatku. W tytule przelewu prosimy o napisanie z jakiego materia\u0142u ma by\u0107 wykonany pier\u015bcionek.  Termin realizacji do 21 dni  srebro 0,925 lub z\u0142oto 585","og_url":"https:\/\/schiffers.pl\/en\/sklep\/pierscionek-corki-zlotnika\/","og_site_name":"Schiffers","article_modified_time":"2021-03-24T22:03:39+00:00","og_image":[{"width":2049,"height":2049,"url":"https:\/\/schiffers.pl\/wp-content\/uploads\/2021\/03\/1400896.jpg","type":"image\/jpeg"}],"twitter_card":"summary_large_image","schema":{"@context":"https:\/\/schema.org","@graph":[{"@type":"WebPage","@id":"https:\/\/schiffers.pl\/sklep\/pierscionek-corki-zlotnika\/","url":"https:\/\/schiffers.pl\/sklep\/pierscionek-corki-zlotnika\/","name":"Pier\u015bcionek \"C\u00f3rki Z\u0142otnika\" - Schiffers","isPartOf":{"@id":"https:\/\/schiffers.pl\/#website"},"primaryImageOfPage":{"@id":"https:\/\/schiffers.pl\/sklep\/pierscionek-corki-zlotnika\/#primaryimage"},"image":{"@id":"https:\/\/schiffers.pl\/sklep\/pierscionek-corki-zlotnika\/#primaryimage"},"thumbnailUrl":"https:\/\/schiffers.pl\/wp-content\/uploads\/2021\/03\/1400896.jpg","datePublished":"2021-03-22T21:44:19+00:00","dateModified":"2021-03-24T22:03:39+00:00","breadcrumb":{"@id":"https:\/\/schiffers.pl\/sklep\/pierscionek-corki-zlotnika\/#breadcrumb"},"inLanguage":"en-US","potentialAction":[{"@type":"ReadAction","target":["https:\/\/schiffers.pl\/sklep\/pierscionek-corki-zlotnika\/"]}]},{"@type":"ImageObject","inLanguage":"en-US","@id":"https:\/\/schiffers.pl\/sklep\/pierscionek-corki-zlotnika\/#primaryimage","url":"https:\/\/schiffers.pl\/wp-content\/uploads\/2021\/03\/1400896.jpg","contentUrl":"https:\/\/schiffers.pl\/wp-content\/uploads\/2021\/03\/1400896.jpg","width":2049,"height":2049},{"@type":"BreadcrumbList","@id":"https:\/\/schiffers.pl\/sklep\/pierscionek-corki-zlotnika\/#breadcrumb","itemListElement":[{"@type":"ListItem","position":1,"name":"Strona g\u0142\u00f3wna","item":"https:\/\/schiffers.pl\/"},{"@type":"ListItem","position":2,"name":"Sklep","item":"https:\/\/schiffers.pl\/sklep\/"},{"@type":"ListItem","position":3,"name":"Pier\u015bcionek &#8220;C\u00f3rki Z\u0142otnika&#8221;"}]},{"@type":"WebSite","@id":"https:\/\/schiffers.pl\/#website","url":"https:\/\/schiffers.pl\/","name":"Schiffers","description":"bi\u017cuteria","potentialAction":[{"@type":"SearchAction","target":{"@type":"EntryPoint","urlTemplate":"https:\/\/schiffers.pl\/?s={search_term_string}"},"query-input":{"@type":"PropertyValueSpecification","valueRequired":true,"valueName":"search_term_string"}}],"inLanguage":"en-US"}]}},"_links":{"self":[{"href":"https:\/\/schiffers.pl\/en\/wp-json\/wp\/v2\/product\/13416","targetHints":{"allow":["GET"]}}],"collection":[{"href":"https:\/\/schiffers.pl\/en\/wp-json\/wp\/v2\/product"}],"about":[{"href":"https:\/\/schiffers.pl\/en\/wp-json\/wp\/v2\/types\/product"}],"wp:featuredmedia":[{"embeddable":true,"href":"https:\/\/schiffers.pl\/en\/wp-json\/wp\/v2\/media\/13530"}],"wp:attachment":[{"href":"https:\/\/schiffers.pl\/en\/wp-json\/wp\/v2\/media?parent=13416"}],"wp:term":[{"taxonomy":"product_brand","embeddable":true,"href":"https:\/\/schiffers.pl\/en\/wp-json\/wp\/v2\/product_brand?post=13416"},{"taxonomy":"product_cat","embeddable":true,"href":"https:\/\/schiffers.pl\/en\/wp-json\/wp\/v2\/product_cat?post=13416"},{"taxonomy":"product_tag","embeddable":true,"href":"https:\/\/schiffers.pl\/en\/wp-json\/wp\/v2\/product_tag?post=13416"}],"curies":[{"name":"wp","href":"https:\/\/api.w.org\/{rel}","templated":true}]}}