{"id":13399,"date":"2021-03-22T16:39:16","date_gmt":"2021-03-22T15:39:16","guid":{"rendered":"https:\/\/schiffers.pl\/?post_type=product&#038;p=13399"},"modified":"2024-10-24T14:06:20","modified_gmt":"2024-10-24T12:06:20","slug":"kolczyki-ksk","status":"publish","type":"product","link":"https:\/\/schiffers.pl\/en\/sklep\/kolczyki-ksk\/","title":{"rendered":"Kolczyki KSK\/45"},"content":{"rendered":"","protected":false},"excerpt":{"rendered":"<p>Fantazyjne kolczyki w kszta\u0142cie li\u015bci. Wykonane ze srebra oksydowanego i z\u0142oconego. \u00a0Lekkie i bardzo kobiece.<\/p>\n<p>Kolczyki dost\u0119pne s\u0105 w kolorze \u017c\u00f3\u0142tego lub r\u00f3\u017cowego z\u0142ocenia. Wybrany kolor prosimy wpisa\u0107 w tytule przelewu.<\/p>\n<p>D\u0142ugo\u015b\u0107 ca\u0142ego kolczyka: 85 mm, d\u0142ugo\u015b\u0107 elementu li\u015bcia: 57 mm<\/p>\n<p>Termin realizacji zam\u00f3wienia: 14 dni roboczych<\/p>\n<p>&nbsp;<\/p>","protected":false},"featured_media":13400,"template":"","meta":[],"product_brand":[],"product_cat":[126],"product_tag":[],"class_list":{"0":"post-13399","1":"product","2":"type-product","3":"status-publish","4":"has-post-thumbnail","6":"product_cat-kolczyki","8":"first","9":"instock","10":"shipping-taxable","11":"purchasable","12":"product-type-simple"},"yoast_head":"<!-- This site is optimized with the Yoast SEO plugin v24.6 - https:\/\/yoast.com\/wordpress\/plugins\/seo\/ -->\n<title>Kolczyki KSK\/45 - Schiffers<\/title>\n<meta name=\"robots\" content=\"index, follow, max-snippet:-1, max-image-preview:large, max-video-preview:-1\" \/>\n<link rel=\"canonical\" href=\"https:\/\/schiffers.pl\/en\/sklep\/kolczyki-ksk\/\" \/>\n<meta property=\"og:locale\" content=\"en_US\" \/>\n<meta property=\"og:type\" content=\"article\" \/>\n<meta property=\"og:title\" content=\"Kolczyki KSK\/45 - Schiffers\" \/>\n<meta property=\"og:description\" content=\"Fantazyjne kolczyki w kszta\u0142cie li\u015bci. Wykonane ze srebra oksydowanego i z\u0142oconego. \u00a0Lekkie i bardzo kobiece.  Kolczyki dost\u0119pne s\u0105 w kolorze \u017c\u00f3\u0142tego lub r\u00f3\u017cowego z\u0142ocenia. Wybrany kolor prosimy wpisa\u0107 w tytule przelewu.  D\u0142ugo\u015b\u0107 ca\u0142ego kolczyka: 85 mm, d\u0142ugo\u015b\u0107 elementu li\u015bcia: 57 mm  Termin realizacji zam\u00f3wienia: 14 dni roboczych  &nbsp;\" \/>\n<meta property=\"og:url\" content=\"https:\/\/schiffers.pl\/en\/sklep\/kolczyki-ksk\/\" \/>\n<meta property=\"og:site_name\" content=\"Schiffers\" \/>\n<meta property=\"article:modified_time\" content=\"2024-10-24T12:06:20+00:00\" \/>\n<meta property=\"og:image\" content=\"https:\/\/schiffers.pl\/wp-content\/uploads\/2021\/03\/set2_01.jpg\" \/>\n\t<meta property=\"og:image:width\" content=\"1024\" \/>\n\t<meta property=\"og:image:height\" content=\"1024\" \/>\n\t<meta property=\"og:image:type\" content=\"image\/jpeg\" \/>\n<meta name=\"twitter:card\" content=\"summary_large_image\" \/>\n<script type=\"application\/ld+json\" class=\"yoast-schema-graph\">{\"@context\":\"https:\/\/schema.org\",\"@graph\":[{\"@type\":\"WebPage\",\"@id\":\"https:\/\/schiffers.pl\/sklep\/kolczyki-ksk\/\",\"url\":\"https:\/\/schiffers.pl\/sklep\/kolczyki-ksk\/\",\"name\":\"Kolczyki KSK\/45 - Schiffers\",\"isPartOf\":{\"@id\":\"https:\/\/schiffers.pl\/#website\"},\"primaryImageOfPage\":{\"@id\":\"https:\/\/schiffers.pl\/sklep\/kolczyki-ksk\/#primaryimage\"},\"image\":{\"@id\":\"https:\/\/schiffers.pl\/sklep\/kolczyki-ksk\/#primaryimage\"},\"thumbnailUrl\":\"https:\/\/schiffers.pl\/wp-content\/uploads\/2021\/03\/set2_01.jpg\",\"datePublished\":\"2021-03-22T15:39:16+00:00\",\"dateModified\":\"2024-10-24T12:06:20+00:00\",\"breadcrumb\":{\"@id\":\"https:\/\/schiffers.pl\/sklep\/kolczyki-ksk\/#breadcrumb\"},\"inLanguage\":\"en-US\",\"potentialAction\":[{\"@type\":\"ReadAction\",\"target\":[\"https:\/\/schiffers.pl\/sklep\/kolczyki-ksk\/\"]}]},{\"@type\":\"ImageObject\",\"inLanguage\":\"en-US\",\"@id\":\"https:\/\/schiffers.pl\/sklep\/kolczyki-ksk\/#primaryimage\",\"url\":\"https:\/\/schiffers.pl\/wp-content\/uploads\/2021\/03\/set2_01.jpg\",\"contentUrl\":\"https:\/\/schiffers.pl\/wp-content\/uploads\/2021\/03\/set2_01.jpg\",\"width\":1024,\"height\":1024},{\"@type\":\"BreadcrumbList\",\"@id\":\"https:\/\/schiffers.pl\/sklep\/kolczyki-ksk\/#breadcrumb\",\"itemListElement\":[{\"@type\":\"ListItem\",\"position\":1,\"name\":\"Strona g\u0142\u00f3wna\",\"item\":\"https:\/\/schiffers.pl\/\"},{\"@type\":\"ListItem\",\"position\":2,\"name\":\"Sklep\",\"item\":\"https:\/\/schiffers.pl\/sklep\/\"},{\"@type\":\"ListItem\",\"position\":3,\"name\":\"Kolczyki KSK\/45\"}]},{\"@type\":\"WebSite\",\"@id\":\"https:\/\/schiffers.pl\/#website\",\"url\":\"https:\/\/schiffers.pl\/\",\"name\":\"Schiffers\",\"description\":\"bi\u017cuteria\",\"potentialAction\":[{\"@type\":\"SearchAction\",\"target\":{\"@type\":\"EntryPoint\",\"urlTemplate\":\"https:\/\/schiffers.pl\/?s={search_term_string}\"},\"query-input\":{\"@type\":\"PropertyValueSpecification\",\"valueRequired\":true,\"valueName\":\"search_term_string\"}}],\"inLanguage\":\"en-US\"}]}<\/script>\n<!-- \/ Yoast SEO plugin. -->","yoast_head_json":{"title":"Kolczyki KSK\/45 - Schiffers","robots":{"index":"index","follow":"follow","max-snippet":"max-snippet:-1","max-image-preview":"max-image-preview:large","max-video-preview":"max-video-preview:-1"},"canonical":"https:\/\/schiffers.pl\/en\/sklep\/kolczyki-ksk\/","og_locale":"en_US","og_type":"article","og_title":"Kolczyki KSK\/45 - Schiffers","og_description":"Fantazyjne kolczyki w kszta\u0142cie li\u015bci. Wykonane ze srebra oksydowanego i z\u0142oconego. \u00a0Lekkie i bardzo kobiece.  Kolczyki dost\u0119pne s\u0105 w kolorze \u017c\u00f3\u0142tego lub r\u00f3\u017cowego z\u0142ocenia. Wybrany kolor prosimy wpisa\u0107 w tytule przelewu.  D\u0142ugo\u015b\u0107 ca\u0142ego kolczyka: 85 mm, d\u0142ugo\u015b\u0107 elementu li\u015bcia: 57 mm  Termin realizacji zam\u00f3wienia: 14 dni roboczych  &nbsp;","og_url":"https:\/\/schiffers.pl\/en\/sklep\/kolczyki-ksk\/","og_site_name":"Schiffers","article_modified_time":"2024-10-24T12:06:20+00:00","og_image":[{"width":1024,"height":1024,"url":"https:\/\/schiffers.pl\/wp-content\/uploads\/2021\/03\/set2_01.jpg","type":"image\/jpeg"}],"twitter_card":"summary_large_image","schema":{"@context":"https:\/\/schema.org","@graph":[{"@type":"WebPage","@id":"https:\/\/schiffers.pl\/sklep\/kolczyki-ksk\/","url":"https:\/\/schiffers.pl\/sklep\/kolczyki-ksk\/","name":"Kolczyki KSK\/45 - Schiffers","isPartOf":{"@id":"https:\/\/schiffers.pl\/#website"},"primaryImageOfPage":{"@id":"https:\/\/schiffers.pl\/sklep\/kolczyki-ksk\/#primaryimage"},"image":{"@id":"https:\/\/schiffers.pl\/sklep\/kolczyki-ksk\/#primaryimage"},"thumbnailUrl":"https:\/\/schiffers.pl\/wp-content\/uploads\/2021\/03\/set2_01.jpg","datePublished":"2021-03-22T15:39:16+00:00","dateModified":"2024-10-24T12:06:20+00:00","breadcrumb":{"@id":"https:\/\/schiffers.pl\/sklep\/kolczyki-ksk\/#breadcrumb"},"inLanguage":"en-US","potentialAction":[{"@type":"ReadAction","target":["https:\/\/schiffers.pl\/sklep\/kolczyki-ksk\/"]}]},{"@type":"ImageObject","inLanguage":"en-US","@id":"https:\/\/schiffers.pl\/sklep\/kolczyki-ksk\/#primaryimage","url":"https:\/\/schiffers.pl\/wp-content\/uploads\/2021\/03\/set2_01.jpg","contentUrl":"https:\/\/schiffers.pl\/wp-content\/uploads\/2021\/03\/set2_01.jpg","width":1024,"height":1024},{"@type":"BreadcrumbList","@id":"https:\/\/schiffers.pl\/sklep\/kolczyki-ksk\/#breadcrumb","itemListElement":[{"@type":"ListItem","position":1,"name":"Strona g\u0142\u00f3wna","item":"https:\/\/schiffers.pl\/"},{"@type":"ListItem","position":2,"name":"Sklep","item":"https:\/\/schiffers.pl\/sklep\/"},{"@type":"ListItem","position":3,"name":"Kolczyki KSK\/45"}]},{"@type":"WebSite","@id":"https:\/\/schiffers.pl\/#website","url":"https:\/\/schiffers.pl\/","name":"Schiffers","description":"bi\u017cuteria","potentialAction":[{"@type":"SearchAction","target":{"@type":"EntryPoint","urlTemplate":"https:\/\/schiffers.pl\/?s={search_term_string}"},"query-input":{"@type":"PropertyValueSpecification","valueRequired":true,"valueName":"search_term_string"}}],"inLanguage":"en-US"}]}},"_links":{"self":[{"href":"https:\/\/schiffers.pl\/en\/wp-json\/wp\/v2\/product\/13399","targetHints":{"allow":["GET"]}}],"collection":[{"href":"https:\/\/schiffers.pl\/en\/wp-json\/wp\/v2\/product"}],"about":[{"href":"https:\/\/schiffers.pl\/en\/wp-json\/wp\/v2\/types\/product"}],"wp:featuredmedia":[{"embeddable":true,"href":"https:\/\/schiffers.pl\/en\/wp-json\/wp\/v2\/media\/13400"}],"wp:attachment":[{"href":"https:\/\/schiffers.pl\/en\/wp-json\/wp\/v2\/media?parent=13399"}],"wp:term":[{"taxonomy":"product_brand","embeddable":true,"href":"https:\/\/schiffers.pl\/en\/wp-json\/wp\/v2\/product_brand?post=13399"},{"taxonomy":"product_cat","embeddable":true,"href":"https:\/\/schiffers.pl\/en\/wp-json\/wp\/v2\/product_cat?post=13399"},{"taxonomy":"product_tag","embeddable":true,"href":"https:\/\/schiffers.pl\/en\/wp-json\/wp\/v2\/product_tag?post=13399"}],"curies":[{"name":"wp","href":"https:\/\/api.w.org\/{rel}","templated":true}]}}