{"id":13324,"date":"2021-03-22T15:56:05","date_gmt":"2021-03-22T14:56:05","guid":{"rendered":"https:\/\/schiffers.pl\/?post_type=product&#038;p=13324"},"modified":"2021-03-22T16:17:43","modified_gmt":"2021-03-22T15:17:43","slug":"bransoleta-ksb-alu-1","status":"publish","type":"product","link":"https:\/\/schiffers.pl\/en\/sklep\/bransoleta-ksb-alu-1\/","title":{"rendered":"Bransoleta KSB\/ALU\/1"},"content":{"rendered":"","protected":false},"excerpt":{"rendered":"<p>Minimalistyczna bransoleta z bi\u017cuteryjnym elementem. Bransoleta wykonana r\u0119cznie z aluminium anodowanego. Element zdobi\u0105cy wykonany ze srebra z\u0142oconego. \u00a0Kamie\u0144 to wysokiej klasy cyrkonia w kolorze szampa\u0144skim.<\/p>\n<p>Proces powstawania wzor\u00f3w z tej kolekcji jest w 100 % \u00a0&#8222;handmade&#8221; i trwa wiele godzin. Ka\u017cda kreska na powierzchni bransolety lub wg\u0142\u0119bienie to pojedynczy ruch narz\u0119dzi w r\u0119kach projektanta. Wyko\u0144czeniem ka\u017cdego modelu jest element wykonany ze srebra z\u0142oconego. W efekcie macie do czynienia z unikatowymi przedmiotami, kt\u00f3re zachwycaj\u0105 precyzj\u0105, szlachetno\u015bci\u0105 i elegancj\u0105.<\/p>\n<p>Na zapytanie mo\u017cliwe zakucie innego kamienia, tak\u017ce naturalnego. Element zdobi\u0105cy mo\u017ce zosta\u0107 wykonany ze z\u0142ota &#8211; w\u00f3wczas prosimy o zapytanie mailowe ( wycena indywidualna)<\/p>\n<p>Termin realizacji: do 30 dni<\/p>\n<p>&nbsp;<\/p>","protected":false},"featured_media":8662,"template":"","meta":[],"product_brand":[],"product_cat":[128],"product_tag":[],"class_list":{"0":"post-13324","1":"product","2":"type-product","3":"status-publish","4":"has-post-thumbnail","6":"product_cat-bransolety","8":"first","9":"instock","10":"shipping-taxable","11":"purchasable","12":"product-type-simple"},"yoast_head":"<!-- This site is optimized with the Yoast SEO plugin v24.6 - https:\/\/yoast.com\/wordpress\/plugins\/seo\/ -->\n<title>Bransoleta KSB\/ALU\/1 - Schiffers<\/title>\n<meta name=\"robots\" content=\"index, follow, max-snippet:-1, max-image-preview:large, max-video-preview:-1\" \/>\n<link rel=\"canonical\" href=\"https:\/\/schiffers.pl\/en\/sklep\/bransoleta-ksb-alu-1\/\" \/>\n<meta property=\"og:locale\" content=\"en_US\" \/>\n<meta property=\"og:type\" content=\"article\" \/>\n<meta property=\"og:title\" content=\"Bransoleta KSB\/ALU\/1 - Schiffers\" \/>\n<meta property=\"og:description\" content=\"Minimalistyczna bransoleta z bi\u017cuteryjnym elementem. Bransoleta wykonana r\u0119cznie z aluminium anodowanego. Element zdobi\u0105cy wykonany ze srebra z\u0142oconego. \u00a0Kamie\u0144 to wysokiej klasy cyrkonia w kolorze szampa\u0144skim.  Proces powstawania wzor\u00f3w z tej kolekcji jest w 100 % \u00a0&quot;handmade&quot; i trwa wiele godzin. Ka\u017cda kreska na powierzchni bransolety lub wg\u0142\u0119bienie to pojedynczy ruch narz\u0119dzi w r\u0119kach projektanta. Wyko\u0144czeniem ka\u017cdego modelu jest element wykonany ze srebra z\u0142oconego. W efekcie macie do czynienia z unikatowymi przedmiotami, kt\u00f3re zachwycaj\u0105 precyzj\u0105, szlachetno\u015bci\u0105 i elegancj\u0105.  Na zapytanie mo\u017cliwe zakucie innego kamienia, tak\u017ce naturalnego. Element zdobi\u0105cy mo\u017ce zosta\u0107 wykonany ze z\u0142ota - w\u00f3wczas prosimy o zapytanie mailowe ( wycena indywidualna)  Termin realizacji: do 30 dni  &nbsp;\" \/>\n<meta property=\"og:url\" content=\"https:\/\/schiffers.pl\/en\/sklep\/bransoleta-ksb-alu-1\/\" \/>\n<meta property=\"og:site_name\" content=\"Schiffers\" \/>\n<meta property=\"article:modified_time\" content=\"2021-03-22T15:17:43+00:00\" \/>\n<meta property=\"og:image\" content=\"https:\/\/schiffers.pl\/wp-content\/uploads\/2017\/02\/1100624-scaled.jpg\" \/>\n\t<meta property=\"og:image:width\" content=\"2873\" \/>\n\t<meta property=\"og:image:height\" content=\"2873\" \/>\n\t<meta property=\"og:image:type\" content=\"image\/jpeg\" \/>\n<meta name=\"twitter:card\" content=\"summary_large_image\" \/>\n<script type=\"application\/ld+json\" class=\"yoast-schema-graph\">{\"@context\":\"https:\/\/schema.org\",\"@graph\":[{\"@type\":\"WebPage\",\"@id\":\"https:\/\/schiffers.pl\/sklep\/bransoleta-ksb-alu-1\/\",\"url\":\"https:\/\/schiffers.pl\/sklep\/bransoleta-ksb-alu-1\/\",\"name\":\"Bransoleta KSB\/ALU\/1 - Schiffers\",\"isPartOf\":{\"@id\":\"https:\/\/schiffers.pl\/#website\"},\"primaryImageOfPage\":{\"@id\":\"https:\/\/schiffers.pl\/sklep\/bransoleta-ksb-alu-1\/#primaryimage\"},\"image\":{\"@id\":\"https:\/\/schiffers.pl\/sklep\/bransoleta-ksb-alu-1\/#primaryimage\"},\"thumbnailUrl\":\"https:\/\/schiffers.pl\/wp-content\/uploads\/2017\/02\/1100624-scaled.jpg\",\"datePublished\":\"2021-03-22T14:56:05+00:00\",\"dateModified\":\"2021-03-22T15:17:43+00:00\",\"breadcrumb\":{\"@id\":\"https:\/\/schiffers.pl\/sklep\/bransoleta-ksb-alu-1\/#breadcrumb\"},\"inLanguage\":\"en-US\",\"potentialAction\":[{\"@type\":\"ReadAction\",\"target\":[\"https:\/\/schiffers.pl\/sklep\/bransoleta-ksb-alu-1\/\"]}]},{\"@type\":\"ImageObject\",\"inLanguage\":\"en-US\",\"@id\":\"https:\/\/schiffers.pl\/sklep\/bransoleta-ksb-alu-1\/#primaryimage\",\"url\":\"https:\/\/schiffers.pl\/wp-content\/uploads\/2017\/02\/1100624-scaled.jpg\",\"contentUrl\":\"https:\/\/schiffers.pl\/wp-content\/uploads\/2017\/02\/1100624-scaled.jpg\",\"width\":2873,\"height\":2873,\"caption\":\"Kolejna bransoleta z serii z lekko drapie\u017cnym elementem i cyrkoni\u0105 w kolorze szampana\"},{\"@type\":\"BreadcrumbList\",\"@id\":\"https:\/\/schiffers.pl\/sklep\/bransoleta-ksb-alu-1\/#breadcrumb\",\"itemListElement\":[{\"@type\":\"ListItem\",\"position\":1,\"name\":\"Strona g\u0142\u00f3wna\",\"item\":\"https:\/\/schiffers.pl\/\"},{\"@type\":\"ListItem\",\"position\":2,\"name\":\"Sklep\",\"item\":\"https:\/\/schiffers.pl\/sklep\/\"},{\"@type\":\"ListItem\",\"position\":3,\"name\":\"Bransoleta KSB\/ALU\/1\"}]},{\"@type\":\"WebSite\",\"@id\":\"https:\/\/schiffers.pl\/#website\",\"url\":\"https:\/\/schiffers.pl\/\",\"name\":\"Schiffers\",\"description\":\"bi\u017cuteria\",\"potentialAction\":[{\"@type\":\"SearchAction\",\"target\":{\"@type\":\"EntryPoint\",\"urlTemplate\":\"https:\/\/schiffers.pl\/?s={search_term_string}\"},\"query-input\":{\"@type\":\"PropertyValueSpecification\",\"valueRequired\":true,\"valueName\":\"search_term_string\"}}],\"inLanguage\":\"en-US\"}]}<\/script>\n<!-- \/ Yoast SEO plugin. -->","yoast_head_json":{"title":"Bransoleta KSB\/ALU\/1 - Schiffers","robots":{"index":"index","follow":"follow","max-snippet":"max-snippet:-1","max-image-preview":"max-image-preview:large","max-video-preview":"max-video-preview:-1"},"canonical":"https:\/\/schiffers.pl\/en\/sklep\/bransoleta-ksb-alu-1\/","og_locale":"en_US","og_type":"article","og_title":"Bransoleta KSB\/ALU\/1 - Schiffers","og_description":"Minimalistyczna bransoleta z bi\u017cuteryjnym elementem. Bransoleta wykonana r\u0119cznie z aluminium anodowanego. Element zdobi\u0105cy wykonany ze srebra z\u0142oconego. \u00a0Kamie\u0144 to wysokiej klasy cyrkonia w kolorze szampa\u0144skim.  Proces powstawania wzor\u00f3w z tej kolekcji jest w 100 % \u00a0\"handmade\" i trwa wiele godzin. Ka\u017cda kreska na powierzchni bransolety lub wg\u0142\u0119bienie to pojedynczy ruch narz\u0119dzi w r\u0119kach projektanta. Wyko\u0144czeniem ka\u017cdego modelu jest element wykonany ze srebra z\u0142oconego. W efekcie macie do czynienia z unikatowymi przedmiotami, kt\u00f3re zachwycaj\u0105 precyzj\u0105, szlachetno\u015bci\u0105 i elegancj\u0105.  Na zapytanie mo\u017cliwe zakucie innego kamienia, tak\u017ce naturalnego. Element zdobi\u0105cy mo\u017ce zosta\u0107 wykonany ze z\u0142ota - w\u00f3wczas prosimy o zapytanie mailowe ( wycena indywidualna)  Termin realizacji: do 30 dni  &nbsp;","og_url":"https:\/\/schiffers.pl\/en\/sklep\/bransoleta-ksb-alu-1\/","og_site_name":"Schiffers","article_modified_time":"2021-03-22T15:17:43+00:00","og_image":[{"width":2873,"height":2873,"url":"https:\/\/schiffers.pl\/wp-content\/uploads\/2017\/02\/1100624-scaled.jpg","type":"image\/jpeg"}],"twitter_card":"summary_large_image","schema":{"@context":"https:\/\/schema.org","@graph":[{"@type":"WebPage","@id":"https:\/\/schiffers.pl\/sklep\/bransoleta-ksb-alu-1\/","url":"https:\/\/schiffers.pl\/sklep\/bransoleta-ksb-alu-1\/","name":"Bransoleta KSB\/ALU\/1 - Schiffers","isPartOf":{"@id":"https:\/\/schiffers.pl\/#website"},"primaryImageOfPage":{"@id":"https:\/\/schiffers.pl\/sklep\/bransoleta-ksb-alu-1\/#primaryimage"},"image":{"@id":"https:\/\/schiffers.pl\/sklep\/bransoleta-ksb-alu-1\/#primaryimage"},"thumbnailUrl":"https:\/\/schiffers.pl\/wp-content\/uploads\/2017\/02\/1100624-scaled.jpg","datePublished":"2021-03-22T14:56:05+00:00","dateModified":"2021-03-22T15:17:43+00:00","breadcrumb":{"@id":"https:\/\/schiffers.pl\/sklep\/bransoleta-ksb-alu-1\/#breadcrumb"},"inLanguage":"en-US","potentialAction":[{"@type":"ReadAction","target":["https:\/\/schiffers.pl\/sklep\/bransoleta-ksb-alu-1\/"]}]},{"@type":"ImageObject","inLanguage":"en-US","@id":"https:\/\/schiffers.pl\/sklep\/bransoleta-ksb-alu-1\/#primaryimage","url":"https:\/\/schiffers.pl\/wp-content\/uploads\/2017\/02\/1100624-scaled.jpg","contentUrl":"https:\/\/schiffers.pl\/wp-content\/uploads\/2017\/02\/1100624-scaled.jpg","width":2873,"height":2873,"caption":"Kolejna bransoleta z serii z lekko drapie\u017cnym elementem i cyrkoni\u0105 w kolorze szampana"},{"@type":"BreadcrumbList","@id":"https:\/\/schiffers.pl\/sklep\/bransoleta-ksb-alu-1\/#breadcrumb","itemListElement":[{"@type":"ListItem","position":1,"name":"Strona g\u0142\u00f3wna","item":"https:\/\/schiffers.pl\/"},{"@type":"ListItem","position":2,"name":"Sklep","item":"https:\/\/schiffers.pl\/sklep\/"},{"@type":"ListItem","position":3,"name":"Bransoleta KSB\/ALU\/1"}]},{"@type":"WebSite","@id":"https:\/\/schiffers.pl\/#website","url":"https:\/\/schiffers.pl\/","name":"Schiffers","description":"bi\u017cuteria","potentialAction":[{"@type":"SearchAction","target":{"@type":"EntryPoint","urlTemplate":"https:\/\/schiffers.pl\/?s={search_term_string}"},"query-input":{"@type":"PropertyValueSpecification","valueRequired":true,"valueName":"search_term_string"}}],"inLanguage":"en-US"}]}},"_links":{"self":[{"href":"https:\/\/schiffers.pl\/en\/wp-json\/wp\/v2\/product\/13324","targetHints":{"allow":["GET"]}}],"collection":[{"href":"https:\/\/schiffers.pl\/en\/wp-json\/wp\/v2\/product"}],"about":[{"href":"https:\/\/schiffers.pl\/en\/wp-json\/wp\/v2\/types\/product"}],"wp:featuredmedia":[{"embeddable":true,"href":"https:\/\/schiffers.pl\/en\/wp-json\/wp\/v2\/media\/8662"}],"wp:attachment":[{"href":"https:\/\/schiffers.pl\/en\/wp-json\/wp\/v2\/media?parent=13324"}],"wp:term":[{"taxonomy":"product_brand","embeddable":true,"href":"https:\/\/schiffers.pl\/en\/wp-json\/wp\/v2\/product_brand?post=13324"},{"taxonomy":"product_cat","embeddable":true,"href":"https:\/\/schiffers.pl\/en\/wp-json\/wp\/v2\/product_cat?post=13324"},{"taxonomy":"product_tag","embeddable":true,"href":"https:\/\/schiffers.pl\/en\/wp-json\/wp\/v2\/product_tag?post=13324"}],"curies":[{"name":"wp","href":"https:\/\/api.w.org\/{rel}","templated":true}]}}