{"id":13256,"date":"2021-03-22T15:51:15","date_gmt":"2021-03-22T14:51:15","guid":{"rendered":"https:\/\/schiffers.pl\/?post_type=product&#038;p=13256"},"modified":"2021-05-19T17:33:37","modified_gmt":"2021-05-19T15:33:37","slug":"pierscionek-kpeliz-13-gol","status":"publish","type":"product","link":"https:\/\/schiffers.pl\/en\/sklep\/pierscionek-kpeliz-13-gol\/","title":{"rendered":"Pier\u015bcionek KPELIZ\/13\/GOL"},"content":{"rendered":"","protected":false},"excerpt":{"rendered":"<p>Srebrny pier\u015bcionek ze szklan\u0105 kul\u0105. Niesamowity efekt &#8222;pi\u0142ki golfowej&#8221; wewn\u0105trz hartowanego szk\u0142a. Kulka wykonana zosta\u0142a r\u0119cznie we W\u0142oszech przez artystk\u0119 techniki murano Elisabett\u0119 Capello. Rant pier\u015bcionka z\u0142ocony lub oksydowany (wg ustale\u0144 mailowych)<\/p>\n<p>Termin realizacji: 14-28 dni<\/p>\n<p>srebro 0,925, srebro, szklana kula<\/p>","protected":false},"featured_media":10639,"template":"","meta":[],"product_brand":[],"product_cat":[125],"product_tag":[],"class_list":{"0":"post-13256","1":"product","2":"type-product","3":"status-publish","4":"has-post-thumbnail","6":"product_cat-pierscionki","8":"first","9":"instock","10":"shipping-taxable","11":"purchasable","12":"product-type-variable"},"yoast_head":"<!-- This site is optimized with the Yoast SEO plugin v24.6 - https:\/\/yoast.com\/wordpress\/plugins\/seo\/ -->\n<title>Pier\u015bcionek KPELIZ\/13\/GOL - Schiffers<\/title>\n<meta name=\"robots\" content=\"index, follow, max-snippet:-1, max-image-preview:large, max-video-preview:-1\" \/>\n<link rel=\"canonical\" href=\"https:\/\/schiffers.pl\/en\/sklep\/pierscionek-kpeliz-13-gol\/\" \/>\n<meta property=\"og:locale\" content=\"en_US\" \/>\n<meta property=\"og:type\" content=\"article\" \/>\n<meta property=\"og:title\" content=\"Pier\u015bcionek KPELIZ\/13\/GOL - Schiffers\" \/>\n<meta property=\"og:description\" content=\"Srebrny pier\u015bcionek ze szklan\u0105 kul\u0105. Niesamowity efekt &quot;pi\u0142ki golfowej&quot; wewn\u0105trz hartowanego szk\u0142a. Kulka wykonana zosta\u0142a r\u0119cznie we W\u0142oszech przez artystk\u0119 techniki murano Elisabett\u0119 Capello. Rant pier\u015bcionka z\u0142ocony lub oksydowany (wg ustale\u0144 mailowych)  Termin realizacji: 14-28 dni  srebro 0,925, srebro, szklana kula\" \/>\n<meta property=\"og:url\" content=\"https:\/\/schiffers.pl\/en\/sklep\/pierscionek-kpeliz-13-gol\/\" \/>\n<meta property=\"og:site_name\" content=\"Schiffers\" \/>\n<meta property=\"article:modified_time\" content=\"2021-05-19T15:33:37+00:00\" \/>\n<meta property=\"og:image\" content=\"https:\/\/schiffers.pl\/wp-content\/uploads\/2019\/06\/1310540.jpg\" \/>\n\t<meta property=\"og:image:width\" content=\"1923\" \/>\n\t<meta property=\"og:image:height\" content=\"1923\" \/>\n\t<meta property=\"og:image:type\" content=\"image\/jpeg\" \/>\n<meta name=\"twitter:card\" content=\"summary_large_image\" \/>\n<script type=\"application\/ld+json\" class=\"yoast-schema-graph\">{\"@context\":\"https:\/\/schema.org\",\"@graph\":[{\"@type\":\"WebPage\",\"@id\":\"https:\/\/schiffers.pl\/sklep\/pierscionek-kpeliz-13-gol\/\",\"url\":\"https:\/\/schiffers.pl\/sklep\/pierscionek-kpeliz-13-gol\/\",\"name\":\"Pier\u015bcionek KPELIZ\/13\/GOL - Schiffers\",\"isPartOf\":{\"@id\":\"https:\/\/schiffers.pl\/#website\"},\"primaryImageOfPage\":{\"@id\":\"https:\/\/schiffers.pl\/sklep\/pierscionek-kpeliz-13-gol\/#primaryimage\"},\"image\":{\"@id\":\"https:\/\/schiffers.pl\/sklep\/pierscionek-kpeliz-13-gol\/#primaryimage\"},\"thumbnailUrl\":\"https:\/\/schiffers.pl\/wp-content\/uploads\/2019\/06\/1310540.jpg\",\"datePublished\":\"2021-03-22T14:51:15+00:00\",\"dateModified\":\"2021-05-19T15:33:37+00:00\",\"breadcrumb\":{\"@id\":\"https:\/\/schiffers.pl\/sklep\/pierscionek-kpeliz-13-gol\/#breadcrumb\"},\"inLanguage\":\"en-US\",\"potentialAction\":[{\"@type\":\"ReadAction\",\"target\":[\"https:\/\/schiffers.pl\/sklep\/pierscionek-kpeliz-13-gol\/\"]}]},{\"@type\":\"ImageObject\",\"inLanguage\":\"en-US\",\"@id\":\"https:\/\/schiffers.pl\/sklep\/pierscionek-kpeliz-13-gol\/#primaryimage\",\"url\":\"https:\/\/schiffers.pl\/wp-content\/uploads\/2019\/06\/1310540.jpg\",\"contentUrl\":\"https:\/\/schiffers.pl\/wp-content\/uploads\/2019\/06\/1310540.jpg\",\"width\":1923,\"height\":1923,\"caption\":\"Srebrny pier\u015bcionek z kulk\u0105 szklan\u0105 wykonan\u0105 r\u0119cznie technik\u0105 Murano\"},{\"@type\":\"BreadcrumbList\",\"@id\":\"https:\/\/schiffers.pl\/sklep\/pierscionek-kpeliz-13-gol\/#breadcrumb\",\"itemListElement\":[{\"@type\":\"ListItem\",\"position\":1,\"name\":\"Strona g\u0142\u00f3wna\",\"item\":\"https:\/\/schiffers.pl\/\"},{\"@type\":\"ListItem\",\"position\":2,\"name\":\"Sklep\",\"item\":\"https:\/\/schiffers.pl\/sklep\/\"},{\"@type\":\"ListItem\",\"position\":3,\"name\":\"Pier\u015bcionek KPELIZ\/13\/GOL\"}]},{\"@type\":\"WebSite\",\"@id\":\"https:\/\/schiffers.pl\/#website\",\"url\":\"https:\/\/schiffers.pl\/\",\"name\":\"Schiffers\",\"description\":\"bi\u017cuteria\",\"potentialAction\":[{\"@type\":\"SearchAction\",\"target\":{\"@type\":\"EntryPoint\",\"urlTemplate\":\"https:\/\/schiffers.pl\/?s={search_term_string}\"},\"query-input\":{\"@type\":\"PropertyValueSpecification\",\"valueRequired\":true,\"valueName\":\"search_term_string\"}}],\"inLanguage\":\"en-US\"}]}<\/script>\n<!-- \/ Yoast SEO plugin. -->","yoast_head_json":{"title":"Pier\u015bcionek KPELIZ\/13\/GOL - Schiffers","robots":{"index":"index","follow":"follow","max-snippet":"max-snippet:-1","max-image-preview":"max-image-preview:large","max-video-preview":"max-video-preview:-1"},"canonical":"https:\/\/schiffers.pl\/en\/sklep\/pierscionek-kpeliz-13-gol\/","og_locale":"en_US","og_type":"article","og_title":"Pier\u015bcionek KPELIZ\/13\/GOL - Schiffers","og_description":"Srebrny pier\u015bcionek ze szklan\u0105 kul\u0105. Niesamowity efekt \"pi\u0142ki golfowej\" wewn\u0105trz hartowanego szk\u0142a. Kulka wykonana zosta\u0142a r\u0119cznie we W\u0142oszech przez artystk\u0119 techniki murano Elisabett\u0119 Capello. Rant pier\u015bcionka z\u0142ocony lub oksydowany (wg ustale\u0144 mailowych)  Termin realizacji: 14-28 dni  srebro 0,925, srebro, szklana kula","og_url":"https:\/\/schiffers.pl\/en\/sklep\/pierscionek-kpeliz-13-gol\/","og_site_name":"Schiffers","article_modified_time":"2021-05-19T15:33:37+00:00","og_image":[{"width":1923,"height":1923,"url":"https:\/\/schiffers.pl\/wp-content\/uploads\/2019\/06\/1310540.jpg","type":"image\/jpeg"}],"twitter_card":"summary_large_image","schema":{"@context":"https:\/\/schema.org","@graph":[{"@type":"WebPage","@id":"https:\/\/schiffers.pl\/sklep\/pierscionek-kpeliz-13-gol\/","url":"https:\/\/schiffers.pl\/sklep\/pierscionek-kpeliz-13-gol\/","name":"Pier\u015bcionek KPELIZ\/13\/GOL - Schiffers","isPartOf":{"@id":"https:\/\/schiffers.pl\/#website"},"primaryImageOfPage":{"@id":"https:\/\/schiffers.pl\/sklep\/pierscionek-kpeliz-13-gol\/#primaryimage"},"image":{"@id":"https:\/\/schiffers.pl\/sklep\/pierscionek-kpeliz-13-gol\/#primaryimage"},"thumbnailUrl":"https:\/\/schiffers.pl\/wp-content\/uploads\/2019\/06\/1310540.jpg","datePublished":"2021-03-22T14:51:15+00:00","dateModified":"2021-05-19T15:33:37+00:00","breadcrumb":{"@id":"https:\/\/schiffers.pl\/sklep\/pierscionek-kpeliz-13-gol\/#breadcrumb"},"inLanguage":"en-US","potentialAction":[{"@type":"ReadAction","target":["https:\/\/schiffers.pl\/sklep\/pierscionek-kpeliz-13-gol\/"]}]},{"@type":"ImageObject","inLanguage":"en-US","@id":"https:\/\/schiffers.pl\/sklep\/pierscionek-kpeliz-13-gol\/#primaryimage","url":"https:\/\/schiffers.pl\/wp-content\/uploads\/2019\/06\/1310540.jpg","contentUrl":"https:\/\/schiffers.pl\/wp-content\/uploads\/2019\/06\/1310540.jpg","width":1923,"height":1923,"caption":"Srebrny pier\u015bcionek z kulk\u0105 szklan\u0105 wykonan\u0105 r\u0119cznie technik\u0105 Murano"},{"@type":"BreadcrumbList","@id":"https:\/\/schiffers.pl\/sklep\/pierscionek-kpeliz-13-gol\/#breadcrumb","itemListElement":[{"@type":"ListItem","position":1,"name":"Strona g\u0142\u00f3wna","item":"https:\/\/schiffers.pl\/"},{"@type":"ListItem","position":2,"name":"Sklep","item":"https:\/\/schiffers.pl\/sklep\/"},{"@type":"ListItem","position":3,"name":"Pier\u015bcionek KPELIZ\/13\/GOL"}]},{"@type":"WebSite","@id":"https:\/\/schiffers.pl\/#website","url":"https:\/\/schiffers.pl\/","name":"Schiffers","description":"bi\u017cuteria","potentialAction":[{"@type":"SearchAction","target":{"@type":"EntryPoint","urlTemplate":"https:\/\/schiffers.pl\/?s={search_term_string}"},"query-input":{"@type":"PropertyValueSpecification","valueRequired":true,"valueName":"search_term_string"}}],"inLanguage":"en-US"}]}},"_links":{"self":[{"href":"https:\/\/schiffers.pl\/en\/wp-json\/wp\/v2\/product\/13256","targetHints":{"allow":["GET"]}}],"collection":[{"href":"https:\/\/schiffers.pl\/en\/wp-json\/wp\/v2\/product"}],"about":[{"href":"https:\/\/schiffers.pl\/en\/wp-json\/wp\/v2\/types\/product"}],"wp:featuredmedia":[{"embeddable":true,"href":"https:\/\/schiffers.pl\/en\/wp-json\/wp\/v2\/media\/10639"}],"wp:attachment":[{"href":"https:\/\/schiffers.pl\/en\/wp-json\/wp\/v2\/media?parent=13256"}],"wp:term":[{"taxonomy":"product_brand","embeddable":true,"href":"https:\/\/schiffers.pl\/en\/wp-json\/wp\/v2\/product_brand?post=13256"},{"taxonomy":"product_cat","embeddable":true,"href":"https:\/\/schiffers.pl\/en\/wp-json\/wp\/v2\/product_cat?post=13256"},{"taxonomy":"product_tag","embeddable":true,"href":"https:\/\/schiffers.pl\/en\/wp-json\/wp\/v2\/product_tag?post=13256"}],"curies":[{"name":"wp","href":"https:\/\/api.w.org\/{rel}","templated":true}]}}