{"id":13050,"date":"2021-03-22T15:22:37","date_gmt":"2021-03-22T14:22:37","guid":{"rendered":"https:\/\/schiffers.pl\/?post_type=product&#038;p=13050"},"modified":"2021-03-22T15:28:19","modified_gmt":"2021-03-22T14:28:19","slug":"pierscionek-ksp51-sza","status":"publish","type":"product","link":"https:\/\/schiffers.pl\/en\/sklep\/pierscionek-ksp51-sza\/","title":{"rendered":"Pier\u015bcionek KSP51\/SZA"},"content":{"rendered":"","protected":false},"excerpt":{"rendered":"<div class=\"woocommerce-product-details__short-description\">\n<p>Srebrny pier\u015bcionek z szyn\u0105 zdobion\u0105 delikatnym reliefem, zwie\u0144czony per\u0142\u0105 s\u0142odkowodn\u0105 w kolorze grafitowym. Pier\u015bcionek wykonany jest ze srebra oraz srebra z\u0142oconego. Na \u017cyczenie mo\u017cliwa realizacja w innej kombinacji kolorystycznej oraz z bia\u0142\u0105 per\u0142\u0105. Na indywidualne zapytanie mo\u017cliwa realizacja w z\u0142ocie.<\/p>\n<p>Termin realizacji 14 dni<\/p>\n<p>srebro 0,925, srebro z\u0142ocone, per\u0142a s\u0142odkowodna w kolorze grafitowym<\/p>\n<\/div>\n<div class=\"btn-atc atc-slide\"><\/div>","protected":false},"featured_media":9759,"template":"","meta":[],"product_brand":[],"product_cat":[125],"product_tag":[],"class_list":{"0":"post-13050","1":"product","2":"type-product","3":"status-publish","4":"has-post-thumbnail","6":"product_cat-pierscionki","8":"first","9":"instock","10":"shipping-taxable","11":"purchasable","12":"product-type-variable"},"yoast_head":"<!-- This site is optimized with the Yoast SEO plugin v24.6 - https:\/\/yoast.com\/wordpress\/plugins\/seo\/ -->\n<title>Pier\u015bcionek KSP51\/SZA - Schiffers<\/title>\n<meta name=\"robots\" content=\"index, follow, max-snippet:-1, max-image-preview:large, max-video-preview:-1\" \/>\n<link rel=\"canonical\" href=\"https:\/\/schiffers.pl\/en\/sklep\/pierscionek-ksp51-sza\/\" \/>\n<meta property=\"og:locale\" content=\"en_US\" \/>\n<meta property=\"og:type\" content=\"article\" \/>\n<meta property=\"og:title\" content=\"Pier\u015bcionek KSP51\/SZA - Schiffers\" \/>\n<meta property=\"og:description\" content=\"Srebrny pier\u015bcionek z szyn\u0105 zdobion\u0105 delikatnym reliefem, zwie\u0144czony per\u0142\u0105 s\u0142odkowodn\u0105 w kolorze grafitowym. Pier\u015bcionek wykonany jest ze srebra oraz srebra z\u0142oconego. Na \u017cyczenie mo\u017cliwa realizacja w innej kombinacji kolorystycznej oraz z bia\u0142\u0105 per\u0142\u0105. Na indywidualne zapytanie mo\u017cliwa realizacja w z\u0142ocie.  Termin realizacji 14 dni  srebro 0,925, srebro z\u0142ocone, per\u0142a s\u0142odkowodna w kolorze grafitowym\" \/>\n<meta property=\"og:url\" content=\"https:\/\/schiffers.pl\/en\/sklep\/pierscionek-ksp51-sza\/\" \/>\n<meta property=\"og:site_name\" content=\"Schiffers\" \/>\n<meta property=\"article:modified_time\" content=\"2021-03-22T14:28:19+00:00\" \/>\n<meta property=\"og:image\" content=\"https:\/\/schiffers.pl\/wp-content\/uploads\/2018\/11\/Bez-nazwy-47.jpg\" \/>\n\t<meta property=\"og:image:width\" content=\"940\" \/>\n\t<meta property=\"og:image:height\" content=\"940\" \/>\n\t<meta property=\"og:image:type\" content=\"image\/jpeg\" \/>\n<meta name=\"twitter:card\" content=\"summary_large_image\" \/>\n<script type=\"application\/ld+json\" class=\"yoast-schema-graph\">{\"@context\":\"https:\/\/schema.org\",\"@graph\":[{\"@type\":\"WebPage\",\"@id\":\"https:\/\/schiffers.pl\/sklep\/pierscionek-ksp51-sza\/\",\"url\":\"https:\/\/schiffers.pl\/sklep\/pierscionek-ksp51-sza\/\",\"name\":\"Pier\u015bcionek KSP51\/SZA - Schiffers\",\"isPartOf\":{\"@id\":\"https:\/\/schiffers.pl\/#website\"},\"primaryImageOfPage\":{\"@id\":\"https:\/\/schiffers.pl\/sklep\/pierscionek-ksp51-sza\/#primaryimage\"},\"image\":{\"@id\":\"https:\/\/schiffers.pl\/sklep\/pierscionek-ksp51-sza\/#primaryimage\"},\"thumbnailUrl\":\"https:\/\/schiffers.pl\/wp-content\/uploads\/2018\/11\/Bez-nazwy-47.jpg\",\"datePublished\":\"2021-03-22T14:22:37+00:00\",\"dateModified\":\"2021-03-22T14:28:19+00:00\",\"breadcrumb\":{\"@id\":\"https:\/\/schiffers.pl\/sklep\/pierscionek-ksp51-sza\/#breadcrumb\"},\"inLanguage\":\"en-US\",\"potentialAction\":[{\"@type\":\"ReadAction\",\"target\":[\"https:\/\/schiffers.pl\/sklep\/pierscionek-ksp51-sza\/\"]}]},{\"@type\":\"ImageObject\",\"inLanguage\":\"en-US\",\"@id\":\"https:\/\/schiffers.pl\/sklep\/pierscionek-ksp51-sza\/#primaryimage\",\"url\":\"https:\/\/schiffers.pl\/wp-content\/uploads\/2018\/11\/Bez-nazwy-47.jpg\",\"contentUrl\":\"https:\/\/schiffers.pl\/wp-content\/uploads\/2018\/11\/Bez-nazwy-47.jpg\",\"width\":940,\"height\":940,\"caption\":\"KSP51\/Z\/PC srebro z\u0142ocone, srebro, per\u0142a w grafitowym odcieniu. Cena: 480 z\u0142\"},{\"@type\":\"BreadcrumbList\",\"@id\":\"https:\/\/schiffers.pl\/sklep\/pierscionek-ksp51-sza\/#breadcrumb\",\"itemListElement\":[{\"@type\":\"ListItem\",\"position\":1,\"name\":\"Strona g\u0142\u00f3wna\",\"item\":\"https:\/\/schiffers.pl\/\"},{\"@type\":\"ListItem\",\"position\":2,\"name\":\"Sklep\",\"item\":\"https:\/\/schiffers.pl\/sklep\/\"},{\"@type\":\"ListItem\",\"position\":3,\"name\":\"Pier\u015bcionek KSP51\/SZA\"}]},{\"@type\":\"WebSite\",\"@id\":\"https:\/\/schiffers.pl\/#website\",\"url\":\"https:\/\/schiffers.pl\/\",\"name\":\"Schiffers\",\"description\":\"bi\u017cuteria\",\"potentialAction\":[{\"@type\":\"SearchAction\",\"target\":{\"@type\":\"EntryPoint\",\"urlTemplate\":\"https:\/\/schiffers.pl\/?s={search_term_string}\"},\"query-input\":{\"@type\":\"PropertyValueSpecification\",\"valueRequired\":true,\"valueName\":\"search_term_string\"}}],\"inLanguage\":\"en-US\"}]}<\/script>\n<!-- \/ Yoast SEO plugin. -->","yoast_head_json":{"title":"Pier\u015bcionek KSP51\/SZA - Schiffers","robots":{"index":"index","follow":"follow","max-snippet":"max-snippet:-1","max-image-preview":"max-image-preview:large","max-video-preview":"max-video-preview:-1"},"canonical":"https:\/\/schiffers.pl\/en\/sklep\/pierscionek-ksp51-sza\/","og_locale":"en_US","og_type":"article","og_title":"Pier\u015bcionek KSP51\/SZA - Schiffers","og_description":"Srebrny pier\u015bcionek z szyn\u0105 zdobion\u0105 delikatnym reliefem, zwie\u0144czony per\u0142\u0105 s\u0142odkowodn\u0105 w kolorze grafitowym. Pier\u015bcionek wykonany jest ze srebra oraz srebra z\u0142oconego. Na \u017cyczenie mo\u017cliwa realizacja w innej kombinacji kolorystycznej oraz z bia\u0142\u0105 per\u0142\u0105. Na indywidualne zapytanie mo\u017cliwa realizacja w z\u0142ocie.  Termin realizacji 14 dni  srebro 0,925, srebro z\u0142ocone, per\u0142a s\u0142odkowodna w kolorze grafitowym","og_url":"https:\/\/schiffers.pl\/en\/sklep\/pierscionek-ksp51-sza\/","og_site_name":"Schiffers","article_modified_time":"2021-03-22T14:28:19+00:00","og_image":[{"width":940,"height":940,"url":"https:\/\/schiffers.pl\/wp-content\/uploads\/2018\/11\/Bez-nazwy-47.jpg","type":"image\/jpeg"}],"twitter_card":"summary_large_image","schema":{"@context":"https:\/\/schema.org","@graph":[{"@type":"WebPage","@id":"https:\/\/schiffers.pl\/sklep\/pierscionek-ksp51-sza\/","url":"https:\/\/schiffers.pl\/sklep\/pierscionek-ksp51-sza\/","name":"Pier\u015bcionek KSP51\/SZA - Schiffers","isPartOf":{"@id":"https:\/\/schiffers.pl\/#website"},"primaryImageOfPage":{"@id":"https:\/\/schiffers.pl\/sklep\/pierscionek-ksp51-sza\/#primaryimage"},"image":{"@id":"https:\/\/schiffers.pl\/sklep\/pierscionek-ksp51-sza\/#primaryimage"},"thumbnailUrl":"https:\/\/schiffers.pl\/wp-content\/uploads\/2018\/11\/Bez-nazwy-47.jpg","datePublished":"2021-03-22T14:22:37+00:00","dateModified":"2021-03-22T14:28:19+00:00","breadcrumb":{"@id":"https:\/\/schiffers.pl\/sklep\/pierscionek-ksp51-sza\/#breadcrumb"},"inLanguage":"en-US","potentialAction":[{"@type":"ReadAction","target":["https:\/\/schiffers.pl\/sklep\/pierscionek-ksp51-sza\/"]}]},{"@type":"ImageObject","inLanguage":"en-US","@id":"https:\/\/schiffers.pl\/sklep\/pierscionek-ksp51-sza\/#primaryimage","url":"https:\/\/schiffers.pl\/wp-content\/uploads\/2018\/11\/Bez-nazwy-47.jpg","contentUrl":"https:\/\/schiffers.pl\/wp-content\/uploads\/2018\/11\/Bez-nazwy-47.jpg","width":940,"height":940,"caption":"KSP51\/Z\/PC srebro z\u0142ocone, srebro, per\u0142a w grafitowym odcieniu. Cena: 480 z\u0142"},{"@type":"BreadcrumbList","@id":"https:\/\/schiffers.pl\/sklep\/pierscionek-ksp51-sza\/#breadcrumb","itemListElement":[{"@type":"ListItem","position":1,"name":"Strona g\u0142\u00f3wna","item":"https:\/\/schiffers.pl\/"},{"@type":"ListItem","position":2,"name":"Sklep","item":"https:\/\/schiffers.pl\/sklep\/"},{"@type":"ListItem","position":3,"name":"Pier\u015bcionek KSP51\/SZA"}]},{"@type":"WebSite","@id":"https:\/\/schiffers.pl\/#website","url":"https:\/\/schiffers.pl\/","name":"Schiffers","description":"bi\u017cuteria","potentialAction":[{"@type":"SearchAction","target":{"@type":"EntryPoint","urlTemplate":"https:\/\/schiffers.pl\/?s={search_term_string}"},"query-input":{"@type":"PropertyValueSpecification","valueRequired":true,"valueName":"search_term_string"}}],"inLanguage":"en-US"}]}},"_links":{"self":[{"href":"https:\/\/schiffers.pl\/en\/wp-json\/wp\/v2\/product\/13050","targetHints":{"allow":["GET"]}}],"collection":[{"href":"https:\/\/schiffers.pl\/en\/wp-json\/wp\/v2\/product"}],"about":[{"href":"https:\/\/schiffers.pl\/en\/wp-json\/wp\/v2\/types\/product"}],"wp:featuredmedia":[{"embeddable":true,"href":"https:\/\/schiffers.pl\/en\/wp-json\/wp\/v2\/media\/9759"}],"wp:attachment":[{"href":"https:\/\/schiffers.pl\/en\/wp-json\/wp\/v2\/media?parent=13050"}],"wp:term":[{"taxonomy":"product_brand","embeddable":true,"href":"https:\/\/schiffers.pl\/en\/wp-json\/wp\/v2\/product_brand?post=13050"},{"taxonomy":"product_cat","embeddable":true,"href":"https:\/\/schiffers.pl\/en\/wp-json\/wp\/v2\/product_cat?post=13050"},{"taxonomy":"product_tag","embeddable":true,"href":"https:\/\/schiffers.pl\/en\/wp-json\/wp\/v2\/product_tag?post=13050"}],"curies":[{"name":"wp","href":"https:\/\/api.w.org\/{rel}","templated":true}]}}