{"id":12741,"date":"2021-03-04T16:33:55","date_gmt":"2021-03-04T15:33:55","guid":{"rendered":"https:\/\/schiffers.pl\/?post_type=product&#038;p=12741"},"modified":"2025-07-08T16:44:58","modified_gmt":"2025-07-08T14:44:58","slug":"naszyjnik-ksn76-zl-sza","status":"publish","type":"product","link":"https:\/\/schiffers.pl\/en\/sklep\/naszyjnik-ksn76-zl-sza\/","title":{"rendered":"Naszyjnik KSN76\/Z\u0141\/SZA"},"content":{"rendered":"","protected":false},"excerpt":{"rendered":"<p>Uniwersalna forma tego naszyjnika pozwala nosi\u0107 go od rana do wieczora\u2026 Prosta forma, wewn\u0105trz kt\u00f3rej zakuty zosta\u0142 kamie\u0144 \u2013 cyrkonia w kolorze szampa\u0144skim<\/p>\n<p>D\u0142ugo\u015b\u0107 \u0142a\u0144cuszka &#8211; dwie d\u0142ugo\u015bci z mo\u017cliwo\u015bci\u0105 regulacji : 40-45 cm, 50-55 cm<\/p>\n<p>Termin realizacji do 14 dni<\/p>\n<p>srebro z\u0142ocone, cyrkonia szampa\u0144ska<\/p>","protected":false},"featured_media":10051,"template":"","meta":[],"product_brand":[],"product_cat":[127],"product_tag":[],"class_list":{"0":"post-12741","1":"product","2":"type-product","3":"status-publish","4":"has-post-thumbnail","6":"product_cat-naszyjniki","8":"first","9":"instock","10":"shipping-taxable","11":"purchasable","12":"product-type-simple"},"yoast_head":"<!-- This site is optimized with the Yoast SEO plugin v24.6 - https:\/\/yoast.com\/wordpress\/plugins\/seo\/ -->\n<title>Naszyjnik KSN76\/Z\u0141\/SZA - Schiffers<\/title>\n<meta name=\"robots\" content=\"index, follow, max-snippet:-1, max-image-preview:large, max-video-preview:-1\" \/>\n<link rel=\"canonical\" href=\"https:\/\/schiffers.pl\/en\/sklep\/naszyjnik-ksn76-zl-sza\/\" \/>\n<meta property=\"og:locale\" content=\"en_US\" \/>\n<meta property=\"og:type\" content=\"article\" \/>\n<meta property=\"og:title\" content=\"Naszyjnik KSN76\/Z\u0141\/SZA - Schiffers\" \/>\n<meta property=\"og:description\" content=\"Uniwersalna forma tego naszyjnika pozwala nosi\u0107 go od rana do wieczora\u2026 Prosta forma, wewn\u0105trz kt\u00f3rej zakuty zosta\u0142 kamie\u0144 \u2013 cyrkonia w kolorze szampa\u0144skim  D\u0142ugo\u015b\u0107 \u0142a\u0144cuszka - dwie d\u0142ugo\u015bci z mo\u017cliwo\u015bci\u0105 regulacji : 40-45 cm, 50-55 cm  Termin realizacji do 14 dni  srebro z\u0142ocone, cyrkonia szampa\u0144ska\" \/>\n<meta property=\"og:url\" content=\"https:\/\/schiffers.pl\/en\/sklep\/naszyjnik-ksn76-zl-sza\/\" \/>\n<meta property=\"og:site_name\" content=\"Schiffers\" \/>\n<meta property=\"article:modified_time\" content=\"2025-07-08T14:44:58+00:00\" \/>\n<meta property=\"og:image\" content=\"https:\/\/schiffers.pl\/wp-content\/uploads\/2017\/02\/1310023-1.jpg\" \/>\n\t<meta property=\"og:image:width\" content=\"2001\" \/>\n\t<meta property=\"og:image:height\" content=\"2001\" \/>\n\t<meta property=\"og:image:type\" content=\"image\/jpeg\" \/>\n<meta name=\"twitter:card\" content=\"summary_large_image\" \/>\n<meta name=\"twitter:label1\" content=\"Est. reading time\" \/>\n\t<meta name=\"twitter:data1\" content=\"1 minute\" \/>\n<script type=\"application\/ld+json\" class=\"yoast-schema-graph\">{\"@context\":\"https:\/\/schema.org\",\"@graph\":[{\"@type\":\"WebPage\",\"@id\":\"https:\/\/schiffers.pl\/sklep\/naszyjnik-ksn76-zl-sza\/\",\"url\":\"https:\/\/schiffers.pl\/sklep\/naszyjnik-ksn76-zl-sza\/\",\"name\":\"Naszyjnik KSN76\/Z\u0141\/SZA - Schiffers\",\"isPartOf\":{\"@id\":\"https:\/\/schiffers.pl\/#website\"},\"primaryImageOfPage\":{\"@id\":\"https:\/\/schiffers.pl\/sklep\/naszyjnik-ksn76-zl-sza\/#primaryimage\"},\"image\":{\"@id\":\"https:\/\/schiffers.pl\/sklep\/naszyjnik-ksn76-zl-sza\/#primaryimage\"},\"thumbnailUrl\":\"https:\/\/schiffers.pl\/wp-content\/uploads\/2017\/02\/1310023-1.jpg\",\"datePublished\":\"2021-03-04T15:33:55+00:00\",\"dateModified\":\"2025-07-08T14:44:58+00:00\",\"breadcrumb\":{\"@id\":\"https:\/\/schiffers.pl\/sklep\/naszyjnik-ksn76-zl-sza\/#breadcrumb\"},\"inLanguage\":\"en-US\",\"potentialAction\":[{\"@type\":\"ReadAction\",\"target\":[\"https:\/\/schiffers.pl\/sklep\/naszyjnik-ksn76-zl-sza\/\"]}]},{\"@type\":\"ImageObject\",\"inLanguage\":\"en-US\",\"@id\":\"https:\/\/schiffers.pl\/sklep\/naszyjnik-ksn76-zl-sza\/#primaryimage\",\"url\":\"https:\/\/schiffers.pl\/wp-content\/uploads\/2017\/02\/1310023-1.jpg\",\"contentUrl\":\"https:\/\/schiffers.pl\/wp-content\/uploads\/2017\/02\/1310023-1.jpg\",\"width\":2001,\"height\":2001,\"caption\":\"KSN76\/Z srebro z\u0142ocone, cyrkonia w kolorze szampana. Cena: 320 z\u0142\"},{\"@type\":\"BreadcrumbList\",\"@id\":\"https:\/\/schiffers.pl\/sklep\/naszyjnik-ksn76-zl-sza\/#breadcrumb\",\"itemListElement\":[{\"@type\":\"ListItem\",\"position\":1,\"name\":\"Strona g\u0142\u00f3wna\",\"item\":\"https:\/\/schiffers.pl\/\"},{\"@type\":\"ListItem\",\"position\":2,\"name\":\"Sklep\",\"item\":\"https:\/\/schiffers.pl\/sklep\/\"},{\"@type\":\"ListItem\",\"position\":3,\"name\":\"Naszyjnik KSN76\/Z\u0141\/SZA\"}]},{\"@type\":\"WebSite\",\"@id\":\"https:\/\/schiffers.pl\/#website\",\"url\":\"https:\/\/schiffers.pl\/\",\"name\":\"Schiffers\",\"description\":\"bi\u017cuteria\",\"potentialAction\":[{\"@type\":\"SearchAction\",\"target\":{\"@type\":\"EntryPoint\",\"urlTemplate\":\"https:\/\/schiffers.pl\/?s={search_term_string}\"},\"query-input\":{\"@type\":\"PropertyValueSpecification\",\"valueRequired\":true,\"valueName\":\"search_term_string\"}}],\"inLanguage\":\"en-US\"}]}<\/script>\n<!-- \/ Yoast SEO plugin. -->","yoast_head_json":{"title":"Naszyjnik KSN76\/Z\u0141\/SZA - Schiffers","robots":{"index":"index","follow":"follow","max-snippet":"max-snippet:-1","max-image-preview":"max-image-preview:large","max-video-preview":"max-video-preview:-1"},"canonical":"https:\/\/schiffers.pl\/en\/sklep\/naszyjnik-ksn76-zl-sza\/","og_locale":"en_US","og_type":"article","og_title":"Naszyjnik KSN76\/Z\u0141\/SZA - Schiffers","og_description":"Uniwersalna forma tego naszyjnika pozwala nosi\u0107 go od rana do wieczora\u2026 Prosta forma, wewn\u0105trz kt\u00f3rej zakuty zosta\u0142 kamie\u0144 \u2013 cyrkonia w kolorze szampa\u0144skim  D\u0142ugo\u015b\u0107 \u0142a\u0144cuszka - dwie d\u0142ugo\u015bci z mo\u017cliwo\u015bci\u0105 regulacji : 40-45 cm, 50-55 cm  Termin realizacji do 14 dni  srebro z\u0142ocone, cyrkonia szampa\u0144ska","og_url":"https:\/\/schiffers.pl\/en\/sklep\/naszyjnik-ksn76-zl-sza\/","og_site_name":"Schiffers","article_modified_time":"2025-07-08T14:44:58+00:00","og_image":[{"width":2001,"height":2001,"url":"https:\/\/schiffers.pl\/wp-content\/uploads\/2017\/02\/1310023-1.jpg","type":"image\/jpeg"}],"twitter_card":"summary_large_image","twitter_misc":{"Est. reading time":"1 minute"},"schema":{"@context":"https:\/\/schema.org","@graph":[{"@type":"WebPage","@id":"https:\/\/schiffers.pl\/sklep\/naszyjnik-ksn76-zl-sza\/","url":"https:\/\/schiffers.pl\/sklep\/naszyjnik-ksn76-zl-sza\/","name":"Naszyjnik KSN76\/Z\u0141\/SZA - Schiffers","isPartOf":{"@id":"https:\/\/schiffers.pl\/#website"},"primaryImageOfPage":{"@id":"https:\/\/schiffers.pl\/sklep\/naszyjnik-ksn76-zl-sza\/#primaryimage"},"image":{"@id":"https:\/\/schiffers.pl\/sklep\/naszyjnik-ksn76-zl-sza\/#primaryimage"},"thumbnailUrl":"https:\/\/schiffers.pl\/wp-content\/uploads\/2017\/02\/1310023-1.jpg","datePublished":"2021-03-04T15:33:55+00:00","dateModified":"2025-07-08T14:44:58+00:00","breadcrumb":{"@id":"https:\/\/schiffers.pl\/sklep\/naszyjnik-ksn76-zl-sza\/#breadcrumb"},"inLanguage":"en-US","potentialAction":[{"@type":"ReadAction","target":["https:\/\/schiffers.pl\/sklep\/naszyjnik-ksn76-zl-sza\/"]}]},{"@type":"ImageObject","inLanguage":"en-US","@id":"https:\/\/schiffers.pl\/sklep\/naszyjnik-ksn76-zl-sza\/#primaryimage","url":"https:\/\/schiffers.pl\/wp-content\/uploads\/2017\/02\/1310023-1.jpg","contentUrl":"https:\/\/schiffers.pl\/wp-content\/uploads\/2017\/02\/1310023-1.jpg","width":2001,"height":2001,"caption":"KSN76\/Z srebro z\u0142ocone, cyrkonia w kolorze szampana. Cena: 320 z\u0142"},{"@type":"BreadcrumbList","@id":"https:\/\/schiffers.pl\/sklep\/naszyjnik-ksn76-zl-sza\/#breadcrumb","itemListElement":[{"@type":"ListItem","position":1,"name":"Strona g\u0142\u00f3wna","item":"https:\/\/schiffers.pl\/"},{"@type":"ListItem","position":2,"name":"Sklep","item":"https:\/\/schiffers.pl\/sklep\/"},{"@type":"ListItem","position":3,"name":"Naszyjnik KSN76\/Z\u0141\/SZA"}]},{"@type":"WebSite","@id":"https:\/\/schiffers.pl\/#website","url":"https:\/\/schiffers.pl\/","name":"Schiffers","description":"bi\u017cuteria","potentialAction":[{"@type":"SearchAction","target":{"@type":"EntryPoint","urlTemplate":"https:\/\/schiffers.pl\/?s={search_term_string}"},"query-input":{"@type":"PropertyValueSpecification","valueRequired":true,"valueName":"search_term_string"}}],"inLanguage":"en-US"}]}},"_links":{"self":[{"href":"https:\/\/schiffers.pl\/en\/wp-json\/wp\/v2\/product\/12741","targetHints":{"allow":["GET"]}}],"collection":[{"href":"https:\/\/schiffers.pl\/en\/wp-json\/wp\/v2\/product"}],"about":[{"href":"https:\/\/schiffers.pl\/en\/wp-json\/wp\/v2\/types\/product"}],"wp:featuredmedia":[{"embeddable":true,"href":"https:\/\/schiffers.pl\/en\/wp-json\/wp\/v2\/media\/10051"}],"wp:attachment":[{"href":"https:\/\/schiffers.pl\/en\/wp-json\/wp\/v2\/media?parent=12741"}],"wp:term":[{"taxonomy":"product_brand","embeddable":true,"href":"https:\/\/schiffers.pl\/en\/wp-json\/wp\/v2\/product_brand?post=12741"},{"taxonomy":"product_cat","embeddable":true,"href":"https:\/\/schiffers.pl\/en\/wp-json\/wp\/v2\/product_cat?post=12741"},{"taxonomy":"product_tag","embeddable":true,"href":"https:\/\/schiffers.pl\/en\/wp-json\/wp\/v2\/product_tag?post=12741"}],"curies":[{"name":"wp","href":"https:\/\/api.w.org\/{rel}","templated":true}]}}