{"id":12172,"date":"2021-03-04T12:17:57","date_gmt":"2021-03-04T11:17:57","guid":{"rendered":"https:\/\/schiffers.pl\/?post_type=product&#038;p=12172"},"modified":"2024-11-27T16:28:17","modified_gmt":"2024-11-27T15:28:17","slug":"bransoleta-ksb-pri-bc-z","status":"publish","type":"product","link":"https:\/\/schiffers.pl\/en\/sklep\/bransoleta-ksb-pri-bc-z\/","title":{"rendered":"Bransoleta KSB\/PRI\/BC\/Z"},"content":{"rendered":"","protected":false},"excerpt":{"rendered":"<p>Prosta i bardzo subtelna srebrna bransoletka z bia\u0142\u0105 cyrkoni\u0105 zakut\u0105 w klasyczne \u0142apki. Ca\u0142a bransoleta z\u0142ocona.<\/p>\n<p>Termin realizacji do 14 dni.<\/p>\n<p>srebro z\u0142ocone 0,925, bia\u0142a cyrkonia<\/p>","protected":false},"featured_media":10956,"template":"","meta":[],"product_brand":[],"product_cat":[128],"product_tag":[],"class_list":{"0":"post-12172","1":"product","2":"type-product","3":"status-publish","4":"has-post-thumbnail","6":"product_cat-bransolety","8":"first","9":"instock","10":"shipping-taxable","11":"purchasable","12":"product-type-simple"},"yoast_head":"<!-- This site is optimized with the Yoast SEO plugin v24.6 - https:\/\/yoast.com\/wordpress\/plugins\/seo\/ -->\n<title>Bransoleta KSB\/PRI\/BC\/Z - Schiffers<\/title>\n<meta name=\"robots\" content=\"index, follow, max-snippet:-1, max-image-preview:large, max-video-preview:-1\" \/>\n<link rel=\"canonical\" href=\"https:\/\/schiffers.pl\/en\/sklep\/bransoleta-ksb-pri-bc-z\/\" \/>\n<meta property=\"og:locale\" content=\"en_US\" \/>\n<meta property=\"og:type\" content=\"article\" \/>\n<meta property=\"og:title\" content=\"Bransoleta KSB\/PRI\/BC\/Z - Schiffers\" \/>\n<meta property=\"og:description\" content=\"Prosta i bardzo subtelna srebrna bransoletka z bia\u0142\u0105 cyrkoni\u0105 zakut\u0105 w klasyczne \u0142apki. Ca\u0142a bransoleta z\u0142ocona.  Termin realizacji do 14 dni.  srebro z\u0142ocone 0,925, bia\u0142a cyrkonia\" \/>\n<meta property=\"og:url\" content=\"https:\/\/schiffers.pl\/en\/sklep\/bransoleta-ksb-pri-bc-z\/\" \/>\n<meta property=\"og:site_name\" content=\"Schiffers\" \/>\n<meta property=\"article:modified_time\" content=\"2024-11-27T15:28:17+00:00\" \/>\n<meta property=\"og:image\" content=\"https:\/\/schiffers.pl\/wp-content\/uploads\/2019\/06\/Bez-nazwy-28-kopia-2.jpg\" \/>\n\t<meta property=\"og:image:width\" content=\"1706\" \/>\n\t<meta property=\"og:image:height\" content=\"1706\" \/>\n\t<meta property=\"og:image:type\" content=\"image\/jpeg\" \/>\n<meta name=\"twitter:card\" content=\"summary_large_image\" \/>\n<script type=\"application\/ld+json\" class=\"yoast-schema-graph\">{\"@context\":\"https:\/\/schema.org\",\"@graph\":[{\"@type\":\"WebPage\",\"@id\":\"https:\/\/schiffers.pl\/sklep\/bransoleta-ksb-pri-bc-z\/\",\"url\":\"https:\/\/schiffers.pl\/sklep\/bransoleta-ksb-pri-bc-z\/\",\"name\":\"Bransoleta KSB\/PRI\/BC\/Z - Schiffers\",\"isPartOf\":{\"@id\":\"https:\/\/schiffers.pl\/#website\"},\"primaryImageOfPage\":{\"@id\":\"https:\/\/schiffers.pl\/sklep\/bransoleta-ksb-pri-bc-z\/#primaryimage\"},\"image\":{\"@id\":\"https:\/\/schiffers.pl\/sklep\/bransoleta-ksb-pri-bc-z\/#primaryimage\"},\"thumbnailUrl\":\"https:\/\/schiffers.pl\/wp-content\/uploads\/2019\/06\/Bez-nazwy-28-kopia-2.jpg\",\"datePublished\":\"2021-03-04T11:17:57+00:00\",\"dateModified\":\"2024-11-27T15:28:17+00:00\",\"breadcrumb\":{\"@id\":\"https:\/\/schiffers.pl\/sklep\/bransoleta-ksb-pri-bc-z\/#breadcrumb\"},\"inLanguage\":\"en-US\",\"potentialAction\":[{\"@type\":\"ReadAction\",\"target\":[\"https:\/\/schiffers.pl\/sklep\/bransoleta-ksb-pri-bc-z\/\"]}]},{\"@type\":\"ImageObject\",\"inLanguage\":\"en-US\",\"@id\":\"https:\/\/schiffers.pl\/sklep\/bransoleta-ksb-pri-bc-z\/#primaryimage\",\"url\":\"https:\/\/schiffers.pl\/wp-content\/uploads\/2019\/06\/Bez-nazwy-28-kopia-2.jpg\",\"contentUrl\":\"https:\/\/schiffers.pl\/wp-content\/uploads\/2019\/06\/Bez-nazwy-28-kopia-2.jpg\",\"width\":1706,\"height\":1706,\"caption\":\"Bransoletka ze srebra z\u0142oconego z cyrkoni\u0105\"},{\"@type\":\"BreadcrumbList\",\"@id\":\"https:\/\/schiffers.pl\/sklep\/bransoleta-ksb-pri-bc-z\/#breadcrumb\",\"itemListElement\":[{\"@type\":\"ListItem\",\"position\":1,\"name\":\"Strona g\u0142\u00f3wna\",\"item\":\"https:\/\/schiffers.pl\/\"},{\"@type\":\"ListItem\",\"position\":2,\"name\":\"Sklep\",\"item\":\"https:\/\/schiffers.pl\/sklep\/\"},{\"@type\":\"ListItem\",\"position\":3,\"name\":\"Bransoleta KSB\/PRI\/BC\/Z\"}]},{\"@type\":\"WebSite\",\"@id\":\"https:\/\/schiffers.pl\/#website\",\"url\":\"https:\/\/schiffers.pl\/\",\"name\":\"Schiffers\",\"description\":\"bi\u017cuteria\",\"potentialAction\":[{\"@type\":\"SearchAction\",\"target\":{\"@type\":\"EntryPoint\",\"urlTemplate\":\"https:\/\/schiffers.pl\/?s={search_term_string}\"},\"query-input\":{\"@type\":\"PropertyValueSpecification\",\"valueRequired\":true,\"valueName\":\"search_term_string\"}}],\"inLanguage\":\"en-US\"}]}<\/script>\n<!-- \/ Yoast SEO plugin. -->","yoast_head_json":{"title":"Bransoleta KSB\/PRI\/BC\/Z - Schiffers","robots":{"index":"index","follow":"follow","max-snippet":"max-snippet:-1","max-image-preview":"max-image-preview:large","max-video-preview":"max-video-preview:-1"},"canonical":"https:\/\/schiffers.pl\/en\/sklep\/bransoleta-ksb-pri-bc-z\/","og_locale":"en_US","og_type":"article","og_title":"Bransoleta KSB\/PRI\/BC\/Z - Schiffers","og_description":"Prosta i bardzo subtelna srebrna bransoletka z bia\u0142\u0105 cyrkoni\u0105 zakut\u0105 w klasyczne \u0142apki. Ca\u0142a bransoleta z\u0142ocona.  Termin realizacji do 14 dni.  srebro z\u0142ocone 0,925, bia\u0142a cyrkonia","og_url":"https:\/\/schiffers.pl\/en\/sklep\/bransoleta-ksb-pri-bc-z\/","og_site_name":"Schiffers","article_modified_time":"2024-11-27T15:28:17+00:00","og_image":[{"width":1706,"height":1706,"url":"https:\/\/schiffers.pl\/wp-content\/uploads\/2019\/06\/Bez-nazwy-28-kopia-2.jpg","type":"image\/jpeg"}],"twitter_card":"summary_large_image","schema":{"@context":"https:\/\/schema.org","@graph":[{"@type":"WebPage","@id":"https:\/\/schiffers.pl\/sklep\/bransoleta-ksb-pri-bc-z\/","url":"https:\/\/schiffers.pl\/sklep\/bransoleta-ksb-pri-bc-z\/","name":"Bransoleta KSB\/PRI\/BC\/Z - Schiffers","isPartOf":{"@id":"https:\/\/schiffers.pl\/#website"},"primaryImageOfPage":{"@id":"https:\/\/schiffers.pl\/sklep\/bransoleta-ksb-pri-bc-z\/#primaryimage"},"image":{"@id":"https:\/\/schiffers.pl\/sklep\/bransoleta-ksb-pri-bc-z\/#primaryimage"},"thumbnailUrl":"https:\/\/schiffers.pl\/wp-content\/uploads\/2019\/06\/Bez-nazwy-28-kopia-2.jpg","datePublished":"2021-03-04T11:17:57+00:00","dateModified":"2024-11-27T15:28:17+00:00","breadcrumb":{"@id":"https:\/\/schiffers.pl\/sklep\/bransoleta-ksb-pri-bc-z\/#breadcrumb"},"inLanguage":"en-US","potentialAction":[{"@type":"ReadAction","target":["https:\/\/schiffers.pl\/sklep\/bransoleta-ksb-pri-bc-z\/"]}]},{"@type":"ImageObject","inLanguage":"en-US","@id":"https:\/\/schiffers.pl\/sklep\/bransoleta-ksb-pri-bc-z\/#primaryimage","url":"https:\/\/schiffers.pl\/wp-content\/uploads\/2019\/06\/Bez-nazwy-28-kopia-2.jpg","contentUrl":"https:\/\/schiffers.pl\/wp-content\/uploads\/2019\/06\/Bez-nazwy-28-kopia-2.jpg","width":1706,"height":1706,"caption":"Bransoletka ze srebra z\u0142oconego z cyrkoni\u0105"},{"@type":"BreadcrumbList","@id":"https:\/\/schiffers.pl\/sklep\/bransoleta-ksb-pri-bc-z\/#breadcrumb","itemListElement":[{"@type":"ListItem","position":1,"name":"Strona g\u0142\u00f3wna","item":"https:\/\/schiffers.pl\/"},{"@type":"ListItem","position":2,"name":"Sklep","item":"https:\/\/schiffers.pl\/sklep\/"},{"@type":"ListItem","position":3,"name":"Bransoleta KSB\/PRI\/BC\/Z"}]},{"@type":"WebSite","@id":"https:\/\/schiffers.pl\/#website","url":"https:\/\/schiffers.pl\/","name":"Schiffers","description":"bi\u017cuteria","potentialAction":[{"@type":"SearchAction","target":{"@type":"EntryPoint","urlTemplate":"https:\/\/schiffers.pl\/?s={search_term_string}"},"query-input":{"@type":"PropertyValueSpecification","valueRequired":true,"valueName":"search_term_string"}}],"inLanguage":"en-US"}]}},"_links":{"self":[{"href":"https:\/\/schiffers.pl\/en\/wp-json\/wp\/v2\/product\/12172","targetHints":{"allow":["GET"]}}],"collection":[{"href":"https:\/\/schiffers.pl\/en\/wp-json\/wp\/v2\/product"}],"about":[{"href":"https:\/\/schiffers.pl\/en\/wp-json\/wp\/v2\/types\/product"}],"wp:featuredmedia":[{"embeddable":true,"href":"https:\/\/schiffers.pl\/en\/wp-json\/wp\/v2\/media\/10956"}],"wp:attachment":[{"href":"https:\/\/schiffers.pl\/en\/wp-json\/wp\/v2\/media?parent=12172"}],"wp:term":[{"taxonomy":"product_brand","embeddable":true,"href":"https:\/\/schiffers.pl\/en\/wp-json\/wp\/v2\/product_brand?post=12172"},{"taxonomy":"product_cat","embeddable":true,"href":"https:\/\/schiffers.pl\/en\/wp-json\/wp\/v2\/product_cat?post=12172"},{"taxonomy":"product_tag","embeddable":true,"href":"https:\/\/schiffers.pl\/en\/wp-json\/wp\/v2\/product_tag?post=12172"}],"curies":[{"name":"wp","href":"https:\/\/api.w.org\/{rel}","templated":true}]}}