{"id":12094,"date":"2021-03-04T11:32:25","date_gmt":"2021-03-04T10:32:25","guid":{"rendered":"https:\/\/schiffers.pl\/?post_type=product&#038;p=12094"},"modified":"2025-01-30T13:24:59","modified_gmt":"2025-01-30T12:24:59","slug":"pierscionek-ksp124-ox-bc","status":"publish","type":"product","link":"https:\/\/schiffers.pl\/en\/sklep\/pierscionek-ksp124-ox-bc\/","title":{"rendered":"Pier\u015bcionek KSP124\/OX\/BC"},"content":{"rendered":"","protected":false},"excerpt":{"rendered":"<p>Srebrny pier\u015bcionek &#8222;PRALINA&#8221;. Mimo okaza\u0142ej formy pier\u015bcionek jest bardzo wygodny i zwraca na siebie uwag\u0119.<\/p>\n<p>Termin realizacji do 21 dni<\/p>\n<p>srebro 0,925, srebro, czarne cyrkonie<\/p>","protected":false},"featured_media":12140,"template":"","meta":[],"product_brand":[],"product_cat":[125],"product_tag":[],"class_list":{"0":"post-12094","1":"product","2":"type-product","3":"status-publish","4":"has-post-thumbnail","6":"product_cat-pierscionki","8":"first","9":"instock","10":"shipping-taxable","11":"purchasable","12":"product-type-simple"},"yoast_head":"<!-- This site is optimized with the Yoast SEO plugin v24.6 - https:\/\/yoast.com\/wordpress\/plugins\/seo\/ -->\n<title>Pier\u015bcionek KSP124\/OX\/BC - Schiffers<\/title>\n<meta name=\"robots\" content=\"index, follow, max-snippet:-1, max-image-preview:large, max-video-preview:-1\" \/>\n<link rel=\"canonical\" href=\"https:\/\/schiffers.pl\/en\/sklep\/pierscionek-ksp124-ox-bc\/\" \/>\n<meta property=\"og:locale\" content=\"en_US\" \/>\n<meta property=\"og:type\" content=\"article\" \/>\n<meta property=\"og:title\" content=\"Pier\u015bcionek KSP124\/OX\/BC - Schiffers\" \/>\n<meta property=\"og:description\" content=\"Srebrny pier\u015bcionek &quot;PRALINA&quot;. Mimo okaza\u0142ej formy pier\u015bcionek jest bardzo wygodny i zwraca na siebie uwag\u0119.  Termin realizacji do 21 dni  srebro 0,925, srebro, czarne cyrkonie\" \/>\n<meta property=\"og:url\" content=\"https:\/\/schiffers.pl\/en\/sklep\/pierscionek-ksp124-ox-bc\/\" \/>\n<meta property=\"og:site_name\" content=\"Schiffers\" \/>\n<meta property=\"article:modified_time\" content=\"2025-01-30T12:24:59+00:00\" \/>\n<meta property=\"og:image\" content=\"https:\/\/schiffers.pl\/wp-content\/uploads\/2021\/03\/1310103.jpg\" \/>\n\t<meta property=\"og:image:width\" content=\"1553\" \/>\n\t<meta property=\"og:image:height\" content=\"1553\" \/>\n\t<meta property=\"og:image:type\" content=\"image\/jpeg\" \/>\n<meta name=\"twitter:card\" content=\"summary_large_image\" \/>\n<script type=\"application\/ld+json\" class=\"yoast-schema-graph\">{\"@context\":\"https:\/\/schema.org\",\"@graph\":[{\"@type\":\"WebPage\",\"@id\":\"https:\/\/schiffers.pl\/sklep\/pierscionek-ksp124-ox-bc\/\",\"url\":\"https:\/\/schiffers.pl\/sklep\/pierscionek-ksp124-ox-bc\/\",\"name\":\"Pier\u015bcionek KSP124\/OX\/BC - Schiffers\",\"isPartOf\":{\"@id\":\"https:\/\/schiffers.pl\/#website\"},\"primaryImageOfPage\":{\"@id\":\"https:\/\/schiffers.pl\/sklep\/pierscionek-ksp124-ox-bc\/#primaryimage\"},\"image\":{\"@id\":\"https:\/\/schiffers.pl\/sklep\/pierscionek-ksp124-ox-bc\/#primaryimage\"},\"thumbnailUrl\":\"https:\/\/schiffers.pl\/wp-content\/uploads\/2021\/03\/1310103.jpg\",\"datePublished\":\"2021-03-04T10:32:25+00:00\",\"dateModified\":\"2025-01-30T12:24:59+00:00\",\"breadcrumb\":{\"@id\":\"https:\/\/schiffers.pl\/sklep\/pierscionek-ksp124-ox-bc\/#breadcrumb\"},\"inLanguage\":\"en-US\",\"potentialAction\":[{\"@type\":\"ReadAction\",\"target\":[\"https:\/\/schiffers.pl\/sklep\/pierscionek-ksp124-ox-bc\/\"]}]},{\"@type\":\"ImageObject\",\"inLanguage\":\"en-US\",\"@id\":\"https:\/\/schiffers.pl\/sklep\/pierscionek-ksp124-ox-bc\/#primaryimage\",\"url\":\"https:\/\/schiffers.pl\/wp-content\/uploads\/2021\/03\/1310103.jpg\",\"contentUrl\":\"https:\/\/schiffers.pl\/wp-content\/uploads\/2021\/03\/1310103.jpg\",\"width\":1553,\"height\":1553},{\"@type\":\"BreadcrumbList\",\"@id\":\"https:\/\/schiffers.pl\/sklep\/pierscionek-ksp124-ox-bc\/#breadcrumb\",\"itemListElement\":[{\"@type\":\"ListItem\",\"position\":1,\"name\":\"Strona g\u0142\u00f3wna\",\"item\":\"https:\/\/schiffers.pl\/\"},{\"@type\":\"ListItem\",\"position\":2,\"name\":\"Sklep\",\"item\":\"https:\/\/schiffers.pl\/sklep\/\"},{\"@type\":\"ListItem\",\"position\":3,\"name\":\"Pier\u015bcionek KSP124\/OX\/BC\"}]},{\"@type\":\"WebSite\",\"@id\":\"https:\/\/schiffers.pl\/#website\",\"url\":\"https:\/\/schiffers.pl\/\",\"name\":\"Schiffers\",\"description\":\"bi\u017cuteria\",\"potentialAction\":[{\"@type\":\"SearchAction\",\"target\":{\"@type\":\"EntryPoint\",\"urlTemplate\":\"https:\/\/schiffers.pl\/?s={search_term_string}\"},\"query-input\":{\"@type\":\"PropertyValueSpecification\",\"valueRequired\":true,\"valueName\":\"search_term_string\"}}],\"inLanguage\":\"en-US\"}]}<\/script>\n<!-- \/ Yoast SEO plugin. -->","yoast_head_json":{"title":"Pier\u015bcionek KSP124\/OX\/BC - Schiffers","robots":{"index":"index","follow":"follow","max-snippet":"max-snippet:-1","max-image-preview":"max-image-preview:large","max-video-preview":"max-video-preview:-1"},"canonical":"https:\/\/schiffers.pl\/en\/sklep\/pierscionek-ksp124-ox-bc\/","og_locale":"en_US","og_type":"article","og_title":"Pier\u015bcionek KSP124\/OX\/BC - Schiffers","og_description":"Srebrny pier\u015bcionek \"PRALINA\". Mimo okaza\u0142ej formy pier\u015bcionek jest bardzo wygodny i zwraca na siebie uwag\u0119.  Termin realizacji do 21 dni  srebro 0,925, srebro, czarne cyrkonie","og_url":"https:\/\/schiffers.pl\/en\/sklep\/pierscionek-ksp124-ox-bc\/","og_site_name":"Schiffers","article_modified_time":"2025-01-30T12:24:59+00:00","og_image":[{"width":1553,"height":1553,"url":"https:\/\/schiffers.pl\/wp-content\/uploads\/2021\/03\/1310103.jpg","type":"image\/jpeg"}],"twitter_card":"summary_large_image","schema":{"@context":"https:\/\/schema.org","@graph":[{"@type":"WebPage","@id":"https:\/\/schiffers.pl\/sklep\/pierscionek-ksp124-ox-bc\/","url":"https:\/\/schiffers.pl\/sklep\/pierscionek-ksp124-ox-bc\/","name":"Pier\u015bcionek KSP124\/OX\/BC - Schiffers","isPartOf":{"@id":"https:\/\/schiffers.pl\/#website"},"primaryImageOfPage":{"@id":"https:\/\/schiffers.pl\/sklep\/pierscionek-ksp124-ox-bc\/#primaryimage"},"image":{"@id":"https:\/\/schiffers.pl\/sklep\/pierscionek-ksp124-ox-bc\/#primaryimage"},"thumbnailUrl":"https:\/\/schiffers.pl\/wp-content\/uploads\/2021\/03\/1310103.jpg","datePublished":"2021-03-04T10:32:25+00:00","dateModified":"2025-01-30T12:24:59+00:00","breadcrumb":{"@id":"https:\/\/schiffers.pl\/sklep\/pierscionek-ksp124-ox-bc\/#breadcrumb"},"inLanguage":"en-US","potentialAction":[{"@type":"ReadAction","target":["https:\/\/schiffers.pl\/sklep\/pierscionek-ksp124-ox-bc\/"]}]},{"@type":"ImageObject","inLanguage":"en-US","@id":"https:\/\/schiffers.pl\/sklep\/pierscionek-ksp124-ox-bc\/#primaryimage","url":"https:\/\/schiffers.pl\/wp-content\/uploads\/2021\/03\/1310103.jpg","contentUrl":"https:\/\/schiffers.pl\/wp-content\/uploads\/2021\/03\/1310103.jpg","width":1553,"height":1553},{"@type":"BreadcrumbList","@id":"https:\/\/schiffers.pl\/sklep\/pierscionek-ksp124-ox-bc\/#breadcrumb","itemListElement":[{"@type":"ListItem","position":1,"name":"Strona g\u0142\u00f3wna","item":"https:\/\/schiffers.pl\/"},{"@type":"ListItem","position":2,"name":"Sklep","item":"https:\/\/schiffers.pl\/sklep\/"},{"@type":"ListItem","position":3,"name":"Pier\u015bcionek KSP124\/OX\/BC"}]},{"@type":"WebSite","@id":"https:\/\/schiffers.pl\/#website","url":"https:\/\/schiffers.pl\/","name":"Schiffers","description":"bi\u017cuteria","potentialAction":[{"@type":"SearchAction","target":{"@type":"EntryPoint","urlTemplate":"https:\/\/schiffers.pl\/?s={search_term_string}"},"query-input":{"@type":"PropertyValueSpecification","valueRequired":true,"valueName":"search_term_string"}}],"inLanguage":"en-US"}]}},"_links":{"self":[{"href":"https:\/\/schiffers.pl\/en\/wp-json\/wp\/v2\/product\/12094","targetHints":{"allow":["GET"]}}],"collection":[{"href":"https:\/\/schiffers.pl\/en\/wp-json\/wp\/v2\/product"}],"about":[{"href":"https:\/\/schiffers.pl\/en\/wp-json\/wp\/v2\/types\/product"}],"wp:featuredmedia":[{"embeddable":true,"href":"https:\/\/schiffers.pl\/en\/wp-json\/wp\/v2\/media\/12140"}],"wp:attachment":[{"href":"https:\/\/schiffers.pl\/en\/wp-json\/wp\/v2\/media?parent=12094"}],"wp:term":[{"taxonomy":"product_brand","embeddable":true,"href":"https:\/\/schiffers.pl\/en\/wp-json\/wp\/v2\/product_brand?post=12094"},{"taxonomy":"product_cat","embeddable":true,"href":"https:\/\/schiffers.pl\/en\/wp-json\/wp\/v2\/product_cat?post=12094"},{"taxonomy":"product_tag","embeddable":true,"href":"https:\/\/schiffers.pl\/en\/wp-json\/wp\/v2\/product_tag?post=12094"}],"curies":[{"name":"wp","href":"https:\/\/api.w.org\/{rel}","templated":true}]}}