{"id":11910,"date":"2021-02-09T15:28:17","date_gmt":"2021-02-09T14:28:17","guid":{"rendered":"https:\/\/schiffers.pl\/?post_type=product&#038;p=11910"},"modified":"2021-03-22T14:33:05","modified_gmt":"2021-03-22T13:33:05","slug":"pierscionek-ksp132-ox-p","status":"publish","type":"product","link":"https:\/\/schiffers.pl\/en\/sklep\/pierscionek-ksp132-ox-p\/","title":{"rendered":"Pier\u015bcionek KSP132 OX\/P"},"content":{"rendered":"","protected":false},"excerpt":{"rendered":"<p>Srebrny, oksydowany pier\u015bcionek z per\u0142\u0105 s\u0142odkowodn\u0105 z kolekcji &#8222;Obietnica&#8221;. Oprawa per\u0142y wykonana ze z\u0142ota pr\u00f3by 585.<\/p>\n<p>Termin realizacji 14 dni roboczych.<\/p>\n<p>srebro oksydowane 0,925, z\u0142oto 585 , per\u0142a s\u0142odkowodna<\/p>","protected":false},"featured_media":11876,"template":"","meta":[],"product_brand":[],"product_cat":[125],"product_tag":[],"class_list":{"0":"post-11910","1":"product","2":"type-product","3":"status-publish","4":"has-post-thumbnail","6":"product_cat-pierscionki","8":"first","9":"instock","10":"shipping-taxable","11":"purchasable","12":"product-type-variable"},"yoast_head":"<!-- This site is optimized with the Yoast SEO plugin v24.6 - https:\/\/yoast.com\/wordpress\/plugins\/seo\/ -->\n<title>Pier\u015bcionek KSP132 OX\/P - Schiffers<\/title>\n<meta name=\"robots\" content=\"index, follow, max-snippet:-1, max-image-preview:large, max-video-preview:-1\" \/>\n<link rel=\"canonical\" href=\"https:\/\/schiffers.pl\/en\/sklep\/pierscionek-ksp132-ox-p\/\" \/>\n<meta property=\"og:locale\" content=\"en_US\" \/>\n<meta property=\"og:type\" content=\"article\" \/>\n<meta property=\"og:title\" content=\"Pier\u015bcionek KSP132 OX\/P - Schiffers\" \/>\n<meta property=\"og:description\" content=\"Srebrny, oksydowany pier\u015bcionek z per\u0142\u0105 s\u0142odkowodn\u0105 z kolekcji &quot;Obietnica&quot;. Oprawa per\u0142y wykonana ze z\u0142ota pr\u00f3by 585.  Termin realizacji 14 dni roboczych.  srebro oksydowane 0,925, z\u0142oto 585 , per\u0142a s\u0142odkowodna\" \/>\n<meta property=\"og:url\" content=\"https:\/\/schiffers.pl\/en\/sklep\/pierscionek-ksp132-ox-p\/\" \/>\n<meta property=\"og:site_name\" content=\"Schiffers\" \/>\n<meta property=\"article:modified_time\" content=\"2021-03-22T13:33:05+00:00\" \/>\n<meta property=\"og:image\" content=\"https:\/\/schiffers.pl\/wp-content\/uploads\/2021\/01\/1360680.jpg\" \/>\n\t<meta property=\"og:image:width\" content=\"1742\" \/>\n\t<meta property=\"og:image:height\" content=\"1742\" \/>\n\t<meta property=\"og:image:type\" content=\"image\/jpeg\" \/>\n<meta name=\"twitter:card\" content=\"summary_large_image\" \/>\n<script type=\"application\/ld+json\" class=\"yoast-schema-graph\">{\"@context\":\"https:\/\/schema.org\",\"@graph\":[{\"@type\":\"WebPage\",\"@id\":\"https:\/\/schiffers.pl\/sklep\/pierscionek-ksp132-ox-p\/\",\"url\":\"https:\/\/schiffers.pl\/sklep\/pierscionek-ksp132-ox-p\/\",\"name\":\"Pier\u015bcionek KSP132 OX\/P - Schiffers\",\"isPartOf\":{\"@id\":\"https:\/\/schiffers.pl\/#website\"},\"primaryImageOfPage\":{\"@id\":\"https:\/\/schiffers.pl\/sklep\/pierscionek-ksp132-ox-p\/#primaryimage\"},\"image\":{\"@id\":\"https:\/\/schiffers.pl\/sklep\/pierscionek-ksp132-ox-p\/#primaryimage\"},\"thumbnailUrl\":\"https:\/\/schiffers.pl\/wp-content\/uploads\/2021\/01\/1360680.jpg\",\"datePublished\":\"2021-02-09T14:28:17+00:00\",\"dateModified\":\"2021-03-22T13:33:05+00:00\",\"breadcrumb\":{\"@id\":\"https:\/\/schiffers.pl\/sklep\/pierscionek-ksp132-ox-p\/#breadcrumb\"},\"inLanguage\":\"en-US\",\"potentialAction\":[{\"@type\":\"ReadAction\",\"target\":[\"https:\/\/schiffers.pl\/sklep\/pierscionek-ksp132-ox-p\/\"]}]},{\"@type\":\"ImageObject\",\"inLanguage\":\"en-US\",\"@id\":\"https:\/\/schiffers.pl\/sklep\/pierscionek-ksp132-ox-p\/#primaryimage\",\"url\":\"https:\/\/schiffers.pl\/wp-content\/uploads\/2021\/01\/1360680.jpg\",\"contentUrl\":\"https:\/\/schiffers.pl\/wp-content\/uploads\/2021\/01\/1360680.jpg\",\"width\":1742,\"height\":1742},{\"@type\":\"BreadcrumbList\",\"@id\":\"https:\/\/schiffers.pl\/sklep\/pierscionek-ksp132-ox-p\/#breadcrumb\",\"itemListElement\":[{\"@type\":\"ListItem\",\"position\":1,\"name\":\"Strona g\u0142\u00f3wna\",\"item\":\"https:\/\/schiffers.pl\/\"},{\"@type\":\"ListItem\",\"position\":2,\"name\":\"Sklep\",\"item\":\"https:\/\/schiffers.pl\/sklep\/\"},{\"@type\":\"ListItem\",\"position\":3,\"name\":\"Pier\u015bcionek KSP132 OX\/P\"}]},{\"@type\":\"WebSite\",\"@id\":\"https:\/\/schiffers.pl\/#website\",\"url\":\"https:\/\/schiffers.pl\/\",\"name\":\"Schiffers\",\"description\":\"bi\u017cuteria\",\"potentialAction\":[{\"@type\":\"SearchAction\",\"target\":{\"@type\":\"EntryPoint\",\"urlTemplate\":\"https:\/\/schiffers.pl\/?s={search_term_string}\"},\"query-input\":{\"@type\":\"PropertyValueSpecification\",\"valueRequired\":true,\"valueName\":\"search_term_string\"}}],\"inLanguage\":\"en-US\"}]}<\/script>\n<!-- \/ Yoast SEO plugin. -->","yoast_head_json":{"title":"Pier\u015bcionek KSP132 OX\/P - Schiffers","robots":{"index":"index","follow":"follow","max-snippet":"max-snippet:-1","max-image-preview":"max-image-preview:large","max-video-preview":"max-video-preview:-1"},"canonical":"https:\/\/schiffers.pl\/en\/sklep\/pierscionek-ksp132-ox-p\/","og_locale":"en_US","og_type":"article","og_title":"Pier\u015bcionek KSP132 OX\/P - Schiffers","og_description":"Srebrny, oksydowany pier\u015bcionek z per\u0142\u0105 s\u0142odkowodn\u0105 z kolekcji \"Obietnica\". Oprawa per\u0142y wykonana ze z\u0142ota pr\u00f3by 585.  Termin realizacji 14 dni roboczych.  srebro oksydowane 0,925, z\u0142oto 585 , per\u0142a s\u0142odkowodna","og_url":"https:\/\/schiffers.pl\/en\/sklep\/pierscionek-ksp132-ox-p\/","og_site_name":"Schiffers","article_modified_time":"2021-03-22T13:33:05+00:00","og_image":[{"width":1742,"height":1742,"url":"https:\/\/schiffers.pl\/wp-content\/uploads\/2021\/01\/1360680.jpg","type":"image\/jpeg"}],"twitter_card":"summary_large_image","schema":{"@context":"https:\/\/schema.org","@graph":[{"@type":"WebPage","@id":"https:\/\/schiffers.pl\/sklep\/pierscionek-ksp132-ox-p\/","url":"https:\/\/schiffers.pl\/sklep\/pierscionek-ksp132-ox-p\/","name":"Pier\u015bcionek KSP132 OX\/P - Schiffers","isPartOf":{"@id":"https:\/\/schiffers.pl\/#website"},"primaryImageOfPage":{"@id":"https:\/\/schiffers.pl\/sklep\/pierscionek-ksp132-ox-p\/#primaryimage"},"image":{"@id":"https:\/\/schiffers.pl\/sklep\/pierscionek-ksp132-ox-p\/#primaryimage"},"thumbnailUrl":"https:\/\/schiffers.pl\/wp-content\/uploads\/2021\/01\/1360680.jpg","datePublished":"2021-02-09T14:28:17+00:00","dateModified":"2021-03-22T13:33:05+00:00","breadcrumb":{"@id":"https:\/\/schiffers.pl\/sklep\/pierscionek-ksp132-ox-p\/#breadcrumb"},"inLanguage":"en-US","potentialAction":[{"@type":"ReadAction","target":["https:\/\/schiffers.pl\/sklep\/pierscionek-ksp132-ox-p\/"]}]},{"@type":"ImageObject","inLanguage":"en-US","@id":"https:\/\/schiffers.pl\/sklep\/pierscionek-ksp132-ox-p\/#primaryimage","url":"https:\/\/schiffers.pl\/wp-content\/uploads\/2021\/01\/1360680.jpg","contentUrl":"https:\/\/schiffers.pl\/wp-content\/uploads\/2021\/01\/1360680.jpg","width":1742,"height":1742},{"@type":"BreadcrumbList","@id":"https:\/\/schiffers.pl\/sklep\/pierscionek-ksp132-ox-p\/#breadcrumb","itemListElement":[{"@type":"ListItem","position":1,"name":"Strona g\u0142\u00f3wna","item":"https:\/\/schiffers.pl\/"},{"@type":"ListItem","position":2,"name":"Sklep","item":"https:\/\/schiffers.pl\/sklep\/"},{"@type":"ListItem","position":3,"name":"Pier\u015bcionek KSP132 OX\/P"}]},{"@type":"WebSite","@id":"https:\/\/schiffers.pl\/#website","url":"https:\/\/schiffers.pl\/","name":"Schiffers","description":"bi\u017cuteria","potentialAction":[{"@type":"SearchAction","target":{"@type":"EntryPoint","urlTemplate":"https:\/\/schiffers.pl\/?s={search_term_string}"},"query-input":{"@type":"PropertyValueSpecification","valueRequired":true,"valueName":"search_term_string"}}],"inLanguage":"en-US"}]}},"_links":{"self":[{"href":"https:\/\/schiffers.pl\/en\/wp-json\/wp\/v2\/product\/11910","targetHints":{"allow":["GET"]}}],"collection":[{"href":"https:\/\/schiffers.pl\/en\/wp-json\/wp\/v2\/product"}],"about":[{"href":"https:\/\/schiffers.pl\/en\/wp-json\/wp\/v2\/types\/product"}],"wp:featuredmedia":[{"embeddable":true,"href":"https:\/\/schiffers.pl\/en\/wp-json\/wp\/v2\/media\/11876"}],"wp:attachment":[{"href":"https:\/\/schiffers.pl\/en\/wp-json\/wp\/v2\/media?parent=11910"}],"wp:term":[{"taxonomy":"product_brand","embeddable":true,"href":"https:\/\/schiffers.pl\/en\/wp-json\/wp\/v2\/product_brand?post=11910"},{"taxonomy":"product_cat","embeddable":true,"href":"https:\/\/schiffers.pl\/en\/wp-json\/wp\/v2\/product_cat?post=11910"},{"taxonomy":"product_tag","embeddable":true,"href":"https:\/\/schiffers.pl\/en\/wp-json\/wp\/v2\/product_tag?post=11910"}],"curies":[{"name":"wp","href":"https:\/\/api.w.org\/{rel}","templated":true}]}}