{"id":11220,"date":"2019-10-22T16:02:56","date_gmt":"2019-10-22T14:02:56","guid":{"rendered":"https:\/\/schiffers.pl\/?post_type=product&#038;p=11220\/"},"modified":"2019-10-22T16:38:39","modified_gmt":"2019-10-22T14:38:39","slug":"oslo","status":"publish","type":"product","link":"https:\/\/schiffers.pl\/en\/sklep\/oslo\/","title":{"rendered":"Oslo"},"content":{"rendered":"","protected":false},"excerpt":{"rendered":"<p>Subtelna obr\u0105czka o ciekawym, nieregularnym wyko\u0144czeniu. Powierzchnia matowana , oszlifowana pod r\u00f3\u017cnym k\u0105tem. Pomimo surowo\u015bci, bardzo organiczna i &#8222;bliska cia\u0142u&#8221;, stylistyka odwo\u0142uje si\u0119 do natury. Realizacja w trzech kolorach z\u0142ota &#8211; bia\u0142ym, \u017c\u00f3\u0142tym oraz r\u00f3\u017cowym.<\/p>","protected":false},"featured_media":11221,"template":"","meta":[],"product_brand":[],"product_cat":[189],"product_tag":[],"class_list":{"0":"post-11220","1":"product","2":"type-product","3":"status-publish","4":"has-post-thumbnail","6":"product_cat-prezentacja-obraczki-slubne","8":"first","9":"outofstock","10":"shipping-taxable","11":"product-type-simple"},"yoast_head":"<!-- This site is optimized with the Yoast SEO plugin v24.6 - https:\/\/yoast.com\/wordpress\/plugins\/seo\/ -->\n<title>Oslo - Schiffers<\/title>\n<meta name=\"robots\" content=\"index, follow, max-snippet:-1, max-image-preview:large, max-video-preview:-1\" \/>\n<link rel=\"canonical\" href=\"https:\/\/schiffers.pl\/en\/sklep\/oslo\/\" \/>\n<meta property=\"og:locale\" content=\"en_US\" \/>\n<meta property=\"og:type\" content=\"article\" \/>\n<meta property=\"og:title\" content=\"Oslo - Schiffers\" \/>\n<meta property=\"og:description\" content=\"Subtelna obr\u0105czka o ciekawym, nieregularnym wyko\u0144czeniu. Powierzchnia matowana , oszlifowana pod r\u00f3\u017cnym k\u0105tem. Pomimo surowo\u015bci, bardzo organiczna i &quot;bliska cia\u0142u&quot;, stylistyka odwo\u0142uje si\u0119 do natury. Realizacja w trzech kolorach z\u0142ota - bia\u0142ym, \u017c\u00f3\u0142tym oraz r\u00f3\u017cowym.\" \/>\n<meta property=\"og:url\" content=\"https:\/\/schiffers.pl\/en\/sklep\/oslo\/\" \/>\n<meta property=\"og:site_name\" content=\"Schiffers\" \/>\n<meta property=\"article:modified_time\" content=\"2019-10-22T14:38:39+00:00\" \/>\n<meta property=\"og:image\" content=\"https:\/\/schiffers.pl\/wp-content\/uploads\/2019\/10\/1350524.jpg\" \/>\n\t<meta property=\"og:image:width\" content=\"1753\" \/>\n\t<meta property=\"og:image:height\" content=\"1753\" \/>\n\t<meta property=\"og:image:type\" content=\"image\/jpeg\" \/>\n<meta name=\"twitter:card\" content=\"summary_large_image\" \/>\n<script type=\"application\/ld+json\" class=\"yoast-schema-graph\">{\"@context\":\"https:\/\/schema.org\",\"@graph\":[{\"@type\":\"WebPage\",\"@id\":\"https:\/\/schiffers.pl\/sklep\/oslo\/\",\"url\":\"https:\/\/schiffers.pl\/sklep\/oslo\/\",\"name\":\"Oslo - Schiffers\",\"isPartOf\":{\"@id\":\"https:\/\/schiffers.pl\/#website\"},\"primaryImageOfPage\":{\"@id\":\"https:\/\/schiffers.pl\/sklep\/oslo\/#primaryimage\"},\"image\":{\"@id\":\"https:\/\/schiffers.pl\/sklep\/oslo\/#primaryimage\"},\"thumbnailUrl\":\"https:\/\/schiffers.pl\/wp-content\/uploads\/2019\/10\/1350524.jpg\",\"datePublished\":\"2019-10-22T14:02:56+00:00\",\"dateModified\":\"2019-10-22T14:38:39+00:00\",\"breadcrumb\":{\"@id\":\"https:\/\/schiffers.pl\/sklep\/oslo\/#breadcrumb\"},\"inLanguage\":\"en-US\",\"potentialAction\":[{\"@type\":\"ReadAction\",\"target\":[\"https:\/\/schiffers.pl\/sklep\/oslo\/\"]}]},{\"@type\":\"ImageObject\",\"inLanguage\":\"en-US\",\"@id\":\"https:\/\/schiffers.pl\/sklep\/oslo\/#primaryimage\",\"url\":\"https:\/\/schiffers.pl\/wp-content\/uploads\/2019\/10\/1350524.jpg\",\"contentUrl\":\"https:\/\/schiffers.pl\/wp-content\/uploads\/2019\/10\/1350524.jpg\",\"width\":1753,\"height\":1753},{\"@type\":\"BreadcrumbList\",\"@id\":\"https:\/\/schiffers.pl\/sklep\/oslo\/#breadcrumb\",\"itemListElement\":[{\"@type\":\"ListItem\",\"position\":1,\"name\":\"Strona g\u0142\u00f3wna\",\"item\":\"https:\/\/schiffers.pl\/\"},{\"@type\":\"ListItem\",\"position\":2,\"name\":\"Sklep\",\"item\":\"https:\/\/schiffers.pl\/sklep\/\"},{\"@type\":\"ListItem\",\"position\":3,\"name\":\"Oslo\"}]},{\"@type\":\"WebSite\",\"@id\":\"https:\/\/schiffers.pl\/#website\",\"url\":\"https:\/\/schiffers.pl\/\",\"name\":\"Schiffers\",\"description\":\"bi\u017cuteria\",\"potentialAction\":[{\"@type\":\"SearchAction\",\"target\":{\"@type\":\"EntryPoint\",\"urlTemplate\":\"https:\/\/schiffers.pl\/?s={search_term_string}\"},\"query-input\":{\"@type\":\"PropertyValueSpecification\",\"valueRequired\":true,\"valueName\":\"search_term_string\"}}],\"inLanguage\":\"en-US\"}]}<\/script>\n<!-- \/ Yoast SEO plugin. -->","yoast_head_json":{"title":"Oslo - Schiffers","robots":{"index":"index","follow":"follow","max-snippet":"max-snippet:-1","max-image-preview":"max-image-preview:large","max-video-preview":"max-video-preview:-1"},"canonical":"https:\/\/schiffers.pl\/en\/sklep\/oslo\/","og_locale":"en_US","og_type":"article","og_title":"Oslo - Schiffers","og_description":"Subtelna obr\u0105czka o ciekawym, nieregularnym wyko\u0144czeniu. Powierzchnia matowana , oszlifowana pod r\u00f3\u017cnym k\u0105tem. Pomimo surowo\u015bci, bardzo organiczna i \"bliska cia\u0142u\", stylistyka odwo\u0142uje si\u0119 do natury. Realizacja w trzech kolorach z\u0142ota - bia\u0142ym, \u017c\u00f3\u0142tym oraz r\u00f3\u017cowym.","og_url":"https:\/\/schiffers.pl\/en\/sklep\/oslo\/","og_site_name":"Schiffers","article_modified_time":"2019-10-22T14:38:39+00:00","og_image":[{"width":1753,"height":1753,"url":"https:\/\/schiffers.pl\/wp-content\/uploads\/2019\/10\/1350524.jpg","type":"image\/jpeg"}],"twitter_card":"summary_large_image","schema":{"@context":"https:\/\/schema.org","@graph":[{"@type":"WebPage","@id":"https:\/\/schiffers.pl\/sklep\/oslo\/","url":"https:\/\/schiffers.pl\/sklep\/oslo\/","name":"Oslo - Schiffers","isPartOf":{"@id":"https:\/\/schiffers.pl\/#website"},"primaryImageOfPage":{"@id":"https:\/\/schiffers.pl\/sklep\/oslo\/#primaryimage"},"image":{"@id":"https:\/\/schiffers.pl\/sklep\/oslo\/#primaryimage"},"thumbnailUrl":"https:\/\/schiffers.pl\/wp-content\/uploads\/2019\/10\/1350524.jpg","datePublished":"2019-10-22T14:02:56+00:00","dateModified":"2019-10-22T14:38:39+00:00","breadcrumb":{"@id":"https:\/\/schiffers.pl\/sklep\/oslo\/#breadcrumb"},"inLanguage":"en-US","potentialAction":[{"@type":"ReadAction","target":["https:\/\/schiffers.pl\/sklep\/oslo\/"]}]},{"@type":"ImageObject","inLanguage":"en-US","@id":"https:\/\/schiffers.pl\/sklep\/oslo\/#primaryimage","url":"https:\/\/schiffers.pl\/wp-content\/uploads\/2019\/10\/1350524.jpg","contentUrl":"https:\/\/schiffers.pl\/wp-content\/uploads\/2019\/10\/1350524.jpg","width":1753,"height":1753},{"@type":"BreadcrumbList","@id":"https:\/\/schiffers.pl\/sklep\/oslo\/#breadcrumb","itemListElement":[{"@type":"ListItem","position":1,"name":"Strona g\u0142\u00f3wna","item":"https:\/\/schiffers.pl\/"},{"@type":"ListItem","position":2,"name":"Sklep","item":"https:\/\/schiffers.pl\/sklep\/"},{"@type":"ListItem","position":3,"name":"Oslo"}]},{"@type":"WebSite","@id":"https:\/\/schiffers.pl\/#website","url":"https:\/\/schiffers.pl\/","name":"Schiffers","description":"bi\u017cuteria","potentialAction":[{"@type":"SearchAction","target":{"@type":"EntryPoint","urlTemplate":"https:\/\/schiffers.pl\/?s={search_term_string}"},"query-input":{"@type":"PropertyValueSpecification","valueRequired":true,"valueName":"search_term_string"}}],"inLanguage":"en-US"}]}},"_links":{"self":[{"href":"https:\/\/schiffers.pl\/en\/wp-json\/wp\/v2\/product\/11220","targetHints":{"allow":["GET"]}}],"collection":[{"href":"https:\/\/schiffers.pl\/en\/wp-json\/wp\/v2\/product"}],"about":[{"href":"https:\/\/schiffers.pl\/en\/wp-json\/wp\/v2\/types\/product"}],"wp:featuredmedia":[{"embeddable":true,"href":"https:\/\/schiffers.pl\/en\/wp-json\/wp\/v2\/media\/11221"}],"wp:attachment":[{"href":"https:\/\/schiffers.pl\/en\/wp-json\/wp\/v2\/media?parent=11220"}],"wp:term":[{"taxonomy":"product_brand","embeddable":true,"href":"https:\/\/schiffers.pl\/en\/wp-json\/wp\/v2\/product_brand?post=11220"},{"taxonomy":"product_cat","embeddable":true,"href":"https:\/\/schiffers.pl\/en\/wp-json\/wp\/v2\/product_cat?post=11220"},{"taxonomy":"product_tag","embeddable":true,"href":"https:\/\/schiffers.pl\/en\/wp-json\/wp\/v2\/product_tag?post=11220"}],"curies":[{"name":"wp","href":"https:\/\/api.w.org\/{rel}","templated":true}]}}