{"id":10926,"date":"2019-07-09T13:28:39","date_gmt":"2019-07-09T11:28:39","guid":{"rendered":"https:\/\/schiffers.pl\/?post_type=product&#038;p=10926\/"},"modified":"2024-12-06T08:49:37","modified_gmt":"2024-12-06T07:49:37","slug":"zloty-pierscionek-z-pieknym-aleksandrytem","status":"publish","type":"product","link":"https:\/\/schiffers.pl\/en\/sklep\/zloty-pierscionek-z-pieknym-aleksandrytem\/","title":{"rendered":"Z\u0142oty pier\u015bcionek z pi\u0119knym aleksandrytem"},"content":{"rendered":"<h2 style=\"display: block;\">Z\u0142oty pier\u015bcionek z tajemniczym aleksandrytem naturalnym<\/h2>\n<p>Aleksandryt to doprawdy fascynuj\u0105cy, rzadki, a tym samym wyj\u0105tkowy kamie\u0144 szlachetny. Cho\u0107 zosta\u0142 ju\u017c szczeg\u00f3\u0142owo przebadany przez naukowc\u00f3w, nadal pozostaje uznawany za nieco tajemniczy dla szerszego grona odbiorc\u00f3w. Znany jest z niesamowitego efektu zmiany barwy, w zale\u017cno\u015bci od zastanego o\u015bwietlenia. Ten pier\u015bcionek z aleksandrytem naturalnym b\u0119dzie wprost stworzony dla os\u00f3b ceni\u0105cych nieoczywiste pi\u0119kno oraz ponadprzeci\u0119tn\u0105 trwa\u0142o\u015b\u0107 \u2013 w\u015br\u00f3d podstawowych cech charakterystycznych kamienia podkre\u015bla si\u0119 bowiem jego twardo\u015b\u0107: 8,5 w skali Mohsa. <\/p>\n<h2 style=\"display: block;\">Pier\u015bcionek z aleksandrytem naturalnym \u2013 pi\u0119kno niejedno ma imi\u0119 <\/h2>\n<p>Aleksandryt, jak wcze\u015bniej wspomnieli\u015bmy, zachwyca swoj\u0105 zdolno\u015bci\u0105 do zmiany koloru. To w\u0142a\u015bnie owe niezwyk\u0142e zjawisko czyni minera\u0142 jednym z najbardziej po\u017c\u0105danych kamieni w \u015brodowisku jubilerskim. Ponadto aleksandryt jest w wyst\u0119powaniu rzadszy od szafir\u00f3w, rubin\u00f3w czy szmaragd\u00f3w, dlatego te\u017c jest cenniejszy. Z\u0142oty pier\u015bcionek wzbogacony o aleksandryt naturalny z pracowni Schiffers z ca\u0142\u0105 pewno\u015bci\u0105 oka\u017ce si\u0119 doskona\u0142ym prezentem na wyj\u0105tkowe okazje, takie jak rocznice, zar\u0119czyny b\u0105d\u017a te\u017c urodziny. Kamie\u0144 symbolizuje harmoni\u0119, r\u00f3wnowag\u0119 oraz wewn\u0119trzn\u0105 si\u0142\u0119, co czyni go trafnym wyborem dla os\u00f3b pragn\u0105cych nosi\u0107 bi\u017cuteri\u0119 o g\u0142\u0119bszym znaczeniu. Ten model sprawdzi si\u0119 wspaniale w przypadku obdarowania mi\u0142o\u015bniczki minimalistycznego wzornictwa.<\/p>","protected":false},"excerpt":{"rendered":"<p>Niezwykle delikatny i kobiecy pier\u015bcionek wykonany ze z\u0142ota w dw\u00f3ch kolorach \u2013 bia\u0142ym i \u017c\u00f3\u0142tym. Pier\u015bcionek wie\u0144czy ciekawy kamie\u0144 \u2013 aleksandryt \u2013 rzadka, przezroczysta odmiana chryzoberylu. W zale\u017cno\u015bci od o\u015bwietlenia zmienia on barw\u0119: w \u015bwietle dziennym jest zielony, w sztucznym o\u015bwietleniu \u2013 czerwony. Nazwany na cze\u015b\u0107 cara Aleksandra II w 1842 roku.<\/p>","protected":false},"featured_media":10934,"template":"","meta":[],"product_brand":[],"product_cat":[171],"product_tag":[],"class_list":{"0":"post-10926","1":"product","2":"type-product","3":"status-publish","4":"has-post-thumbnail","6":"product_cat-prezentacja-pierscionki-zareczynowe","8":"first","9":"outofstock","10":"shipping-taxable","11":"product-type-simple"},"yoast_head":"<!-- This site is optimized with the Yoast SEO plugin v24.6 - https:\/\/yoast.com\/wordpress\/plugins\/seo\/ -->\n<title>Z\u0142oty pier\u015bcionek z naturalnym aleksandrytem | Schiffers<\/title>\n<meta name=\"description\" content=\"Cenisz sobie bi\u017cuteri\u0119 nie tylko ponadprzeci\u0119tnie trwa\u0142\u0105, ale r\u00f3wnie\u017c absolutnie unikatow\u0105? Postaw na delikatny model z\u0142otego pier\u015bcionka z tajemniczym aleksandrytem.\" \/>\n<meta name=\"robots\" content=\"index, follow, max-snippet:-1, max-image-preview:large, max-video-preview:-1\" \/>\n<link rel=\"canonical\" href=\"https:\/\/schiffers.pl\/en\/sklep\/zloty-pierscionek-z-pieknym-aleksandrytem\/\" \/>\n<meta property=\"og:locale\" content=\"en_US\" \/>\n<meta property=\"og:type\" content=\"article\" \/>\n<meta property=\"og:title\" content=\"Z\u0142oty pier\u015bcionek z naturalnym aleksandrytem | Schiffers\" \/>\n<meta property=\"og:description\" content=\"Cenisz sobie bi\u017cuteri\u0119 nie tylko ponadprzeci\u0119tnie trwa\u0142\u0105, ale r\u00f3wnie\u017c absolutnie unikatow\u0105? Postaw na delikatny model z\u0142otego pier\u015bcionka z tajemniczym aleksandrytem.\" \/>\n<meta property=\"og:url\" content=\"https:\/\/schiffers.pl\/en\/sklep\/zloty-pierscionek-z-pieknym-aleksandrytem\/\" \/>\n<meta property=\"og:site_name\" content=\"Schiffers\" \/>\n<meta property=\"article:modified_time\" content=\"2024-12-06T07:49:37+00:00\" \/>\n<meta property=\"og:image\" content=\"https:\/\/schiffers.pl\/wp-content\/uploads\/2019\/07\/1320814-1.jpg\" \/>\n\t<meta property=\"og:image:width\" content=\"1138\" \/>\n\t<meta property=\"og:image:height\" content=\"1138\" \/>\n\t<meta property=\"og:image:type\" content=\"image\/jpeg\" \/>\n<meta name=\"twitter:card\" content=\"summary_large_image\" \/>\n<script type=\"application\/ld+json\" class=\"yoast-schema-graph\">{\"@context\":\"https:\/\/schema.org\",\"@graph\":[{\"@type\":\"WebPage\",\"@id\":\"https:\/\/schiffers.pl\/sklep\/zloty-pierscionek-z-pieknym-aleksandrytem\/\",\"url\":\"https:\/\/schiffers.pl\/sklep\/zloty-pierscionek-z-pieknym-aleksandrytem\/\",\"name\":\"Z\u0142oty pier\u015bcionek z naturalnym aleksandrytem | Schiffers\",\"isPartOf\":{\"@id\":\"https:\/\/schiffers.pl\/#website\"},\"primaryImageOfPage\":{\"@id\":\"https:\/\/schiffers.pl\/sklep\/zloty-pierscionek-z-pieknym-aleksandrytem\/#primaryimage\"},\"image\":{\"@id\":\"https:\/\/schiffers.pl\/sklep\/zloty-pierscionek-z-pieknym-aleksandrytem\/#primaryimage\"},\"thumbnailUrl\":\"https:\/\/schiffers.pl\/wp-content\/uploads\/2019\/07\/1320814-1.jpg\",\"datePublished\":\"2019-07-09T11:28:39+00:00\",\"dateModified\":\"2024-12-06T07:49:37+00:00\",\"description\":\"Cenisz sobie bi\u017cuteri\u0119 nie tylko ponadprzeci\u0119tnie trwa\u0142\u0105, ale r\u00f3wnie\u017c absolutnie unikatow\u0105? Postaw na delikatny model z\u0142otego pier\u015bcionka z tajemniczym aleksandrytem.\",\"breadcrumb\":{\"@id\":\"https:\/\/schiffers.pl\/sklep\/zloty-pierscionek-z-pieknym-aleksandrytem\/#breadcrumb\"},\"inLanguage\":\"en-US\",\"potentialAction\":[{\"@type\":\"ReadAction\",\"target\":[\"https:\/\/schiffers.pl\/sklep\/zloty-pierscionek-z-pieknym-aleksandrytem\/\"]}]},{\"@type\":\"ImageObject\",\"inLanguage\":\"en-US\",\"@id\":\"https:\/\/schiffers.pl\/sklep\/zloty-pierscionek-z-pieknym-aleksandrytem\/#primaryimage\",\"url\":\"https:\/\/schiffers.pl\/wp-content\/uploads\/2019\/07\/1320814-1.jpg\",\"contentUrl\":\"https:\/\/schiffers.pl\/wp-content\/uploads\/2019\/07\/1320814-1.jpg\",\"width\":1138,\"height\":1138,\"caption\":\"Z\u0142oty pier\u015bcionek z aleksandytem\"},{\"@type\":\"BreadcrumbList\",\"@id\":\"https:\/\/schiffers.pl\/sklep\/zloty-pierscionek-z-pieknym-aleksandrytem\/#breadcrumb\",\"itemListElement\":[{\"@type\":\"ListItem\",\"position\":1,\"name\":\"Strona g\u0142\u00f3wna\",\"item\":\"https:\/\/schiffers.pl\/\"},{\"@type\":\"ListItem\",\"position\":2,\"name\":\"Sklep\",\"item\":\"https:\/\/schiffers.pl\/sklep\/\"},{\"@type\":\"ListItem\",\"position\":3,\"name\":\"Z\u0142oty pier\u015bcionek z pi\u0119knym aleksandrytem\"}]},{\"@type\":\"WebSite\",\"@id\":\"https:\/\/schiffers.pl\/#website\",\"url\":\"https:\/\/schiffers.pl\/\",\"name\":\"Schiffers\",\"description\":\"bi\u017cuteria\",\"potentialAction\":[{\"@type\":\"SearchAction\",\"target\":{\"@type\":\"EntryPoint\",\"urlTemplate\":\"https:\/\/schiffers.pl\/?s={search_term_string}\"},\"query-input\":{\"@type\":\"PropertyValueSpecification\",\"valueRequired\":true,\"valueName\":\"search_term_string\"}}],\"inLanguage\":\"en-US\"}]}<\/script>\n<!-- \/ Yoast SEO plugin. -->","yoast_head_json":{"title":"Z\u0142oty pier\u015bcionek z naturalnym aleksandrytem | Schiffers","description":"Cenisz sobie bi\u017cuteri\u0119 nie tylko ponadprzeci\u0119tnie trwa\u0142\u0105, ale r\u00f3wnie\u017c absolutnie unikatow\u0105? Postaw na delikatny model z\u0142otego pier\u015bcionka z tajemniczym aleksandrytem.","robots":{"index":"index","follow":"follow","max-snippet":"max-snippet:-1","max-image-preview":"max-image-preview:large","max-video-preview":"max-video-preview:-1"},"canonical":"https:\/\/schiffers.pl\/en\/sklep\/zloty-pierscionek-z-pieknym-aleksandrytem\/","og_locale":"en_US","og_type":"article","og_title":"Z\u0142oty pier\u015bcionek z naturalnym aleksandrytem | Schiffers","og_description":"Cenisz sobie bi\u017cuteri\u0119 nie tylko ponadprzeci\u0119tnie trwa\u0142\u0105, ale r\u00f3wnie\u017c absolutnie unikatow\u0105? Postaw na delikatny model z\u0142otego pier\u015bcionka z tajemniczym aleksandrytem.","og_url":"https:\/\/schiffers.pl\/en\/sklep\/zloty-pierscionek-z-pieknym-aleksandrytem\/","og_site_name":"Schiffers","article_modified_time":"2024-12-06T07:49:37+00:00","og_image":[{"width":1138,"height":1138,"url":"https:\/\/schiffers.pl\/wp-content\/uploads\/2019\/07\/1320814-1.jpg","type":"image\/jpeg"}],"twitter_card":"summary_large_image","schema":{"@context":"https:\/\/schema.org","@graph":[{"@type":"WebPage","@id":"https:\/\/schiffers.pl\/sklep\/zloty-pierscionek-z-pieknym-aleksandrytem\/","url":"https:\/\/schiffers.pl\/sklep\/zloty-pierscionek-z-pieknym-aleksandrytem\/","name":"Z\u0142oty pier\u015bcionek z naturalnym aleksandrytem | Schiffers","isPartOf":{"@id":"https:\/\/schiffers.pl\/#website"},"primaryImageOfPage":{"@id":"https:\/\/schiffers.pl\/sklep\/zloty-pierscionek-z-pieknym-aleksandrytem\/#primaryimage"},"image":{"@id":"https:\/\/schiffers.pl\/sklep\/zloty-pierscionek-z-pieknym-aleksandrytem\/#primaryimage"},"thumbnailUrl":"https:\/\/schiffers.pl\/wp-content\/uploads\/2019\/07\/1320814-1.jpg","datePublished":"2019-07-09T11:28:39+00:00","dateModified":"2024-12-06T07:49:37+00:00","description":"Cenisz sobie bi\u017cuteri\u0119 nie tylko ponadprzeci\u0119tnie trwa\u0142\u0105, ale r\u00f3wnie\u017c absolutnie unikatow\u0105? Postaw na delikatny model z\u0142otego pier\u015bcionka z tajemniczym aleksandrytem.","breadcrumb":{"@id":"https:\/\/schiffers.pl\/sklep\/zloty-pierscionek-z-pieknym-aleksandrytem\/#breadcrumb"},"inLanguage":"en-US","potentialAction":[{"@type":"ReadAction","target":["https:\/\/schiffers.pl\/sklep\/zloty-pierscionek-z-pieknym-aleksandrytem\/"]}]},{"@type":"ImageObject","inLanguage":"en-US","@id":"https:\/\/schiffers.pl\/sklep\/zloty-pierscionek-z-pieknym-aleksandrytem\/#primaryimage","url":"https:\/\/schiffers.pl\/wp-content\/uploads\/2019\/07\/1320814-1.jpg","contentUrl":"https:\/\/schiffers.pl\/wp-content\/uploads\/2019\/07\/1320814-1.jpg","width":1138,"height":1138,"caption":"Z\u0142oty pier\u015bcionek z aleksandytem"},{"@type":"BreadcrumbList","@id":"https:\/\/schiffers.pl\/sklep\/zloty-pierscionek-z-pieknym-aleksandrytem\/#breadcrumb","itemListElement":[{"@type":"ListItem","position":1,"name":"Strona g\u0142\u00f3wna","item":"https:\/\/schiffers.pl\/"},{"@type":"ListItem","position":2,"name":"Sklep","item":"https:\/\/schiffers.pl\/sklep\/"},{"@type":"ListItem","position":3,"name":"Z\u0142oty pier\u015bcionek z pi\u0119knym aleksandrytem"}]},{"@type":"WebSite","@id":"https:\/\/schiffers.pl\/#website","url":"https:\/\/schiffers.pl\/","name":"Schiffers","description":"bi\u017cuteria","potentialAction":[{"@type":"SearchAction","target":{"@type":"EntryPoint","urlTemplate":"https:\/\/schiffers.pl\/?s={search_term_string}"},"query-input":{"@type":"PropertyValueSpecification","valueRequired":true,"valueName":"search_term_string"}}],"inLanguage":"en-US"}]}},"_links":{"self":[{"href":"https:\/\/schiffers.pl\/en\/wp-json\/wp\/v2\/product\/10926","targetHints":{"allow":["GET"]}}],"collection":[{"href":"https:\/\/schiffers.pl\/en\/wp-json\/wp\/v2\/product"}],"about":[{"href":"https:\/\/schiffers.pl\/en\/wp-json\/wp\/v2\/types\/product"}],"wp:featuredmedia":[{"embeddable":true,"href":"https:\/\/schiffers.pl\/en\/wp-json\/wp\/v2\/media\/10934"}],"wp:attachment":[{"href":"https:\/\/schiffers.pl\/en\/wp-json\/wp\/v2\/media?parent=10926"}],"wp:term":[{"taxonomy":"product_brand","embeddable":true,"href":"https:\/\/schiffers.pl\/en\/wp-json\/wp\/v2\/product_brand?post=10926"},{"taxonomy":"product_cat","embeddable":true,"href":"https:\/\/schiffers.pl\/en\/wp-json\/wp\/v2\/product_cat?post=10926"},{"taxonomy":"product_tag","embeddable":true,"href":"https:\/\/schiffers.pl\/en\/wp-json\/wp\/v2\/product_tag?post=10926"}],"curies":[{"name":"wp","href":"https:\/\/api.w.org\/{rel}","templated":true}]}}