{"id":10910,"date":"2019-07-09T13:22:39","date_gmt":"2019-07-09T11:22:39","guid":{"rendered":"https:\/\/schiffers.pl\/?post_type=product&#038;p=10910\/"},"modified":"2019-07-09T13:48:50","modified_gmt":"2019-07-09T11:48:50","slug":"wyjatkowy-pierscionek-zareczynowy-z-kamieniem-ksiezycowym-oraz-topazem-zlocistym","status":"publish","type":"product","link":"https:\/\/schiffers.pl\/en\/sklep\/wyjatkowy-pierscionek-zareczynowy-z-kamieniem-ksiezycowym-oraz-topazem-zlocistym\/","title":{"rendered":"Wyj\u0105tkowy pier\u015bcionek zar\u0119czynowy z kamieniem ksi\u0119\u017cycowym i topazem z\u0142ocistym"},"content":{"rendered":"","protected":false},"excerpt":{"rendered":"<p>Niezwykle oryginalny pier\u015bcionek zosta\u0142 wykonany \u015bci\u015ble z wytycznymi Zamawiaj\u0105cego. Pier\u015bcionek wykonany zosta\u0142 ze z\u0142ota w dw\u00f3ch kolorach &#8211; bia\u0142ym i \u017c\u00f3\u0142tym. W pier\u015bcie\u0144 zosta\u0142y oprawione dwa kamienie &#8211; kamie\u0144 ksi\u0119\u017cycowy fasetowany oraz topaz z\u0142ocisty.<\/p>","protected":false},"featured_media":10923,"template":"","meta":[],"product_brand":[],"product_cat":[171],"product_tag":[],"class_list":{"0":"post-10910","1":"product","2":"type-product","3":"status-publish","4":"has-post-thumbnail","6":"product_cat-prezentacja-pierscionki-zareczynowe","8":"first","9":"outofstock","10":"shipping-taxable","11":"product-type-simple"},"yoast_head":"<!-- This site is optimized with the Yoast SEO plugin v24.6 - https:\/\/yoast.com\/wordpress\/plugins\/seo\/ -->\n<title>Wyj\u0105tkowy pier\u015bcionek zar\u0119czynowy z kamieniem ksi\u0119\u017cycowym i topazem z\u0142ocistym - Schiffers<\/title>\n<meta name=\"robots\" content=\"index, follow, max-snippet:-1, max-image-preview:large, max-video-preview:-1\" \/>\n<link rel=\"canonical\" href=\"https:\/\/schiffers.pl\/en\/sklep\/wyjatkowy-pierscionek-zareczynowy-z-kamieniem-ksiezycowym-oraz-topazem-zlocistym\/\" \/>\n<meta property=\"og:locale\" content=\"en_US\" \/>\n<meta property=\"og:type\" content=\"article\" \/>\n<meta property=\"og:title\" content=\"Wyj\u0105tkowy pier\u015bcionek zar\u0119czynowy z kamieniem ksi\u0119\u017cycowym i topazem z\u0142ocistym - Schiffers\" \/>\n<meta property=\"og:description\" content=\"Niezwykle oryginalny pier\u015bcionek zosta\u0142 wykonany \u015bci\u015ble z wytycznymi Zamawiaj\u0105cego. Pier\u015bcionek wykonany zosta\u0142 ze z\u0142ota w dw\u00f3ch kolorach - bia\u0142ym i \u017c\u00f3\u0142tym. W pier\u015bcie\u0144 zosta\u0142y oprawione dwa kamienie - kamie\u0144 ksi\u0119\u017cycowy fasetowany oraz topaz z\u0142ocisty.\" \/>\n<meta property=\"og:url\" content=\"https:\/\/schiffers.pl\/en\/sklep\/wyjatkowy-pierscionek-zareczynowy-z-kamieniem-ksiezycowym-oraz-topazem-zlocistym\/\" \/>\n<meta property=\"og:site_name\" content=\"Schiffers\" \/>\n<meta property=\"article:modified_time\" content=\"2019-07-09T11:48:50+00:00\" \/>\n<meta property=\"og:image\" content=\"https:\/\/schiffers.pl\/wp-content\/uploads\/2019\/07\/1330896-1.jpg\" \/>\n\t<meta property=\"og:image:width\" content=\"1496\" \/>\n\t<meta property=\"og:image:height\" content=\"1496\" \/>\n\t<meta property=\"og:image:type\" content=\"image\/jpeg\" \/>\n<meta name=\"twitter:card\" content=\"summary_large_image\" \/>\n<script type=\"application\/ld+json\" class=\"yoast-schema-graph\">{\"@context\":\"https:\/\/schema.org\",\"@graph\":[{\"@type\":\"WebPage\",\"@id\":\"https:\/\/schiffers.pl\/sklep\/wyjatkowy-pierscionek-zareczynowy-z-kamieniem-ksiezycowym-oraz-topazem-zlocistym\/\",\"url\":\"https:\/\/schiffers.pl\/sklep\/wyjatkowy-pierscionek-zareczynowy-z-kamieniem-ksiezycowym-oraz-topazem-zlocistym\/\",\"name\":\"Wyj\u0105tkowy pier\u015bcionek zar\u0119czynowy z kamieniem ksi\u0119\u017cycowym i topazem z\u0142ocistym - Schiffers\",\"isPartOf\":{\"@id\":\"https:\/\/schiffers.pl\/#website\"},\"primaryImageOfPage\":{\"@id\":\"https:\/\/schiffers.pl\/sklep\/wyjatkowy-pierscionek-zareczynowy-z-kamieniem-ksiezycowym-oraz-topazem-zlocistym\/#primaryimage\"},\"image\":{\"@id\":\"https:\/\/schiffers.pl\/sklep\/wyjatkowy-pierscionek-zareczynowy-z-kamieniem-ksiezycowym-oraz-topazem-zlocistym\/#primaryimage\"},\"thumbnailUrl\":\"https:\/\/schiffers.pl\/wp-content\/uploads\/2019\/07\/1330896-1.jpg\",\"datePublished\":\"2019-07-09T11:22:39+00:00\",\"dateModified\":\"2019-07-09T11:48:50+00:00\",\"breadcrumb\":{\"@id\":\"https:\/\/schiffers.pl\/sklep\/wyjatkowy-pierscionek-zareczynowy-z-kamieniem-ksiezycowym-oraz-topazem-zlocistym\/#breadcrumb\"},\"inLanguage\":\"en-US\",\"potentialAction\":[{\"@type\":\"ReadAction\",\"target\":[\"https:\/\/schiffers.pl\/sklep\/wyjatkowy-pierscionek-zareczynowy-z-kamieniem-ksiezycowym-oraz-topazem-zlocistym\/\"]}]},{\"@type\":\"ImageObject\",\"inLanguage\":\"en-US\",\"@id\":\"https:\/\/schiffers.pl\/sklep\/wyjatkowy-pierscionek-zareczynowy-z-kamieniem-ksiezycowym-oraz-topazem-zlocistym\/#primaryimage\",\"url\":\"https:\/\/schiffers.pl\/wp-content\/uploads\/2019\/07\/1330896-1.jpg\",\"contentUrl\":\"https:\/\/schiffers.pl\/wp-content\/uploads\/2019\/07\/1330896-1.jpg\",\"width\":1496,\"height\":1496,\"caption\":\"Z\u0142oty pier\u015bcionek zar\u0119czynowy z kamieniem ksi\u0119\u017cycowym oraz topazem z\u0142ocistym\"},{\"@type\":\"BreadcrumbList\",\"@id\":\"https:\/\/schiffers.pl\/sklep\/wyjatkowy-pierscionek-zareczynowy-z-kamieniem-ksiezycowym-oraz-topazem-zlocistym\/#breadcrumb\",\"itemListElement\":[{\"@type\":\"ListItem\",\"position\":1,\"name\":\"Strona g\u0142\u00f3wna\",\"item\":\"https:\/\/schiffers.pl\/\"},{\"@type\":\"ListItem\",\"position\":2,\"name\":\"Sklep\",\"item\":\"https:\/\/schiffers.pl\/sklep\/\"},{\"@type\":\"ListItem\",\"position\":3,\"name\":\"Wyj\u0105tkowy pier\u015bcionek zar\u0119czynowy z kamieniem ksi\u0119\u017cycowym i topazem z\u0142ocistym\"}]},{\"@type\":\"WebSite\",\"@id\":\"https:\/\/schiffers.pl\/#website\",\"url\":\"https:\/\/schiffers.pl\/\",\"name\":\"Schiffers\",\"description\":\"bi\u017cuteria\",\"potentialAction\":[{\"@type\":\"SearchAction\",\"target\":{\"@type\":\"EntryPoint\",\"urlTemplate\":\"https:\/\/schiffers.pl\/?s={search_term_string}\"},\"query-input\":{\"@type\":\"PropertyValueSpecification\",\"valueRequired\":true,\"valueName\":\"search_term_string\"}}],\"inLanguage\":\"en-US\"}]}<\/script>\n<!-- \/ Yoast SEO plugin. -->","yoast_head_json":{"title":"Wyj\u0105tkowy pier\u015bcionek zar\u0119czynowy z kamieniem ksi\u0119\u017cycowym i topazem z\u0142ocistym - Schiffers","robots":{"index":"index","follow":"follow","max-snippet":"max-snippet:-1","max-image-preview":"max-image-preview:large","max-video-preview":"max-video-preview:-1"},"canonical":"https:\/\/schiffers.pl\/en\/sklep\/wyjatkowy-pierscionek-zareczynowy-z-kamieniem-ksiezycowym-oraz-topazem-zlocistym\/","og_locale":"en_US","og_type":"article","og_title":"Wyj\u0105tkowy pier\u015bcionek zar\u0119czynowy z kamieniem ksi\u0119\u017cycowym i topazem z\u0142ocistym - Schiffers","og_description":"Niezwykle oryginalny pier\u015bcionek zosta\u0142 wykonany \u015bci\u015ble z wytycznymi Zamawiaj\u0105cego. Pier\u015bcionek wykonany zosta\u0142 ze z\u0142ota w dw\u00f3ch kolorach - bia\u0142ym i \u017c\u00f3\u0142tym. W pier\u015bcie\u0144 zosta\u0142y oprawione dwa kamienie - kamie\u0144 ksi\u0119\u017cycowy fasetowany oraz topaz z\u0142ocisty.","og_url":"https:\/\/schiffers.pl\/en\/sklep\/wyjatkowy-pierscionek-zareczynowy-z-kamieniem-ksiezycowym-oraz-topazem-zlocistym\/","og_site_name":"Schiffers","article_modified_time":"2019-07-09T11:48:50+00:00","og_image":[{"width":1496,"height":1496,"url":"https:\/\/schiffers.pl\/wp-content\/uploads\/2019\/07\/1330896-1.jpg","type":"image\/jpeg"}],"twitter_card":"summary_large_image","schema":{"@context":"https:\/\/schema.org","@graph":[{"@type":"WebPage","@id":"https:\/\/schiffers.pl\/sklep\/wyjatkowy-pierscionek-zareczynowy-z-kamieniem-ksiezycowym-oraz-topazem-zlocistym\/","url":"https:\/\/schiffers.pl\/sklep\/wyjatkowy-pierscionek-zareczynowy-z-kamieniem-ksiezycowym-oraz-topazem-zlocistym\/","name":"Wyj\u0105tkowy pier\u015bcionek zar\u0119czynowy z kamieniem ksi\u0119\u017cycowym i topazem z\u0142ocistym - Schiffers","isPartOf":{"@id":"https:\/\/schiffers.pl\/#website"},"primaryImageOfPage":{"@id":"https:\/\/schiffers.pl\/sklep\/wyjatkowy-pierscionek-zareczynowy-z-kamieniem-ksiezycowym-oraz-topazem-zlocistym\/#primaryimage"},"image":{"@id":"https:\/\/schiffers.pl\/sklep\/wyjatkowy-pierscionek-zareczynowy-z-kamieniem-ksiezycowym-oraz-topazem-zlocistym\/#primaryimage"},"thumbnailUrl":"https:\/\/schiffers.pl\/wp-content\/uploads\/2019\/07\/1330896-1.jpg","datePublished":"2019-07-09T11:22:39+00:00","dateModified":"2019-07-09T11:48:50+00:00","breadcrumb":{"@id":"https:\/\/schiffers.pl\/sklep\/wyjatkowy-pierscionek-zareczynowy-z-kamieniem-ksiezycowym-oraz-topazem-zlocistym\/#breadcrumb"},"inLanguage":"en-US","potentialAction":[{"@type":"ReadAction","target":["https:\/\/schiffers.pl\/sklep\/wyjatkowy-pierscionek-zareczynowy-z-kamieniem-ksiezycowym-oraz-topazem-zlocistym\/"]}]},{"@type":"ImageObject","inLanguage":"en-US","@id":"https:\/\/schiffers.pl\/sklep\/wyjatkowy-pierscionek-zareczynowy-z-kamieniem-ksiezycowym-oraz-topazem-zlocistym\/#primaryimage","url":"https:\/\/schiffers.pl\/wp-content\/uploads\/2019\/07\/1330896-1.jpg","contentUrl":"https:\/\/schiffers.pl\/wp-content\/uploads\/2019\/07\/1330896-1.jpg","width":1496,"height":1496,"caption":"Z\u0142oty pier\u015bcionek zar\u0119czynowy z kamieniem ksi\u0119\u017cycowym oraz topazem z\u0142ocistym"},{"@type":"BreadcrumbList","@id":"https:\/\/schiffers.pl\/sklep\/wyjatkowy-pierscionek-zareczynowy-z-kamieniem-ksiezycowym-oraz-topazem-zlocistym\/#breadcrumb","itemListElement":[{"@type":"ListItem","position":1,"name":"Strona g\u0142\u00f3wna","item":"https:\/\/schiffers.pl\/"},{"@type":"ListItem","position":2,"name":"Sklep","item":"https:\/\/schiffers.pl\/sklep\/"},{"@type":"ListItem","position":3,"name":"Wyj\u0105tkowy pier\u015bcionek zar\u0119czynowy z kamieniem ksi\u0119\u017cycowym i topazem z\u0142ocistym"}]},{"@type":"WebSite","@id":"https:\/\/schiffers.pl\/#website","url":"https:\/\/schiffers.pl\/","name":"Schiffers","description":"bi\u017cuteria","potentialAction":[{"@type":"SearchAction","target":{"@type":"EntryPoint","urlTemplate":"https:\/\/schiffers.pl\/?s={search_term_string}"},"query-input":{"@type":"PropertyValueSpecification","valueRequired":true,"valueName":"search_term_string"}}],"inLanguage":"en-US"}]}},"_links":{"self":[{"href":"https:\/\/schiffers.pl\/en\/wp-json\/wp\/v2\/product\/10910","targetHints":{"allow":["GET"]}}],"collection":[{"href":"https:\/\/schiffers.pl\/en\/wp-json\/wp\/v2\/product"}],"about":[{"href":"https:\/\/schiffers.pl\/en\/wp-json\/wp\/v2\/types\/product"}],"wp:featuredmedia":[{"embeddable":true,"href":"https:\/\/schiffers.pl\/en\/wp-json\/wp\/v2\/media\/10923"}],"wp:attachment":[{"href":"https:\/\/schiffers.pl\/en\/wp-json\/wp\/v2\/media?parent=10910"}],"wp:term":[{"taxonomy":"product_brand","embeddable":true,"href":"https:\/\/schiffers.pl\/en\/wp-json\/wp\/v2\/product_brand?post=10910"},{"taxonomy":"product_cat","embeddable":true,"href":"https:\/\/schiffers.pl\/en\/wp-json\/wp\/v2\/product_cat?post=10910"},{"taxonomy":"product_tag","embeddable":true,"href":"https:\/\/schiffers.pl\/en\/wp-json\/wp\/v2\/product_tag?post=10910"}],"curies":[{"name":"wp","href":"https:\/\/api.w.org\/{rel}","templated":true}]}}